{"id":1003,"date":"2022-05-23T15:19:47","date_gmt":"2022-05-23T18:19:47","guid":{"rendered":"https:\/\/129.144.60.171\/?page_id=1003"},"modified":"2025-06-16T11:45:25","modified_gmt":"2025-06-16T14:45:25","slug":"partners","status":"publish","type":"page","link":"https:\/\/mpl.com.br\/en\/a-mpl\/parceiros\/","title":{"rendered":"partners"},"content":{"rendered":"<div data-elementor-type=\"wp-page\" data-elementor-id=\"1003\" class=\"elementor elementor-1003\" data-elementor-post-type=\"page\">\n\t\t\t\t\t\t<section class=\"elementor-section elementor-top-section elementor-element elementor-element-636e2782 elementor-section-boxed elementor-section-height-default elementor-section-height-default parallax_section_no qode_elementor_container_no\" data-id=\"636e2782\" data-element_type=\"section\" data-e-type=\"section\">\n\t\t\t\t\t\t<div class=\"elementor-container elementor-column-gap-default\">\n\t\t\t\t\t<div class=\"elementor-column elementor-col-100 elementor-top-column elementor-element elementor-element-7f71a8e8\" data-id=\"7f71a8e8\" data-element_type=\"column\" data-e-type=\"column\">\n\t\t\t<div class=\"elementor-widget-wrap elementor-element-populated\">\n\t\t\t\t\t\t<div class=\"elementor-element elementor-element-e949cea elementor-widget elementor-widget-image\" data-id=\"e949cea\" data-element_type=\"widget\" data-e-type=\"widget\" data-widget_type=\"image.default\">\n\t\t\t\t\t\t\t\t\t\t\t\t\t\t\t<img fetchpriority=\"high\" decoding=\"async\" width=\"1920\" height=\"1080\" src=\"https:\/\/mpl.com.br\/wp-content\/smush-webp\/2022\/05\/Main02-Conv-Dia.png.webp\" class=\"attachment-full size-full wp-image-994\" alt=\"\" srcset=\"https:\/\/mpl.com.br\/wp-content\/smush-webp\/2022\/05\/Main02-Conv-Dia.png.webp 1920w, https:\/\/mpl.com.br\/wp-content\/smush-webp\/2022\/05\/Main02-Conv-Dia-300x169.png.webp 300w, https:\/\/mpl.com.br\/wp-content\/smush-webp\/2022\/05\/Main02-Conv-Dia-1024x576.png.webp 1024w, https:\/\/mpl.com.br\/wp-content\/smush-webp\/2022\/05\/Main02-Conv-Dia-768x432.png.webp 768w, https:\/\/mpl.com.br\/wp-content\/smush-webp\/2022\/05\/Main02-Conv-Dia-1536x864.png.webp 1536w, https:\/\/mpl.com.br\/wp-content\/smush-webp\/2022\/05\/Main02-Conv-Dia-700x394.png.webp 700w, https:\/\/mpl.com.br\/wp-content\/smush-webp\/2022\/05\/Main02-Conv-Dia-539x303.png.webp 539w\" sizes=\"(max-width: 1920px) 100vw, 1920px\" \/>\t\t\t\t\t\t\t\t\t\t\t\t\t\t\t<\/div>\n\t\t\t\t<div class=\"elementor-element elementor-element-7a228920 elementor-widget-divider--view-line elementor-widget elementor-widget-divider\" data-id=\"7a228920\" data-element_type=\"widget\" data-e-type=\"widget\" data-widget_type=\"divider.default\">\n\t\t\t\t\t\t\t<div class=\"elementor-divider\">\n\t\t\t<span class=\"elementor-divider-separator\">\n\t\t\t\t\t\t<\/span>\n\t\t<\/div>\n\t\t\t\t\t\t<\/div>\n\t\t\t\t<div class=\"elementor-element elementor-element-3ee79cc6 elementor-widget elementor-widget-text-editor\" data-id=\"3ee79cc6\" data-element_type=\"widget\" data-e-type=\"widget\" data-widget_type=\"text-editor.default\">\n\t\t\t\t\t\t\t\t\t<p style=\"font-weight: 400;\">Rodoil is the largest regional fuel distributor in the south of the country. Founded in 2006, in Caxias do Sul\/RS, it is recognized for its solidity and continuous expansion. It currently has more than 500 flagged service stations and 1,500 service stations in the spot market in several cities in Rio Grande do Sul, Santa Catarina and Paran\u00e1.<\/p><p style=\"font-weight: 400;\"><em>\u201cIn October 2021, Rodoil announced the purchase of Tower Brasil Petr\u00f3leo. With this, the company starts to operate in S\u00e3o Paulo, Minas Gerais, Goi\u00e1s and Mato Grosso. With the expansion towards the Southeast and Midwest, Rodoil projects a turnover of R$ 7 billion for 2022.<\/em><\/p><p style=\"font-weight: 400;\"><em>MPL, which already acted as a partner of Rodoil, was called to perform the rollout of the Tower on Rodoil&#039;s Oracle JDEdwards. The project was challenging, especially regarding the deadline, but all the work of the Rodoil and MPL teams made the difference to success. The project also had the participation of Tower users.<\/em><\/p><p style=\"font-weight: 400;\"><em>The project&#039;s Go Live took place in early January 2022, strictly on schedule, covering all Rodoil operations for the Tower company.<\/em><\/p><p style=\"font-weight: 400;\"><em>We can conclude that the project was a success, where we were able to achieve all the objectives that were expected by Rodoil&#039;s board of directors\u201d<\/em>, comments Henrique Barros, Information Technology Manager.<\/p>\t\t\t\t\t\t\t\t<\/div>\n\t\t\t\t<div class=\"elementor-element elementor-element-ea7a5a4 elementor-widget-divider--view-line elementor-widget elementor-widget-divider\" data-id=\"ea7a5a4\" data-element_type=\"widget\" data-e-type=\"widget\" data-widget_type=\"divider.default\">\n\t\t\t\t\t\t\t<div class=\"elementor-divider\">\n\t\t\t<span class=\"elementor-divider-separator\">\n\t\t\t\t\t\t<\/span>\n\t\t<\/div>\n\t\t\t\t\t\t<\/div>\n\t\t\t\t<div class=\"elementor-element elementor-element-aa2bbfc elementor-widget elementor-widget-image\" data-id=\"aa2bbfc\" data-element_type=\"widget\" data-e-type=\"widget\" data-widget_type=\"image.default\">\n\t\t\t\t\t\t\t\t\t\t\t\t\t\t\t<img decoding=\"async\" width=\"1410\" height=\"1020\" data-src=\"https:\/\/mpl.com.br\/wp-content\/smush-webp\/2022\/05\/CASE-GLP.jpg.webp\" class=\"attachment-full size-full wp-image-996 lazyload\" alt=\"\" data-srcset=\"https:\/\/mpl.com.br\/wp-content\/smush-webp\/2022\/05\/CASE-GLP.jpg.webp 1410w, https:\/\/mpl.com.br\/wp-content\/smush-webp\/2022\/05\/CASE-GLP-300x217.jpg.webp 300w, https:\/\/mpl.com.br\/wp-content\/smush-webp\/2022\/05\/CASE-GLP-1024x741.jpg.webp 1024w, https:\/\/mpl.com.br\/wp-content\/smush-webp\/2022\/05\/CASE-GLP-768x556.jpg.webp 768w, https:\/\/mpl.com.br\/wp-content\/smush-webp\/2022\/05\/CASE-GLP-700x506.jpg.webp 700w\" data-sizes=\"(max-width: 1410px) 100vw, 1410px\" src=\"data:image\/svg+xml;base64,PHN2ZyB3aWR0aD0iMSIgaGVpZ2h0PSIxIiB4bWxucz0iaHR0cDovL3d3dy53My5vcmcvMjAwMC9zdmciPjwvc3ZnPg==\" style=\"--smush-placeholder-width: 1410px; --smush-placeholder-aspect-ratio: 1410\/1020;\" \/>\t\t\t\t\t\t\t\t\t\t\t\t\t\t\t<\/div>\n\t\t\t\t<div class=\"elementor-element elementor-element-c1648c3 elementor-widget-divider--view-line elementor-widget elementor-widget-divider\" data-id=\"c1648c3\" data-element_type=\"widget\" data-e-type=\"widget\" data-widget_type=\"divider.default\">\n\t\t\t\t\t\t\t<div class=\"elementor-divider\">\n\t\t\t<span class=\"elementor-divider-separator\">\n\t\t\t\t\t\t<\/span>\n\t\t<\/div>\n\t\t\t\t\t\t<\/div>\n\t\t\t\t<div class=\"elementor-element elementor-element-a0eca6a elementor-widget elementor-widget-text-editor\" data-id=\"a0eca6a\" data-element_type=\"widget\" data-e-type=\"widget\" data-widget_type=\"text-editor.default\">\n\t\t\t\t\t\t\t\t\t<p style=\"font-weight: 400;\">GLP is one of the global leaders in investment management and business development in logistics, data infrastructure, renewable energy and related technologies. The combination of investment and operating experience allows you to create value for your clients and investors. It operates in Brazil, China, Europe, India, Japan, USA and Vietnam, with over US$ 120 billion in real estate and private equity funds under management.<\/p><p style=\"font-weight: 400;\">\u201cThe company&#039;s digital transformation with the modernization of processes, through the update of the Oracle JD Edwards ERP, was at the heart of the strategy to sustain the growth of LPG in Brazil.<\/p><p style=\"font-weight: 400;\">With the update of the version and the redesign of the features of Oracle JD Edwards, we brought productivity gains to several areas of the company, providing greater reliability of information and a more effective control of operations.<\/p><p style=\"font-weight: 400;\">The project&#039;s Go Live took place in October 2021, strictly on schedule, covering all the company&#039;s ventures and achieving all the goals we had proposed at the beginning of the project.<\/p><p style=\"font-weight: 400;\">MPL was already our supplier and presented a proposal in line with our expectations. The project was challenging, but all the work of the GLP and MPL teams made the difference to success. The project also had the participation of the American company Cohn Reznick, which carried out the Advisory Management\u201d, comments R\u00f4mulo Otoni Director of Operations for GLP in Brazil.<\/p>\t\t\t\t\t\t\t\t<\/div>\n\t\t\t\t\t<\/div>\n\t\t<\/div>\n\t\t\t\t\t<\/div>\n\t\t<\/section>\n\t\t\t\t<\/div>","protected":false},"excerpt":{"rendered":"<p>Rodoil is the largest regional fuel distributor in the south of the country. Founded in 2006, in Caxias do Sul\/RS, it is recognized for its solidity and continuous expansion. It currently has more than 500 flagged service stations and 1,500 service stations in the spot market in several cities in Rio Grande do Sul.<\/p>","protected":false},"author":26,"featured_media":0,"parent":890,"menu_order":0,"comment_status":"closed","ping_status":"closed","template":"","meta":{"footnotes":""},"class_list":["post-1003","page","type-page","status-publish","hentry"],"_links":{"self":[{"href":"https:\/\/mpl.com.br\/en\/wp-json\/wp\/v2\/pages\/1003","targetHints":{"allow":["GET"]}}],"collection":[{"href":"https:\/\/mpl.com.br\/en\/wp-json\/wp\/v2\/pages"}],"about":[{"href":"https:\/\/mpl.com.br\/en\/wp-json\/wp\/v2\/types\/page"}],"author":[{"embeddable":true,"href":"https:\/\/mpl.com.br\/en\/wp-json\/wp\/v2\/users\/26"}],"replies":[{"embeddable":true,"href":"https:\/\/mpl.com.br\/en\/wp-json\/wp\/v2\/comments?post=1003"}],"version-history":[{"count":0,"href":"https:\/\/mpl.com.br\/en\/wp-json\/wp\/v2\/pages\/1003\/revisions"}],"up":[{"embeddable":true,"href":"https:\/\/mpl.com.br\/en\/wp-json\/wp\/v2\/pages\/890"}],"wp:attachment":[{"href":"https:\/\/mpl.com.br\/en\/wp-json\/wp\/v2\/media?parent=1003"}],"curies":[{"name":"wp","href":"https:\/\/api.w.org\/{rel}","templated":true}]}}