{"id":1004,"date":"2022-05-23T15:20:02","date_gmt":"2022-05-23T18:20:02","guid":{"rendered":"https:\/\/129.144.60.171\/?page_id=1004"},"modified":"2025-04-04T16:40:29","modified_gmt":"2025-04-04T19:40:29","slug":"redfaire-international","status":"publish","type":"page","link":"https:\/\/mpl.com.br\/en\/a-mpl\/parceiros\/redfaire-international\/","title":{"rendered":"Redfaire International"},"content":{"rendered":"<div data-elementor-type=\"wp-page\" data-elementor-id=\"1004\" class=\"elementor elementor-1004\" data-elementor-post-type=\"page\">\n\t\t\t\t\t\t<section class=\"elementor-section elementor-top-section elementor-element elementor-element-4e6579b4 elementor-section-boxed elementor-section-height-default elementor-section-height-default parallax_section_no qode_elementor_container_no\" data-id=\"4e6579b4\" data-element_type=\"section\" data-e-type=\"section\">\n\t\t\t\t\t\t<div class=\"elementor-container elementor-column-gap-default\">\n\t\t\t\t\t<div class=\"elementor-column elementor-col-100 elementor-top-column elementor-element elementor-element-57f82cca\" data-id=\"57f82cca\" data-element_type=\"column\" data-e-type=\"column\">\n\t\t\t<div class=\"elementor-widget-wrap elementor-element-populated\">\n\t\t\t\t\t\t<div class=\"elementor-element elementor-element-0213b79 elementor-widget elementor-widget-image\" data-id=\"0213b79\" data-element_type=\"widget\" data-e-type=\"widget\" data-widget_type=\"image.default\">\n\t\t\t\t\t\t\t\t\t\t\t\t\t\t\t<img fetchpriority=\"high\" decoding=\"async\" width=\"1024\" height=\"279\" src=\"https:\/\/mpl.com.br\/wp-content\/smush-webp\/2022\/06\/parceiros-redfaire-1024x279.png.webp\" class=\"attachment-large size-large wp-image-1198\" alt=\"\" srcset=\"https:\/\/mpl.com.br\/wp-content\/smush-webp\/2022\/06\/parceiros-redfaire-1024x279.png.webp 1024w, https:\/\/mpl.com.br\/wp-content\/smush-webp\/2022\/06\/parceiros-redfaire-300x82.png.webp 300w, https:\/\/mpl.com.br\/wp-content\/smush-webp\/2022\/06\/parceiros-redfaire-768x209.png.webp 768w, https:\/\/mpl.com.br\/wp-content\/smush-webp\/2022\/06\/parceiros-redfaire-700x191.png.webp 700w, https:\/\/mpl.com.br\/wp-content\/smush-webp\/2022\/06\/parceiros-redfaire.png.webp 1100w\" sizes=\"(max-width: 1024px) 100vw, 1024px\" \/>\t\t\t\t\t\t\t\t\t\t\t\t\t\t\t<\/div>\n\t\t\t\t<div class=\"elementor-element elementor-element-5ecf11ef elementor-widget elementor-widget-heading\" data-id=\"5ecf11ef\" data-element_type=\"widget\" data-e-type=\"widget\" data-widget_type=\"heading.default\">\n\t\t\t\t\t<h2 class=\"elementor-heading-title elementor-size-default\">A single philosophy, a single methodology, a single partner<\/h2>\t\t\t\t<\/div>\n\t\t\t\t<div class=\"elementor-element elementor-element-3ee79cc6 elementor-widget elementor-widget-text-editor\" data-id=\"3ee79cc6\" data-element_type=\"widget\" data-e-type=\"widget\" data-widget_type=\"text-editor.default\">\n\t\t\t\t\t\t\t\t\t<p>THE\u00a0<a href=\"https:\/\/www.redfaireinternational.com\/our-story\/\">Redfaire International<\/a>\u00a0 was born from the desire to achieve a common goal: to offer customers a better and faster way to seek international resources with expert knowledge in ERP JD Edwards and its locations around the globe, all following the same working methodology<\/p><p>Since then, without forgetting its main objective, Redfaire has increased the scope of its offer, offering complementary applications to the ERP that were developed by its partners in order to meet the specific objectives of each business.<\/p><p>Our global alliance was built on a platform of trust, transparency and professionalism, with frequent exchanges of experience, knowledge and best practices in the various business segments. The success of our customers is our success, therefore, we apply this value to all our deliveries.<\/p>\t\t\t\t\t\t\t\t<\/div>\n\t\t\t\t<div class=\"elementor-element elementor-element-7eec5b82 elementor-widget elementor-widget-heading\" data-id=\"7eec5b82\" data-element_type=\"widget\" data-e-type=\"widget\" data-widget_type=\"heading.default\">\n\t\t\t\t\t<h3 class=\"elementor-heading-title elementor-size-default\">Tailored Oracle ERP Solutions to Meet Local Needs<\/h3>\t\t\t\t<\/div>\n\t\t\t\t<div class=\"elementor-element elementor-element-6a3c88e elementor-widget elementor-widget-heading\" data-id=\"6a3c88e\" data-element_type=\"widget\" data-e-type=\"widget\" data-widget_type=\"heading.default\">\n\t\t\t\t\t<h3 class=\"elementor-heading-title elementor-size-default\">21 countries, 16 languages, 1 partner<\/h3>\t\t\t\t<\/div>\n\t\t\t\t<div class=\"elementor-element elementor-element-d0be913 elementor-widget elementor-widget-text-editor\" data-id=\"d0be913\" data-element_type=\"widget\" data-e-type=\"widget\" data-widget_type=\"text-editor.default\">\n\t\t\t\t\t\t\t\t\t<p><span style=\"color: #333333; font-size: 15px;\">With over 650 employees and a local presence in EMEA, North America, Brazil and Asia, we have experts in 21 countries. <\/span><\/p><p>THE\u00a0<strong><a href=\"https:\/\/www.redfaire.com\/redfaire-international\/\">Redfaire International<\/a><\/strong>\u00a0managed to combine the reach and scale of a global company with the knowledge and flexibility of local experts.<\/p><p>Our customers have a single partner, working with a single methodology, managing their global projects, taking care of their locations and post-implementation support.<\/p>\t\t\t\t\t\t\t\t<\/div>\n\t\t\t\t<section class=\"elementor-section elementor-inner-section elementor-element elementor-element-2ec929aa elementor-section-boxed elementor-section-height-default elementor-section-height-default parallax_section_no qode_elementor_container_no\" data-id=\"2ec929aa\" data-element_type=\"section\" data-e-type=\"section\" data-settings=\"{&quot;background_background&quot;:&quot;classic&quot;}\">\n\t\t\t\t\t\t<div class=\"elementor-container elementor-column-gap-default\">\n\t\t\t\t\t<div class=\"elementor-column elementor-col-100 elementor-inner-column elementor-element elementor-element-b16ecf0\" data-id=\"b16ecf0\" data-element_type=\"column\" data-e-type=\"column\">\n\t\t\t<div class=\"elementor-widget-wrap elementor-element-populated\">\n\t\t\t\t\t\t<div class=\"elementor-element elementor-element-3bd9b355 elementor-widget elementor-widget-heading\" data-id=\"3bd9b355\" data-element_type=\"widget\" data-e-type=\"widget\" data-widget_type=\"heading.default\">\n\t\t\t\t\t<h3 class=\"elementor-heading-title elementor-size-default\">More Security and Quality for your Business<\/h3>\t\t\t\t<\/div>\n\t\t\t\t<div class=\"elementor-element elementor-element-be101fe elementor-widget elementor-widget-text-editor\" data-id=\"be101fe\" data-element_type=\"widget\" data-e-type=\"widget\" data-widget_type=\"text-editor.default\">\n\t\t\t\t\t\t\t\t\t<p>Count on our experience and partnership in this segment. Enter in\u00a0<a href=\"https:\/\/mpl.com.br\/en\/contact\/\" target=\"_blank\" rel=\"noopener\"><strong>contact<\/strong><\/a>\u00a0with us.<\/p>\t\t\t\t\t\t\t\t<\/div>\n\t\t\t\t\t<\/div>\n\t\t<\/div>\n\t\t\t\t\t<\/div>\n\t\t<\/section>\n\t\t\t\t\t<\/div>\n\t\t<\/div>\n\t\t\t\t\t<\/div>\n\t\t<\/section>\n\t\t\t\t<\/div>","protected":false},"excerpt":{"rendered":"<p>Uma \u00danica Filosofia, uma \u00danica Metodologia, um \u00danico Parceiro A\u00a0Redfaire International\u00a0 nasceu do desejo de atingir um objetivo comum: oferecer aos <a  href=\"https:\/\/mpl.com.br\/en\/a-mpl\/clientes\/\">clientes<\/a> uma melhor e mais r\u00e1pida maneira de buscar recursos internacionais com <a  href=\"https:\/\/mpl.com.br\/en\/conhecimento\/\">conhecimento<\/a> especialista no <a  href=\"https:\/\/mpl.com.br\/en\/solucoes\/erp\/\">ERP<\/a> JD Edwards e suas localiza\u00e7\u00f5es ao redor do&#8230;<\/p>","protected":false},"author":26,"featured_media":0,"parent":1003,"menu_order":0,"comment_status":"closed","ping_status":"closed","template":"","meta":{"footnotes":""},"class_list":["post-1004","page","type-page","status-publish","hentry"],"_links":{"self":[{"href":"https:\/\/mpl.com.br\/en\/wp-json\/wp\/v2\/pages\/1004","targetHints":{"allow":["GET"]}}],"collection":[{"href":"https:\/\/mpl.com.br\/en\/wp-json\/wp\/v2\/pages"}],"about":[{"href":"https:\/\/mpl.com.br\/en\/wp-json\/wp\/v2\/types\/page"}],"author":[{"embeddable":true,"href":"https:\/\/mpl.com.br\/en\/wp-json\/wp\/v2\/users\/26"}],"replies":[{"embeddable":true,"href":"https:\/\/mpl.com.br\/en\/wp-json\/wp\/v2\/comments?post=1004"}],"version-history":[{"count":0,"href":"https:\/\/mpl.com.br\/en\/wp-json\/wp\/v2\/pages\/1004\/revisions"}],"up":[{"embeddable":true,"href":"https:\/\/mpl.com.br\/en\/wp-json\/wp\/v2\/pages\/1003"}],"wp:attachment":[{"href":"https:\/\/mpl.com.br\/en\/wp-json\/wp\/v2\/media?parent=1004"}],"curies":[{"name":"wp","href":"https:\/\/api.w.org\/{rel}","templated":true}]}}