{"id":1005,"date":"2022-05-23T15:20:21","date_gmt":"2022-05-23T18:20:21","guid":{"rendered":"https:\/\/129.144.60.171\/?page_id=1005"},"modified":"2025-06-16T11:47:27","modified_gmt":"2025-06-16T14:47:27","slug":"parceiros-de-tecnologia","status":"publish","type":"page","link":"https:\/\/mpl.com.br\/en\/a-mpl\/parceiros\/parceiros-de-tecnologia\/","title":{"rendered":"Technology Partners"},"content":{"rendered":"<div data-elementor-type=\"wp-page\" data-elementor-id=\"1005\" class=\"elementor elementor-1005\" data-elementor-post-type=\"page\">\n\t\t\t\t\t\t<section class=\"elementor-section elementor-top-section elementor-element elementor-element-636e2782 elementor-section-boxed elementor-section-height-default elementor-section-height-default parallax_section_no qode_elementor_container_no\" data-id=\"636e2782\" data-element_type=\"section\" data-e-type=\"section\">\n\t\t\t\t\t\t<div class=\"elementor-container elementor-column-gap-default\">\n\t\t\t\t\t<div class=\"elementor-column elementor-col-100 elementor-top-column elementor-element elementor-element-7f71a8e8\" data-id=\"7f71a8e8\" data-element_type=\"column\" data-e-type=\"column\">\n\t\t\t<div class=\"elementor-widget-wrap elementor-element-populated\">\n\t\t\t\t\t\t<div class=\"elementor-element elementor-element-afbaa99 elementor-widget elementor-widget-image\" data-id=\"afbaa99\" data-element_type=\"widget\" data-e-type=\"widget\" data-widget_type=\"image.default\">\n\t\t\t\t\t\t\t\t\t\t\t\t\t\t\t<img fetchpriority=\"high\" decoding=\"async\" width=\"1100\" height=\"300\" src=\"https:\/\/mpl.com.br\/wp-content\/smush-webp\/2022\/06\/parceiros-de-tecnologia.png.webp\" class=\"attachment-full size-full wp-image-1239\" alt=\"\" srcset=\"https:\/\/mpl.com.br\/wp-content\/smush-webp\/2022\/06\/parceiros-de-tecnologia.png.webp 1100w, https:\/\/mpl.com.br\/wp-content\/smush-webp\/2022\/06\/parceiros-de-tecnologia-300x82.png.webp 300w, https:\/\/mpl.com.br\/wp-content\/smush-webp\/2022\/06\/parceiros-de-tecnologia-1024x279.png.webp 1024w, https:\/\/mpl.com.br\/wp-content\/smush-webp\/2022\/06\/parceiros-de-tecnologia-768x209.png.webp 768w, https:\/\/mpl.com.br\/wp-content\/smush-webp\/2022\/06\/parceiros-de-tecnologia-700x191.png.webp 700w\" sizes=\"(max-width: 1100px) 100vw, 1100px\" \/>\t\t\t\t\t\t\t\t\t\t\t\t\t\t\t<\/div>\n\t\t\t\t<div class=\"elementor-element elementor-element-5065103f elementor-widget elementor-widget-heading\" data-id=\"5065103f\" data-element_type=\"widget\" data-e-type=\"widget\" data-widget_type=\"heading.default\">\n\t\t\t\t\t<h2 class=\"elementor-heading-title elementor-size-default\">Our Technology Partners<\/h2>\t\t\t\t<\/div>\n\t\t\t\t<div class=\"elementor-element elementor-element-3ee79cc6 elementor-widget elementor-widget-text-editor\" data-id=\"3ee79cc6\" data-element_type=\"widget\" data-e-type=\"widget\" data-widget_type=\"text-editor.default\">\n\t\t\t\t\t\t\t\t\t<p style=\"font-weight: 400;\">Our partners are known worldwide for the excellence of their products in the area of corporate software. This reinforces our vision that we must develop alliances and grow with partners, adding value to the business of distributing and deploying corporate software.<\/p>\t\t\t\t\t\t\t\t<\/div>\n\t\t\t\t<section class=\"elementor-section elementor-inner-section elementor-element elementor-element-47c9eaf elementor-section-content-middle elementor-section-boxed elementor-section-height-default elementor-section-height-default parallax_section_no qode_elementor_container_no\" data-id=\"47c9eaf\" data-element_type=\"section\" data-e-type=\"section\" data-settings=\"{&quot;background_background&quot;:&quot;classic&quot;}\">\n\t\t\t\t\t\t<div class=\"elementor-container elementor-column-gap-default\">\n\t\t\t\t\t<div class=\"elementor-column elementor-col-33 elementor-inner-column elementor-element elementor-element-aa94690\" data-id=\"aa94690\" data-element_type=\"column\" data-e-type=\"column\">\n\t\t\t<div class=\"elementor-widget-wrap elementor-element-populated\">\n\t\t\t\t\t\t<div class=\"elementor-element elementor-element-6dc5c34 elementor-widget elementor-widget-image\" data-id=\"6dc5c34\" data-element_type=\"widget\" data-e-type=\"widget\" data-no-translation=\"\" data-widget_type=\"image.default\">\n\t\t\t\t\t<style>.elementor-element-6dc5c34{display:none !important}<\/style>\t\t\t\t<\/div>\n\t\t\t\t<div class=\"elementor-element elementor-element-fd1345c elementor-widget elementor-widget-image\" data-id=\"fd1345c\" data-element_type=\"widget\" data-e-type=\"widget\" data-no-translation=\"\" data-widget_type=\"image.default\">\n\t\t\t\t\t\t\t\t\t\t\t\t\t\t\t\t<a href=\"https:\/\/www.oracle.com\/\" target=\"_blank\">\n\t\t\t\t\t\t\t<img decoding=\"async\" width=\"721\" height=\"233\" data-src=\"https:\/\/mpl.com.br\/wp-content\/smush-webp\/2022\/06\/o-prtnr-clr-rgb.png.webp\" class=\"attachment-full size-full wp-image-1201 lazyload\" alt=\"\" data-srcset=\"https:\/\/mpl.com.br\/wp-content\/smush-webp\/2022\/06\/o-prtnr-clr-rgb.png.webp 721w, https:\/\/mpl.com.br\/wp-content\/smush-webp\/2022\/06\/o-prtnr-clr-rgb-300x97.png.webp 300w, https:\/\/mpl.com.br\/wp-content\/smush-webp\/2022\/06\/o-prtnr-clr-rgb-700x226.png.webp 700w\" data-sizes=\"(max-width: 721px) 100vw, 721px\" src=\"data:image\/svg+xml;base64,PHN2ZyB3aWR0aD0iMSIgaGVpZ2h0PSIxIiB4bWxucz0iaHR0cDovL3d3dy53My5vcmcvMjAwMC9zdmciPjwvc3ZnPg==\" style=\"--smush-placeholder-width: 721px; --smush-placeholder-aspect-ratio: 721\/233;\" \/>\t\t\t\t\t\t\t\t<\/a>\n\t\t\t\t\t\t\t\t\t\t\t\t\t\t\t<\/div>\n\t\t\t\t\t<\/div>\n\t\t<\/div>\n\t\t\t\t<div class=\"elementor-column elementor-col-33 elementor-inner-column elementor-element elementor-element-b41ab90\" data-id=\"b41ab90\" data-element_type=\"column\" data-e-type=\"column\">\n\t\t\t<div class=\"elementor-widget-wrap elementor-element-populated\">\n\t\t\t\t\t\t<div class=\"elementor-element elementor-element-070ba57 elementor-widget elementor-widget-image\" data-id=\"070ba57\" data-element_type=\"widget\" data-e-type=\"widget\" data-no-translation=\"\" data-widget_type=\"image.default\">\n\t\t\t\t\t<style>.elementor-element-070ba57{display:none !important}<\/style>\t\t\t\t<\/div>\n\t\t\t\t<div class=\"elementor-element elementor-element-d28a6bc elementor-widget elementor-widget-image\" data-id=\"d28a6bc\" data-element_type=\"widget\" data-e-type=\"widget\" data-no-translation=\"\" data-widget_type=\"image.default\">\n\t\t\t\t\t\t\t\t\t\t\t\t\t\t\t\t<a href=\"https:\/\/www.qsoftware.com\/\" target=\"_blank\">\n\t\t\t\t\t\t\t<img decoding=\"async\" width=\"277\" height=\"138\" data-src=\"https:\/\/mpl.com.br\/wp-content\/smush-webp\/2022\/07\/A-MPL-PARCEIROS-PARCEIROS-DE-TECNOLOGIA-Logo-QSoftware.png.webp\" class=\"attachment-full size-full wp-image-9754 lazyload\" alt=\"\" src=\"data:image\/svg+xml;base64,PHN2ZyB3aWR0aD0iMSIgaGVpZ2h0PSIxIiB4bWxucz0iaHR0cDovL3d3dy53My5vcmcvMjAwMC9zdmciPjwvc3ZnPg==\" style=\"--smush-placeholder-width: 277px; --smush-placeholder-aspect-ratio: 277\/138;\" \/>\t\t\t\t\t\t\t\t<\/a>\n\t\t\t\t\t\t\t\t\t\t\t\t\t\t\t<\/div>\n\t\t\t\t\t<\/div>\n\t\t<\/div>\n\t\t\t\t<div class=\"elementor-column elementor-col-33 elementor-inner-column elementor-element elementor-element-54f8d78\" data-id=\"54f8d78\" data-element_type=\"column\" data-e-type=\"column\">\n\t\t\t<div class=\"elementor-widget-wrap elementor-element-populated\">\n\t\t\t\t\t\t<div class=\"elementor-element elementor-element-7029f06 elementor-widget elementor-widget-image\" data-id=\"7029f06\" data-element_type=\"widget\" data-e-type=\"widget\" data-widget_type=\"image.default\">\n\t\t\t\t\t\t\t\t\t\t\t\t\t\t\t\t<a href=\"http:\/\/www.jdedwardserp.com\/\" target=\"_blank\">\n\t\t\t\t\t\t\t<img decoding=\"async\" width=\"300\" height=\"250\" data-src=\"https:\/\/mpl.com.br\/wp-content\/smush-webp\/2022\/05\/Jdedwardserp.png.webp\" class=\"attachment-full size-full wp-image-1034 lazyload\" alt=\"\" src=\"data:image\/svg+xml;base64,PHN2ZyB3aWR0aD0iMSIgaGVpZ2h0PSIxIiB4bWxucz0iaHR0cDovL3d3dy53My5vcmcvMjAwMC9zdmciPjwvc3ZnPg==\" style=\"--smush-placeholder-width: 300px; --smush-placeholder-aspect-ratio: 300\/250;\" \/>\t\t\t\t\t\t\t\t<\/a>\n\t\t\t\t\t\t\t\t\t\t\t\t\t\t\t<\/div>\n\t\t\t\t\t<\/div>\n\t\t<\/div>\n\t\t\t\t\t<\/div>\n\t\t<\/section>\n\t\t\t\t<div class=\"elementor-element elementor-element-2743abf elementor-widget elementor-widget-text-editor\" data-id=\"2743abf\" data-element_type=\"widget\" data-e-type=\"widget\" data-widget_type=\"text-editor.default\">\n\t\t\t\t\t\t\t\t\t<p style=\"font-weight: 400;\">All logos presented here are the property of the respective corporations, and their use is controlled by them.<\/p>\t\t\t\t\t\t\t\t<\/div>\n\t\t\t\t<div class=\"elementor-element elementor-element-39a2573 elementor-widget elementor-widget-image\" data-id=\"39a2573\" data-element_type=\"widget\" data-e-type=\"widget\" data-widget_type=\"image.default\">\n\t\t\t\t\t\t\t\t\t\t\t\t\t\t\t<img decoding=\"async\" width=\"1100\" height=\"120\" data-src=\"https:\/\/mpl.com.br\/wp-content\/smush-webp\/2022\/05\/parceiro.jpg.webp\" class=\"attachment-full size-full wp-image-1037 lazyload\" alt=\"\" data-srcset=\"https:\/\/mpl.com.br\/wp-content\/smush-webp\/2022\/05\/parceiro.jpg.webp 1100w, https:\/\/mpl.com.br\/wp-content\/smush-webp\/2022\/05\/parceiro-300x33.jpg.webp 300w, https:\/\/mpl.com.br\/wp-content\/smush-webp\/2022\/05\/parceiro-1024x112.jpg.webp 1024w, https:\/\/mpl.com.br\/wp-content\/smush-webp\/2022\/05\/parceiro-768x84.jpg.webp 768w, https:\/\/mpl.com.br\/wp-content\/smush-webp\/2022\/05\/parceiro-700x76.jpg.webp 700w\" data-sizes=\"(max-width: 1100px) 100vw, 1100px\" src=\"data:image\/svg+xml;base64,PHN2ZyB3aWR0aD0iMSIgaGVpZ2h0PSIxIiB4bWxucz0iaHR0cDovL3d3dy53My5vcmcvMjAwMC9zdmciPjwvc3ZnPg==\" style=\"--smush-placeholder-width: 1100px; --smush-placeholder-aspect-ratio: 1100\/120;\" \/>\t\t\t\t\t\t\t\t\t\t\t\t\t\t\t<\/div>\n\t\t\t\t<section class=\"elementor-section elementor-inner-section elementor-element elementor-element-7578c2b8 elementor-section-boxed elementor-section-height-default elementor-section-height-default parallax_section_no qode_elementor_container_no\" data-id=\"7578c2b8\" data-element_type=\"section\" data-e-type=\"section\" data-settings=\"{&quot;background_background&quot;:&quot;classic&quot;}\">\n\t\t\t\t\t\t<div class=\"elementor-container elementor-column-gap-default\">\n\t\t\t\t\t<div class=\"elementor-column elementor-col-100 elementor-inner-column elementor-element elementor-element-4f2e13dc\" data-id=\"4f2e13dc\" data-element_type=\"column\" data-e-type=\"column\">\n\t\t\t<div class=\"elementor-widget-wrap elementor-element-populated\">\n\t\t\t\t\t\t<div class=\"elementor-element elementor-element-3b17856c elementor-widget elementor-widget-heading\" data-id=\"3b17856c\" data-element_type=\"widget\" data-e-type=\"widget\" data-widget_type=\"heading.default\">\n\t\t\t\t\t<h3 class=\"elementor-heading-title elementor-size-default\">More Security and Quality for Your Business<\/h3>\t\t\t\t<\/div>\n\t\t\t\t<div class=\"elementor-element elementor-element-27dfa5c0 elementor-widget elementor-widget-text-editor\" data-id=\"27dfa5c0\" data-element_type=\"widget\" data-e-type=\"widget\" data-widget_type=\"text-editor.default\">\n\t\t\t\t\t\t\t\t\t<p>Count on our experience in this segment. Enter in\u00a0<strong><a href=\"https:\/\/mpl.com.br\/en\/contact\/\" target=\"_blank\" rel=\"noopener\">contact<\/a><\/strong>\u00a0with us.<\/p>\t\t\t\t\t\t\t\t<\/div>\n\t\t\t\t\t<\/div>\n\t\t<\/div>\n\t\t\t\t\t<\/div>\n\t\t<\/section>\n\t\t\t\t\t<\/div>\n\t\t<\/div>\n\t\t\t\t\t<\/div>\n\t\t<\/section>\n\t\t\t\t<\/div>","protected":false},"excerpt":{"rendered":"<p>Nossos <a  href=\"https:\/\/mpl.com.br\/en\/a-mpl\/parceiros\/\">partners<\/a> de Tecnologia Nossos <a  href=\"https:\/\/mpl.com.br\/en\/a-mpl\/parceiros\/\">partners<\/a> s\u00e3o conhecidos mundialmente pela excel\u00eancia dos seus produtos na \u00e1rea de software corporativo. Isso refor\u00e7a nossa vis\u00e3o de que devemos desenvolver alian\u00e7as e crescer com <a  href=\"https:\/\/mpl.com.br\/en\/a-mpl\/parceiros\/\">partners<\/a>, agregando valor ao neg\u00f3cio de distribui\u00e7\u00e3o e implanta\u00e7\u00e3o de software corporativo. Todos os&#8230;<\/p>","protected":false},"author":26,"featured_media":0,"parent":1003,"menu_order":0,"comment_status":"closed","ping_status":"closed","template":"","meta":{"footnotes":""},"class_list":["post-1005","page","type-page","status-publish","hentry"],"_links":{"self":[{"href":"https:\/\/mpl.com.br\/en\/wp-json\/wp\/v2\/pages\/1005","targetHints":{"allow":["GET"]}}],"collection":[{"href":"https:\/\/mpl.com.br\/en\/wp-json\/wp\/v2\/pages"}],"about":[{"href":"https:\/\/mpl.com.br\/en\/wp-json\/wp\/v2\/types\/page"}],"author":[{"embeddable":true,"href":"https:\/\/mpl.com.br\/en\/wp-json\/wp\/v2\/users\/26"}],"replies":[{"embeddable":true,"href":"https:\/\/mpl.com.br\/en\/wp-json\/wp\/v2\/comments?post=1005"}],"version-history":[{"count":0,"href":"https:\/\/mpl.com.br\/en\/wp-json\/wp\/v2\/pages\/1005\/revisions"}],"up":[{"embeddable":true,"href":"https:\/\/mpl.com.br\/en\/wp-json\/wp\/v2\/pages\/1003"}],"wp:attachment":[{"href":"https:\/\/mpl.com.br\/en\/wp-json\/wp\/v2\/media?parent=1005"}],"curies":[{"name":"wp","href":"https:\/\/api.w.org\/{rel}","templated":true}]}}