{"id":10368,"date":"2022-08-26T16:03:09","date_gmt":"2022-08-26T19:03:09","guid":{"rendered":"https:\/\/mpl.com.br\/?page_id=10368"},"modified":"2022-08-29T14:11:16","modified_gmt":"2022-08-29T17:11:16","slug":"uncommon-services","status":"publish","type":"page","link":"https:\/\/mpl.com.br\/en\/conhecimento\/white-papers\/uncommon-services\/","title":{"rendered":"Uncommon Services"},"content":{"rendered":"\t\t<div data-elementor-type=\"wp-page\" data-elementor-id=\"10368\" class=\"elementor elementor-10368\" data-elementor-post-type=\"page\">\n\t\t\t\t\t\t<section class=\"elementor-section elementor-top-section elementor-element elementor-element-14e6c05f elementor-section-boxed elementor-section-height-default elementor-section-height-default parallax_section_no qode_elementor_container_no\" data-id=\"14e6c05f\" data-element_type=\"section\" data-e-type=\"section\">\n\t\t\t\t\t\t<div class=\"elementor-container elementor-column-gap-default\">\n\t\t\t\t\t<div class=\"elementor-column elementor-col-50 elementor-top-column elementor-element elementor-element-235113e\" data-id=\"235113e\" data-element_type=\"column\" data-e-type=\"column\">\n\t\t\t<div class=\"elementor-widget-wrap elementor-element-populated\">\n\t\t\t\t\t\t<div class=\"elementor-element elementor-element-25a38185 elementor-widget elementor-widget-image\" data-id=\"25a38185\" data-element_type=\"widget\" data-e-type=\"widget\" data-widget_type=\"image.default\">\n\t\t\t\t\t\t\t\t\t\t\t\t\t\t\t<img fetchpriority=\"high\" decoding=\"async\" width=\"2560\" height=\"1707\" src=\"https:\/\/mpl.com.br\/wp-content\/smush-webp\/2022\/08\/Uncommon-Services-scaled.jpg.webp\" class=\"attachment-full size-full wp-image-10370\" alt=\"\" srcset=\"https:\/\/mpl.com.br\/wp-content\/smush-webp\/2022\/08\/Uncommon-Services-scaled.jpg.webp 2560w, https:\/\/mpl.com.br\/wp-content\/smush-webp\/2022\/08\/Uncommon-Services-300x200.jpg.webp 300w, https:\/\/mpl.com.br\/wp-content\/smush-webp\/2022\/08\/Uncommon-Services-1024x683.jpg.webp 1024w, https:\/\/mpl.com.br\/wp-content\/smush-webp\/2022\/08\/Uncommon-Services-768x512.jpg.webp 768w, https:\/\/mpl.com.br\/wp-content\/smush-webp\/2022\/08\/Uncommon-Services-1536x1024.jpg.webp 1536w, https:\/\/mpl.com.br\/wp-content\/smush-webp\/2022\/08\/Uncommon-Services-2048x1365.jpg.webp 2048w, https:\/\/mpl.com.br\/wp-content\/smush-webp\/2022\/08\/Uncommon-Services-18x12.jpg.webp 18w, https:\/\/mpl.com.br\/wp-content\/smush-webp\/2022\/08\/Uncommon-Services-700x467.jpg.webp 700w\" sizes=\"(max-width: 2560px) 100vw, 2560px\" \/>\t\t\t\t\t\t\t\t\t\t\t\t\t\t\t<\/div>\n\t\t\t\t\t<\/div>\n\t\t<\/div>\n\t\t\t\t<div class=\"elementor-column elementor-col-50 elementor-top-column elementor-element elementor-element-3dc14648\" data-id=\"3dc14648\" data-element_type=\"column\" data-e-type=\"column\">\n\t\t\t<div class=\"elementor-widget-wrap elementor-element-populated\">\n\t\t\t\t\t\t<div class=\"elementor-element elementor-element-35abb22f elementor-widget elementor-widget-text-editor\" data-id=\"35abb22f\" data-element_type=\"widget\" data-e-type=\"widget\" data-widget_type=\"text-editor.default\">\n\t\t\t\t\t\t\t\t\t<p>Sua empresa est\u00e1 em grande desvantagem se n\u00e3o est\u00e1 atendendo a demanda de clientes por excelentes servi\u00e7os e garantindo margens de rentabilidade ao mesmo tempo.<\/p><p>Essa desvantagem ocasiona a perda de oportunidades para a constru\u00e7\u00e3o de um neg\u00f3cio sustent\u00e1vel, lucrativo e de excel\u00eancia.<\/p><p>Tendo essa \u201cprovoca\u00e7\u00e3o\u201d como tema central, duas professoras da Harvard Business School, Francis Frei e Anne Moris, desenvolveram a metodologia \u201cUncommon Service\u201d, consolidada no livro de mesmo nome, lan\u00e7ado em 2012 pela Harvard Business School Publishing.<\/p><p>Conhe\u00e7a mais sobre a metodologia Uncommon Services, baixando o nosso whitepaper sobre o assunto.<\/p>\t\t\t\t\t\t\t\t<\/div>\n\t\t\t\t<div class=\"elementor-element elementor-element-40a1409 elementor-widget elementor-widget-shortcode\" data-id=\"40a1409\" data-element_type=\"widget\" data-e-type=\"widget\" data-no-translation=\"\" data-widget_type=\"shortcode.default\">\n\t\t\t\t\t<style>.elementor-element-40a1409{display:none !important}<\/style>\t\t\t\t<\/div>\n\t\t\t\t<div class=\"elementor-element elementor-element-7ec968d elementor-widget elementor-widget-shortcode\" data-id=\"7ec968d\" data-element_type=\"widget\" data-e-type=\"widget\" data-no-translation=\"\" data-widget_type=\"shortcode.default\">\n\t\t\t\t\t\t\t<div class=\"elementor-shortcode\">[email-download download_id=\"10374\" contact_form_id=\"10209\"]<\/div>\n\t\t\t\t\t\t<\/div>\n\t\t\t\t\t<\/div>\n\t\t<\/div>\n\t\t\t\t\t<\/div>\n\t\t<\/section>\n\t\t\t\t<\/div>\n\t\t","protected":false},"excerpt":{"rendered":"<p>Sua empresa est\u00e1 em grande desvantagem se n\u00e3o est\u00e1 atendendo a demanda de <a  href=\"https:\/\/mpl.com.br\/en\/a-mpl\/clientes\/\">clientes<\/a> por excelentes servi\u00e7os e garantindo margens de rentabilidade ao mesmo tempo. Essa desvantagem ocasiona a perda de <a  href=\"https:\/\/mpl.com.br\/en\/oportunidades\/\">oportunidades<\/a> para a constru\u00e7\u00e3o de um neg\u00f3cio sustent\u00e1vel, lucrativo e de excel\u00eancia. Tendo essa&#8230;<\/p>","protected":false},"author":26,"featured_media":0,"parent":670,"menu_order":0,"comment_status":"closed","ping_status":"closed","template":"","meta":{"footnotes":""},"class_list":["post-10368","page","type-page","status-publish","hentry"],"_links":{"self":[{"href":"https:\/\/mpl.com.br\/en\/wp-json\/wp\/v2\/pages\/10368","targetHints":{"allow":["GET"]}}],"collection":[{"href":"https:\/\/mpl.com.br\/en\/wp-json\/wp\/v2\/pages"}],"about":[{"href":"https:\/\/mpl.com.br\/en\/wp-json\/wp\/v2\/types\/page"}],"author":[{"embeddable":true,"href":"https:\/\/mpl.com.br\/en\/wp-json\/wp\/v2\/users\/26"}],"replies":[{"embeddable":true,"href":"https:\/\/mpl.com.br\/en\/wp-json\/wp\/v2\/comments?post=10368"}],"version-history":[{"count":0,"href":"https:\/\/mpl.com.br\/en\/wp-json\/wp\/v2\/pages\/10368\/revisions"}],"up":[{"embeddable":true,"href":"https:\/\/mpl.com.br\/en\/wp-json\/wp\/v2\/pages\/670"}],"wp:attachment":[{"href":"https:\/\/mpl.com.br\/en\/wp-json\/wp\/v2\/media?parent=10368"}],"curies":[{"name":"wp","href":"https:\/\/api.w.org\/{rel}","templated":true}]}}