{"id":11004,"date":"2024-12-23T00:25:40","date_gmt":"2024-12-23T03:25:40","guid":{"rendered":"https:\/\/mpl.com.br\/?page_id=11004"},"modified":"2024-12-23T00:33:05","modified_gmt":"2024-12-23T03:33:05","slug":"jde-cooperatives-oracle-technology-solutions","status":"publish","type":"page","link":"https:\/\/mpl.com.br\/en\/conhecimento\/webinar\/cooperativas-jde-solucoes-de-tecnologia-oracle\/","title":{"rendered":"Cooperatives - JDE &amp; Oracle Technology Solutions"},"content":{"rendered":"\t\t<div data-elementor-type=\"wp-page\" data-elementor-id=\"11004\" class=\"elementor elementor-11004\" data-elementor-post-type=\"page\">\n\t\t\t\t\t\t<section class=\"elementor-section elementor-top-section elementor-element elementor-element-68e1fd8d elementor-section-boxed elementor-section-height-default elementor-section-height-default parallax_section_no qode_elementor_container_no\" data-id=\"68e1fd8d\" data-element_type=\"section\" data-e-type=\"section\">\n\t\t\t\t\t\t<div class=\"elementor-container elementor-column-gap-default\">\n\t\t\t\t\t<div class=\"elementor-column elementor-col-50 elementor-top-column elementor-element elementor-element-6f8a9abd\" data-id=\"6f8a9abd\" data-element_type=\"column\" data-e-type=\"column\">\n\t\t\t<div class=\"elementor-widget-wrap elementor-element-populated\">\n\t\t\t\t\t\t<div class=\"elementor-element elementor-element-480a36cf elementor-widget elementor-widget-image\" data-id=\"480a36cf\" data-element_type=\"widget\" data-e-type=\"widget\" data-widget_type=\"image.default\">\n\t\t\t\t\t\t\t\t\t\t\t\t\t\t\t<img fetchpriority=\"high\" decoding=\"async\" width=\"1024\" height=\"522\" src=\"https:\/\/mpl.com.br\/wp-content\/smush-webp\/2024\/12\/Cooperativas.jpg.webp\" class=\"attachment-full size-full wp-image-11011\" alt=\"\" srcset=\"https:\/\/mpl.com.br\/wp-content\/smush-webp\/2024\/12\/Cooperativas.jpg.webp 1024w, https:\/\/mpl.com.br\/wp-content\/smush-webp\/2024\/12\/Cooperativas-300x153.jpg.webp 300w, https:\/\/mpl.com.br\/wp-content\/smush-webp\/2024\/12\/Cooperativas-768x392.jpg.webp 768w, https:\/\/mpl.com.br\/wp-content\/smush-webp\/2024\/12\/Cooperativas-18x9.jpg.webp 18w, https:\/\/mpl.com.br\/wp-content\/smush-webp\/2024\/12\/Cooperativas-700x357.jpg.webp 700w\" sizes=\"(max-width: 1024px) 100vw, 1024px\" \/>\t\t\t\t\t\t\t\t\t\t\t\t\t\t\t<\/div>\n\t\t\t\t\t<\/div>\n\t\t<\/div>\n\t\t\t\t<div class=\"elementor-column elementor-col-50 elementor-top-column elementor-element elementor-element-2281c61\" data-id=\"2281c61\" data-element_type=\"column\" data-e-type=\"column\">\n\t\t\t<div class=\"elementor-widget-wrap elementor-element-populated\">\n\t\t\t\t\t\t<div class=\"elementor-element elementor-element-2e2be0e2 elementor-widget elementor-widget-text-editor\" data-id=\"2e2be0e2\" data-element_type=\"widget\" data-e-type=\"widget\" data-widget_type=\"text-editor.default\">\n\t\t\t\t\t\t\t\t\t<p><span style=\"font-weight: 400;\">As exig\u00eancias do mercado alimentar est\u00e3o mudando mais rapidamente do que nunca, como a vida \u00fatil dos seus produtos est\u00e1 diminuindo e a concorr\u00eancia est\u00e1 aumentando. Aspectos como rastreabilidade, impacto ambiental e a seguran\u00e7a alimentar est\u00e3o cada vez mais na mente dos consumidores.<\/span><\/p><p><span style=\"font-weight: 400;\">De acordo com dados do Sistema OCB, oito em cada dez cooperativas (84%) consideram a inova\u00e7\u00e3o fundamental e estrat\u00e9gica para aprimorar sua atua\u00e7\u00e3o.<\/span><\/p><p><span style=\"font-weight: 400;\">Ent\u00e3o, como inovar ao ritmo necess\u00e1rio para satisfazer as exig\u00eancias do mercado?<\/span><\/p><p><span style=\"font-weight: 400;\">Neste webinar mostramos como a tecnologia certa pode direcion\u00e1-lo para a gest\u00e3o otimizada da opera\u00e7\u00e3o de ponta a ponta.<\/span><\/p>\t\t\t\t\t\t\t\t<\/div>\n\t\t\t\t<div class=\"elementor-element elementor-element-c948d09 elementor-widget elementor-widget-shortcode\" data-id=\"c948d09\" data-element_type=\"widget\" data-e-type=\"widget\" data-no-translation=\"\" data-widget_type=\"shortcode.default\">\n\t\t\t\t\t<style>.elementor-element-c948d09{display:none !important}<\/style>\t\t\t\t<\/div>\n\t\t\t\t<div class=\"elementor-element elementor-element-d10396f elementor-widget elementor-widget-shortcode\" data-id=\"d10396f\" data-element_type=\"widget\" data-e-type=\"widget\" data-no-translation=\"\" data-widget_type=\"shortcode.default\">\n\t\t\t\t\t\t\t<div class=\"elementor-shortcode\">[email-download download_id=\"11012\" contact_form_id=\"10209\"]<\/div>\n\t\t\t\t\t\t<\/div>\n\t\t\t\t\t<\/div>\n\t\t<\/div>\n\t\t\t\t\t<\/div>\n\t\t<\/section>\n\t\t\t\t<\/div>\n\t\t","protected":false},"excerpt":{"rendered":"<p>The demands of the food market are changing faster than ever, as the shelf life of its products is decreasing and competition is increasing. Aspects such as traceability, environmental impact and the <a  href=\"https:\/\/mpl.com.br\/en\/solucoes\/seguranca\/\">security<\/a> alimentar est\u00e3o cada vez mais na mente dos consumidores. De acordo&#8230;<\/p>","protected":false},"author":26,"featured_media":0,"parent":679,"menu_order":0,"comment_status":"closed","ping_status":"closed","template":"","meta":{"footnotes":""},"class_list":["post-11004","page","type-page","status-publish","hentry"],"_links":{"self":[{"href":"https:\/\/mpl.com.br\/en\/wp-json\/wp\/v2\/pages\/11004","targetHints":{"allow":["GET"]}}],"collection":[{"href":"https:\/\/mpl.com.br\/en\/wp-json\/wp\/v2\/pages"}],"about":[{"href":"https:\/\/mpl.com.br\/en\/wp-json\/wp\/v2\/types\/page"}],"author":[{"embeddable":true,"href":"https:\/\/mpl.com.br\/en\/wp-json\/wp\/v2\/users\/26"}],"replies":[{"embeddable":true,"href":"https:\/\/mpl.com.br\/en\/wp-json\/wp\/v2\/comments?post=11004"}],"version-history":[{"count":0,"href":"https:\/\/mpl.com.br\/en\/wp-json\/wp\/v2\/pages\/11004\/revisions"}],"up":[{"embeddable":true,"href":"https:\/\/mpl.com.br\/en\/wp-json\/wp\/v2\/pages\/679"}],"wp:attachment":[{"href":"https:\/\/mpl.com.br\/en\/wp-json\/wp\/v2\/media?parent=11004"}],"curies":[{"name":"wp","href":"https:\/\/api.w.org\/{rel}","templated":true}]}}