{"id":11005,"date":"2024-12-23T00:25:47","date_gmt":"2024-12-23T03:25:47","guid":{"rendered":"https:\/\/mpl.com.br\/?page_id=11005"},"modified":"2024-12-23T00:34:41","modified_gmt":"2024-12-23T03:34:41","slug":"jd-edwards-application-unlimited","status":"publish","type":"page","link":"https:\/\/mpl.com.br\/en\/conhecimento\/webinar\/jd-edwards-application-unlimited\/","title":{"rendered":"JD Edwards Application Unlimited"},"content":{"rendered":"\t\t<div data-elementor-type=\"wp-page\" data-elementor-id=\"11005\" class=\"elementor elementor-11005\" data-elementor-post-type=\"page\">\n\t\t\t\t\t\t<section class=\"elementor-section elementor-top-section elementor-element elementor-element-68e1fd8d elementor-section-boxed elementor-section-height-default elementor-section-height-default parallax_section_no qode_elementor_container_no\" data-id=\"68e1fd8d\" data-element_type=\"section\" data-e-type=\"section\">\n\t\t\t\t\t\t<div class=\"elementor-container elementor-column-gap-default\">\n\t\t\t\t\t<div class=\"elementor-column elementor-col-50 elementor-top-column elementor-element elementor-element-6f8a9abd\" data-id=\"6f8a9abd\" data-element_type=\"column\" data-e-type=\"column\">\n\t\t\t<div class=\"elementor-widget-wrap elementor-element-populated\">\n\t\t\t\t\t\t<div class=\"elementor-element elementor-element-480a36cf elementor-widget elementor-widget-image\" data-id=\"480a36cf\" data-element_type=\"widget\" data-e-type=\"widget\" data-widget_type=\"image.default\">\n\t\t\t\t\t\t\t\t\t\t\t\t\t\t\t<img fetchpriority=\"high\" decoding=\"async\" width=\"1280\" height=\"720\" src=\"https:\/\/mpl.com.br\/wp-content\/smush-webp\/2024\/12\/Applications-Unlimited-Brasil_Marco-23-1.jpg.webp\" class=\"attachment-full size-full wp-image-11018\" alt=\"\" srcset=\"https:\/\/mpl.com.br\/wp-content\/smush-webp\/2024\/12\/Applications-Unlimited-Brasil_Marco-23-1.jpg.webp 1280w, https:\/\/mpl.com.br\/wp-content\/smush-webp\/2024\/12\/Applications-Unlimited-Brasil_Marco-23-1-300x169.jpg.webp 300w, https:\/\/mpl.com.br\/wp-content\/smush-webp\/2024\/12\/Applications-Unlimited-Brasil_Marco-23-1-1024x576.jpg.webp 1024w, https:\/\/mpl.com.br\/wp-content\/smush-webp\/2024\/12\/Applications-Unlimited-Brasil_Marco-23-1-768x432.jpg.webp 768w, https:\/\/mpl.com.br\/wp-content\/smush-webp\/2024\/12\/Applications-Unlimited-Brasil_Marco-23-1-18x10.jpg.webp 18w, https:\/\/mpl.com.br\/wp-content\/smush-webp\/2024\/12\/Applications-Unlimited-Brasil_Marco-23-1-700x394.jpg.webp 700w, https:\/\/mpl.com.br\/wp-content\/smush-webp\/2024\/12\/Applications-Unlimited-Brasil_Marco-23-1-539x303.jpg.webp 539w\" sizes=\"(max-width: 1280px) 100vw, 1280px\" \/>\t\t\t\t\t\t\t\t\t\t\t\t\t\t\t<\/div>\n\t\t\t\t\t<\/div>\n\t\t<\/div>\n\t\t\t\t<div class=\"elementor-column elementor-col-50 elementor-top-column elementor-element elementor-element-2281c61\" data-id=\"2281c61\" data-element_type=\"column\" data-e-type=\"column\">\n\t\t\t<div class=\"elementor-widget-wrap elementor-element-populated\">\n\t\t\t\t\t\t<div class=\"elementor-element elementor-element-2e2be0e2 elementor-widget elementor-widget-text-editor\" data-id=\"2e2be0e2\" data-element_type=\"widget\" data-e-type=\"widget\" data-widget_type=\"text-editor.default\">\n\t\t\t\t\t\t\t\t\t<p><span style=\"font-weight: 400;\">Pela primeira vez no Brasil, a MPL, em conjunto com a Oracle, trouxe o evento mundial Applications Unlimited.<\/span><\/p><p><span style=\"font-weight: 400;\">Neste webinar, os executivos da Oracle discutem conosco o Roadmap do JD Edwards e alguns assuntos relevantes em detalhe: Inova\u00e7\u00e3o e Ado\u00e7\u00e3o Cont\u00ednua; JD Edwards na Nuvem e o JD Edwards como a Plataforma Digital para um ERP Moderno.<\/span><\/p>\t\t\t\t\t\t\t\t<\/div>\n\t\t\t\t<div class=\"elementor-element elementor-element-c948d09 elementor-widget elementor-widget-shortcode\" data-id=\"c948d09\" data-element_type=\"widget\" data-e-type=\"widget\" data-no-translation=\"\" data-widget_type=\"shortcode.default\">\n\t\t\t\t\t<style>.elementor-element-c948d09{display:none !important}<\/style>\t\t\t\t<\/div>\n\t\t\t\t<div class=\"elementor-element elementor-element-d10396f elementor-widget elementor-widget-shortcode\" data-id=\"d10396f\" data-element_type=\"widget\" data-e-type=\"widget\" data-no-translation=\"\" data-widget_type=\"shortcode.default\">\n\t\t\t\t\t\t\t<div class=\"elementor-shortcode\">[email-download download_id=\"11015\" contact_form_id=\"10209\"]<\/div>\n\t\t\t\t\t\t<\/div>\n\t\t\t\t\t<\/div>\n\t\t<\/div>\n\t\t\t\t\t<\/div>\n\t\t<\/section>\n\t\t\t\t<\/div>\n\t\t","protected":false},"excerpt":{"rendered":"<p>Pela primeira vez no Brasil, <a  href=\"https:\/\/mpl.com.br\/en\/a-mpl\/\">a MPL<\/a>, em conjunto com a Oracle, trouxe o evento mundial Applications Unlimited. Neste <a  href=\"https:\/\/mpl.com.br\/en\/conhecimento\/webinar\/\">webinar<\/a>, os executivos da Oracle discutem conosco o Roadmap do JD Edwards e alguns assuntos relevantes em detalhe: Inova\u00e7\u00e3o e Ado\u00e7\u00e3o Cont\u00ednua; JD Edwards na Nuvem&#8230;<\/p>","protected":false},"author":26,"featured_media":0,"parent":679,"menu_order":0,"comment_status":"closed","ping_status":"closed","template":"","meta":{"footnotes":""},"class_list":["post-11005","page","type-page","status-publish","hentry"],"_links":{"self":[{"href":"https:\/\/mpl.com.br\/en\/wp-json\/wp\/v2\/pages\/11005","targetHints":{"allow":["GET"]}}],"collection":[{"href":"https:\/\/mpl.com.br\/en\/wp-json\/wp\/v2\/pages"}],"about":[{"href":"https:\/\/mpl.com.br\/en\/wp-json\/wp\/v2\/types\/page"}],"author":[{"embeddable":true,"href":"https:\/\/mpl.com.br\/en\/wp-json\/wp\/v2\/users\/26"}],"replies":[{"embeddable":true,"href":"https:\/\/mpl.com.br\/en\/wp-json\/wp\/v2\/comments?post=11005"}],"version-history":[{"count":0,"href":"https:\/\/mpl.com.br\/en\/wp-json\/wp\/v2\/pages\/11005\/revisions"}],"up":[{"embeddable":true,"href":"https:\/\/mpl.com.br\/en\/wp-json\/wp\/v2\/pages\/679"}],"wp:attachment":[{"href":"https:\/\/mpl.com.br\/en\/wp-json\/wp\/v2\/media?parent=11005"}],"curies":[{"name":"wp","href":"https:\/\/api.w.org\/{rel}","templated":true}]}}