{"id":1259,"date":"2025-06-16T11:49:06","date_gmt":"2025-06-16T14:49:06","guid":{"rendered":"https:\/\/129.144.60.171\/?page_id=1259"},"modified":"2025-06-16T11:49:06","modified_gmt":"2025-06-16T14:49:06","slug":"quem-somos-2","status":"publish","type":"page","link":"https:\/\/mpl.com.br\/en\/a-mpl\/quem-somos-2\/","title":{"rendered":"Who we are"},"content":{"rendered":"<div data-elementor-type=\"wp-page\" data-elementor-id=\"1259\" class=\"elementor elementor-1259\" data-elementor-post-type=\"page\">\n\t\t\t\t\t\t<section class=\"elementor-section elementor-top-section elementor-element elementor-element-556d895e elementor-section-boxed elementor-section-height-default elementor-section-height-default parallax_section_no qode_elementor_container_no\" data-id=\"556d895e\" data-element_type=\"section\" data-e-type=\"section\">\n\t\t\t\t\t\t<div class=\"elementor-container elementor-column-gap-default\">\n\t\t\t\t\t<div class=\"elementor-column elementor-col-100 elementor-top-column elementor-element elementor-element-10f25d56\" data-id=\"10f25d56\" data-element_type=\"column\" data-e-type=\"column\">\n\t\t\t<div class=\"elementor-widget-wrap elementor-element-populated\">\n\t\t\t\t\t\t<div class=\"elementor-element elementor-element-17dd7b6 elementor-widget elementor-widget-html\" data-id=\"17dd7b6\" data-element_type=\"widget\" data-e-type=\"widget\" data-widget_type=\"html.default\">\n\t\t\t\t\t<style>.elementor-section.elementor-section-boxed > .elementor-container {\r\n    padding:0!important;\r\n}<\/style>\t\t\t\t<\/div>\n\t\t\t\t<div class=\"elementor-element elementor-element-a96adfd padrao elementor-widget elementor-widget-image\" data-id=\"a96adfd\" data-element_type=\"widget\" data-e-type=\"widget\" id=\"quem-somos\" data-widget_type=\"image.default\">\n\t\t\t\t\t\t\t\t\t\t\t\t\t\t\t<img fetchpriority=\"high\" decoding=\"async\" width=\"1100\" height=\"300\" src=\"https:\/\/mpl.com.br\/wp-content\/uploads\/2022\/06\/MPL-quem-somos-1.png\" class=\"attachment-full size-full wp-image-1167\" alt=\"\" srcset=\"https:\/\/mpl.com.br\/wp-content\/uploads\/2022\/06\/MPL-quem-somos-1.png 1100w, https:\/\/mpl.com.br\/wp-content\/uploads\/2022\/06\/MPL-quem-somos-1-300x82.png 300w, https:\/\/mpl.com.br\/wp-content\/uploads\/2022\/06\/MPL-quem-somos-1-1024x279.png 1024w, https:\/\/mpl.com.br\/wp-content\/uploads\/2022\/06\/MPL-quem-somos-1-768x209.png 768w, https:\/\/mpl.com.br\/wp-content\/uploads\/2022\/06\/MPL-quem-somos-1-700x191.png 700w\" sizes=\"(max-width: 1100px) 100vw, 1100px\" \/>\t\t\t\t\t\t\t\t\t\t\t\t\t\t\t<\/div>\n\t\t\t\t<div class=\"elementor-element elementor-element-4ccf7c5e elementor-widget elementor-widget-heading\" data-id=\"4ccf7c5e\" data-element_type=\"widget\" data-e-type=\"widget\" data-widget_type=\"heading.default\">\n\t\t\t\t\t<h2 class=\"elementor-heading-title elementor-size-default\">Especialistas Em Inova\u00e7\u00e3o E Integra\u00e7\u00e3o De Plataformas Digitais<\/h2>\t\t\t\t<\/div>\n\t\t\t\t<div class=\"elementor-element elementor-element-4f1b0d8e elementor-widget elementor-widget-text-editor\" data-id=\"4f1b0d8e\" data-element_type=\"widget\" data-e-type=\"widget\" data-widget_type=\"text-editor.default\">\n\t\t\t\t\t\t\t\t\t<p>Since 1985 \u2013 the year MPL was founded \u2013 our role has been to guide companies to enter the world of technological innovation. When we started distributing JD Edwards in 1994, the challenge was similar to what we have today. We are a team that thinks and implements innovation applied to each client&#039;s business, from planning to post GO LIVE support. All professionals have the mission of adding to the latest technology, the human perspective that makes the difference to the success of projects.<\/p><p>MPL is an Oracle certified partner, with excellence in the functional areas of ERP (Finance, Sales, Logistics, Manufacturing and \u201cReal Estate\u201d) and in the areas of CNC and application development and process automation with Orchestrator. MPL is always up to date and committed to promoting to the market, and putting into practice, the new features made available in the recent and upcoming updates of JD Edwards and Orchestrator. We know the importance of adapting to changes and the best way to transform is to know the potential of the ERP with which we work.<\/p><p>Following the natural movement of information technology, with more and more applications in the cloud, MPL is certified on Oracle Cloud Infrastructure (OCI), bringing more value to our customers, as they can now enjoy the benefits of a cloud environment or even from a hybrid environment.<\/p>\t\t\t\t\t\t\t\t<\/div>\n\t\t\t\t\t<\/div>\n\t\t<\/div>\n\t\t\t\t\t<\/div>\n\t\t<\/section>\n\t\t\t\t<section class=\"elementor-section elementor-top-section elementor-element elementor-element-c43cfa4 elementor-section-boxed elementor-section-height-default elementor-section-height-default parallax_section_no qode_elementor_container_no\" data-id=\"c43cfa4\" data-element_type=\"section\" data-e-type=\"section\">\n\t\t\t\t\t\t<div class=\"elementor-container elementor-column-gap-default\">\n\t\t\t\t\t<div class=\"elementor-column elementor-col-100 elementor-top-column elementor-element elementor-element-c0fbd18\" data-id=\"c0fbd18\" data-element_type=\"column\" data-e-type=\"column\">\n\t\t\t<div class=\"elementor-widget-wrap elementor-element-populated\">\n\t\t\t\t\t\t<div class=\"elementor-element elementor-element-876ddbe elementor-widget elementor-widget-heading\" data-id=\"876ddbe\" data-element_type=\"widget\" data-e-type=\"widget\" data-widget_type=\"heading.default\">\n\t\t\t\t\t<h3 class=\"elementor-heading-title elementor-size-default\">Vantagem Competitiva Para O Seu Neg\u00f3cio<\/h3>\t\t\t\t<\/div>\n\t\t\t\t<div class=\"elementor-element elementor-element-84385fa elementor-widget elementor-widget-text-editor\" data-id=\"84385fa\" data-element_type=\"widget\" data-e-type=\"widget\" data-widget_type=\"text-editor.default\">\n\t\t\t\t\t\t\t\t\t<p><img decoding=\"async\" class=\"alignleft wp-image-1258 lazyload\" data-src=\"http:\/\/mpl.com.br\/wp-content\/uploads\/2022\/06\/Screen-Shot-2022-06-10-at-20.36.04-300x161.png\" alt=\"\" width=\"320\" height=\"172\" data-srcset=\"https:\/\/mpl.com.br\/wp-content\/uploads\/2022\/06\/Screen-Shot-2022-06-10-at-20.36.04-300x161.png 300w, https:\/\/mpl.com.br\/wp-content\/uploads\/2022\/06\/Screen-Shot-2022-06-10-at-20.36.04-768x412.png 768w, https:\/\/mpl.com.br\/wp-content\/uploads\/2022\/06\/Screen-Shot-2022-06-10-at-20.36.04-700x375.png 700w, https:\/\/mpl.com.br\/wp-content\/uploads\/2022\/06\/Screen-Shot-2022-06-10-at-20.36.04.png 1000w\" data-sizes=\"(max-width: 320px) 100vw, 320px\" src=\"data:image\/svg+xml;base64,PHN2ZyB3aWR0aD0iMSIgaGVpZ2h0PSIxIiB4bWxucz0iaHR0cDovL3d3dy53My5vcmcvMjAwMC9zdmciPjwvc3ZnPg==\" style=\"--smush-placeholder-width: 320px; --smush-placeholder-aspect-ratio: 320\/172;\" \/>In an increasingly complex scenario in terms of global competition, where each business only thrives when using the best digital solutions that offer the differentiation that its customers expect to find, it is essential to have a partner that knows how to effectively integrate your system. information to all other systems, whether E-Commerce, other ERPs, Digital Assistants or Specialist Systems.<\/p><p>MPL&#039;s experience in developing integrations between different systems and architectures through SOAP Web Services (BSSVs) and REST APIs (Orchestrator), will be the key to success for you to have your applications and systems connected.<\/p>\t\t\t\t\t\t\t\t<\/div>\n\t\t\t\t<div class=\"elementor-element elementor-element-65b811a elementor-widget elementor-widget-heading\" data-id=\"65b811a\" data-element_type=\"widget\" data-e-type=\"widget\" data-widget_type=\"heading.default\">\n\t\t\t\t\t<h3 class=\"elementor-heading-title elementor-size-default\">Equipe Local Com Conex\u00f5es Globais<\/h3>\t\t\t\t<\/div>\n\t\t\t\t<section class=\"elementor-section elementor-inner-section elementor-element elementor-element-9e83f41 elementor-section-full_width elementor-section-height-default elementor-section-height-default parallax_section_no qode_elementor_container_no\" data-id=\"9e83f41\" data-element_type=\"section\" data-e-type=\"section\">\n\t\t\t\t\t\t<div class=\"elementor-container elementor-column-gap-default\">\n\t\t\t\t\t<div class=\"elementor-column elementor-col-50 elementor-inner-column elementor-element elementor-element-907fed6\" data-id=\"907fed6\" data-element_type=\"column\" data-e-type=\"column\">\n\t\t\t<div class=\"elementor-widget-wrap elementor-element-populated\">\n\t\t\t\t\t\t<div class=\"elementor-element elementor-element-fc681f3 elementor-widget elementor-widget-text-editor\" data-id=\"fc681f3\" data-element_type=\"widget\" data-e-type=\"widget\" data-widget_type=\"text-editor.default\">\n\t\t\t\t\t\t\t\t\t<p><strong>&nbsp; &nbsp; &nbsp; &nbsp; &nbsp; &nbsp; &nbsp; &nbsp;Pr<\/strong><b>\u00eamios ORACLE:&nbsp;<\/b><\/p>\t\t\t\t\t\t\t\t<\/div>\n\t\t\t\t<div class=\"elementor-element elementor-element-a5260e7 elementor-widget elementor-widget-image\" data-id=\"a5260e7\" data-element_type=\"widget\" data-e-type=\"widget\" data-widget_type=\"image.default\">\n\t\t\t\t\t\t\t\t\t\t\t\t\t\t\t<img decoding=\"async\" width=\"380\" height=\"150\" data-src=\"https:\/\/mpl.com.br\/wp-content\/uploads\/2022\/06\/Design-sem-nome-19.png\" class=\"attachment-full size-full wp-image-1181 lazyload\" alt=\"\" data-srcset=\"https:\/\/mpl.com.br\/wp-content\/uploads\/2022\/06\/Design-sem-nome-19.png 380w, https:\/\/mpl.com.br\/wp-content\/uploads\/2022\/06\/Design-sem-nome-19-300x118.png 300w\" data-sizes=\"(max-width: 380px) 100vw, 380px\" src=\"data:image\/svg+xml;base64,PHN2ZyB3aWR0aD0iMSIgaGVpZ2h0PSIxIiB4bWxucz0iaHR0cDovL3d3dy53My5vcmcvMjAwMC9zdmciPjwvc3ZnPg==\" style=\"--smush-placeholder-width: 380px; --smush-placeholder-aspect-ratio: 380\/150;\" \/>\t\t\t\t\t\t\t\t\t\t\t\t\t\t\t<\/div>\n\t\t\t\t\t<\/div>\n\t\t<\/div>\n\t\t\t\t<div class=\"elementor-column elementor-col-50 elementor-inner-column elementor-element elementor-element-ba2f5d0\" data-id=\"ba2f5d0\" data-element_type=\"column\" data-e-type=\"column\">\n\t\t\t<div class=\"elementor-widget-wrap elementor-element-populated\">\n\t\t\t\t\t\t<div class=\"elementor-element elementor-element-d53ecb2 elementor-widget elementor-widget-text-editor\" data-id=\"d53ecb2\" data-element_type=\"widget\" data-e-type=\"widget\" data-widget_type=\"text-editor.default\">\n\t\t\t\t\t\t\t\t\t<p><img decoding=\"async\" class=\"wp-image-1178 alignleft lazyload\" data-src=\"http:\/\/mpl.com.br\/wp-content\/uploads\/2022\/06\/redfaire-international-logo-300x60.png\" alt=\"\" width=\"200\" height=\"40\" data-srcset=\"https:\/\/mpl.com.br\/wp-content\/uploads\/2022\/06\/redfaire-international-logo-300x60.png 300w, https:\/\/mpl.com.br\/wp-content\/uploads\/2022\/06\/redfaire-international-logo-768x154.png 768w, https:\/\/mpl.com.br\/wp-content\/uploads\/2022\/06\/redfaire-international-logo-700x140.png 700w, https:\/\/mpl.com.br\/wp-content\/uploads\/2022\/06\/redfaire-international-logo.png 914w\" data-sizes=\"(max-width: 200px) 100vw, 200px\" src=\"data:image\/svg+xml;base64,PHN2ZyB3aWR0aD0iMSIgaGVpZ2h0PSIxIiB4bWxucz0iaHR0cDovL3d3dy53My5vcmcvMjAwMC9zdmciPjwvc3ZnPg==\" style=\"--smush-placeholder-width: 200px; --smush-placeholder-aspect-ratio: 200\/40;\" \/><\/p><p>O reconhecimento da Oracle \u00e0 nossa busca pela excel\u00eancia veio com sucessivos pr\u00eamios. A MPL \u00e9 hoje a empresa de refer\u00eancia para o JD Edwards no Brasil e a coroa\u00e7\u00e3o desse esfor\u00e7o veio com o convite para integrar o cons\u00f3rcio global Redfaire International. Fazemos parte de um grupo de 650 especialistas com presen\u00e7a em 23 pa\u00edses e mais de 1.000 empresas clientes. O alcance global e o conhecimento local colocam a MPL numa posi\u00e7\u00e3o \u00fanica para apoiar projetos de roll-out inbound e outbound.<\/p>\t\t\t\t\t\t\t\t<\/div>\n\t\t\t\t\t<\/div>\n\t\t<\/div>\n\t\t\t\t\t<\/div>\n\t\t<\/section>\n\t\t\t\t<div class=\"elementor-element elementor-element-da8ed80 elementor-widget elementor-widget-spacer\" data-id=\"da8ed80\" data-element_type=\"widget\" data-e-type=\"widget\" data-widget_type=\"spacer.default\">\n\t\t\t\t\t\t\t<div class=\"elementor-spacer\">\n\t\t\t<div class=\"elementor-spacer-inner\"><\/div>\n\t\t<\/div>\n\t\t\t\t\t\t<\/div>\n\t\t\t\t<div class=\"elementor-element elementor-element-fdd5dda elementor-widget elementor-widget-heading\" data-id=\"fdd5dda\" data-element_type=\"widget\" data-e-type=\"widget\" data-widget_type=\"heading.default\">\n\t\t\t\t\t<h3 class=\"elementor-heading-title elementor-size-default\">A New Look at Innovation<\/h3>\t\t\t\t<\/div>\n\t\t\t\t<section class=\"elementor-section elementor-inner-section elementor-element elementor-element-6b32e9c elementor-section-full_width elementor-section-height-default elementor-section-height-default parallax_section_no qode_elementor_container_no\" data-id=\"6b32e9c\" data-element_type=\"section\" data-e-type=\"section\" data-settings=\"{&quot;background_background&quot;:&quot;classic&quot;}\">\n\t\t\t\t\t\t<div class=\"elementor-container elementor-column-gap-wider\">\n\t\t\t\t\t<div class=\"elementor-column elementor-col-100 elementor-inner-column elementor-element elementor-element-520d319\" data-id=\"520d319\" data-element_type=\"column\" data-e-type=\"column\">\n\t\t\t<div class=\"elementor-widget-wrap elementor-element-populated\">\n\t\t\t\t\t\t<div class=\"elementor-element elementor-element-97b41ae elementor-widget elementor-widget-heading\" data-id=\"97b41ae\" data-element_type=\"widget\" data-e-type=\"widget\" data-widget_type=\"heading.default\">\n\t\t\t\t\t<h3 class=\"elementor-heading-title elementor-size-default\">UM NOVO OLHAR PARA A INOVA\u00c7\u00c3O<\/h3>\t\t\t\t<\/div>\n\t\t\t\t<div class=\"elementor-element elementor-element-59c52f4 elementor-widget elementor-widget-text-editor\" data-id=\"59c52f4\" data-element_type=\"widget\" data-e-type=\"widget\" data-widget_type=\"text-editor.default\">\n\t\t\t\t\t\t\t\t\t<p>Innovation and digital transformation always walk together and, thinking about the constant technological advances that enable and drive this change, MPL decided to create a 100% Business Unit focused on Digital Innovation: MPL Inova.<\/p><p>The word \u201cInnovation\u201d may seem like something difficult to achieve or implement, especially when we think about technology. But \u201cNo code\/Low code\u201d platforms are a reality, where it is possible to create incredible solutions with few or even no lines of code. MPL is certified on the Oracle Digital Assistant (ODA), Oracle Integration Cloud (OIC) and Oracle Visual Builder Cloud Service (VBCS) platforms.<\/p><p>Our new Unit creates solutions for Intelligent Digital Assistants (or Chatbots), Integrations and Process Automation and Progressive Web App - PWA, which are hybrid applications that run from desktop to smartphone with a single development.<\/p><p>Now, innovating is faster, easier and increasingly necessary.<\/p>\t\t\t\t\t\t\t\t<\/div>\n\t\t\t\t<div class=\"elementor-element elementor-element-9271867 elementor-align-center elementor-widget elementor-widget-button\" data-id=\"9271867\" data-element_type=\"widget\" data-e-type=\"widget\" data-widget_type=\"button.default\">\n\t\t\t\t\t\t\t\t\t\t<a class=\"elementor-button elementor-button-link elementor-size-sm\" href=\"https:\/\/mpl.com.br\/en\/mpl-innovates\/\" target=\"_blank\">\n\t\t\t\t\t\t<span class=\"elementor-button-content-wrapper\">\n\t\t\t\t\t\t\t\t\t<span class=\"elementor-button-text\">Saiba Mais sobre a MPL Inova<\/span>\n\t\t\t\t\t<\/span>\n\t\t\t\t\t<\/a>\n\t\t\t\t\t\t\t\t<\/div>\n\t\t\t\t\t<\/div>\n\t\t<\/div>\n\t\t\t\t\t<\/div>\n\t\t<\/section>\n\t\t\t\t<section class=\"elementor-section elementor-inner-section elementor-element elementor-element-7e0f641 elementor-section-full_width elementor-section-height-default elementor-section-height-default parallax_section_no qode_elementor_container_no\" data-id=\"7e0f641\" data-element_type=\"section\" data-e-type=\"section\">\n\t\t\t\t\t\t<div class=\"elementor-container elementor-column-gap-default\">\n\t\t\t\t\t<div class=\"elementor-column elementor-col-50 elementor-inner-column elementor-element elementor-element-5f29171\" data-id=\"5f29171\" data-element_type=\"column\" data-e-type=\"column\">\n\t\t\t<div class=\"elementor-widget-wrap elementor-element-populated\">\n\t\t\t\t\t\t<div class=\"elementor-element elementor-element-183f992 elementor-widget elementor-widget-heading\" data-id=\"183f992\" data-element_type=\"widget\" data-e-type=\"widget\" data-widget_type=\"heading.default\">\n\t\t\t\t\t<h3 class=\"elementor-heading-title elementor-size-default\">Pessoas S\u00e3o O Nosso Maior Ativo<\/h3>\t\t\t\t<\/div>\n\t\t\t\t<div class=\"elementor-element elementor-element-618a048 elementor-widget elementor-widget-text-editor\" data-id=\"618a048\" data-element_type=\"widget\" data-e-type=\"widget\" data-widget_type=\"text-editor.default\">\n\t\t\t\t\t\t\t\t\t<p>Mais de 20% dos nossos colaboradores possuem participa\u00e7\u00e3o no neg\u00f3cio. Al\u00e9m de oferecer um retorno financeiro adicional a quem se dedica a empresa, a MPL refor\u00e7a o empenho e o comprometimento em prestar servi\u00e7os de excel\u00eancia que v\u00e3o al\u00e9m dos projetos. Quer fazer parte da equipe MPL, confira nossas oportunidades!<\/p>\t\t\t\t\t\t\t\t<\/div>\n\t\t\t\t\t<\/div>\n\t\t<\/div>\n\t\t\t\t<div class=\"elementor-column elementor-col-50 elementor-inner-column elementor-element elementor-element-f27e2d9\" data-id=\"f27e2d9\" data-element_type=\"column\" data-e-type=\"column\">\n\t\t\t<div class=\"elementor-widget-wrap elementor-element-populated\">\n\t\t\t\t\t\t<div class=\"elementor-element elementor-element-9a76b31 elementor-widget elementor-widget-image\" data-id=\"9a76b31\" data-element_type=\"widget\" data-e-type=\"widget\" data-widget_type=\"image.default\">\n\t\t\t\t\t\t\t\t\t\t\t\t\t\t\t<img decoding=\"async\" width=\"500\" height=\"241\" data-src=\"https:\/\/mpl.com.br\/wp-content\/uploads\/2022\/05\/time-de-consultores-oracle.jpg\" class=\"attachment-large size-large wp-image-1067 lazyload\" alt=\"\" data-srcset=\"https:\/\/mpl.com.br\/wp-content\/uploads\/2022\/05\/time-de-consultores-oracle.jpg 500w, https:\/\/mpl.com.br\/wp-content\/uploads\/2022\/05\/time-de-consultores-oracle-300x145.jpg 300w\" data-sizes=\"(max-width: 500px) 100vw, 500px\" src=\"data:image\/svg+xml;base64,PHN2ZyB3aWR0aD0iMSIgaGVpZ2h0PSIxIiB4bWxucz0iaHR0cDovL3d3dy53My5vcmcvMjAwMC9zdmciPjwvc3ZnPg==\" style=\"--smush-placeholder-width: 500px; --smush-placeholder-aspect-ratio: 500\/241;\" \/>\t\t\t\t\t\t\t\t\t\t\t\t\t\t\t<\/div>\n\t\t\t\t\t<\/div>\n\t\t<\/div>\n\t\t\t\t\t<\/div>\n\t\t<\/section>\n\t\t\t\t<section class=\"elementor-section elementor-inner-section elementor-element elementor-element-beca837 elementor-reverse-mobile elementor-section-full_width elementor-section-height-default elementor-section-height-default parallax_section_no qode_elementor_container_no\" data-id=\"beca837\" data-element_type=\"section\" data-e-type=\"section\">\n\t\t\t\t\t\t<div class=\"elementor-container elementor-column-gap-default\">\n\t\t\t\t\t<div class=\"elementor-column elementor-col-50 elementor-inner-column elementor-element elementor-element-378f8fe\" data-id=\"378f8fe\" data-element_type=\"column\" data-e-type=\"column\">\n\t\t\t<div class=\"elementor-widget-wrap elementor-element-populated\">\n\t\t\t\t\t\t<div class=\"elementor-element elementor-element-a63cf0a elementor-widget elementor-widget-image\" data-id=\"a63cf0a\" data-element_type=\"widget\" data-e-type=\"widget\" data-widget_type=\"image.default\">\n\t\t\t\t\t\t\t\t\t\t\t\t\t\t\t<img decoding=\"async\" width=\"500\" height=\"192\" data-src=\"https:\/\/mpl.com.br\/wp-content\/uploads\/2022\/05\/suporte-efix.png\" class=\"attachment-large size-large wp-image-1069 lazyload\" alt=\"E-fix support\" data-srcset=\"https:\/\/mpl.com.br\/wp-content\/uploads\/2022\/05\/suporte-efix.png 500w, https:\/\/mpl.com.br\/wp-content\/uploads\/2022\/05\/suporte-efix-300x115.png 300w\" data-sizes=\"(max-width: 500px) 100vw, 500px\" src=\"data:image\/svg+xml;base64,PHN2ZyB3aWR0aD0iMSIgaGVpZ2h0PSIxIiB4bWxucz0iaHR0cDovL3d3dy53My5vcmcvMjAwMC9zdmciPjwvc3ZnPg==\" style=\"--smush-placeholder-width: 500px; --smush-placeholder-aspect-ratio: 500\/192;\" \/>\t\t\t\t\t\t\t\t\t\t\t\t\t\t\t<\/div>\n\t\t\t\t\t<\/div>\n\t\t<\/div>\n\t\t\t\t<div class=\"elementor-column elementor-col-50 elementor-inner-column elementor-element elementor-element-e216148\" data-id=\"e216148\" data-element_type=\"column\" data-e-type=\"column\">\n\t\t\t<div class=\"elementor-widget-wrap elementor-element-populated\">\n\t\t\t\t\t\t<div class=\"elementor-element elementor-element-05ebe2b elementor-widget elementor-widget-heading\" data-id=\"05ebe2b\" data-element_type=\"widget\" data-e-type=\"widget\" data-widget_type=\"heading.default\">\n\t\t\t\t\t<h3 class=\"elementor-heading-title elementor-size-default\">Differential: SUPPORT-FIX MPL<\/h3>\t\t\t\t<\/div>\n\t\t\t\t<div class=\"elementor-element elementor-element-c3a9524 elementor-widget elementor-widget-text-editor\" data-id=\"c3a9524\" data-element_type=\"widget\" data-e-type=\"widget\" data-widget_type=\"text-editor.default\">\n\t\t\t\t\t\t\t\t\t<p>Um servi\u00e7o de suporte ao JD Edwards 100% configurado para cada cliente, podendo ir de um\u201d Help Desk\u201d com ocorr\u00eancias de rotina a apoios mais complexos.\u00a0<b>This service is a bet on increasing the performance of our clients&#039; teams.<\/b>\u00a0<span lang=\"PT-BR\">With more than a dozen clients being served, the scope of the service is defined by each one of them, according to their expectations and needs.<\/span><\/p>\t\t\t\t\t\t\t\t<\/div>\n\t\t\t\t\t<\/div>\n\t\t<\/div>\n\t\t\t\t\t<\/div>\n\t\t<\/section>\n\t\t\t\t<section class=\"elementor-section elementor-inner-section elementor-element elementor-element-6be3ccf elementor-section-boxed elementor-section-height-default elementor-section-height-default parallax_section_no qode_elementor_container_no\" data-id=\"6be3ccf\" data-element_type=\"section\" data-e-type=\"section\" data-settings=\"{&quot;background_background&quot;:&quot;classic&quot;}\">\n\t\t\t\t\t\t<div class=\"elementor-container elementor-column-gap-default\">\n\t\t\t\t\t<div class=\"elementor-column elementor-col-100 elementor-inner-column elementor-element elementor-element-248a73b\" data-id=\"248a73b\" data-element_type=\"column\" data-e-type=\"column\">\n\t\t\t<div class=\"elementor-widget-wrap elementor-element-populated\">\n\t\t\t\t\t\t<div class=\"elementor-element elementor-element-43987df elementor-widget elementor-widget-heading\" data-id=\"43987df\" data-element_type=\"widget\" data-e-type=\"widget\" data-widget_type=\"heading.default\">\n\t\t\t\t\t<h3 class=\"elementor-heading-title elementor-size-default\">More Security and Quality for Your Business<\/h3>\t\t\t\t<\/div>\n\t\t\t\t<div class=\"elementor-element elementor-element-1a9be8f elementor-widget elementor-widget-text-editor\" data-id=\"1a9be8f\" data-element_type=\"widget\" data-e-type=\"widget\" data-widget_type=\"text-editor.default\">\n\t\t\t\t\t\t\t\t\t<p>Count on our experience in Oracle solutions. Enter in\u00a0<strong><a href=\"https:\/\/mpl.com.br\/en\/contact\/\" target=\"_blank\" rel=\"noopener\">contact<\/a><\/strong>\u00a0with us.<\/p>\t\t\t\t\t\t\t\t<\/div>\n\t\t\t\t\t<\/div>\n\t\t<\/div>\n\t\t\t\t\t<\/div>\n\t\t<\/section>\n\t\t\t\t\t<\/div>\n\t\t<\/div>\n\t\t\t\t\t<\/div>\n\t\t<\/section>\n\t\t\t\t<\/div>","protected":false},"excerpt":{"rendered":"<p>Especialistas Em Inova\u00e7\u00e3o E Integra\u00e7\u00e3o De Plataformas Digitais Desde 1985 \u2013 ano de funda\u00e7\u00e3o da MPL \u2013 nosso papel tem sido orientar companhias a entrar no mundo da inova\u00e7\u00e3o tecnol\u00f3gica. Quando iniciamos a distribui\u00e7\u00e3o do JD Edwards em 1994, o desafio era similar ao que&#8230;<\/p>","protected":false},"author":26,"featured_media":0,"parent":890,"menu_order":0,"comment_status":"closed","ping_status":"closed","template":"","meta":{"footnotes":""},"class_list":["post-1259","page","type-page","status-publish","hentry"],"_links":{"self":[{"href":"https:\/\/mpl.com.br\/en\/wp-json\/wp\/v2\/pages\/1259","targetHints":{"allow":["GET"]}}],"collection":[{"href":"https:\/\/mpl.com.br\/en\/wp-json\/wp\/v2\/pages"}],"about":[{"href":"https:\/\/mpl.com.br\/en\/wp-json\/wp\/v2\/types\/page"}],"author":[{"embeddable":true,"href":"https:\/\/mpl.com.br\/en\/wp-json\/wp\/v2\/users\/26"}],"replies":[{"embeddable":true,"href":"https:\/\/mpl.com.br\/en\/wp-json\/wp\/v2\/comments?post=1259"}],"version-history":[{"count":0,"href":"https:\/\/mpl.com.br\/en\/wp-json\/wp\/v2\/pages\/1259\/revisions"}],"up":[{"embeddable":true,"href":"https:\/\/mpl.com.br\/en\/wp-json\/wp\/v2\/pages\/890"}],"wp:attachment":[{"href":"https:\/\/mpl.com.br\/en\/wp-json\/wp\/v2\/media?parent=1259"}],"curies":[{"name":"wp","href":"https:\/\/api.w.org\/{rel}","templated":true}]}}