{"id":627,"date":"2022-05-03T16:27:19","date_gmt":"2022-05-03T19:27:19","guid":{"rendered":"https:\/\/129.144.60.171\/?page_id=627"},"modified":"2022-07-21T13:08:20","modified_gmt":"2022-07-21T16:08:20","slug":"farmaceutico","status":"publish","type":"page","link":"https:\/\/mpl.com.br\/en\/solucoes\/segmentos\/farmaceutico\/","title":{"rendered":"Pharmaceutical"},"content":{"rendered":"<div data-elementor-type=\"wp-page\" data-elementor-id=\"627\" class=\"elementor elementor-627\" data-elementor-post-type=\"page\">\n\t\t\t\t\t\t<section class=\"elementor-section elementor-top-section elementor-element elementor-element-4916ff9d elementor-section-boxed elementor-section-height-default elementor-section-height-default parallax_section_no qode_elementor_container_no\" data-id=\"4916ff9d\" data-element_type=\"section\" data-e-type=\"section\">\n\t\t\t\t\t\t<div class=\"elementor-container elementor-column-gap-default\">\n\t\t\t\t\t<div class=\"elementor-column elementor-col-100 elementor-top-column elementor-element elementor-element-47b25901\" data-id=\"47b25901\" data-element_type=\"column\" data-e-type=\"column\">\n\t\t\t<div class=\"elementor-widget-wrap elementor-element-populated\">\n\t\t\t\t\t\t<div class=\"elementor-element elementor-element-356fb665 elementor-widget elementor-widget-image\" data-id=\"356fb665\" data-element_type=\"widget\" data-e-type=\"widget\" data-widget_type=\"image.default\">\n\t\t\t\t\t\t\t\t\t\t\t\t\t\t\t<img fetchpriority=\"high\" decoding=\"async\" width=\"1100\" height=\"300\" src=\"https:\/\/mpl.com.br\/wp-content\/smush-webp\/2022\/06\/real-state-1.png.webp\" class=\"attachment-full size-full wp-image-1208\" alt=\"\" srcset=\"https:\/\/mpl.com.br\/wp-content\/smush-webp\/2022\/06\/real-state-1.png.webp 1100w, https:\/\/mpl.com.br\/wp-content\/smush-webp\/2022\/06\/real-state-1-300x82.png.webp 300w, https:\/\/mpl.com.br\/wp-content\/smush-webp\/2022\/06\/real-state-1-1024x279.png.webp 1024w, https:\/\/mpl.com.br\/wp-content\/smush-webp\/2022\/06\/real-state-1-768x209.png.webp 768w, https:\/\/mpl.com.br\/wp-content\/smush-webp\/2022\/06\/real-state-1-700x191.png.webp 700w\" sizes=\"(max-width: 1100px) 100vw, 1100px\" \/>\t\t\t\t\t\t\t\t\t\t\t\t\t\t\t<\/div>\n\t\t\t\t<div class=\"elementor-element elementor-element-a43590f elementor-widget elementor-widget-heading\" data-id=\"a43590f\" data-element_type=\"widget\" data-e-type=\"widget\" data-widget_type=\"heading.default\">\n\t\t\t\t\t<h2 class=\"elementor-heading-title elementor-size-default\">Discover Oracle JD Edwards Solution for the Pharmaceutical Industry<\/h2>\t\t\t\t<\/div>\n\t\t\t\t<div class=\"elementor-element elementor-element-2b8344e5 elementor-widget elementor-widget-text-editor\" data-id=\"2b8344e5\" data-element_type=\"widget\" data-e-type=\"widget\" data-widget_type=\"text-editor.default\">\n\t\t\t\t\t\t\t\t\t<p>The pharmaceutical sector has been growing strongly in recent years. Moving around 80 billion\/year, the industry has innovation as one of its main characteristics, producing a range of new products periodically.<\/p><p>As a result, the industry has been massively adopting digital transformation in its business processes.<\/p><p>The technology, used as a tool to improve the company&#039;s business processes, revolutionizes business and operational management, reducing costs, engaging more customers and optimizing the processes of purchasing, production, quality control, distribution and research and development of new products.<\/p><p>This revolution is designed based on the profile of the new consumer of this new era: innovative, fast, imperative for online solutions to solve their problems and daily tasks and engaged with companies, brands and products.<\/p>\t\t\t\t\t\t\t\t<\/div>\n\t\t\t\t<div class=\"elementor-element elementor-element-73f8a4d elementor-widget elementor-widget-heading\" data-id=\"73f8a4d\" data-element_type=\"widget\" data-e-type=\"widget\" data-widget_type=\"heading.default\">\n\t\t\t\t\t<h3 class=\"elementor-heading-title elementor-size-default\">Benefits gained from digital transformation in the pharmaceutical industry:<\/h3>\t\t\t\t<\/div>\n\t\t\t\t<div class=\"elementor-element elementor-element-e7fa3fa elementor-widget elementor-widget-text-editor\" data-id=\"e7fa3fa\" data-element_type=\"widget\" data-e-type=\"widget\" data-widget_type=\"text-editor.default\">\n\t\t\t\t\t\t\t\t\t<ul><li>More safety and efficiency in the production and storage of different types of chemical substances.<\/li><li>Greater control, prediction and management of risk situations, incidents or chemical waste.<\/li><li>An overview of raw material replenishment\/depletion.<\/li><li>Greater lifecycle monitoring and maintenance of your assets (production line machines, etc.)<\/li><\/ul>\t\t\t\t\t\t\t\t<\/div>\n\t\t\t\t<div class=\"elementor-element elementor-element-fc0a34d elementor-widget elementor-widget-heading\" data-id=\"fc0a34d\" data-element_type=\"widget\" data-e-type=\"widget\" data-widget_type=\"heading.default\">\n\t\t\t\t\t<h3 class=\"elementor-heading-title elementor-size-default\">Discover Oracle JD Edwards E1 Solution for the Pharmaceutical Industry<\/h3>\t\t\t\t<\/div>\n\t\t\t\t<div class=\"elementor-element elementor-element-775e80cd elementor-widget elementor-widget-text-editor\" data-id=\"775e80cd\" data-element_type=\"widget\" data-e-type=\"widget\" data-widget_type=\"text-editor.default\">\n\t\t\t\t\t\t\t\t\t<p><img decoding=\"async\" class=\"wp-image-862 size-full alignleft lazyload\" data-src=\"http:\/\/mpl.com.br\/wp-content\/smush-webp\/2022\/07\/MPL_icones_segment_Pharmaceutical.png.webp\" alt=\"\" width=\"300\" height=\"297\" data-srcset=\"https:\/\/mpl.com.br\/wp-content\/smush-webp\/2022\/07\/MPL_icones_segment_Pharmaceutical.png.webp 300w, https:\/\/mpl.com.br\/wp-content\/smush-webp\/2022\/07\/MPL_icones_segment_Pharmaceutical-150x150.png.webp 150w, https:\/\/mpl.com.br\/wp-content\/smush-webp\/2022\/07\/MPL_icones_segment_Pharmaceutical-12x12.png.webp 12w\" data-sizes=\"(max-width: 300px) 100vw, 300px\" src=\"data:image\/svg+xml;base64,PHN2ZyB3aWR0aD0iMSIgaGVpZ2h0PSIxIiB4bWxucz0iaHR0cDovL3d3dy53My5vcmcvMjAwMC9zdmciPjwvc3ZnPg==\" style=\"--smush-placeholder-width: 300px; --smush-placeholder-aspect-ratio: 300\/297;\" \/><\/p><p>In order to meet its growth objectives, the pharmaceutical sector must have an ERP system that supports its operations as a whole.<\/p><p>Oracle JD Edwards is the ideal solution to drive your market growth.<\/p><p>With it, you can simplify your time-to-market and improve communication and shared processes in your supply chain, in addition to having control over the entire operational and backoffice process.<\/p><p>Because they are very complex, operations in the pharmaceutical sector demand a robust technology structure and specific solutions that are integrated with the other business processes of the companies.<\/p><p><a href=\"https:\/\/docs.oracle.com\/cd\/E84502_01\/learnjde\/index.html\"><strong>Oracle JD Edwards can deliver all the value your business needs<\/strong><\/a>, helping you in your growth strategy, automating your processes and controlling your operational area.<\/p>\t\t\t\t\t\t\t\t<\/div>\n\t\t\t\t\t<\/div>\n\t\t<\/div>\n\t\t\t\t\t<\/div>\n\t\t<\/section>\n\t\t\t\t<section class=\"elementor-section elementor-top-section elementor-element elementor-element-b0428cb elementor-section-boxed elementor-section-height-default elementor-section-height-default parallax_section_no qode_elementor_container_no\" data-id=\"b0428cb\" data-element_type=\"section\" data-e-type=\"section\">\n\t\t\t\t\t\t<div class=\"elementor-container elementor-column-gap-default\">\n\t\t\t\t\t<div class=\"elementor-column elementor-col-100 elementor-top-column elementor-element elementor-element-b3068f0\" data-id=\"b3068f0\" data-element_type=\"column\" data-e-type=\"column\">\n\t\t\t<div class=\"elementor-widget-wrap\">\n\t\t\t\t\t\t\t<\/div>\n\t\t<\/div>\n\t\t\t\t\t<\/div>\n\t\t<\/section>\n\t\t\t\t<\/div>","protected":false},"excerpt":{"rendered":"<p>Get to know the solution <a  href=\"https:\/\/mpl.com.br\/en\/solucoes\/oracle-jde\/oracle-jd-edwards\/\">Oracle JD Edwards<\/a> para o Setor Farmac\u00eautico O setor farmac\u00eautico vem crescendo fortemente nos \u00faltimos anos. Movimentando cerca de 80 bilh\u00f5es\/ano, a <a  href=\"https:\/\/mpl.com.br\/en\/solucoes\/segmentos\/industria\/\">industry<\/a> tem a inova\u00e7\u00e3o como uma de suas principais caracter\u00edsticas, produzindo uma gama de novos produtos periodicamente. Por conta disso,&#8230;<\/p>","protected":false},"author":26,"featured_media":0,"parent":625,"menu_order":0,"comment_status":"closed","ping_status":"closed","template":"","meta":{"footnotes":""},"class_list":["post-627","page","type-page","status-publish","hentry"],"_links":{"self":[{"href":"https:\/\/mpl.com.br\/en\/wp-json\/wp\/v2\/pages\/627","targetHints":{"allow":["GET"]}}],"collection":[{"href":"https:\/\/mpl.com.br\/en\/wp-json\/wp\/v2\/pages"}],"about":[{"href":"https:\/\/mpl.com.br\/en\/wp-json\/wp\/v2\/types\/page"}],"author":[{"embeddable":true,"href":"https:\/\/mpl.com.br\/en\/wp-json\/wp\/v2\/users\/26"}],"replies":[{"embeddable":true,"href":"https:\/\/mpl.com.br\/en\/wp-json\/wp\/v2\/comments?post=627"}],"version-history":[{"count":0,"href":"https:\/\/mpl.com.br\/en\/wp-json\/wp\/v2\/pages\/627\/revisions"}],"up":[{"embeddable":true,"href":"https:\/\/mpl.com.br\/en\/wp-json\/wp\/v2\/pages\/625"}],"wp:attachment":[{"href":"https:\/\/mpl.com.br\/en\/wp-json\/wp\/v2\/media?parent=627"}],"curies":[{"name":"wp","href":"https:\/\/api.w.org\/{rel}","templated":true}]}}