{"id":631,"date":"2022-05-03T16:28:05","date_gmt":"2022-05-03T19:28:05","guid":{"rendered":"https:\/\/129.144.60.171\/?page_id=631"},"modified":"2022-07-21T12:59:16","modified_gmt":"2022-07-21T15:59:16","slug":"veterinario","status":"publish","type":"page","link":"https:\/\/mpl.com.br\/en\/solucoes\/segmentos\/veterinario\/","title":{"rendered":"Vet"},"content":{"rendered":"<div data-elementor-type=\"wp-page\" data-elementor-id=\"631\" class=\"elementor elementor-631\" data-elementor-post-type=\"page\">\n\t\t\t\t\t\t<section class=\"elementor-section elementor-top-section elementor-element elementor-element-4c4ffe67 elementor-section-boxed elementor-section-height-default elementor-section-height-default parallax_section_no qode_elementor_container_no\" data-id=\"4c4ffe67\" data-element_type=\"section\" data-e-type=\"section\">\n\t\t\t\t\t\t<div class=\"elementor-container elementor-column-gap-default\">\n\t\t\t\t\t<div class=\"elementor-column elementor-col-100 elementor-top-column elementor-element elementor-element-31a8b7b4\" data-id=\"31a8b7b4\" data-element_type=\"column\" data-e-type=\"column\">\n\t\t\t<div class=\"elementor-widget-wrap elementor-element-populated\">\n\t\t\t\t\t\t<div class=\"elementor-element elementor-element-543f39ee elementor-widget elementor-widget-image\" data-id=\"543f39ee\" data-element_type=\"widget\" data-e-type=\"widget\" data-widget_type=\"image.default\">\n\t\t\t\t\t\t\t\t\t\t\t\t\t\t\t<img fetchpriority=\"high\" decoding=\"async\" width=\"1100\" height=\"300\" src=\"https:\/\/mpl.com.br\/wp-content\/smush-webp\/2022\/06\/comunicacao-1.png.webp\" class=\"attachment-full size-full wp-image-1221\" alt=\"\" srcset=\"https:\/\/mpl.com.br\/wp-content\/smush-webp\/2022\/06\/comunicacao-1.png.webp 1100w, https:\/\/mpl.com.br\/wp-content\/smush-webp\/2022\/06\/comunicacao-1-300x82.png.webp 300w, https:\/\/mpl.com.br\/wp-content\/smush-webp\/2022\/06\/comunicacao-1-1024x279.png.webp 1024w, https:\/\/mpl.com.br\/wp-content\/smush-webp\/2022\/06\/comunicacao-1-768x209.png.webp 768w, https:\/\/mpl.com.br\/wp-content\/smush-webp\/2022\/06\/comunicacao-1-700x191.png.webp 700w\" sizes=\"(max-width: 1100px) 100vw, 1100px\" \/>\t\t\t\t\t\t\t\t\t\t\t\t\t\t\t<\/div>\n\t\t\t\t<div class=\"elementor-element elementor-element-f6f970a elementor-widget elementor-widget-heading\" data-id=\"f6f970a\" data-element_type=\"widget\" data-e-type=\"widget\" data-widget_type=\"heading.default\">\n\t\t\t\t\t<h2 class=\"elementor-heading-title elementor-size-default\">JD Edwards Solutions for the Veterinary Industry<\/h2>\t\t\t\t<\/div>\n\t\t\t\t<div class=\"elementor-element elementor-element-cfb769d elementor-widget elementor-widget-text-editor\" data-id=\"cfb769d\" data-element_type=\"widget\" data-e-type=\"widget\" data-widget_type=\"text-editor.default\">\n\t\t\t\t\t\t\t\t\t<p><img decoding=\"async\" class=\"size-full wp-image-1223 alignright lazyload\" data-src=\"http:\/\/mpl.com.br\/wp-content\/smush-webp\/2022\/06\/icone-farmaceutico-2.png.webp\" alt=\"\" width=\"300\" height=\"300\" data-srcset=\"https:\/\/mpl.com.br\/wp-content\/smush-webp\/2022\/06\/icone-farmaceutico-2.png.webp 300w, https:\/\/mpl.com.br\/wp-content\/smush-webp\/2022\/06\/icone-farmaceutico-2-150x150.png.webp 150w\" data-sizes=\"(max-width: 300px) 100vw, 300px\" src=\"data:image\/svg+xml;base64,PHN2ZyB3aWR0aD0iMSIgaGVpZ2h0PSIxIiB4bWxucz0iaHR0cDovL3d3dy53My5vcmcvMjAwMC9zdmciPjwvc3ZnPg==\" style=\"--smush-placeholder-width: 300px; --smush-placeholder-aspect-ratio: 300\/300;\" \/>Oracle JD Edwards is an elastic solution suitable for any size and any business segment.<\/p><p>Therefore, leading pharmaceutical and veterinary companies chose this tool to support their growth in Brazil and worldwide!<\/p><p>MPL Corporate Software has implemented the Oracle JD Edwards system for large companies in the veterinary sector for a long time.<\/p><p>All pointed a <strong>great increase in efficiency and productivity<\/strong> with the management tools of the most complete ERP platform in the technology market<\/p><p>With Oracle&#039;s constant investment in new technologies, all its modules and functionalities are available in a cloud version, with functionalities for mobile use, providing agility and security for the entire business chain, <strong>with costs that make sense.<\/strong><\/p><p><a href=\"https:\/\/docs.oracle.com\/cd\/E84502_01\/learnjde\/index.html\"><strong>Oracle JD Edwards can deliver all the value needed by the veterinary industry.<\/strong><\/a><\/p>\t\t\t\t\t\t\t\t<\/div>\n\t\t\t\t\t<\/div>\n\t\t<\/div>\n\t\t\t\t\t<\/div>\n\t\t<\/section>\n\t\t\t\t<\/div>","protected":false},"excerpt":{"rendered":"<p><a  href=\"https:\/\/mpl.com.br\/en\/solucoes\/\">Solutions<\/a> JD Edwards para o Segmento Veterin\u00e1rio O <a  href=\"https:\/\/mpl.com.br\/en\/solucoes\/oracle-jde\/oracle-jd-edwards\/\">Oracle JD Edwards<\/a> \u00e9 uma solu\u00e7\u00e3o el\u00e1stica adequada para qualquer porte e qualquer segmento de empresa. Por isso, empresas l\u00edderes do ramo <a  href=\"https:\/\/mpl.com.br\/en\/solucoes\/segmentos\/farmaceutico\/\">farmac\u00eautico<\/a> e veterin\u00e1rio escolheram essa ferramenta para apoiar o seu crescimento no Brasil e no&#8230;<\/p>","protected":false},"author":26,"featured_media":0,"parent":625,"menu_order":0,"comment_status":"closed","ping_status":"closed","template":"","meta":{"footnotes":""},"class_list":["post-631","page","type-page","status-publish","hentry"],"_links":{"self":[{"href":"https:\/\/mpl.com.br\/en\/wp-json\/wp\/v2\/pages\/631","targetHints":{"allow":["GET"]}}],"collection":[{"href":"https:\/\/mpl.com.br\/en\/wp-json\/wp\/v2\/pages"}],"about":[{"href":"https:\/\/mpl.com.br\/en\/wp-json\/wp\/v2\/types\/page"}],"author":[{"embeddable":true,"href":"https:\/\/mpl.com.br\/en\/wp-json\/wp\/v2\/users\/26"}],"replies":[{"embeddable":true,"href":"https:\/\/mpl.com.br\/en\/wp-json\/wp\/v2\/comments?post=631"}],"version-history":[{"count":0,"href":"https:\/\/mpl.com.br\/en\/wp-json\/wp\/v2\/pages\/631\/revisions"}],"up":[{"embeddable":true,"href":"https:\/\/mpl.com.br\/en\/wp-json\/wp\/v2\/pages\/625"}],"wp:attachment":[{"href":"https:\/\/mpl.com.br\/en\/wp-json\/wp\/v2\/media?parent=631"}],"curies":[{"name":"wp","href":"https:\/\/api.w.org\/{rel}","templated":true}]}}