{"id":632,"date":"2022-05-03T16:28:47","date_gmt":"2022-05-03T19:28:47","guid":{"rendered":"https:\/\/129.144.60.171\/?page_id=632"},"modified":"2022-07-21T12:51:34","modified_gmt":"2022-07-21T15:51:34","slug":"comunicacao","status":"publish","type":"page","link":"https:\/\/mpl.com.br\/en\/solucoes\/segmentos\/comunicacao\/","title":{"rendered":"Communication"},"content":{"rendered":"<div data-elementor-type=\"wp-page\" data-elementor-id=\"632\" class=\"elementor elementor-632\" data-elementor-post-type=\"page\">\n\t\t\t\t\t\t<section class=\"elementor-section elementor-top-section elementor-element elementor-element-c7f2465 elementor-section-full_width elementor-section-stretched elementor-section-height-default elementor-section-height-default parallax_section_no qode_elementor_container_no\" data-id=\"c7f2465\" data-element_type=\"section\" data-e-type=\"section\" data-settings=\"{&quot;stretch_section&quot;:&quot;section-stretched&quot;}\">\n\t\t\t\t\t\t<div class=\"elementor-container elementor-column-gap-default\">\n\t\t\t\t\t<div class=\"elementor-column elementor-col-100 elementor-top-column elementor-element elementor-element-c0432c1\" data-id=\"c0432c1\" data-element_type=\"column\" data-e-type=\"column\">\n\t\t\t<div class=\"elementor-widget-wrap\">\n\t\t\t\t\t\t\t<\/div>\n\t\t<\/div>\n\t\t\t\t\t<\/div>\n\t\t<\/section>\n\t\t\t\t<section class=\"elementor-section elementor-top-section elementor-element elementor-element-4fcb17ec elementor-section-boxed elementor-section-height-default elementor-section-height-default parallax_section_no qode_elementor_container_no\" data-id=\"4fcb17ec\" data-element_type=\"section\" data-e-type=\"section\">\n\t\t\t\t\t\t<div class=\"elementor-container elementor-column-gap-default\">\n\t\t\t\t\t<div class=\"elementor-column elementor-col-100 elementor-top-column elementor-element elementor-element-42463185\" data-id=\"42463185\" data-element_type=\"column\" data-e-type=\"column\">\n\t\t\t<div class=\"elementor-widget-wrap elementor-element-populated\">\n\t\t\t\t\t\t<div class=\"elementor-element elementor-element-7b649eca elementor-widget elementor-widget-image\" data-id=\"7b649eca\" data-element_type=\"widget\" data-e-type=\"widget\" data-widget_type=\"image.default\">\n\t\t\t\t\t\t\t\t\t\t\t\t\t\t\t<img fetchpriority=\"high\" decoding=\"async\" width=\"1100\" height=\"300\" src=\"https:\/\/mpl.com.br\/wp-content\/smush-webp\/2022\/06\/comunicacao-2.png.webp\" class=\"attachment-full size-full wp-image-1234\" alt=\"\" srcset=\"https:\/\/mpl.com.br\/wp-content\/smush-webp\/2022\/06\/comunicacao-2.png.webp 1100w, https:\/\/mpl.com.br\/wp-content\/smush-webp\/2022\/06\/comunicacao-2-300x82.png.webp 300w, https:\/\/mpl.com.br\/wp-content\/smush-webp\/2022\/06\/comunicacao-2-1024x279.png.webp 1024w, https:\/\/mpl.com.br\/wp-content\/smush-webp\/2022\/06\/comunicacao-2-768x209.png.webp 768w, https:\/\/mpl.com.br\/wp-content\/smush-webp\/2022\/06\/comunicacao-2-700x191.png.webp 700w\" sizes=\"(max-width: 1100px) 100vw, 1100px\" \/>\t\t\t\t\t\t\t\t\t\t\t\t\t\t\t<\/div>\n\t\t\t\t<div class=\"elementor-element elementor-element-ad18a36 elementor-widget elementor-widget-html\" data-id=\"ad18a36\" data-element_type=\"widget\" data-e-type=\"widget\" data-widget_type=\"html.default\">\n\t\t\t\t\t<style>.elementor-section.elementor-section-boxed > .elementor-container {\r\n    padding:0!important;\r\n}<\/style>\t\t\t\t<\/div>\n\t\t\t\t<div class=\"elementor-element elementor-element-e93d1a6 elementor-widget elementor-widget-heading\" data-id=\"e93d1a6\" data-element_type=\"widget\" data-e-type=\"widget\" data-widget_type=\"heading.default\">\n\t\t\t\t\t<h2 class=\"elementor-heading-title elementor-size-default\">ERP for Communication Companies<\/h2>\t\t\t\t<\/div>\n\t\t\t\t<section class=\"elementor-section elementor-inner-section elementor-element elementor-element-576d7b0 elementor-section-boxed elementor-section-height-default elementor-section-height-default parallax_section_no qode_elementor_container_no\" data-id=\"576d7b0\" data-element_type=\"section\" data-e-type=\"section\">\n\t\t\t\t\t\t<div class=\"elementor-container elementor-column-gap-no\">\n\t\t\t\t\t<div class=\"elementor-column elementor-col-50 elementor-inner-column elementor-element elementor-element-10fc3f6\" data-id=\"10fc3f6\" data-element_type=\"column\" data-e-type=\"column\">\n\t\t\t<div class=\"elementor-widget-wrap elementor-element-populated\">\n\t\t\t\t\t\t<div class=\"elementor-element elementor-element-14010cf3 elementor-widget elementor-widget-text-editor\" data-id=\"14010cf3\" data-element_type=\"widget\" data-e-type=\"widget\" data-widget_type=\"text-editor.default\">\n\t\t\t\t\t\t\t\t\t<p>One of the great challenges of <strong>Communication Companies<\/strong>, whatever your media channel, is to meet the needs of your audience, winning over customers, ensuring their loyalty and serving them in the right measure.<\/p><p>Like any other company, they need to keep up with any change in society&#039;s behavior, constantly adapting.<\/p><p>Similarly, identifying new market demands can be crucial to maintaining your business.<\/p><p>Rely on a system <strong>ERP ready for the challenges of today&#039;s world<\/strong>, providing state-of-the-art technology to accompany these changes in an agile and safe way, is essential.<\/p>\t\t\t\t\t\t\t\t<\/div>\n\t\t\t\t\t<\/div>\n\t\t<\/div>\n\t\t\t\t<div class=\"elementor-column elementor-col-50 elementor-inner-column elementor-element elementor-element-e5a0634\" data-id=\"e5a0634\" data-element_type=\"column\" data-e-type=\"column\">\n\t\t\t<div class=\"elementor-widget-wrap elementor-element-populated\">\n\t\t\t\t\t\t<div class=\"elementor-element elementor-element-bed050d elementor-widget elementor-widget-image\" data-id=\"bed050d\" data-element_type=\"widget\" data-e-type=\"widget\" data-widget_type=\"image.default\">\n\t\t\t\t\t\t\t\t\t\t\t\t\t\t\t<img decoding=\"async\" width=\"500\" height=\"500\" data-src=\"https:\/\/mpl.com.br\/wp-content\/smush-webp\/2022\/06\/Design-sem-nome-25.png.webp\" class=\"attachment-large size-large wp-image-1255 lazyload\" alt=\"\" data-srcset=\"https:\/\/mpl.com.br\/wp-content\/smush-webp\/2022\/06\/Design-sem-nome-25.png.webp 500w, https:\/\/mpl.com.br\/wp-content\/smush-webp\/2022\/06\/Design-sem-nome-25-300x300.png.webp 300w, https:\/\/mpl.com.br\/wp-content\/smush-webp\/2022\/06\/Design-sem-nome-25-150x150.png.webp 150w\" data-sizes=\"(max-width: 500px) 100vw, 500px\" src=\"data:image\/svg+xml;base64,PHN2ZyB3aWR0aD0iMSIgaGVpZ2h0PSIxIiB4bWxucz0iaHR0cDovL3d3dy53My5vcmcvMjAwMC9zdmciPjwvc3ZnPg==\" style=\"--smush-placeholder-width: 500px; --smush-placeholder-aspect-ratio: 500\/500;\" \/>\t\t\t\t\t\t\t\t\t\t\t\t\t\t\t<\/div>\n\t\t\t\t\t<\/div>\n\t\t<\/div>\n\t\t\t\t\t<\/div>\n\t\t<\/section>\n\t\t\t\t<div class=\"elementor-element elementor-element-43dd2e1 elementor-widget elementor-widget-heading\" data-id=\"43dd2e1\" data-element_type=\"widget\" data-e-type=\"widget\" data-widget_type=\"heading.default\">\n\t\t\t\t\t<h3 class=\"elementor-heading-title elementor-size-default\">Example: ERP for Publishers<\/h3>\t\t\t\t<\/div>\n\t\t\t\t<div class=\"elementor-element elementor-element-21ad92a elementor-widget elementor-widget-text-editor\" data-id=\"21ad92a\" data-element_type=\"widget\" data-e-type=\"widget\" data-widget_type=\"text-editor.default\">\n\t\t\t\t\t\t\t\t\t<p><img decoding=\"async\" class=\"alignleft wp-image-1236 lazyload\" data-src=\"http:\/\/mpl.com.br\/wp-content\/smush-webp\/2022\/06\/solucao-ti-editoras.png.webp\" alt=\"\" width=\"300\" height=\"200\" src=\"data:image\/svg+xml;base64,PHN2ZyB3aWR0aD0iMSIgaGVpZ2h0PSIxIiB4bWxucz0iaHR0cDovL3d3dy53My5vcmcvMjAwMC9zdmciPjwvc3ZnPg==\" style=\"--smush-placeholder-width: 300px; --smush-placeholder-aspect-ratio: 300\/200;\" \/>Among the Companies in the Communication Segment, let&#039;s take as an example, the Publishers, which consist of a broad segment of this market, serving both bookstores and final consumers, through their own stores or third parties.<\/p><p>In recent years, the demand for online purchases (physical books or ebooks) has been increasing, especially nowadays, in an increasingly digital world.<\/p>\t\t\t\t\t\t\t\t<\/div>\n\t\t\t\t<div class=\"elementor-element elementor-element-36eea1d elementor-widget elementor-widget-heading\" data-id=\"36eea1d\" data-element_type=\"widget\" data-e-type=\"widget\" data-widget_type=\"heading.default\">\n\t\t\t\t\t<h3 class=\"elementor-heading-title elementor-size-default\">being able to integrate your erp through the most advanced protocols of communication with e-commerce platforms is essential for this segment<\/h3>\t\t\t\t<\/div>\n\t\t\t\t<div class=\"elementor-element elementor-element-885cff6 elementor-widget elementor-widget-text-editor\" data-id=\"885cff6\" data-element_type=\"widget\" data-e-type=\"widget\" data-widget_type=\"text-editor.default\">\n\t\t\t\t\t\t\t\t\t<p>Having the flexibility of an ERP ready to handle sales of physical and digital books and control very common consignment operations is another very relevant point. At the same time, your company needs to trust and have a robust backoffice solution to support your entire operation.<\/p><p>If you recognize these challenges, see what Oracle ERP <b>JD Edwards\u00a0<\/b><span style=\"background-color: #f6f6f6; font-weight: bold;\">EnterpriseOne<\/span><b>\u00a0<\/b>can do for your company, <strong><a href=\"https:\/\/docs.oracle.com\/cd\/E84502_01\/learnjde\/index.html\">clicking here<\/a><\/strong>.<\/p>\t\t\t\t\t\t\t\t<\/div>\n\t\t\t\t\t<\/div>\n\t\t<\/div>\n\t\t\t\t\t<\/div>\n\t\t<\/section>\n\t\t\t\t<\/div>","protected":false},"excerpt":{"rendered":"<p><a  href=\"https:\/\/mpl.com.br\/en\/solucoes\/erp\/\">ERP<\/a> para Empresas de Comunica\u00e7\u00e3o Um dos grandes desafios das Empresas de Comunica\u00e7\u00e3o, seja qual for seu canal de m\u00eddia, \u00e9 atender as necessidades de seu p\u00fablico, conquistando <a  href=\"https:\/\/mpl.com.br\/en\/a-mpl\/clientes\/\">clientes<\/a>, garantindo sua fideliza\u00e7\u00e3o e atendendo-os na medida certa. Como qualquer outra empresa, elas precisam acompanhar qualquer&#8230;<\/p>","protected":false},"author":26,"featured_media":0,"parent":625,"menu_order":0,"comment_status":"closed","ping_status":"closed","template":"","meta":{"footnotes":""},"class_list":["post-632","page","type-page","status-publish","hentry"],"_links":{"self":[{"href":"https:\/\/mpl.com.br\/en\/wp-json\/wp\/v2\/pages\/632","targetHints":{"allow":["GET"]}}],"collection":[{"href":"https:\/\/mpl.com.br\/en\/wp-json\/wp\/v2\/pages"}],"about":[{"href":"https:\/\/mpl.com.br\/en\/wp-json\/wp\/v2\/types\/page"}],"author":[{"embeddable":true,"href":"https:\/\/mpl.com.br\/en\/wp-json\/wp\/v2\/users\/26"}],"replies":[{"embeddable":true,"href":"https:\/\/mpl.com.br\/en\/wp-json\/wp\/v2\/comments?post=632"}],"version-history":[{"count":0,"href":"https:\/\/mpl.com.br\/en\/wp-json\/wp\/v2\/pages\/632\/revisions"}],"up":[{"embeddable":true,"href":"https:\/\/mpl.com.br\/en\/wp-json\/wp\/v2\/pages\/625"}],"wp:attachment":[{"href":"https:\/\/mpl.com.br\/en\/wp-json\/wp\/v2\/media?parent=632"}],"curies":[{"name":"wp","href":"https:\/\/api.w.org\/{rel}","templated":true}]}}