{"id":636,"date":"2022-05-03T16:29:55","date_gmt":"2022-05-03T19:29:55","guid":{"rendered":"https:\/\/129.144.60.171\/?page_id=636"},"modified":"2022-07-15T18:41:12","modified_gmt":"2022-07-15T21:41:12","slug":"oracle-planning-and-budgeting-cloud-service","status":"publish","type":"page","link":"https:\/\/mpl.com.br\/en\/solucoes\/cloud\/oracle-planning-and-budgeting-cloud-service\/","title":{"rendered":"Oracle Planning and Budgeting Cloud Service."},"content":{"rendered":"<div data-elementor-type=\"wp-page\" data-elementor-id=\"636\" class=\"elementor elementor-636\" data-elementor-post-type=\"page\">\n\t\t\t\t\t\t<section class=\"elementor-section elementor-top-section elementor-element elementor-element-3c8bdeab elementor-section-boxed elementor-section-height-default elementor-section-height-default parallax_section_no qode_elementor_container_no\" data-id=\"3c8bdeab\" data-element_type=\"section\" data-e-type=\"section\">\n\t\t\t\t\t\t<div class=\"elementor-container elementor-column-gap-default\">\n\t\t\t\t\t<div class=\"elementor-column elementor-col-100 elementor-top-column elementor-element elementor-element-39ab6d64\" data-id=\"39ab6d64\" data-element_type=\"column\" data-e-type=\"column\">\n\t\t\t<div class=\"elementor-widget-wrap elementor-element-populated\">\n\t\t\t\t\t\t<div class=\"elementor-element elementor-element-30aefe36 elementor-widget elementor-widget-image\" data-id=\"30aefe36\" data-element_type=\"widget\" data-e-type=\"widget\" data-widget_type=\"image.default\">\n\t\t\t\t\t\t\t\t\t\t\t\t\t\t\t<img fetchpriority=\"high\" decoding=\"async\" width=\"1100\" height=\"300\" src=\"https:\/\/mpl.com.br\/wp-content\/uploads\/2022\/06\/oracle-planning.jpg\" class=\"attachment-full size-full wp-image-1424\" alt=\"\" srcset=\"https:\/\/mpl.com.br\/wp-content\/uploads\/2022\/06\/oracle-planning.jpg 1100w, https:\/\/mpl.com.br\/wp-content\/uploads\/2022\/06\/oracle-planning-300x82.jpg 300w, https:\/\/mpl.com.br\/wp-content\/uploads\/2022\/06\/oracle-planning-1024x279.jpg 1024w, https:\/\/mpl.com.br\/wp-content\/uploads\/2022\/06\/oracle-planning-768x209.jpg 768w, https:\/\/mpl.com.br\/wp-content\/uploads\/2022\/06\/oracle-planning-700x191.jpg 700w\" sizes=\"(max-width: 1100px) 100vw, 1100px\" \/>\t\t\t\t\t\t\t\t\t\t\t\t\t\t\t<\/div>\n\t\t\t\t<div class=\"elementor-element elementor-element-b5182b1 elementor-widget elementor-widget-heading\" data-id=\"b5182b1\" data-element_type=\"widget\" data-e-type=\"widget\" data-widget_type=\"heading.default\">\n\t\t\t\t\t<h2 class=\"elementor-heading-title elementor-size-default\">Learn about Oracle Planning and Budgeting Cloud Service.<\/h2>\t\t\t\t<\/div>\n\t\t\t\t<div class=\"elementor-element elementor-element-490cdeba elementor-widget elementor-widget-text-editor\" data-id=\"490cdeba\" data-element_type=\"widget\" data-e-type=\"widget\" data-widget_type=\"text-editor.default\">\n\t\t\t\t\t\t\t\t\t<p>Oracle&#039;s Cloud Planning and Budgeting System is a solution that aims to assist the financial planning of several large, medium and small companies around the world.<\/p><p>O\u00a0<strong>ORACLE PBCS<\/strong> (Planning and Budgeting Cloud Service) is a modern Web System. It provides a simple interface with Microsoft Office, which facilitates the process of preparing financial, sales and operations planning, in various industries.<\/p>\t\t\t\t\t\t\t\t<\/div>\n\t\t\t\t<div class=\"elementor-element elementor-element-b7ebb18 elementor-widget elementor-widget-heading\" data-id=\"b7ebb18\" data-element_type=\"widget\" data-e-type=\"widget\" data-widget_type=\"heading.default\">\n\t\t\t\t\t<h3 class=\"elementor-heading-title elementor-size-default\">Complete Solution in Planning, Budget and Precision in the Cloud<\/h3>\t\t\t\t<\/div>\n\t\t\t\t<div class=\"elementor-element elementor-element-6d47b5db elementor-widget elementor-widget-text-editor\" data-id=\"6d47b5db\" data-element_type=\"widget\" data-e-type=\"widget\" data-widget_type=\"text-editor.default\">\n\t\t\t\t\t\t\t\t\t<p><img decoding=\"async\" class=\"alignleft wp-image-1307 size-full lazyload\" data-src=\"http:\/\/mpl.com.br\/wp-content\/uploads\/2022\/06\/oracle-jd-edwards-5.jpg\" alt=\"\" width=\"400\" height=\"250\" data-srcset=\"https:\/\/mpl.com.br\/wp-content\/uploads\/2022\/06\/oracle-jd-edwards-5.jpg 400w, https:\/\/mpl.com.br\/wp-content\/uploads\/2022\/06\/oracle-jd-edwards-5-300x188.jpg 300w\" data-sizes=\"(max-width: 400px) 100vw, 400px\" src=\"data:image\/svg+xml;base64,PHN2ZyB3aWR0aD0iMSIgaGVpZ2h0PSIxIiB4bWxucz0iaHR0cDovL3d3dy53My5vcmcvMjAwMC9zdmciPjwvc3ZnPg==\" style=\"--smush-placeholder-width: 400px; --smush-placeholder-aspect-ratio: 400\/250;\" \/>Deployment of the solution\u00a0<strong>ORACLE PBCS<\/strong>\u00a0enabled the adoption of world-class planning and budgeting applications, without investment in infrastructure (CAPEX), in more than 1,000 organizations of various sizes and industries.<\/p><p>The solution took market-leading functionality far beyond the companies&#039; lines of business, with flexibility and customization options, minimizing the learning curve.<\/p>\t\t\t\t\t\t\t\t<\/div>\n\t\t\t\t<div class=\"elementor-element elementor-element-da5dd66 elementor-widget elementor-widget-heading\" data-id=\"da5dd66\" data-element_type=\"widget\" data-e-type=\"widget\" data-widget_type=\"heading.default\">\n\t\t\t\t\t<h3 class=\"elementor-heading-title elementor-size-default\">Integrate Processes into your Enterprise Resource Planning<\/h3>\t\t\t\t<\/div>\n\t\t\t\t<div class=\"elementor-element elementor-element-121ff561 elementor-widget elementor-widget-text-editor\" data-id=\"121ff561\" data-element_type=\"widget\" data-e-type=\"widget\" data-widget_type=\"text-editor.default\">\n\t\t\t\t\t\t\t\t\t<p>O\u00a0<strong>ORACLE PBCS<\/strong>\u00a0utilizes powerful computational engineering that can be used to achieve a high level of business function logic with fast performance that generates instant analysis and reports, in addition to providing user-defined tasks and navigation flows that can be customized based on needs. use by different groups of users.<\/p><p>The solution is easy to implement. For a bottom-up or top-down planning process, using either driver-based or conventional planning methods, implementation takes a few weeks.<\/p><p style=\"font-weight: 400;\">Plans and budgets tend to be made and shared in spreadsheets in most companies. These spreadsheets are exchanged during operations, between lines of business and finance teams.<\/p><p style=\"font-weight: 400;\">O\u00a0<strong>ORACLE PBCS<\/strong>\u00a0facilitates both the company&#039;s own budget planning and its individual sectors, providing planning models based on Excel and Web-Excel. Sales, operations and strategic plans can be linked to long-term and short-term financial plans.<\/p>\t\t\t\t\t\t\t\t<\/div>\n\t\t\t\t<div class=\"elementor-element elementor-element-eac86c7 elementor-widget elementor-widget-heading\" data-id=\"eac86c7\" data-element_type=\"widget\" data-e-type=\"widget\" data-widget_type=\"heading.default\">\n\t\t\t\t\t<h3 class=\"elementor-heading-title elementor-size-default\">Robust Model with Security and Predictive Analytics<\/h3>\t\t\t\t<\/div>\n\t\t\t\t<div class=\"elementor-element elementor-element-b8ab512 elementor-widget elementor-widget-text-editor\" data-id=\"b8ab512\" data-element_type=\"widget\" data-e-type=\"widget\" data-widget_type=\"text-editor.default\">\n\t\t\t\t\t\t\t\t\t<p>Companies today face rapid business changes in their environments. Demand is volatile, costs fluctuate, and suppliers are constantly changing. The key requirement to stay ahead of the competition is to quickly understand the volatility and model for these operational and financial changes.<\/p><p>O\u00a0<strong>ORACLE PBCS<\/strong>\u00a0provides sophisticated modeling and prediction analysis capabilities that allow users to create multiple \u201cwhat if\u201d versions. The system also has a wizard that makes it simple to implement the forecasting process based on user actions.<\/p>\t\t\t\t\t\t\t\t<\/div>\n\t\t\t\t<div class=\"elementor-element elementor-element-8ffcdc1 elementor-widget elementor-widget-heading\" data-id=\"8ffcdc1\" data-element_type=\"widget\" data-e-type=\"widget\" data-widget_type=\"heading.default\">\n\t\t\t\t\t<h3 class=\"elementor-heading-title elementor-size-default\">Connect a Wide Community of Users with an Intuitive, Mobile-Ready Interface<\/h3>\t\t\t\t<\/div>\n\t\t\t\t<div class=\"elementor-element elementor-element-208d1b9 elementor-widget elementor-widget-text-editor\" data-id=\"208d1b9\" data-element_type=\"widget\" data-e-type=\"widget\" data-widget_type=\"text-editor.default\">\n\t\t\t\t\t\t\t\t\t<p>O<strong>\u00a0ORACLE PBCS<\/strong>\u00a0uses browser interfaces based on modern HTML-5 templates to enable business users to easily view plans and reports on the web or on their mobile devices.<\/p><p>Interface capability is maintained consistently with other CLOUD ORACLE solutions to ensure a similar look and feel. A robust dashboard and reporting capability is provided to enable complete planning and analysis and reporting capabilities.<\/p>\t\t\t\t\t\t\t\t<\/div>\n\t\t\t\t<div class=\"elementor-element elementor-element-7b6ef8d elementor-widget elementor-widget-heading\" data-id=\"7b6ef8d\" data-element_type=\"widget\" data-e-type=\"widget\" data-widget_type=\"heading.default\">\n\t\t\t\t\t<h3 class=\"elementor-heading-title elementor-size-default\">Leverage Existing Competencies with Microsoft Office Integration<\/h3>\t\t\t\t<\/div>\n\t\t\t\t<div class=\"elementor-element elementor-element-1fbcc10 elementor-widget elementor-widget-text-editor\" data-id=\"1fbcc10\" data-element_type=\"widget\" data-e-type=\"widget\" data-widget_type=\"text-editor.default\">\n\t\t\t\t\t\t\t\t\t<p><img decoding=\"async\" class=\"wp-image-1426 size-full alignright lazyload\" data-src=\"http:\/\/mpl.com.br\/wp-content\/uploads\/2022\/06\/iot-6.jpg\" alt=\"\" width=\"400\" height=\"300\" data-srcset=\"https:\/\/mpl.com.br\/wp-content\/uploads\/2022\/06\/iot-6.jpg 400w, https:\/\/mpl.com.br\/wp-content\/uploads\/2022\/06\/iot-6-300x225.jpg 300w\" data-sizes=\"(max-width: 400px) 100vw, 400px\" src=\"data:image\/svg+xml;base64,PHN2ZyB3aWR0aD0iMSIgaGVpZ2h0PSIxIiB4bWxucz0iaHR0cDovL3d3dy53My5vcmcvMjAwMC9zdmciPjwvc3ZnPg==\" style=\"--smush-placeholder-width: 400px; --smush-placeholder-aspect-ratio: 400\/300;\" \/>O\u00a0<strong>ORACLE PBCS<\/strong>\u00a0offers integration with Microsoft Office tools such as Outlook, Excel, Word and PowerPoint, using smart view capabilities for Office additives.<\/p><p>Users can use Excel as their modeling environment for adding custom members on the fly and sharing data using Excel based ad-hoc.<\/p><p>Users can also create data grids using Microsoft Excel functionality like formulas and Excel formats.<\/p><p>Common planning actions, such as disclosure and allocation, are available within planning data grids provided within Microsoft Excel. In addition, users can directly integrate data from the solution into Microsoft PowerPoint and Microsoft Word to create reports.<\/p><p>This allows for the creation of highly customized documents and presentations with accurate information, and users can automatically update the report when the original data changes.<\/p><p><strong>The end result: reduced manual intervention, improved data integrity, and increased reporting accuracy.<\/strong><\/p>\t\t\t\t\t\t\t\t<\/div>\n\t\t\t\t<div class=\"elementor-element elementor-element-c35f33a elementor-widget elementor-widget-heading\" data-id=\"c35f33a\" data-element_type=\"widget\" data-e-type=\"widget\" data-widget_type=\"heading.default\">\n\t\t\t\t\t<h3 class=\"elementor-heading-title elementor-size-default\">Seamlessly Integrate Reporting and Planning<\/h3>\t\t\t\t<\/div>\n\t\t\t\t<div class=\"elementor-element elementor-element-9895f9d elementor-widget elementor-widget-text-editor\" data-id=\"9895f9d\" data-element_type=\"widget\" data-e-type=\"widget\" data-widget_type=\"text-editor.default\">\n\t\t\t\t\t\t\t\t\t<p>Reports and dashboards that display current plans, forecasts and data can be created in minutes and any changes made to the\u00a0<strong>ORACLE PBCS<\/strong>\u00a0is instantly reflected in the content of reports and dashboards. Using the web interface, users can access user-friendly dashboards, interactive analytics and richly formatted financial reports while interacting with the planning system.<\/p>\t\t\t\t\t\t\t\t<\/div>\n\t\t\t\t<div class=\"elementor-element elementor-element-0da2ecb elementor-widget elementor-widget-heading\" data-id=\"0da2ecb\" data-element_type=\"widget\" data-e-type=\"widget\" data-widget_type=\"heading.default\">\n\t\t\t\t\t<h3 class=\"elementor-heading-title elementor-size-default\">Embrace Speed with Cloud-Specific Features<\/h3>\t\t\t\t<\/div>\n\t\t\t\t<div class=\"elementor-element elementor-element-aab2809 elementor-widget elementor-widget-text-editor\" data-id=\"aab2809\" data-element_type=\"widget\" data-e-type=\"widget\" data-widget_type=\"text-editor.default\">\n\t\t\t\t\t\t\t\t\t<p>In today&#039;s dynamic business environment, organizations cannot afford long implementation cycles and must quickly get their new application software up and running. O\u00a0<strong>ORACLE PBCS<\/strong>\u00a0incorporates a number of cloud-specific features to make it extremely user-friendly without the need for a long implementation period.<\/p>\t\t\t\t\t\t\t\t<\/div>\n\t\t\t\t\t<\/div>\n\t\t<\/div>\n\t\t\t\t\t<\/div>\n\t\t<\/section>\n\t\t\t\t<section class=\"elementor-section elementor-top-section elementor-element elementor-element-c2d306a elementor-section-boxed elementor-section-height-default elementor-section-height-default parallax_section_no qode_elementor_container_no\" data-id=\"c2d306a\" data-element_type=\"section\" data-e-type=\"section\">\n\t\t\t\t\t\t<div class=\"elementor-container elementor-column-gap-default\">\n\t\t\t\t\t<div class=\"elementor-column elementor-col-100 elementor-top-column elementor-element elementor-element-53b2cfc\" data-id=\"53b2cfc\" data-element_type=\"column\" data-e-type=\"column\">\n\t\t\t<div class=\"elementor-widget-wrap elementor-element-populated\">\n\t\t\t\t\t\t<section class=\"elementor-section elementor-inner-section elementor-element elementor-element-35a032a elementor-section-boxed elementor-section-height-default elementor-section-height-default parallax_section_no qode_elementor_container_no\" data-id=\"35a032a\" data-element_type=\"section\" data-e-type=\"section\" data-settings=\"{&quot;background_background&quot;:&quot;classic&quot;}\">\n\t\t\t\t\t\t<div class=\"elementor-container elementor-column-gap-default\">\n\t\t\t\t\t<div class=\"elementor-column elementor-col-100 elementor-inner-column elementor-element elementor-element-03f954c\" data-id=\"03f954c\" data-element_type=\"column\" data-e-type=\"column\">\n\t\t\t<div class=\"elementor-widget-wrap elementor-element-populated\">\n\t\t\t\t\t\t<div class=\"elementor-element elementor-element-9906d35 elementor-widget elementor-widget-heading\" data-id=\"9906d35\" data-element_type=\"widget\" data-e-type=\"widget\" data-widget_type=\"heading.default\">\n\t\t\t\t\t<h3 class=\"elementor-heading-title elementor-size-default\">More Security and Quality for your Business<\/h3>\t\t\t\t<\/div>\n\t\t\t\t<div class=\"elementor-element elementor-element-0a36972 elementor-widget elementor-widget-text-editor\" data-id=\"0a36972\" data-element_type=\"widget\" data-e-type=\"widget\" data-widget_type=\"text-editor.default\">\n\t\t\t\t\t\t\t\t\t<p>Count on our experience in the Oracle PBCS solution. Enter in <strong><a href=\"https:\/\/mpl.com.br\/en\/contact\/\">contact<\/a><\/strong> with us.<\/p>\t\t\t\t\t\t\t\t<\/div>\n\t\t\t\t\t<\/div>\n\t\t<\/div>\n\t\t\t\t\t<\/div>\n\t\t<\/section>\n\t\t\t\t\t<\/div>\n\t\t<\/div>\n\t\t\t\t\t<\/div>\n\t\t<\/section>\n\t\t\t\t<\/div>","protected":false},"excerpt":{"rendered":"<p>Conhe\u00e7a o Oracle Planning and Budgeting <a  href=\"https:\/\/mpl.com.br\/en\/solucoes\/cloud\/\">cloud<\/a> Service. O Sistema de Planejamento e Or\u00e7amento em nuvem da Oracle \u00e9 uma solu\u00e7\u00e3o que tem como objetivo auxiliar o planejamento financeiro\u00a0de\u00a0diversas empresas\u00a0de grande, m\u00e9dio\u00a0e pequeno\u00a0porte\u00a0ao redor do mundo. O\u00a0ORACLE PBCS (Planning and Budgeting <a  href=\"https:\/\/mpl.com.br\/en\/solucoes\/cloud\/\">cloud<\/a> Service) \u00e9 um&#8230;<\/p>","protected":false},"author":26,"featured_media":0,"parent":633,"menu_order":0,"comment_status":"closed","ping_status":"closed","template":"","meta":{"footnotes":""},"class_list":["post-636","page","type-page","status-publish","hentry"],"_links":{"self":[{"href":"https:\/\/mpl.com.br\/en\/wp-json\/wp\/v2\/pages\/636","targetHints":{"allow":["GET"]}}],"collection":[{"href":"https:\/\/mpl.com.br\/en\/wp-json\/wp\/v2\/pages"}],"about":[{"href":"https:\/\/mpl.com.br\/en\/wp-json\/wp\/v2\/types\/page"}],"author":[{"embeddable":true,"href":"https:\/\/mpl.com.br\/en\/wp-json\/wp\/v2\/users\/26"}],"replies":[{"embeddable":true,"href":"https:\/\/mpl.com.br\/en\/wp-json\/wp\/v2\/comments?post=636"}],"version-history":[{"count":0,"href":"https:\/\/mpl.com.br\/en\/wp-json\/wp\/v2\/pages\/636\/revisions"}],"up":[{"embeddable":true,"href":"https:\/\/mpl.com.br\/en\/wp-json\/wp\/v2\/pages\/633"}],"wp:attachment":[{"href":"https:\/\/mpl.com.br\/en\/wp-json\/wp\/v2\/media?parent=636"}],"curies":[{"name":"wp","href":"https:\/\/api.w.org\/{rel}","templated":true}]}}