{"id":639,"date":"2022-05-03T16:30:53","date_gmt":"2022-05-03T19:30:53","guid":{"rendered":"https:\/\/129.144.60.171\/?page_id=639"},"modified":"2022-07-18T10:04:37","modified_gmt":"2022-07-18T13:04:37","slug":"q-software","status":"publish","type":"page","link":"https:\/\/mpl.com.br\/en\/solucoes\/seguranca\/q-software\/","title":{"rendered":"Q Software"},"content":{"rendered":"<div data-elementor-type=\"wp-page\" data-elementor-id=\"639\" class=\"elementor elementor-639\" data-elementor-post-type=\"page\">\n\t\t\t\t\t\t<section class=\"elementor-section elementor-top-section elementor-element elementor-element-4f56be57 elementor-section-boxed elementor-section-height-default elementor-section-height-default parallax_section_no qode_elementor_container_no\" data-id=\"4f56be57\" data-element_type=\"section\" data-e-type=\"section\">\n\t\t\t\t\t\t<div class=\"elementor-container elementor-column-gap-default\">\n\t\t\t\t\t<div class=\"elementor-column elementor-col-100 elementor-top-column elementor-element elementor-element-2ac139a4\" data-id=\"2ac139a4\" data-element_type=\"column\" data-e-type=\"column\">\n\t\t\t<div class=\"elementor-widget-wrap elementor-element-populated\">\n\t\t\t\t\t\t<div class=\"elementor-element elementor-element-4811df36 elementor-widget elementor-widget-image\" data-id=\"4811df36\" data-element_type=\"widget\" data-e-type=\"widget\" data-widget_type=\"image.default\">\n\t\t\t\t\t\t\t\t\t\t\t\t\t\t\t<img fetchpriority=\"high\" decoding=\"async\" width=\"1100\" height=\"300\" src=\"https:\/\/mpl.com.br\/wp-content\/uploads\/2022\/06\/oracle-q-software.jpg\" class=\"attachment-full size-full wp-image-1432\" alt=\"\" srcset=\"https:\/\/mpl.com.br\/wp-content\/uploads\/2022\/06\/oracle-q-software.jpg 1100w, https:\/\/mpl.com.br\/wp-content\/uploads\/2022\/06\/oracle-q-software-300x82.jpg 300w, https:\/\/mpl.com.br\/wp-content\/uploads\/2022\/06\/oracle-q-software-1024x279.jpg 1024w, https:\/\/mpl.com.br\/wp-content\/uploads\/2022\/06\/oracle-q-software-768x209.jpg 768w, https:\/\/mpl.com.br\/wp-content\/uploads\/2022\/06\/oracle-q-software-700x191.jpg 700w\" sizes=\"(max-width: 1100px) 100vw, 1100px\" \/>\t\t\t\t\t\t\t\t\t\t\t\t\t\t\t<\/div>\n\t\t\t\t<div class=\"elementor-element elementor-element-73cf718f elementor-widget elementor-widget-text-editor\" data-id=\"73cf718f\" data-element_type=\"widget\" data-e-type=\"widget\" data-widget_type=\"text-editor.default\">\n\t\t\t\t\t\t\t\t\t<p>MPL Implements Information Systems Since 1985. In more than 30 years of operation, we have seen technology evolve in different ways.<\/p><p>As technology takes another notch, pushing companies to follow their digital journey in their business, applications and data networks are shared anywhere, on a wide range of devices, in an intricate web of ecosystems involving partners, customers and third parties. .<\/p><p style=\"font-weight: 400;\">As a result, security threats become frequent and sophisticated, causing more and more damage to companies and users of systems and applications.<\/p><p style=\"font-weight: 400;\">MPL, together with Q Software, offers a portfolio of products and services aimed at security, auditing and fraud management requirements integrated with ERP, allowing your company to address these risks in advance.<\/p>\t\t\t\t\t\t\t\t<\/div>\n\t\t\t\t<section class=\"elementor-section elementor-inner-section elementor-element elementor-element-3600e30 elementor-section-boxed elementor-section-height-default elementor-section-height-default parallax_section_no qode_elementor_container_no\" data-id=\"3600e30\" data-element_type=\"section\" data-e-type=\"section\">\n\t\t\t\t\t\t<div class=\"elementor-container elementor-column-gap-default\">\n\t\t\t\t\t<div class=\"elementor-column elementor-col-20 elementor-inner-column elementor-element elementor-element-6c4008d\" data-id=\"6c4008d\" data-element_type=\"column\" data-e-type=\"column\">\n\t\t\t<div class=\"elementor-widget-wrap elementor-element-populated\">\n\t\t\t\t\t\t<div class=\"elementor-element elementor-element-1f4189a elementor-widget elementor-widget-image\" data-id=\"1f4189a\" data-element_type=\"widget\" data-e-type=\"widget\" data-widget_type=\"image.default\">\n\t\t\t\t\t\t\t\t\t\t\t\t\t\t\t\t<a href=\"https:\/\/mpl.com.br\/en\/audit-manager\/\">\n\t\t\t\t\t\t\t<img decoding=\"async\" width=\"312\" height=\"300\" data-src=\"https:\/\/mpl.com.br\/wp-content\/smush-webp\/2022\/07\/Audit-manager.jpg.webp\" class=\"attachment-full size-full wp-image-9982 lazyload\" alt=\"\" data-srcset=\"https:\/\/mpl.com.br\/wp-content\/smush-webp\/2022\/07\/Audit-manager.jpg.webp 312w, https:\/\/mpl.com.br\/wp-content\/smush-webp\/2022\/07\/Audit-manager-300x288.jpg.webp 300w\" data-sizes=\"(max-width: 312px) 100vw, 312px\" src=\"data:image\/svg+xml;base64,PHN2ZyB3aWR0aD0iMSIgaGVpZ2h0PSIxIiB4bWxucz0iaHR0cDovL3d3dy53My5vcmcvMjAwMC9zdmciPjwvc3ZnPg==\" style=\"--smush-placeholder-width: 312px; --smush-placeholder-aspect-ratio: 312\/300;\" \/>\t\t\t\t\t\t\t\t<\/a>\n\t\t\t\t\t\t\t\t\t\t\t\t\t\t\t<\/div>\n\t\t\t\t\t<\/div>\n\t\t<\/div>\n\t\t\t\t<div class=\"elementor-column elementor-col-20 elementor-inner-column elementor-element elementor-element-4e8d2e3\" data-id=\"4e8d2e3\" data-element_type=\"column\" data-e-type=\"column\">\n\t\t\t<div class=\"elementor-widget-wrap elementor-element-populated\">\n\t\t\t\t\t\t<div class=\"elementor-element elementor-element-94f039c elementor-widget elementor-widget-image\" data-id=\"94f039c\" data-element_type=\"widget\" data-e-type=\"widget\" data-widget_type=\"image.default\">\n\t\t\t\t\t\t\t\t\t\t\t\t\t\t\t\t<a href=\"https:\/\/mpl.com.br\/en\/fraud-detector\/\">\n\t\t\t\t\t\t\t<img decoding=\"async\" width=\"312\" height=\"300\" data-src=\"https:\/\/mpl.com.br\/wp-content\/smush-webp\/2022\/07\/Fraud-detector.jpg.webp\" class=\"attachment-full size-full wp-image-9983 lazyload\" alt=\"\" data-srcset=\"https:\/\/mpl.com.br\/wp-content\/smush-webp\/2022\/07\/Fraud-detector.jpg.webp 312w, https:\/\/mpl.com.br\/wp-content\/smush-webp\/2022\/07\/Fraud-detector-300x288.jpg.webp 300w\" data-sizes=\"(max-width: 312px) 100vw, 312px\" src=\"data:image\/svg+xml;base64,PHN2ZyB3aWR0aD0iMSIgaGVpZ2h0PSIxIiB4bWxucz0iaHR0cDovL3d3dy53My5vcmcvMjAwMC9zdmciPjwvc3ZnPg==\" style=\"--smush-placeholder-width: 312px; --smush-placeholder-aspect-ratio: 312\/300;\" \/>\t\t\t\t\t\t\t\t<\/a>\n\t\t\t\t\t\t\t\t\t\t\t\t\t\t\t<\/div>\n\t\t\t\t\t<\/div>\n\t\t<\/div>\n\t\t\t\t<div class=\"elementor-column elementor-col-20 elementor-inner-column elementor-element elementor-element-407e9f1\" data-id=\"407e9f1\" data-element_type=\"column\" data-e-type=\"column\">\n\t\t\t<div class=\"elementor-widget-wrap elementor-element-populated\">\n\t\t\t\t\t\t<div class=\"elementor-element elementor-element-69deb75 elementor-widget elementor-widget-image\" data-id=\"69deb75\" data-element_type=\"widget\" data-e-type=\"widget\" data-widget_type=\"image.default\">\n\t\t\t\t\t\t\t\t\t\t\t\t\t\t\t\t<a href=\"https:\/\/mpl.com.br\/en\/periodic-review\/\">\n\t\t\t\t\t\t\t<img decoding=\"async\" width=\"312\" height=\"300\" data-src=\"https:\/\/mpl.com.br\/wp-content\/smush-webp\/2022\/07\/Periodic-Review.jpg.webp\" class=\"attachment-full size-full wp-image-9984 lazyload\" alt=\"\" data-srcset=\"https:\/\/mpl.com.br\/wp-content\/smush-webp\/2022\/07\/Periodic-Review.jpg.webp 312w, https:\/\/mpl.com.br\/wp-content\/smush-webp\/2022\/07\/Periodic-Review-300x288.jpg.webp 300w\" data-sizes=\"(max-width: 312px) 100vw, 312px\" src=\"data:image\/svg+xml;base64,PHN2ZyB3aWR0aD0iMSIgaGVpZ2h0PSIxIiB4bWxucz0iaHR0cDovL3d3dy53My5vcmcvMjAwMC9zdmciPjwvc3ZnPg==\" style=\"--smush-placeholder-width: 312px; --smush-placeholder-aspect-ratio: 312\/300;\" \/>\t\t\t\t\t\t\t\t<\/a>\n\t\t\t\t\t\t\t\t\t\t\t\t\t\t\t<\/div>\n\t\t\t\t\t<\/div>\n\t\t<\/div>\n\t\t\t\t<div class=\"elementor-column elementor-col-20 elementor-inner-column elementor-element elementor-element-d81d276\" data-id=\"d81d276\" data-element_type=\"column\" data-e-type=\"column\">\n\t\t\t<div class=\"elementor-widget-wrap elementor-element-populated\">\n\t\t\t\t\t\t<div class=\"elementor-element elementor-element-4bd3a16 elementor-widget elementor-widget-image\" data-id=\"4bd3a16\" data-element_type=\"widget\" data-e-type=\"widget\" data-widget_type=\"image.default\">\n\t\t\t\t\t\t\t\t\t\t\t\t\t\t\t\t<a href=\"https:\/\/mpl.com.br\/en\/q-cloud-audit\/\">\n\t\t\t\t\t\t\t<img decoding=\"async\" width=\"313\" height=\"300\" data-src=\"https:\/\/mpl.com.br\/wp-content\/smush-webp\/2022\/07\/Q-cloud-audit-as-a-service.jpg.webp\" class=\"attachment-full size-full wp-image-9985 lazyload\" alt=\"\" data-srcset=\"https:\/\/mpl.com.br\/wp-content\/smush-webp\/2022\/07\/Q-cloud-audit-as-a-service.jpg.webp 313w, https:\/\/mpl.com.br\/wp-content\/smush-webp\/2022\/07\/Q-cloud-audit-as-a-service-300x288.jpg.webp 300w\" data-sizes=\"(max-width: 313px) 100vw, 313px\" src=\"data:image\/svg+xml;base64,PHN2ZyB3aWR0aD0iMSIgaGVpZ2h0PSIxIiB4bWxucz0iaHR0cDovL3d3dy53My5vcmcvMjAwMC9zdmciPjwvc3ZnPg==\" style=\"--smush-placeholder-width: 313px; --smush-placeholder-aspect-ratio: 313\/300;\" \/>\t\t\t\t\t\t\t\t<\/a>\n\t\t\t\t\t\t\t\t\t\t\t\t\t\t\t<\/div>\n\t\t\t\t\t<\/div>\n\t\t<\/div>\n\t\t\t\t<div class=\"elementor-column elementor-col-20 elementor-inner-column elementor-element elementor-element-0b44964\" data-id=\"0b44964\" data-element_type=\"column\" data-e-type=\"column\">\n\t\t\t<div class=\"elementor-widget-wrap elementor-element-populated\">\n\t\t\t\t\t\t<div class=\"elementor-element elementor-element-4961382 elementor-widget elementor-widget-image\" data-id=\"4961382\" data-element_type=\"widget\" data-e-type=\"widget\" data-widget_type=\"image.default\">\n\t\t\t\t\t\t\t\t\t\t\t\t\t\t\t\t<a href=\"https:\/\/mpl.com.br\/en\/security-manager-pro\/\">\n\t\t\t\t\t\t\t<img decoding=\"async\" width=\"311\" height=\"300\" data-src=\"https:\/\/mpl.com.br\/wp-content\/smush-webp\/2022\/07\/Security-manager-pro.jpg.webp\" class=\"attachment-full size-full wp-image-9986 lazyload\" alt=\"\" data-srcset=\"https:\/\/mpl.com.br\/wp-content\/smush-webp\/2022\/07\/Security-manager-pro.jpg.webp 311w, https:\/\/mpl.com.br\/wp-content\/smush-webp\/2022\/07\/Security-manager-pro-300x289.jpg.webp 300w\" data-sizes=\"(max-width: 311px) 100vw, 311px\" src=\"data:image\/svg+xml;base64,PHN2ZyB3aWR0aD0iMSIgaGVpZ2h0PSIxIiB4bWxucz0iaHR0cDovL3d3dy53My5vcmcvMjAwMC9zdmciPjwvc3ZnPg==\" style=\"--smush-placeholder-width: 311px; --smush-placeholder-aspect-ratio: 311\/300;\" \/>\t\t\t\t\t\t\t\t<\/a>\n\t\t\t\t\t\t\t\t\t\t\t\t\t\t\t<\/div>\n\t\t\t\t\t<\/div>\n\t\t<\/div>\n\t\t\t\t\t<\/div>\n\t\t<\/section>\n\t\t\t\t\t<\/div>\n\t\t<\/div>\n\t\t\t\t\t<\/div>\n\t\t<\/section>\n\t\t\t\t<section class=\"elementor-section elementor-top-section elementor-element elementor-element-c975d57 elementor-section-boxed elementor-section-height-default elementor-section-height-default parallax_section_no qode_elementor_container_no\" data-id=\"c975d57\" data-element_type=\"section\" data-e-type=\"section\">\n\t\t\t\t\t\t<div class=\"elementor-container elementor-column-gap-default\">\n\t\t\t\t\t<div class=\"elementor-column elementor-col-100 elementor-top-column elementor-element elementor-element-933ca0a\" data-id=\"933ca0a\" data-element_type=\"column\" data-e-type=\"column\">\n\t\t\t<div class=\"elementor-widget-wrap elementor-element-populated\">\n\t\t\t\t\t\t<section class=\"elementor-section elementor-inner-section elementor-element elementor-element-e78c968 elementor-section-boxed elementor-section-height-default elementor-section-height-default parallax_section_no qode_elementor_container_no\" data-id=\"e78c968\" data-element_type=\"section\" data-e-type=\"section\" data-settings=\"{&quot;background_background&quot;:&quot;classic&quot;}\">\n\t\t\t\t\t\t<div class=\"elementor-container elementor-column-gap-default\">\n\t\t\t\t\t<div class=\"elementor-column elementor-col-100 elementor-inner-column elementor-element elementor-element-8c8ad4b\" data-id=\"8c8ad4b\" data-element_type=\"column\" data-e-type=\"column\">\n\t\t\t<div class=\"elementor-widget-wrap elementor-element-populated\">\n\t\t\t\t\t\t<div class=\"elementor-element elementor-element-38bbc4a elementor-widget elementor-widget-heading\" data-id=\"38bbc4a\" data-element_type=\"widget\" data-e-type=\"widget\" data-widget_type=\"heading.default\">\n\t\t\t\t\t<h3 class=\"elementor-heading-title elementor-size-default\">More Security and Quality for Your Business<\/h3>\t\t\t\t<\/div>\n\t\t\t\t<div class=\"elementor-element elementor-element-1416bd4 elementor-widget elementor-widget-text-editor\" data-id=\"1416bd4\" data-element_type=\"widget\" data-e-type=\"widget\" data-widget_type=\"text-editor.default\">\n\t\t\t\t\t\t\t\t\t<p>Count on our experience in Oracle solutions. Enter in\u00a0<strong><a href=\"https:\/\/mpl.com.br\/en\/contact\/\" target=\"_blank\" rel=\"noopener\">contact<\/a><\/strong>\u00a0with us.<\/p>\t\t\t\t\t\t\t\t<\/div>\n\t\t\t\t\t<\/div>\n\t\t<\/div>\n\t\t\t\t\t<\/div>\n\t\t<\/section>\n\t\t\t\t\t<\/div>\n\t\t<\/div>\n\t\t\t\t\t<\/div>\n\t\t<\/section>\n\t\t\t\t<\/div>","protected":false},"excerpt":{"rendered":"<p><a  href=\"https:\/\/mpl.com.br\/en\/a-mpl\/\">MPL<\/a> Implementa Sistemas de Informa\u00e7\u00e3o Desde 1985. Em mais de 30 anos de atua\u00e7\u00e3o, vimos a tecnologia evoluir de diversas formas. Conforme a tecnologia sobe mais um degrau, impulsionando as empresas a seguirem sua jornada digital em seus neg\u00f3cios, as aplica\u00e7\u00f5es e redes de&#8230;<\/p>","protected":false},"author":26,"featured_media":0,"parent":638,"menu_order":0,"comment_status":"closed","ping_status":"closed","template":"","meta":{"footnotes":""},"class_list":["post-639","page","type-page","status-publish","hentry"],"_links":{"self":[{"href":"https:\/\/mpl.com.br\/en\/wp-json\/wp\/v2\/pages\/639","targetHints":{"allow":["GET"]}}],"collection":[{"href":"https:\/\/mpl.com.br\/en\/wp-json\/wp\/v2\/pages"}],"about":[{"href":"https:\/\/mpl.com.br\/en\/wp-json\/wp\/v2\/types\/page"}],"author":[{"embeddable":true,"href":"https:\/\/mpl.com.br\/en\/wp-json\/wp\/v2\/users\/26"}],"replies":[{"embeddable":true,"href":"https:\/\/mpl.com.br\/en\/wp-json\/wp\/v2\/comments?post=639"}],"version-history":[{"count":0,"href":"https:\/\/mpl.com.br\/en\/wp-json\/wp\/v2\/pages\/639\/revisions"}],"up":[{"embeddable":true,"href":"https:\/\/mpl.com.br\/en\/wp-json\/wp\/v2\/pages\/638"}],"wp:attachment":[{"href":"https:\/\/mpl.com.br\/en\/wp-json\/wp\/v2\/media?parent=639"}],"curies":[{"name":"wp","href":"https:\/\/api.w.org\/{rel}","templated":true}]}}