{"id":672,"date":"2022-05-03T16:38:19","date_gmt":"2022-05-03T19:38:19","guid":{"rendered":"https:\/\/129.144.60.171\/?page_id=672"},"modified":"2022-08-08T20:46:58","modified_gmt":"2022-08-08T23:46:58","slug":"digital-business-transformation","status":"publish","type":"page","link":"https:\/\/mpl.com.br\/en\/conhecimento\/white-papers\/digital-business-transformation\/","title":{"rendered":"Digital Business Transformation"},"content":{"rendered":"\t\t<div data-elementor-type=\"wp-page\" data-elementor-id=\"672\" class=\"elementor elementor-672\" data-elementor-post-type=\"page\">\n\t\t\t\t\t\t<section class=\"elementor-section elementor-top-section elementor-element elementor-element-14e6c05f elementor-section-boxed elementor-section-height-default elementor-section-height-default parallax_section_no qode_elementor_container_no\" data-id=\"14e6c05f\" data-element_type=\"section\" data-e-type=\"section\">\n\t\t\t\t\t\t<div class=\"elementor-container elementor-column-gap-default\">\n\t\t\t\t\t<div class=\"elementor-column elementor-col-50 elementor-top-column elementor-element elementor-element-235113e\" data-id=\"235113e\" data-element_type=\"column\" data-e-type=\"column\">\n\t\t\t<div class=\"elementor-widget-wrap elementor-element-populated\">\n\t\t\t\t\t\t<div class=\"elementor-element elementor-element-25a38185 elementor-widget elementor-widget-image\" data-id=\"25a38185\" data-element_type=\"widget\" data-e-type=\"widget\" data-widget_type=\"image.default\">\n\t\t\t\t\t\t\t\t\t\t\t\t\t\t\t<img fetchpriority=\"high\" decoding=\"async\" width=\"644\" height=\"892\" src=\"https:\/\/mpl.com.br\/wp-content\/smush-webp\/2022\/05\/MPL_PostSite_WhitePaper_DigitalBusiness_PT.jpg.webp\" class=\"attachment-full size-full wp-image-816\" alt=\"\" srcset=\"https:\/\/mpl.com.br\/wp-content\/smush-webp\/2022\/05\/MPL_PostSite_WhitePaper_DigitalBusiness_PT.jpg.webp 644w, https:\/\/mpl.com.br\/wp-content\/smush-webp\/2022\/05\/MPL_PostSite_WhitePaper_DigitalBusiness_PT-217x300.jpg.webp 217w\" sizes=\"(max-width: 644px) 100vw, 644px\" \/>\t\t\t\t\t\t\t\t\t\t\t\t\t\t\t<\/div>\n\t\t\t\t\t<\/div>\n\t\t<\/div>\n\t\t\t\t<div class=\"elementor-column elementor-col-50 elementor-top-column elementor-element elementor-element-3dc14648\" data-id=\"3dc14648\" data-element_type=\"column\" data-e-type=\"column\">\n\t\t\t<div class=\"elementor-widget-wrap elementor-element-populated\">\n\t\t\t\t\t\t<div class=\"elementor-element elementor-element-35abb22f elementor-widget elementor-widget-text-editor\" data-id=\"35abb22f\" data-element_type=\"widget\" data-e-type=\"widget\" data-widget_type=\"text-editor.default\">\n\t\t\t\t\t\t\t\t\t<p class=\"p1\"><span class=\"s1\">Oracle disponibilizou atualiza\u00e7\u00f5es significativas no JD Edwards para capacitar os seus clientes em suas jornadas para se tornarem empresas digitais. Esses aprimoramentos fornecem \u00e0s empresas solu\u00e7\u00f5es transformadoras para inovarem na economia digital e administrarem os seus neg\u00f3cios a sua maneira.<\/span><\/p><p class=\"p1\"><span class=\"s1\">Estendendo seu compromisso com os aplicativos JD Edwards EnterpriseOne, a Oracle anunciou a disponibilidade de novos recursos UX One, apri\u00admoramentos que agregam \u00e0s modernas solu\u00e7\u00f5es digitais, al\u00e9m de atu\u00adaliza\u00e7\u00f5es legislativas e de localiza\u00e7\u00e3o.<\/span><\/p><p class=\"p2\"><span class=\"s1\">Tamb\u00e9m foi dispo\u00adnibilizada a vers\u00e3o 9.2.2.4 do Enterprise\u00adOne Tools Release, que inclui aprimoramentos da estrutura de Notifica\u00e7\u00e3o e do Orquestrador para impulsionar a transforma\u00e7\u00e3o do processo digital.<\/span><\/p>\t\t\t\t\t\t\t\t<\/div>\n\t\t\t\t<div class=\"elementor-element elementor-element-40a1409 elementor-widget elementor-widget-shortcode\" data-id=\"40a1409\" data-element_type=\"widget\" data-e-type=\"widget\" data-no-translation=\"\" data-widget_type=\"shortcode.default\">\n\t\t\t\t\t<style>.elementor-element-40a1409{display:none !important}<\/style>\t\t\t\t<\/div>\n\t\t\t\t<div class=\"elementor-element elementor-element-7ec968d elementor-widget elementor-widget-shortcode\" data-id=\"7ec968d\" data-element_type=\"widget\" data-e-type=\"widget\" data-no-translation=\"\" data-widget_type=\"shortcode.default\">\n\t\t\t\t\t\t\t<div class=\"elementor-shortcode\">[email-download download_id=\"10229\" contact_form_id=\"10209\"]<\/div>\n\t\t\t\t\t\t<\/div>\n\t\t\t\t\t<\/div>\n\t\t<\/div>\n\t\t\t\t\t<\/div>\n\t\t<\/section>\n\t\t\t\t<\/div>\n\t\t","protected":false},"excerpt":{"rendered":"<p>Oracle disponibilizou atualiza\u00e7\u00f5es significativas no JD Edwards para capacitar os seus <a  href=\"https:\/\/mpl.com.br\/en\/a-mpl\/clientes\/\">clients<\/a> em suas jornadas para se tornarem empresas digitais. Esses aprimoramentos fornecem \u00e0s empresas <a  href=\"https:\/\/mpl.com.br\/en\/solucoes\/\">solutions<\/a> transformadoras para inovarem na economia digital e administrarem os seus neg\u00f3cios a sua maneira. Estendendo seu compromisso com os&#8230;<\/p>","protected":false},"author":26,"featured_media":0,"parent":670,"menu_order":0,"comment_status":"closed","ping_status":"closed","template":"","meta":{"footnotes":""},"class_list":["post-672","page","type-page","status-publish","hentry"],"_links":{"self":[{"href":"https:\/\/mpl.com.br\/en\/wp-json\/wp\/v2\/pages\/672","targetHints":{"allow":["GET"]}}],"collection":[{"href":"https:\/\/mpl.com.br\/en\/wp-json\/wp\/v2\/pages"}],"about":[{"href":"https:\/\/mpl.com.br\/en\/wp-json\/wp\/v2\/types\/page"}],"author":[{"embeddable":true,"href":"https:\/\/mpl.com.br\/en\/wp-json\/wp\/v2\/users\/26"}],"replies":[{"embeddable":true,"href":"https:\/\/mpl.com.br\/en\/wp-json\/wp\/v2\/comments?post=672"}],"version-history":[{"count":0,"href":"https:\/\/mpl.com.br\/en\/wp-json\/wp\/v2\/pages\/672\/revisions"}],"up":[{"embeddable":true,"href":"https:\/\/mpl.com.br\/en\/wp-json\/wp\/v2\/pages\/670"}],"wp:attachment":[{"href":"https:\/\/mpl.com.br\/en\/wp-json\/wp\/v2\/media?parent=672"}],"curies":[{"name":"wp","href":"https:\/\/api.w.org\/{rel}","templated":true}]}}