{"id":673,"date":"2022-05-03T16:38:30","date_gmt":"2022-05-03T19:38:30","guid":{"rendered":"https:\/\/129.144.60.171\/?page_id=673"},"modified":"2025-01-02T21:30:37","modified_gmt":"2025-01-03T00:30:37","slug":"commodities-trading-management","status":"publish","type":"page","link":"https:\/\/mpl.com.br\/en\/conhecimento\/white-papers\/commodities-trading-management\/","title":{"rendered":"Commodities Trading Management"},"content":{"rendered":"\t\t<div data-elementor-type=\"wp-page\" data-elementor-id=\"673\" class=\"elementor elementor-673\" data-elementor-post-type=\"page\">\n\t\t\t\t\t\t<section class=\"elementor-section elementor-top-section elementor-element elementor-element-e5af0a3 elementor-section-boxed elementor-section-height-default elementor-section-height-default parallax_section_no qode_elementor_container_no\" data-id=\"e5af0a3\" data-element_type=\"section\" data-e-type=\"section\">\n\t\t\t\t\t\t<div class=\"elementor-container elementor-column-gap-default\">\n\t\t\t\t\t<div class=\"elementor-column elementor-col-50 elementor-top-column elementor-element elementor-element-4d25c5eb\" data-id=\"4d25c5eb\" data-element_type=\"column\" data-e-type=\"column\">\n\t\t\t<div class=\"elementor-widget-wrap elementor-element-populated\">\n\t\t\t\t\t\t<div class=\"elementor-element elementor-element-17f8732a elementor-widget elementor-widget-image\" data-id=\"17f8732a\" data-element_type=\"widget\" data-e-type=\"widget\" data-widget_type=\"image.default\">\n\t\t\t\t\t\t\t\t\t\t\t\t\t\t\t<img fetchpriority=\"high\" decoding=\"async\" width=\"1810\" height=\"2560\" src=\"https:\/\/mpl.com.br\/wp-content\/smush-webp\/2022\/05\/MPL_CTRM_Lamina_Versao-Ingles_A4_Saida-scaled.jpg.webp\" class=\"attachment-full size-full wp-image-819\" alt=\"\" srcset=\"https:\/\/mpl.com.br\/wp-content\/smush-webp\/2022\/05\/MPL_CTRM_Lamina_Versao-Ingles_A4_Saida-scaled.jpg.webp 1810w, https:\/\/mpl.com.br\/wp-content\/smush-webp\/2022\/05\/MPL_CTRM_Lamina_Versao-Ingles_A4_Saida-212x300.jpg.webp 212w, https:\/\/mpl.com.br\/wp-content\/smush-webp\/2022\/05\/MPL_CTRM_Lamina_Versao-Ingles_A4_Saida-724x1024.jpg.webp 724w, https:\/\/mpl.com.br\/wp-content\/smush-webp\/2022\/05\/MPL_CTRM_Lamina_Versao-Ingles_A4_Saida-768x1086.jpg.webp 768w, https:\/\/mpl.com.br\/wp-content\/smush-webp\/2022\/05\/MPL_CTRM_Lamina_Versao-Ingles_A4_Saida-1086x1536.jpg.webp 1086w, https:\/\/mpl.com.br\/wp-content\/smush-webp\/2022\/05\/MPL_CTRM_Lamina_Versao-Ingles_A4_Saida-1448x2048.jpg.webp 1448w, https:\/\/mpl.com.br\/wp-content\/smush-webp\/2022\/05\/MPL_CTRM_Lamina_Versao-Ingles_A4_Saida-700x990.jpg.webp 700w\" sizes=\"(max-width: 1810px) 100vw, 1810px\" \/>\t\t\t\t\t\t\t\t\t\t\t\t\t\t\t<\/div>\n\t\t\t\t\t<\/div>\n\t\t<\/div>\n\t\t\t\t<div class=\"elementor-column elementor-col-50 elementor-top-column elementor-element elementor-element-5e286a65\" data-id=\"5e286a65\" data-element_type=\"column\" data-e-type=\"column\">\n\t\t\t<div class=\"elementor-widget-wrap elementor-element-populated\">\n\t\t\t\t\t\t<div class=\"elementor-element elementor-element-680a9517 elementor-widget elementor-widget-text-editor\" data-id=\"680a9517\" data-element_type=\"widget\" data-e-type=\"widget\" data-widget_type=\"text-editor.default\">\n\t\t\t\t\t\t\t\t\t<p class=\"p1\">O\u00a0Arantys\u00a0integra a gest\u00e3o de contratos, finan\u00e7as e as fun\u00e7\u00f5es da cadeia de suprimento.\u00a0Ele\u00a0foi\u00a0desenvolvido\u00a0para agilizar a tomada de decis\u00e3o, economizar tempo, fornecer fluxos de trabalho mais efetivos, tornar processos mais eficientes e reduzir riscos. Com o\u00a0Arantys\u00a0voc\u00ea poder\u00e1 criar c\u00e1lculos intermercados, valor em risco e an\u00e1lise de margem de ponta a ponta em tempo real.<\/p>\t\t\t\t\t\t\t\t<\/div>\n\t\t\t\t<div class=\"elementor-element elementor-element-ba63ba0 elementor-widget elementor-widget-shortcode\" data-id=\"ba63ba0\" data-element_type=\"widget\" data-e-type=\"widget\" data-no-translation=\"\" data-widget_type=\"shortcode.default\">\n\t\t\t\t\t<style>.elementor-element-ba63ba0{display:none !important}<\/style>\t\t\t\t<\/div>\n\t\t\t\t<div class=\"elementor-element elementor-element-631bcd7 elementor-widget elementor-widget-shortcode\" data-id=\"631bcd7\" data-element_type=\"widget\" data-e-type=\"widget\" data-no-translation=\"\" data-widget_type=\"shortcode.default\">\n\t\t\t\t\t\t\t<div class=\"elementor-shortcode\">[email-download download_id=\"10228\" contact_form_id=\"10209\"]<\/div>\n\t\t\t\t\t\t<\/div>\n\t\t\t\t\t<\/div>\n\t\t<\/div>\n\t\t\t\t\t<\/div>\n\t\t<\/section>\n\t\t\t\t<\/div>\n\t\t","protected":false},"excerpt":{"rendered":"<p>O\u00a0<a  href=\"https:\/\/mpl.com.br\/en\/arantys\/\">Arantys<\/a>\u00a0integra a gest\u00e3o de contratos, finan\u00e7as e as fun\u00e7\u00f5es da cadeia de suprimento.\u00a0Ele\u00a0foi\u00a0desenvolvido\u00a0para agilizar a tomada de decis\u00e3o, economizar tempo, fornecer fluxos de trabalho mais efetivos, tornar processos mais eficientes e reduzir riscos. Com o\u00a0<a  href=\"https:\/\/mpl.com.br\/en\/arantys\/\">Arantys<\/a>\u00a0voc\u00ea poder\u00e1 criar c\u00e1lculos intermercados, valor em risco e an\u00e1lise de&#8230;<\/p>","protected":false},"author":26,"featured_media":0,"parent":670,"menu_order":0,"comment_status":"closed","ping_status":"closed","template":"","meta":{"footnotes":""},"class_list":["post-673","page","type-page","status-publish","hentry"],"_links":{"self":[{"href":"https:\/\/mpl.com.br\/en\/wp-json\/wp\/v2\/pages\/673","targetHints":{"allow":["GET"]}}],"collection":[{"href":"https:\/\/mpl.com.br\/en\/wp-json\/wp\/v2\/pages"}],"about":[{"href":"https:\/\/mpl.com.br\/en\/wp-json\/wp\/v2\/types\/page"}],"author":[{"embeddable":true,"href":"https:\/\/mpl.com.br\/en\/wp-json\/wp\/v2\/users\/26"}],"replies":[{"embeddable":true,"href":"https:\/\/mpl.com.br\/en\/wp-json\/wp\/v2\/comments?post=673"}],"version-history":[{"count":0,"href":"https:\/\/mpl.com.br\/en\/wp-json\/wp\/v2\/pages\/673\/revisions"}],"up":[{"embeddable":true,"href":"https:\/\/mpl.com.br\/en\/wp-json\/wp\/v2\/pages\/670"}],"wp:attachment":[{"href":"https:\/\/mpl.com.br\/en\/wp-json\/wp\/v2\/media?parent=673"}],"curies":[{"name":"wp","href":"https:\/\/api.w.org\/{rel}","templated":true}]}}