{"id":674,"date":"2022-05-03T16:38:41","date_gmt":"2022-05-03T19:38:41","guid":{"rendered":"https:\/\/129.144.60.171\/?page_id=674"},"modified":"2022-08-09T10:33:14","modified_gmt":"2022-08-09T13:33:14","slug":"desafios-em-projeto-de-implementacao-de-erp-para-empresas-globais","status":"publish","type":"page","link":"https:\/\/mpl.com.br\/en\/conhecimento\/white-papers\/desafios-em-projeto-de-implementacao-de-erp-para-empresas-globais\/","title":{"rendered":"Challenges in an ERP Implementation Project for Global Companies"},"content":{"rendered":"\t\t<div data-elementor-type=\"wp-page\" data-elementor-id=\"674\" class=\"elementor elementor-674\" data-elementor-post-type=\"page\">\n\t\t\t\t\t\t<section class=\"elementor-section elementor-top-section elementor-element elementor-element-65c00371 elementor-section-boxed elementor-section-height-default elementor-section-height-default parallax_section_no qode_elementor_container_no\" data-id=\"65c00371\" data-element_type=\"section\" data-e-type=\"section\">\n\t\t\t\t\t\t<div class=\"elementor-container elementor-column-gap-default\">\n\t\t\t\t\t<div class=\"elementor-column elementor-col-50 elementor-top-column elementor-element elementor-element-339a214\" data-id=\"339a214\" data-element_type=\"column\" data-e-type=\"column\">\n\t\t\t<div class=\"elementor-widget-wrap elementor-element-populated\">\n\t\t\t\t\t\t<div class=\"elementor-element elementor-element-686fd96e elementor-widget elementor-widget-image\" data-id=\"686fd96e\" data-element_type=\"widget\" data-e-type=\"widget\" data-widget_type=\"image.default\">\n\t\t\t\t\t\t\t\t\t\t\t\t\t\t\t<img fetchpriority=\"high\" decoding=\"async\" width=\"644\" height=\"911\" src=\"https:\/\/mpl.com.br\/wp-content\/smush-webp\/2022\/05\/MPL_White_Paper_Desafios-ERP_PT.jpg.webp\" class=\"attachment-full size-full wp-image-821\" alt=\"\" srcset=\"https:\/\/mpl.com.br\/wp-content\/smush-webp\/2022\/05\/MPL_White_Paper_Desafios-ERP_PT.jpg.webp 644w, https:\/\/mpl.com.br\/wp-content\/smush-webp\/2022\/05\/MPL_White_Paper_Desafios-ERP_PT-212x300.jpg.webp 212w\" sizes=\"(max-width: 644px) 100vw, 644px\" \/>\t\t\t\t\t\t\t\t\t\t\t\t\t\t\t<\/div>\n\t\t\t\t\t<\/div>\n\t\t<\/div>\n\t\t\t\t<div class=\"elementor-column elementor-col-50 elementor-top-column elementor-element elementor-element-5ef30d2b\" data-id=\"5ef30d2b\" data-element_type=\"column\" data-e-type=\"column\">\n\t\t\t<div class=\"elementor-widget-wrap elementor-element-populated\">\n\t\t\t\t\t\t<div class=\"elementor-element elementor-element-24a1e1dc elementor-widget elementor-widget-text-editor\" data-id=\"24a1e1dc\" data-element_type=\"widget\" data-e-type=\"widget\" data-widget_type=\"text-editor.default\">\n\t\t\t\t\t\t\t\t\t<p style=\"font-weight: 400;\">A implementa\u00e7\u00e3o de um ERP para empresas globais\u00a0apresenta grandes desafios. Quais s\u00e3o\u00a0as principais\u00a0quest\u00f5es que devem ser analisadas para que\u00a0as implementa\u00e7\u00f5es sejam exitosas e dentro de prazos e or\u00e7amentos estabelecidos?<\/p><p style=\"font-weight: 400;\">\u00c9 de se considerar que o processo de globaliza\u00e7\u00e3o\u00a0tende\u00a0a se aprofundar ainda mais nas pr\u00f3ximas d\u00e9cadas,\u00a0dado\u00a0o\u00a0contexto de maior facilidade de\u00a0comunica\u00e7\u00e3o de marcas e produtos proporcionado\u00a0pela internet, possibilitando o acesso f\u00e1cil \u00e0 comercializa\u00e7\u00e3o de bens e servi\u00e7os em qualquer lugar do\u00a0planeta, como tamb\u00e9m pela amplia\u00e7\u00e3o da infraestrutura log\u00edstica, cada vez mais eficiente e acess\u00edvel.<\/p><p>Levando em considera\u00e7\u00e3o a l\u00f3gica da economia\u00a0de escala, as empresas que apresentam sucesso\u00a0em seus pa\u00edses de origem veem a amplia\u00e7\u00e3o de\u00a0seus neg\u00f3cios al\u00e9m das suas fronteiras como um\u00a0passo natural para manuten\u00e7\u00e3o do seu crescimento e rentabilidade.<\/p><p style=\"font-weight: 400;\">Dentro desse cen\u00e1rio, os Sistemas ERP (Sistemas\u00a0de Gest\u00e3o Empresarial) ocupam um papel fundamental em garantir que os processos de neg\u00f3cio\u00a0que suportam a gest\u00e3o da empresa, fluam de\u00a0modo padronizado, otimizado e \u00edntegro, gerando\u00a0e\u00a0disponibilizando informa\u00e7\u00f5es gerenciais relevantes\u00a0para a tomada de decis\u00f5es.<\/p><p style=\"font-weight: 400;\">Se o processo de implementa\u00e7\u00e3o de um\u00a0ERP, considerando\u00a0somente um\u00a0pa\u00eds, j\u00e1\u00a0apresenta uma s\u00e9rie de quest\u00f5es e desafios a serem enfrentados, ao se pensar em sua utiliza\u00e7\u00e3o em v\u00e1rios pa\u00edses, outros aspectos necessitam ser tratados para que os resultados esperados sejam alcan\u00e7ados.<\/p>\t\t\t\t\t\t\t\t<\/div>\n\t\t\t\t<div class=\"elementor-element elementor-element-9dc1064 elementor-widget elementor-widget-shortcode\" data-id=\"9dc1064\" data-element_type=\"widget\" data-e-type=\"widget\" data-no-translation=\"\" data-widget_type=\"shortcode.default\">\n\t\t\t\t\t<style>.elementor-element-9dc1064{display:none !important}<\/style>\t\t\t\t<\/div>\n\t\t\t\t<div class=\"elementor-element elementor-element-d3a457a elementor-widget elementor-widget-shortcode\" data-id=\"d3a457a\" data-element_type=\"widget\" data-e-type=\"widget\" data-no-translation=\"\" data-widget_type=\"shortcode.default\">\n\t\t\t\t\t\t\t<div class=\"elementor-shortcode\">[email-download download_id=\"10254\" contact_form_id=\"10209\"]<\/div>\n\t\t\t\t\t\t<\/div>\n\t\t\t\t\t<\/div>\n\t\t<\/div>\n\t\t\t\t\t<\/div>\n\t\t<\/section>\n\t\t\t\t<\/div>\n\t\t","protected":false},"excerpt":{"rendered":"<p>A implementa\u00e7\u00e3o de um <a  href=\"https:\/\/mpl.com.br\/en\/solucoes\/erp\/\">ERP<\/a> para empresas globais\u00a0apresenta grandes desafios. Quais s\u00e3o\u00a0as principais\u00a0quest\u00f5es que devem ser analisadas para que\u00a0as implementa\u00e7\u00f5es sejam exitosas e dentro de prazos e or\u00e7amentos estabelecidos? \u00c9 de se considerar que o processo de globaliza\u00e7\u00e3o\u00a0tende\u00a0a se aprofundar ainda mais nas pr\u00f3ximas d\u00e9cadas,\u00a0dado\u00a0o\u00a0contexto&#8230;<\/p>","protected":false},"author":26,"featured_media":0,"parent":670,"menu_order":0,"comment_status":"closed","ping_status":"closed","template":"","meta":{"footnotes":""},"class_list":["post-674","page","type-page","status-publish","hentry"],"_links":{"self":[{"href":"https:\/\/mpl.com.br\/en\/wp-json\/wp\/v2\/pages\/674","targetHints":{"allow":["GET"]}}],"collection":[{"href":"https:\/\/mpl.com.br\/en\/wp-json\/wp\/v2\/pages"}],"about":[{"href":"https:\/\/mpl.com.br\/en\/wp-json\/wp\/v2\/types\/page"}],"author":[{"embeddable":true,"href":"https:\/\/mpl.com.br\/en\/wp-json\/wp\/v2\/users\/26"}],"replies":[{"embeddable":true,"href":"https:\/\/mpl.com.br\/en\/wp-json\/wp\/v2\/comments?post=674"}],"version-history":[{"count":0,"href":"https:\/\/mpl.com.br\/en\/wp-json\/wp\/v2\/pages\/674\/revisions"}],"up":[{"embeddable":true,"href":"https:\/\/mpl.com.br\/en\/wp-json\/wp\/v2\/pages\/670"}],"wp:attachment":[{"href":"https:\/\/mpl.com.br\/en\/wp-json\/wp\/v2\/media?parent=674"}],"curies":[{"name":"wp","href":"https:\/\/api.w.org\/{rel}","templated":true}]}}