{"id":675,"date":"2022-05-03T16:38:53","date_gmt":"2022-05-03T19:38:53","guid":{"rendered":"https:\/\/129.144.60.171\/?page_id=675"},"modified":"2022-08-08T20:48:05","modified_gmt":"2022-08-08T23:48:05","slug":"a-implantacao-do-erp-e-a-importancia-do-ciclo-de-testes","status":"publish","type":"page","link":"https:\/\/mpl.com.br\/en\/conhecimento\/white-papers\/a-implantacao-do-erp-e-a-importancia-do-ciclo-de-testes\/","title":{"rendered":"ERP Implementation and the Importance of the Test Cycle"},"content":{"rendered":"\t\t<div data-elementor-type=\"wp-page\" data-elementor-id=\"675\" class=\"elementor elementor-675\" data-elementor-post-type=\"page\">\n\t\t\t\t\t\t<section class=\"elementor-section elementor-top-section elementor-element elementor-element-498bd723 elementor-section-boxed elementor-section-height-default elementor-section-height-default parallax_section_no qode_elementor_container_no\" data-id=\"498bd723\" data-element_type=\"section\" data-e-type=\"section\">\n\t\t\t\t\t\t<div class=\"elementor-container elementor-column-gap-default\">\n\t\t\t\t\t<div class=\"elementor-column elementor-col-50 elementor-top-column elementor-element elementor-element-69e99ab0\" data-id=\"69e99ab0\" data-element_type=\"column\" data-e-type=\"column\">\n\t\t\t<div class=\"elementor-widget-wrap elementor-element-populated\">\n\t\t\t\t\t\t<div class=\"elementor-element elementor-element-662ca0cd elementor-widget elementor-widget-image\" data-id=\"662ca0cd\" data-element_type=\"widget\" data-e-type=\"widget\" data-widget_type=\"image.default\">\n\t\t\t\t\t\t\t\t\t\t\t\t\t\t\t<img fetchpriority=\"high\" decoding=\"async\" width=\"644\" height=\"892\" src=\"https:\/\/mpl.com.br\/wp-content\/smush-webp\/2022\/05\/MPL_Capa_WhitePaper_PT.jpg.webp\" class=\"attachment-full size-full wp-image-823\" alt=\"\" srcset=\"https:\/\/mpl.com.br\/wp-content\/smush-webp\/2022\/05\/MPL_Capa_WhitePaper_PT.jpg.webp 644w, https:\/\/mpl.com.br\/wp-content\/smush-webp\/2022\/05\/MPL_Capa_WhitePaper_PT-217x300.jpg.webp 217w\" sizes=\"(max-width: 644px) 100vw, 644px\" \/>\t\t\t\t\t\t\t\t\t\t\t\t\t\t\t<\/div>\n\t\t\t\t\t<\/div>\n\t\t<\/div>\n\t\t\t\t<div class=\"elementor-column elementor-col-50 elementor-top-column elementor-element elementor-element-4f414d2\" data-id=\"4f414d2\" data-element_type=\"column\" data-e-type=\"column\">\n\t\t\t<div class=\"elementor-widget-wrap elementor-element-populated\">\n\t\t\t\t\t\t<div class=\"elementor-element elementor-element-1410a371 elementor-widget elementor-widget-text-editor\" data-id=\"1410a371\" data-element_type=\"widget\" data-e-type=\"widget\" data-widget_type=\"text-editor.default\">\n\t\t\t\t\t\t\t\t\t<p class=\"p1\"><span class=\"s1\">A decis\u00e3o de Implanta\u00e7\u00e3o de ERP deve ser tratada como um projeto, tamanha sua import\u00e2ncia dentro da organiza\u00e7\u00e3o.<\/span><\/p><p class=\"p1\"><span class=\"s1\">Deve ser planejada detalhadamente e possuir atividades que possam ser acompanhadas, desde a escolha de concorrentes at\u00e9 a data de GO LIVE do ERP.<\/span><\/p><p class=\"p1\"><span class=\"s1\">A partir da sua entrada em produ\u00e7\u00e3o, outra preocupa\u00e7\u00e3o deve estar presente no dia a dia de todos os C Levels: como manter atualizada a vers\u00e3o de ERP, incorporando novas funcionalidades e garantindo a utiliza\u00e7\u00e3o inteligente de toda a capacidade do sistema de informa\u00e7\u00e3o.<\/span><\/p><p class=\"p1\"><span class=\"s1\">Uma vez escolhido o seu fornecedor, o projeto de implanta\u00e7\u00e3o do ERP deve passar pela fase de planejamento, execu\u00e7\u00e3o e entrada em produ\u00e7\u00e3o.<\/span><\/p><p class=\"p1\"><span class=\"s1\">Em todas estas fases, um assunto que n\u00e3o pode passar desapercebido \u00e9 a qualidade dos testes a serem executados e eventuais ferramentas que possam auxili\u00e1-los nesta tarefa.<\/span><\/p>\t\t\t\t\t\t\t\t<\/div>\n\t\t\t\t<div class=\"elementor-element elementor-element-c5d802b elementor-widget elementor-widget-shortcode\" data-id=\"c5d802b\" data-element_type=\"widget\" data-e-type=\"widget\" data-no-translation=\"\" data-widget_type=\"shortcode.default\">\n\t\t\t\t\t<style>.elementor-element-c5d802b{display:none !important}<\/style>\t\t\t\t<\/div>\n\t\t\t\t<div class=\"elementor-element elementor-element-529674b elementor-widget elementor-widget-shortcode\" data-id=\"529674b\" data-element_type=\"widget\" data-e-type=\"widget\" data-no-translation=\"\" data-widget_type=\"shortcode.default\">\n\t\t\t\t\t\t\t<div class=\"elementor-shortcode\">[email-download download_id=\"10230\" contact_form_id=\"10209\"]<\/div>\n\t\t\t\t\t\t<\/div>\n\t\t\t\t\t<\/div>\n\t\t<\/div>\n\t\t\t\t\t<\/div>\n\t\t<\/section>\n\t\t\t\t<\/div>\n\t\t","protected":false},"excerpt":{"rendered":"<p>A decis\u00e3o de Implanta\u00e7\u00e3o de <a  href=\"https:\/\/mpl.com.br\/en\/solucoes\/erp\/\">ERP<\/a> deve ser tratada como um projeto, tamanha sua import\u00e2ncia dentro da organiza\u00e7\u00e3o. Deve ser planejada detalhadamente e possuir atividades que possam ser acompanhadas, desde a escolha de concorrentes at\u00e9 a data de GO LIVE do <a  href=\"https:\/\/mpl.com.br\/en\/solucoes\/erp\/\">ERP<\/a>. A partir da&#8230;<\/p>","protected":false},"author":26,"featured_media":0,"parent":670,"menu_order":0,"comment_status":"closed","ping_status":"closed","template":"","meta":{"footnotes":""},"class_list":["post-675","page","type-page","status-publish","hentry"],"_links":{"self":[{"href":"https:\/\/mpl.com.br\/en\/wp-json\/wp\/v2\/pages\/675","targetHints":{"allow":["GET"]}}],"collection":[{"href":"https:\/\/mpl.com.br\/en\/wp-json\/wp\/v2\/pages"}],"about":[{"href":"https:\/\/mpl.com.br\/en\/wp-json\/wp\/v2\/types\/page"}],"author":[{"embeddable":true,"href":"https:\/\/mpl.com.br\/en\/wp-json\/wp\/v2\/users\/26"}],"replies":[{"embeddable":true,"href":"https:\/\/mpl.com.br\/en\/wp-json\/wp\/v2\/comments?post=675"}],"version-history":[{"count":0,"href":"https:\/\/mpl.com.br\/en\/wp-json\/wp\/v2\/pages\/675\/revisions"}],"up":[{"embeddable":true,"href":"https:\/\/mpl.com.br\/en\/wp-json\/wp\/v2\/pages\/670"}],"wp:attachment":[{"href":"https:\/\/mpl.com.br\/en\/wp-json\/wp\/v2\/media?parent=675"}],"curies":[{"name":"wp","href":"https:\/\/api.w.org\/{rel}","templated":true}]}}