{"id":676,"date":"2022-05-03T16:39:02","date_gmt":"2022-05-03T19:39:02","guid":{"rendered":"https:\/\/129.144.60.171\/?page_id=676"},"modified":"2022-08-08T20:48:22","modified_gmt":"2022-08-08T23:48:22","slug":"the-shopping-market-in-the-digital-age","status":"publish","type":"page","link":"https:\/\/mpl.com.br\/en\/conhecimento\/white-papers\/o-mercado-de-shopping-na-era-digital\/","title":{"rendered":"The mall market in the digital age"},"content":{"rendered":"\t\t<div data-elementor-type=\"wp-page\" data-elementor-id=\"676\" class=\"elementor elementor-676\" data-elementor-post-type=\"page\">\n\t\t\t\t\t\t<section class=\"elementor-section elementor-top-section elementor-element elementor-element-4f955ac elementor-section-boxed elementor-section-height-default elementor-section-height-default parallax_section_no qode_elementor_container_no\" data-id=\"4f955ac\" data-element_type=\"section\" data-e-type=\"section\">\n\t\t\t\t\t\t<div class=\"elementor-container elementor-column-gap-default\">\n\t\t\t\t\t<div class=\"elementor-column elementor-col-50 elementor-top-column elementor-element elementor-element-3bc72843\" data-id=\"3bc72843\" data-element_type=\"column\" data-e-type=\"column\">\n\t\t\t<div class=\"elementor-widget-wrap elementor-element-populated\">\n\t\t\t\t\t\t<div class=\"elementor-element elementor-element-273add66 elementor-widget elementor-widget-image\" data-id=\"273add66\" data-element_type=\"widget\" data-e-type=\"widget\" data-widget_type=\"image.default\">\n\t\t\t\t\t\t\t\t\t\t\t\t\t\t\t<img fetchpriority=\"high\" decoding=\"async\" width=\"528\" height=\"731\" src=\"https:\/\/mpl.com.br\/wp-content\/smush-webp\/2022\/05\/MPL_White_Paper_Malls_PT_A4_02-1.jpg.webp\" class=\"attachment-full size-full wp-image-825\" alt=\"\" srcset=\"https:\/\/mpl.com.br\/wp-content\/smush-webp\/2022\/05\/MPL_White_Paper_Malls_PT_A4_02-1.jpg.webp 528w, https:\/\/mpl.com.br\/wp-content\/smush-webp\/2022\/05\/MPL_White_Paper_Malls_PT_A4_02-1-217x300.jpg.webp 217w\" sizes=\"(max-width: 528px) 100vw, 528px\" \/>\t\t\t\t\t\t\t\t\t\t\t\t\t\t\t<\/div>\n\t\t\t\t\t<\/div>\n\t\t<\/div>\n\t\t\t\t<div class=\"elementor-column elementor-col-50 elementor-top-column elementor-element elementor-element-28775925\" data-id=\"28775925\" data-element_type=\"column\" data-e-type=\"column\">\n\t\t\t<div class=\"elementor-widget-wrap elementor-element-populated\">\n\t\t\t\t\t\t<div class=\"elementor-element elementor-element-44309a3c elementor-widget elementor-widget-heading\" data-id=\"44309a3c\" data-element_type=\"widget\" data-e-type=\"widget\" data-widget_type=\"heading.default\">\n\t\t\t\t\t<h2 class=\"elementor-heading-title elementor-size-default\">WHITEPAPER \u2013  O MERCADO DE SHOPPING NA ERA DIGITAL<\/h2>\t\t\t\t<\/div>\n\t\t\t\t<div class=\"elementor-element elementor-element-6b557aef elementor-widget elementor-widget-text-editor\" data-id=\"6b557aef\" data-element_type=\"widget\" data-e-type=\"widget\" data-widget_type=\"text-editor.default\">\n\t\t\t\t\t\t\t\t\t<p>Hoje em dia os Shopping Centers s\u00e3o muito mais do que um conjunto de lojas dispostas no mesmo local. S\u00e3o partes essenciais das cidades, a base da economia de varejo e um ponto de encontro social. Nas \u00faltimas d\u00e9cadas, o conceito de Shopping Center se tornou uma tend\u00eancia no mercado de varejo, proliferando em todo o mundo.<\/p><p>O conceito tradicional de Shopping est\u00e1 passando por uma grande mudan\u00e7a.<\/p><p>V\u00e1rias tend\u00eancias globais est\u00e3o atuando simultaneamente, fazendo com que os shoppings mudem o papel que desempenham na vida das pessoas.<\/p><p>J\u00e1 n\u00e3o se trata de \u201capenas\u201d compras.<\/p><p>Atualmente, quando os consumidores visitam os shoppings, eles est\u00e3o procurando\u2026.<\/p>\t\t\t\t\t\t\t\t<\/div>\n\t\t\t\t<div class=\"elementor-element elementor-element-24b46b3 elementor-widget elementor-widget-shortcode\" data-id=\"24b46b3\" data-element_type=\"widget\" data-e-type=\"widget\" data-no-translation=\"\" data-widget_type=\"shortcode.default\">\n\t\t\t\t\t<style>.elementor-element-24b46b3{display:none !important}<\/style>\t\t\t\t<\/div>\n\t\t\t\t<div class=\"elementor-element elementor-element-dc883c9 elementor-widget elementor-widget-shortcode\" data-id=\"dc883c9\" data-element_type=\"widget\" data-e-type=\"widget\" data-no-translation=\"\" data-widget_type=\"shortcode.default\">\n\t\t\t\t\t\t\t<div class=\"elementor-shortcode\">[email-download download_id=\"10233\" contact_form_id=\"10209\"]<\/div>\n\t\t\t\t\t\t<\/div>\n\t\t\t\t\t<\/div>\n\t\t<\/div>\n\t\t\t\t\t<\/div>\n\t\t<\/section>\n\t\t\t\t<\/div>\n\t\t","protected":false},"excerpt":{"rendered":"<p>WHITEPAPER \u2013 THE SHOPPING MARKET IN THE DIGITAL AGE Nowadays, Shopping Centers are much more than a set of stores arranged in the same location. They are essential parts of cities, the basis of the retail economy and a social meeting point\u2026.<\/p>","protected":false},"author":26,"featured_media":0,"parent":670,"menu_order":0,"comment_status":"closed","ping_status":"closed","template":"","meta":{"footnotes":""},"class_list":["post-676","page","type-page","status-publish","hentry"],"_links":{"self":[{"href":"https:\/\/mpl.com.br\/en\/wp-json\/wp\/v2\/pages\/676","targetHints":{"allow":["GET"]}}],"collection":[{"href":"https:\/\/mpl.com.br\/en\/wp-json\/wp\/v2\/pages"}],"about":[{"href":"https:\/\/mpl.com.br\/en\/wp-json\/wp\/v2\/types\/page"}],"author":[{"embeddable":true,"href":"https:\/\/mpl.com.br\/en\/wp-json\/wp\/v2\/users\/26"}],"replies":[{"embeddable":true,"href":"https:\/\/mpl.com.br\/en\/wp-json\/wp\/v2\/comments?post=676"}],"version-history":[{"count":0,"href":"https:\/\/mpl.com.br\/en\/wp-json\/wp\/v2\/pages\/676\/revisions"}],"up":[{"embeddable":true,"href":"https:\/\/mpl.com.br\/en\/wp-json\/wp\/v2\/pages\/670"}],"wp:attachment":[{"href":"https:\/\/mpl.com.br\/en\/wp-json\/wp\/v2\/media?parent=676"}],"curies":[{"name":"wp","href":"https:\/\/api.w.org\/{rel}","templated":true}]}}