{"id":677,"date":"2022-05-03T16:39:16","date_gmt":"2022-05-03T19:39:16","guid":{"rendered":"https:\/\/129.144.60.171\/?page_id=677"},"modified":"2022-08-09T10:28:25","modified_gmt":"2022-08-09T13:28:25","slug":"the-internet-of-things","status":"publish","type":"page","link":"https:\/\/mpl.com.br\/en\/conhecimento\/white-papers\/a-internet-das-coisas\/","title":{"rendered":"The Internet of Things"},"content":{"rendered":"\t\t<div data-elementor-type=\"wp-page\" data-elementor-id=\"677\" class=\"elementor elementor-677\" data-elementor-post-type=\"page\">\n\t\t\t\t\t\t<section class=\"elementor-section elementor-top-section elementor-element elementor-element-2ede1de elementor-section-boxed elementor-section-height-default elementor-section-height-default parallax_section_no qode_elementor_container_no\" data-id=\"2ede1de\" data-element_type=\"section\" data-e-type=\"section\">\n\t\t\t\t\t\t<div class=\"elementor-container elementor-column-gap-default\">\n\t\t\t\t\t<div class=\"elementor-column elementor-col-50 elementor-top-column elementor-element elementor-element-9a61436\" data-id=\"9a61436\" data-element_type=\"column\" data-e-type=\"column\">\n\t\t\t<div class=\"elementor-widget-wrap elementor-element-populated\">\n\t\t\t\t\t\t<div class=\"elementor-element elementor-element-ab2ae23 elementor-widget elementor-widget-image\" data-id=\"ab2ae23\" data-element_type=\"widget\" data-e-type=\"widget\" data-widget_type=\"image.default\">\n\t\t\t\t\t\t\t\t\t\t\t\t\t\t\t<img fetchpriority=\"high\" decoding=\"async\" width=\"729\" height=\"547\" src=\"https:\/\/mpl.com.br\/wp-content\/uploads\/2022\/06\/IoT-2.jpg\" class=\"attachment-full size-full wp-image-1393\" alt=\"\" srcset=\"https:\/\/mpl.com.br\/wp-content\/uploads\/2022\/06\/IoT-2.jpg 729w, https:\/\/mpl.com.br\/wp-content\/uploads\/2022\/06\/IoT-2-300x225.jpg 300w, https:\/\/mpl.com.br\/wp-content\/uploads\/2022\/06\/IoT-2-700x525.jpg 700w\" sizes=\"(max-width: 729px) 100vw, 729px\" \/>\t\t\t\t\t\t\t\t\t\t\t\t\t\t\t<\/div>\n\t\t\t\t\t<\/div>\n\t\t<\/div>\n\t\t\t\t<div class=\"elementor-column elementor-col-50 elementor-top-column elementor-element elementor-element-afd2013\" data-id=\"afd2013\" data-element_type=\"column\" data-e-type=\"column\">\n\t\t\t<div class=\"elementor-widget-wrap elementor-element-populated\">\n\t\t\t\t\t\t<div class=\"elementor-element elementor-element-7b40f8f7 elementor-widget elementor-widget-heading\" data-id=\"7b40f8f7\" data-element_type=\"widget\" data-e-type=\"widget\" data-widget_type=\"heading.default\">\n\t\t\t\t\t<h2 class=\"elementor-heading-title elementor-size-default\">Internet das Coisas \u2013 A arma secreta do JDE<\/h2>\t\t\t\t<\/div>\n\t\t\t\t<div class=\"elementor-element elementor-element-21e43ff elementor-widget elementor-widget-heading\" data-id=\"21e43ff\" data-element_type=\"widget\" data-e-type=\"widget\" data-widget_type=\"heading.default\">\n\t\t\t\t\t<h2 class=\"elementor-heading-title elementor-size-default\">JD Edwards e Internet das Coisas: As melhores aplica\u00e7\u00f5es para os neg\u00f3cios de ind\u00fastria potencializados por dados reais da Internet das Coisas.<\/h2>\t\t\t\t<\/div>\n\t\t\t\t<div class=\"elementor-element elementor-element-32142b9d elementor-widget elementor-widget-text-editor\" data-id=\"32142b9d\" data-element_type=\"widget\" data-e-type=\"widget\" data-widget_type=\"text-editor.default\">\n\t\t\t\t\t\t\t\t\t<p>As aplica\u00e7\u00f5es do JD Edwards da Oracle s\u00e3o \u00a0capazes de alavancar as possibilidades da Internet das Coisas e oferecer solu\u00e7\u00f5es altamente diferenciadas para clientes. Por 4 d\u00e9cadas, o time de JD Edwards desenvolve, inova e entrega aplica\u00e7\u00f5es de neg\u00f3cio para clientes de v\u00e1rios tipos de ind\u00fastria, tamanho e de todos os lugares.<\/p><p>O resultado \u00e9 uma su\u00edte de aplicativos madura, est\u00e1vel e ao mesmo tempo moderna. Os clientes JD Edwards dependem dessas aplica\u00e7\u00f5es para manufaturar coisas, manter e reparar coisas, vender coisas, alugar coisas, transportar e armazenar coisas, e plantar coisas.<\/p><p>E agora, nessa era emergente da Internet das Coisas, \u00e9 uma extens\u00e3o natural integrar esta tecnologia com as aplica\u00e7\u00f5es do JD Edwards. Dessa forma, a Internet das Coisas endere\u00e7a um novo n\u00edvel de valores e possibilidades das aplica\u00e7\u00f5es do JD Edwards, nas quais os clientes j\u00e1 investiram.<\/p>\t\t\t\t\t\t\t\t<\/div>\n\t\t\t\t<div class=\"elementor-element elementor-element-c3b205e elementor-widget elementor-widget-shortcode\" data-id=\"c3b205e\" data-element_type=\"widget\" data-e-type=\"widget\" data-no-translation=\"\" data-widget_type=\"shortcode.default\">\n\t\t\t\t\t<style>.elementor-element-c3b205e{display:none !important}<\/style>\t\t\t\t<\/div>\n\t\t\t\t<div class=\"elementor-element elementor-element-b1489c5 elementor-widget elementor-widget-shortcode\" data-id=\"b1489c5\" data-element_type=\"widget\" data-e-type=\"widget\" data-no-translation=\"\" data-widget_type=\"shortcode.default\">\n\t\t\t\t\t\t\t<div class=\"elementor-shortcode\">[email-download download_id=\"10248\" contact_form_id=\"10209\"]<\/div>\n\t\t\t\t\t\t<\/div>\n\t\t\t\t\t<\/div>\n\t\t<\/div>\n\t\t\t\t\t<\/div>\n\t\t<\/section>\n\t\t\t\t<\/div>\n\t\t","protected":false},"excerpt":{"rendered":"<p>Internet das Coisas \u2013 A arma secreta do JDE JD Edwards e Internet das Coisas: As melhores aplica\u00e7\u00f5es para os neg\u00f3cios de <a  href=\"https:\/\/mpl.com.br\/en\/solucoes\/segmentos\/industria\/\">industry<\/a> potencializados por dados reais da Internet das Coisas. As aplica\u00e7\u00f5es do JD Edwards da Oracle s\u00e3o \u00a0capazes de alavancar as possibilidades da&#8230;<\/p>","protected":false},"author":26,"featured_media":0,"parent":670,"menu_order":0,"comment_status":"closed","ping_status":"closed","template":"","meta":{"footnotes":""},"class_list":["post-677","page","type-page","status-publish","hentry"],"_links":{"self":[{"href":"https:\/\/mpl.com.br\/en\/wp-json\/wp\/v2\/pages\/677","targetHints":{"allow":["GET"]}}],"collection":[{"href":"https:\/\/mpl.com.br\/en\/wp-json\/wp\/v2\/pages"}],"about":[{"href":"https:\/\/mpl.com.br\/en\/wp-json\/wp\/v2\/types\/page"}],"author":[{"embeddable":true,"href":"https:\/\/mpl.com.br\/en\/wp-json\/wp\/v2\/users\/26"}],"replies":[{"embeddable":true,"href":"https:\/\/mpl.com.br\/en\/wp-json\/wp\/v2\/comments?post=677"}],"version-history":[{"count":0,"href":"https:\/\/mpl.com.br\/en\/wp-json\/wp\/v2\/pages\/677\/revisions"}],"up":[{"embeddable":true,"href":"https:\/\/mpl.com.br\/en\/wp-json\/wp\/v2\/pages\/670"}],"wp:attachment":[{"href":"https:\/\/mpl.com.br\/en\/wp-json\/wp\/v2\/media?parent=677"}],"curies":[{"name":"wp","href":"https:\/\/api.w.org\/{rel}","templated":true}]}}