{"id":678,"date":"2022-05-03T16:39:27","date_gmt":"2022-05-03T19:39:27","guid":{"rendered":"https:\/\/129.144.60.171\/?page_id=678"},"modified":"2022-08-08T20:49:06","modified_gmt":"2022-08-08T23:49:06","slug":"importance-of-periodic-access-review","status":"publish","type":"page","link":"https:\/\/mpl.com.br\/en\/conhecimento\/white-papers\/importancia-da-revisao-periodica-de-acessos\/","title":{"rendered":"Importance of periodic review of accesses"},"content":{"rendered":"\t\t<div data-elementor-type=\"wp-page\" data-elementor-id=\"678\" class=\"elementor elementor-678\" data-elementor-post-type=\"page\">\n\t\t\t\t\t\t<section class=\"elementor-section elementor-top-section elementor-element elementor-element-3080e76f elementor-section-boxed elementor-section-height-default elementor-section-height-default parallax_section_no qode_elementor_container_no\" data-id=\"3080e76f\" data-element_type=\"section\" data-e-type=\"section\">\n\t\t\t\t\t\t<div class=\"elementor-container elementor-column-gap-default\">\n\t\t\t\t\t<div class=\"elementor-column elementor-col-50 elementor-top-column elementor-element elementor-element-5d95ecd4\" data-id=\"5d95ecd4\" data-element_type=\"column\" data-e-type=\"column\">\n\t\t\t<div class=\"elementor-widget-wrap elementor-element-populated\">\n\t\t\t\t\t\t<div class=\"elementor-element elementor-element-4d825be5 elementor-widget elementor-widget-image\" data-id=\"4d825be5\" data-element_type=\"widget\" data-e-type=\"widget\" data-widget_type=\"image.default\">\n\t\t\t\t\t\t\t\t\t\t\t\t\t\t\t<img fetchpriority=\"high\" decoding=\"async\" width=\"407\" height=\"580\" src=\"https:\/\/mpl.com.br\/wp-content\/uploads\/2022\/05\/Audit-Readiness_PORT_20210706-1.jpg\" class=\"attachment-full size-full wp-image-830\" alt=\"\" srcset=\"https:\/\/mpl.com.br\/wp-content\/uploads\/2022\/05\/Audit-Readiness_PORT_20210706-1.jpg 407w, https:\/\/mpl.com.br\/wp-content\/uploads\/2022\/05\/Audit-Readiness_PORT_20210706-1-211x300.jpg 211w\" sizes=\"(max-width: 407px) 100vw, 407px\" \/>\t\t\t\t\t\t\t\t\t\t\t\t\t\t\t<\/div>\n\t\t\t\t\t<\/div>\n\t\t<\/div>\n\t\t\t\t<div class=\"elementor-column elementor-col-50 elementor-top-column elementor-element elementor-element-360dc81f\" data-id=\"360dc81f\" data-element_type=\"column\" data-e-type=\"column\">\n\t\t\t<div class=\"elementor-widget-wrap elementor-element-populated\">\n\t\t\t\t\t\t<div class=\"elementor-element elementor-element-1b5306b elementor-widget elementor-widget-text-editor\" data-id=\"1b5306b\" data-element_type=\"widget\" data-e-type=\"widget\" data-widget_type=\"text-editor.default\">\n\t\t\t\t\t\t\t\t\t<p class=\"p1\">Evitar acessos n\u00e3o autorizados elimina exposi\u00e7\u00e3o a riscos financeiros, implica\u00e7\u00f5es legais e, em \u00faltimos casos at\u00e9, chantagens. Neste white paper, conciso e objetivo, Carrie Curry mostra como as revis\u00f5es peri\u00f3dicas da seguran\u00e7a no JD Edwards s\u00e3o necess\u00e1rias e ajudam a identificar acessos redundantes ou desnecess\u00e1rios. Saiba o que voc\u00ea pode fazer para estar sempre preparado para auditorias na sua empresa.<\/p>\t\t\t\t\t\t\t\t<\/div>\n\t\t\t\t<div class=\"elementor-element elementor-element-3b800e7 elementor-widget elementor-widget-shortcode\" data-id=\"3b800e7\" data-element_type=\"widget\" data-e-type=\"widget\" data-no-translation=\"\" data-widget_type=\"shortcode.default\">\n\t\t\t\t\t<style>.elementor-element-3b800e7{display:none !important}<\/style>\t\t\t\t<\/div>\n\t\t\t\t<div class=\"elementor-element elementor-element-3f378bf elementor-widget elementor-widget-shortcode\" data-id=\"3f378bf\" data-element_type=\"widget\" data-e-type=\"widget\" data-no-translation=\"\" data-widget_type=\"shortcode.default\">\n\t\t\t\t\t\t\t<div class=\"elementor-shortcode\">[email-download download_id=\"10231\" contact_form_id=\"10209\"]<\/div>\n\t\t\t\t\t\t<\/div>\n\t\t\t\t\t<\/div>\n\t\t<\/div>\n\t\t\t\t\t<\/div>\n\t\t<\/section>\n\t\t\t\t<\/div>\n\t\t","protected":false},"excerpt":{"rendered":"<p>Preventing unauthorized access eliminates exposure to financial risks, legal implications and, in the latter cases, even blackmail. In this concise and objective white paper, Carrie Curry shows how periodic reviews of <a  href=\"https:\/\/mpl.com.br\/en\/solucoes\/seguranca\/\">security<\/a> no JD Edwards s\u00e3o necess\u00e1rias e ajudam a identificar acessos redundantes ou desnecess\u00e1rios&#8230;.<\/p>","protected":false},"author":26,"featured_media":0,"parent":670,"menu_order":0,"comment_status":"closed","ping_status":"closed","template":"","meta":{"footnotes":""},"class_list":["post-678","page","type-page","status-publish","hentry"],"_links":{"self":[{"href":"https:\/\/mpl.com.br\/en\/wp-json\/wp\/v2\/pages\/678","targetHints":{"allow":["GET"]}}],"collection":[{"href":"https:\/\/mpl.com.br\/en\/wp-json\/wp\/v2\/pages"}],"about":[{"href":"https:\/\/mpl.com.br\/en\/wp-json\/wp\/v2\/types\/page"}],"author":[{"embeddable":true,"href":"https:\/\/mpl.com.br\/en\/wp-json\/wp\/v2\/users\/26"}],"replies":[{"embeddable":true,"href":"https:\/\/mpl.com.br\/en\/wp-json\/wp\/v2\/comments?post=678"}],"version-history":[{"count":0,"href":"https:\/\/mpl.com.br\/en\/wp-json\/wp\/v2\/pages\/678\/revisions"}],"up":[{"embeddable":true,"href":"https:\/\/mpl.com.br\/en\/wp-json\/wp\/v2\/pages\/670"}],"wp:attachment":[{"href":"https:\/\/mpl.com.br\/en\/wp-json\/wp\/v2\/media?parent=678"}],"curies":[{"name":"wp","href":"https:\/\/api.w.org\/{rel}","templated":true}]}}