{"id":680,"date":"2022-05-03T16:39:57","date_gmt":"2022-05-03T19:39:57","guid":{"rendered":"https:\/\/129.144.60.171\/?page_id=680"},"modified":"2022-08-09T10:06:25","modified_gmt":"2022-08-09T13:06:25","slug":"jd-edwards-9-2-the-driver-of-digital-transformation","status":"publish","type":"page","link":"https:\/\/mpl.com.br\/en\/conhecimento\/webinar\/jd-edwards-9-2-o-propulsor-da-transformacao-digital\/","title":{"rendered":"JD Edwards 9.2 \u2013 The Driver of Digital Transformation"},"content":{"rendered":"\t\t<div data-elementor-type=\"wp-page\" data-elementor-id=\"680\" class=\"elementor elementor-680\" data-elementor-post-type=\"page\">\n\t\t\t\t\t\t<section class=\"elementor-section elementor-top-section elementor-element elementor-element-68e1fd8d elementor-section-boxed elementor-section-height-default elementor-section-height-default parallax_section_no qode_elementor_container_no\" data-id=\"68e1fd8d\" data-element_type=\"section\" data-e-type=\"section\">\n\t\t\t\t\t\t<div class=\"elementor-container elementor-column-gap-default\">\n\t\t\t\t\t<div class=\"elementor-column elementor-col-50 elementor-top-column elementor-element elementor-element-6f8a9abd\" data-id=\"6f8a9abd\" data-element_type=\"column\" data-e-type=\"column\">\n\t\t\t<div class=\"elementor-widget-wrap elementor-element-populated\">\n\t\t\t\t\t\t<div class=\"elementor-element elementor-element-480a36cf elementor-widget elementor-widget-image\" data-id=\"480a36cf\" data-element_type=\"widget\" data-e-type=\"widget\" data-widget_type=\"image.default\">\n\t\t\t\t\t\t\t\t\t\t\t\t\t\t\t<img fetchpriority=\"high\" decoding=\"async\" width=\"595\" height=\"842\" src=\"https:\/\/mpl.com.br\/wp-content\/smush-webp\/2022\/05\/MPL_White-paper-webinar_Migre-para-Orale-JDE-9.2_A4.png.webp\" class=\"attachment-full size-full wp-image-832\" alt=\"\" srcset=\"https:\/\/mpl.com.br\/wp-content\/smush-webp\/2022\/05\/MPL_White-paper-webinar_Migre-para-Orale-JDE-9.2_A4.png.webp 595w, https:\/\/mpl.com.br\/wp-content\/smush-webp\/2022\/05\/MPL_White-paper-webinar_Migre-para-Orale-JDE-9.2_A4-212x300.png.webp 212w\" sizes=\"(max-width: 595px) 100vw, 595px\" \/>\t\t\t\t\t\t\t\t\t\t\t\t\t\t\t<\/div>\n\t\t\t\t\t<\/div>\n\t\t<\/div>\n\t\t\t\t<div class=\"elementor-column elementor-col-50 elementor-top-column elementor-element elementor-element-2281c61\" data-id=\"2281c61\" data-element_type=\"column\" data-e-type=\"column\">\n\t\t\t<div class=\"elementor-widget-wrap elementor-element-populated\">\n\t\t\t\t\t\t<div class=\"elementor-element elementor-element-2e2be0e2 elementor-widget elementor-widget-text-editor\" data-id=\"2e2be0e2\" data-element_type=\"widget\" data-e-type=\"widget\" data-widget_type=\"text-editor.default\">\n\t\t\t\t\t\t\t\t\t<p>Voc\u00ea j\u00e1 deve ter ouvido falar bastante das novas funcionalidades da vers\u00e3o&nbsp;JD Edwards&nbsp;9.2.<\/p>\n<p>Neste webinar, a MPL apresenta as tend\u00eancias do mercado de ERP e a estrat\u00e9gia da Oracle para o produto JD Edwards, al\u00e9m das novas funcionalidades de Tools e Aplica\u00e7\u00f5es lan\u00e7adas pela Oracle.<\/p>\n<p>Entre outras novidades, usando personaliza\u00e7\u00f5es, extens\u00f5es de tela e o Orchestrator \u2013 &nbsp;o grande propulsor da transforma\u00e7\u00e3o digital dentro do&nbsp;JD Edwards&nbsp;\u2013 veja como voce pode criar automa\u00e7\u00f5es simples e usuais.<\/p>\t\t\t\t\t\t\t\t<\/div>\n\t\t\t\t<div class=\"elementor-element elementor-element-c948d09 elementor-widget elementor-widget-shortcode\" data-id=\"c948d09\" data-element_type=\"widget\" data-e-type=\"widget\" data-no-translation=\"\" data-widget_type=\"shortcode.default\">\n\t\t\t\t\t<style>.elementor-element-c948d09{display:none !important}<\/style>\t\t\t\t<\/div>\n\t\t\t\t<div class=\"elementor-element elementor-element-d10396f elementor-widget elementor-widget-shortcode\" data-id=\"d10396f\" data-element_type=\"widget\" data-e-type=\"widget\" data-no-translation=\"\" data-widget_type=\"shortcode.default\">\n\t\t\t\t\t\t\t<div class=\"elementor-shortcode\">[email-download download_id=\"10196\" contact_form_id=\"10209\"]<\/div>\n\t\t\t\t\t\t<\/div>\n\t\t\t\t\t<\/div>\n\t\t<\/div>\n\t\t\t\t\t<\/div>\n\t\t<\/section>\n\t\t\t\t<\/div>\n\t\t","protected":false},"excerpt":{"rendered":"<p>You've probably heard a lot about the new features in JD Edwards 9.2. In this <a  href=\"https:\/\/mpl.com.br\/en\/conhecimento\/webinar\/\">webinar<\/a>, <a  href=\"https:\/\/mpl.com.br\/en\/a-mpl\/\">the MPL<\/a> presents the market trends of <a  href=\"https:\/\/mpl.com.br\/en\/solucoes\/erp\/\">ERP<\/a> and Oracle's strategy for the JD Edwards product, as well as the new Tools and Applications features launched by Oracle....<\/p>","protected":false},"author":26,"featured_media":0,"parent":679,"menu_order":0,"comment_status":"closed","ping_status":"closed","template":"","meta":{"footnotes":""},"class_list":["post-680","page","type-page","status-publish","hentry"],"_links":{"self":[{"href":"https:\/\/mpl.com.br\/en\/wp-json\/wp\/v2\/pages\/680","targetHints":{"allow":["GET"]}}],"collection":[{"href":"https:\/\/mpl.com.br\/en\/wp-json\/wp\/v2\/pages"}],"about":[{"href":"https:\/\/mpl.com.br\/en\/wp-json\/wp\/v2\/types\/page"}],"author":[{"embeddable":true,"href":"https:\/\/mpl.com.br\/en\/wp-json\/wp\/v2\/users\/26"}],"replies":[{"embeddable":true,"href":"https:\/\/mpl.com.br\/en\/wp-json\/wp\/v2\/comments?post=680"}],"version-history":[{"count":0,"href":"https:\/\/mpl.com.br\/en\/wp-json\/wp\/v2\/pages\/680\/revisions"}],"up":[{"embeddable":true,"href":"https:\/\/mpl.com.br\/en\/wp-json\/wp\/v2\/pages\/679"}],"wp:attachment":[{"href":"https:\/\/mpl.com.br\/en\/wp-json\/wp\/v2\/media?parent=680"}],"curies":[{"name":"wp","href":"https:\/\/api.w.org\/{rel}","templated":true}]}}