{"id":681,"date":"2022-05-03T16:40:12","date_gmt":"2022-05-03T19:40:12","guid":{"rendered":"https:\/\/129.144.60.171\/?page_id=681"},"modified":"2022-08-09T10:06:46","modified_gmt":"2022-08-09T13:06:46","slug":"commodities-trading-management","status":"publish","type":"page","link":"https:\/\/mpl.com.br\/en\/conhecimento\/webinar\/commodities-trading-management\/","title":{"rendered":"Commodities Trading Management"},"content":{"rendered":"\t\t<div data-elementor-type=\"wp-page\" data-elementor-id=\"681\" class=\"elementor elementor-681\" data-elementor-post-type=\"page\">\n\t\t\t\t\t\t<section class=\"elementor-section elementor-top-section elementor-element elementor-element-17226118 elementor-section-boxed elementor-section-height-default elementor-section-height-default parallax_section_no qode_elementor_container_no\" data-id=\"17226118\" data-element_type=\"section\" data-e-type=\"section\">\n\t\t\t\t\t\t<div class=\"elementor-container elementor-column-gap-default\">\n\t\t\t\t\t<div class=\"elementor-column elementor-col-50 elementor-top-column elementor-element elementor-element-10de3a9c\" data-id=\"10de3a9c\" data-element_type=\"column\" data-e-type=\"column\">\n\t\t\t<div class=\"elementor-widget-wrap elementor-element-populated\">\n\t\t\t\t\t\t<div class=\"elementor-element elementor-element-1dea1d35 elementor-widget elementor-widget-image\" data-id=\"1dea1d35\" data-element_type=\"widget\" data-e-type=\"widget\" data-widget_type=\"image.default\">\n\t\t\t\t\t\t\t\t\t\t\t\t\t\t\t<img fetchpriority=\"high\" decoding=\"async\" width=\"1810\" height=\"2560\" src=\"https:\/\/mpl.com.br\/wp-content\/smush-webp\/2022\/05\/MPL_CTRM_Lamina_Versao-portugues-02_A4-scaled.jpg.webp\" class=\"attachment-full size-full wp-image-834\" alt=\"\" srcset=\"https:\/\/mpl.com.br\/wp-content\/smush-webp\/2022\/05\/MPL_CTRM_Lamina_Versao-portugues-02_A4-scaled.jpg.webp 1810w, https:\/\/mpl.com.br\/wp-content\/smush-webp\/2022\/05\/MPL_CTRM_Lamina_Versao-portugues-02_A4-212x300.jpg.webp 212w, https:\/\/mpl.com.br\/wp-content\/smush-webp\/2022\/05\/MPL_CTRM_Lamina_Versao-portugues-02_A4-724x1024.jpg.webp 724w, https:\/\/mpl.com.br\/wp-content\/smush-webp\/2022\/05\/MPL_CTRM_Lamina_Versao-portugues-02_A4-768x1086.jpg.webp 768w, https:\/\/mpl.com.br\/wp-content\/smush-webp\/2022\/05\/MPL_CTRM_Lamina_Versao-portugues-02_A4-1086x1536.jpg.webp 1086w, https:\/\/mpl.com.br\/wp-content\/smush-webp\/2022\/05\/MPL_CTRM_Lamina_Versao-portugues-02_A4-1448x2048.jpg.webp 1448w, https:\/\/mpl.com.br\/wp-content\/smush-webp\/2022\/05\/MPL_CTRM_Lamina_Versao-portugues-02_A4-700x990.jpg.webp 700w\" sizes=\"(max-width: 1810px) 100vw, 1810px\" \/>\t\t\t\t\t\t\t\t\t\t\t\t\t\t\t<\/div>\n\t\t\t\t\t<\/div>\n\t\t<\/div>\n\t\t\t\t<div class=\"elementor-column elementor-col-50 elementor-top-column elementor-element elementor-element-2ffd1a30\" data-id=\"2ffd1a30\" data-element_type=\"column\" data-e-type=\"column\">\n\t\t\t<div class=\"elementor-widget-wrap elementor-element-populated\">\n\t\t\t\t\t\t<div class=\"elementor-element elementor-element-13881bf4 elementor-widget elementor-widget-text-editor\" data-id=\"13881bf4\" data-element_type=\"widget\" data-e-type=\"widget\" data-widget_type=\"text-editor.default\">\n\t\t\t\t\t\t\t\t\t<p class=\"p1\">O desafio das empresas de Commodity Trading em otimizar seus processos n\u00e3o \u00e9 simples. \u00c9 preciso gerenciar uma conex\u00e3o complexa entre flutua\u00e7\u00f5es de pre\u00e7os em negocia\u00e7\u00f5es futuras, tarifas e a log\u00edstica das mercadorias. Neste webinar apresentamos a solu\u00e7\u00e3o Commodities Trading Management \u2013\u00a0Arantys\u00a0que permite \u00e0s equipes de trabalho negociar, gerenciar invent\u00e1rios e finan\u00e7as, com processos transparentes e colaborativos.<\/p>\t\t\t\t\t\t\t\t<\/div>\n\t\t\t\t<div class=\"elementor-element elementor-element-6f9e6e4 elementor-widget elementor-widget-shortcode\" data-id=\"6f9e6e4\" data-element_type=\"widget\" data-e-type=\"widget\" data-no-translation=\"\" data-widget_type=\"shortcode.default\">\n\t\t\t\t\t<style>.elementor-element-6f9e6e4{display:none !important}<\/style>\t\t\t\t<\/div>\n\t\t\t\t<div class=\"elementor-element elementor-element-29fc0bd elementor-widget elementor-widget-shortcode\" data-id=\"29fc0bd\" data-element_type=\"widget\" data-e-type=\"widget\" data-no-translation=\"\" data-widget_type=\"shortcode.default\">\n\t\t\t\t\t\t\t<div class=\"elementor-shortcode\">[email-download download_id=\"10234\" contact_form_id=\"10209\"]<\/div>\n\t\t\t\t\t\t<\/div>\n\t\t\t\t\t<\/div>\n\t\t<\/div>\n\t\t\t\t\t<\/div>\n\t\t<\/section>\n\t\t\t\t<\/div>\n\t\t","protected":false},"excerpt":{"rendered":"<p>O desafio das empresas de Commodity Trading em otimizar seus processos n\u00e3o \u00e9 simples. \u00c9 preciso gerenciar uma conex\u00e3o complexa entre flutua\u00e7\u00f5es de pre\u00e7os em negocia\u00e7\u00f5es futuras, tarifas e a log\u00edstica das mercadorias. Neste <a  href=\"https:\/\/mpl.com.br\/en\/conhecimento\/webinar\/\">webinar<\/a> apresentamos a solu\u00e7\u00e3o Commodities Trading Management \u2013\u00a0<a  href=\"https:\/\/mpl.com.br\/en\/arantys\/\">Arantys<\/a>\u00a0que permite \u00e0s equipes&#8230;<\/p>","protected":false},"author":26,"featured_media":0,"parent":679,"menu_order":0,"comment_status":"closed","ping_status":"closed","template":"","meta":{"footnotes":""},"class_list":["post-681","page","type-page","status-publish","hentry"],"_links":{"self":[{"href":"https:\/\/mpl.com.br\/en\/wp-json\/wp\/v2\/pages\/681","targetHints":{"allow":["GET"]}}],"collection":[{"href":"https:\/\/mpl.com.br\/en\/wp-json\/wp\/v2\/pages"}],"about":[{"href":"https:\/\/mpl.com.br\/en\/wp-json\/wp\/v2\/types\/page"}],"author":[{"embeddable":true,"href":"https:\/\/mpl.com.br\/en\/wp-json\/wp\/v2\/users\/26"}],"replies":[{"embeddable":true,"href":"https:\/\/mpl.com.br\/en\/wp-json\/wp\/v2\/comments?post=681"}],"version-history":[{"count":0,"href":"https:\/\/mpl.com.br\/en\/wp-json\/wp\/v2\/pages\/681\/revisions"}],"up":[{"embeddable":true,"href":"https:\/\/mpl.com.br\/en\/wp-json\/wp\/v2\/pages\/679"}],"wp:attachment":[{"href":"https:\/\/mpl.com.br\/en\/wp-json\/wp\/v2\/media?parent=681"}],"curies":[{"name":"wp","href":"https:\/\/api.w.org\/{rel}","templated":true}]}}