{"id":682,"date":"2022-05-03T16:40:22","date_gmt":"2022-05-03T19:40:22","guid":{"rendered":"https:\/\/129.144.60.171\/?page_id=682"},"modified":"2022-08-09T10:07:10","modified_gmt":"2022-08-09T13:07:10","slug":"lgpd-oracle-jd-edwards","status":"publish","type":"page","link":"https:\/\/mpl.com.br\/en\/conhecimento\/webinar\/lgpd-oracle-jd-edwards\/","title":{"rendered":"LGPD &amp; Oracle JD Edwards"},"content":{"rendered":"\t\t<div data-elementor-type=\"wp-page\" data-elementor-id=\"682\" class=\"elementor elementor-682\" data-elementor-post-type=\"page\">\n\t\t\t\t\t\t<section class=\"elementor-section elementor-top-section elementor-element elementor-element-9aab2ac elementor-section-boxed elementor-section-height-default elementor-section-height-default parallax_section_no qode_elementor_container_no\" data-id=\"9aab2ac\" data-element_type=\"section\" data-e-type=\"section\">\n\t\t\t\t\t\t<div class=\"elementor-container elementor-column-gap-default\">\n\t\t\t\t\t<div class=\"elementor-column elementor-col-50 elementor-top-column elementor-element elementor-element-17fd6ea1\" data-id=\"17fd6ea1\" data-element_type=\"column\" data-e-type=\"column\">\n\t\t\t<div class=\"elementor-widget-wrap elementor-element-populated\">\n\t\t\t\t\t\t<div class=\"elementor-element elementor-element-7849535 elementor-widget elementor-widget-image\" data-id=\"7849535\" data-element_type=\"widget\" data-e-type=\"widget\" data-widget_type=\"image.default\">\n\t\t\t\t\t\t\t\t\t\t\t\t\t\t\t<img fetchpriority=\"high\" decoding=\"async\" width=\"595\" height=\"842\" src=\"https:\/\/mpl.com.br\/wp-content\/smush-webp\/2022\/05\/MPL_Webinar_LGPD-Oracle.jpg.webp\" class=\"attachment-full size-full wp-image-836\" alt=\"\" srcset=\"https:\/\/mpl.com.br\/wp-content\/smush-webp\/2022\/05\/MPL_Webinar_LGPD-Oracle.jpg.webp 595w, https:\/\/mpl.com.br\/wp-content\/smush-webp\/2022\/05\/MPL_Webinar_LGPD-Oracle-212x300.jpg.webp 212w\" sizes=\"(max-width: 595px) 100vw, 595px\" \/>\t\t\t\t\t\t\t\t\t\t\t\t\t\t\t<\/div>\n\t\t\t\t\t<\/div>\n\t\t<\/div>\n\t\t\t\t<div class=\"elementor-column elementor-col-50 elementor-top-column elementor-element elementor-element-324b6d92\" data-id=\"324b6d92\" data-element_type=\"column\" data-e-type=\"column\">\n\t\t\t<div class=\"elementor-widget-wrap elementor-element-populated\">\n\t\t\t\t\t\t<div class=\"elementor-element elementor-element-7dcb1a4c elementor-widget elementor-widget-text-editor\" data-id=\"7dcb1a4c\" data-element_type=\"widget\" data-e-type=\"widget\" data-widget_type=\"text-editor.default\">\n\t\t\t\t\t\t\t\t\t<p class=\"p1\">Voc\u00ea j\u00e1 deve ter ouvido falar bastante da nova Lei Geral de Prote\u00e7\u00e3o de Dados. Se a sua empresa utiliza o Oracle JD Edwards, vai poder saber mais sobre o que \u00e9 preciso fazer para adequar-se \u00e0 LGPD. O webinar inclui parceiros especializados nas \u00e1reas de Infraestrutura e Banco de Dados (Advanced IT) e Direito Digital e Seguran\u00e7a da Informa\u00e7\u00e3o (Daniel Advogados), e discutimos um plano de trabalho que contempla as exig\u00eancias da nova lei, apresentando os ganhos diretos e indiretos das adequa\u00e7\u00f5es.<\/p>\t\t\t\t\t\t\t\t<\/div>\n\t\t\t\t<div class=\"elementor-element elementor-element-bdb31f6 elementor-widget elementor-widget-shortcode\" data-id=\"bdb31f6\" data-element_type=\"widget\" data-e-type=\"widget\" data-no-translation=\"\" data-widget_type=\"shortcode.default\">\n\t\t\t\t\t<style>.elementor-element-bdb31f6{display:none !important}<\/style>\t\t\t\t<\/div>\n\t\t\t\t<div class=\"elementor-element elementor-element-ac95997 elementor-widget elementor-widget-shortcode\" data-id=\"ac95997\" data-element_type=\"widget\" data-e-type=\"widget\" data-no-translation=\"\" data-widget_type=\"shortcode.default\">\n\t\t\t\t\t\t\t<div class=\"elementor-shortcode\">[email-download download_id=\"10198\" contact_form_id=\"10209\"]<\/div>\n\t\t\t\t\t\t<\/div>\n\t\t\t\t\t<\/div>\n\t\t<\/div>\n\t\t\t\t\t<\/div>\n\t\t<\/section>\n\t\t\t\t<\/div>\n\t\t","protected":false},"excerpt":{"rendered":"<p>Voc\u00ea j\u00e1 deve ter ouvido falar bastante da nova Lei Geral de Prote\u00e7\u00e3o de Dados. Se a sua empresa utiliza o <a  href=\"https:\/\/mpl.com.br\/en\/solucoes\/oracle-jde\/oracle-jd-edwards\/\">Oracle JD Edwards<\/a>, vai poder saber mais sobre o que \u00e9 preciso fazer para adequar-se \u00e0 LGPD. O <a  href=\"https:\/\/mpl.com.br\/en\/conhecimento\/webinar\/\">webinar<\/a> inclui <a  href=\"https:\/\/mpl.com.br\/en\/a-mpl\/parceiros\/\">parceiros<\/a> especializados nas \u00e1reas&#8230;<\/p>","protected":false},"author":26,"featured_media":0,"parent":679,"menu_order":0,"comment_status":"closed","ping_status":"closed","template":"","meta":{"footnotes":""},"class_list":["post-682","page","type-page","status-publish","hentry"],"_links":{"self":[{"href":"https:\/\/mpl.com.br\/en\/wp-json\/wp\/v2\/pages\/682","targetHints":{"allow":["GET"]}}],"collection":[{"href":"https:\/\/mpl.com.br\/en\/wp-json\/wp\/v2\/pages"}],"about":[{"href":"https:\/\/mpl.com.br\/en\/wp-json\/wp\/v2\/types\/page"}],"author":[{"embeddable":true,"href":"https:\/\/mpl.com.br\/en\/wp-json\/wp\/v2\/users\/26"}],"replies":[{"embeddable":true,"href":"https:\/\/mpl.com.br\/en\/wp-json\/wp\/v2\/comments?post=682"}],"version-history":[{"count":0,"href":"https:\/\/mpl.com.br\/en\/wp-json\/wp\/v2\/pages\/682\/revisions"}],"up":[{"embeddable":true,"href":"https:\/\/mpl.com.br\/en\/wp-json\/wp\/v2\/pages\/679"}],"wp:attachment":[{"href":"https:\/\/mpl.com.br\/en\/wp-json\/wp\/v2\/media?parent=682"}],"curies":[{"name":"wp","href":"https:\/\/api.w.org\/{rel}","templated":true}]}}