{"id":683,"date":"2022-05-03T16:40:34","date_gmt":"2022-05-03T19:40:34","guid":{"rendered":"https:\/\/129.144.60.171\/?page_id=683"},"modified":"2022-08-09T10:07:26","modified_gmt":"2022-08-09T13:07:26","slug":"transformacao-digital","status":"publish","type":"page","link":"https:\/\/mpl.com.br\/en\/conhecimento\/webinar\/transformacao-digital\/","title":{"rendered":"Digital Transformation"},"content":{"rendered":"\t\t<div data-elementor-type=\"wp-page\" data-elementor-id=\"683\" class=\"elementor elementor-683\" data-elementor-post-type=\"page\">\n\t\t\t\t\t\t<section class=\"elementor-section elementor-top-section elementor-element elementor-element-a8e2583 elementor-section-boxed elementor-section-height-default elementor-section-height-default parallax_section_no qode_elementor_container_no\" data-id=\"a8e2583\" data-element_type=\"section\" data-e-type=\"section\">\n\t\t\t\t\t\t<div class=\"elementor-container elementor-column-gap-default\">\n\t\t\t\t\t<div class=\"elementor-column elementor-col-50 elementor-top-column elementor-element elementor-element-2be16557\" data-id=\"2be16557\" data-element_type=\"column\" data-e-type=\"column\">\n\t\t\t<div class=\"elementor-widget-wrap elementor-element-populated\">\n\t\t\t\t\t\t<div class=\"elementor-element elementor-element-1cee8e65 elementor-widget elementor-widget-image\" data-id=\"1cee8e65\" data-element_type=\"widget\" data-e-type=\"widget\" data-widget_type=\"image.default\">\n\t\t\t\t\t\t\t\t\t\t\t\t\t\t\t<img fetchpriority=\"high\" decoding=\"async\" width=\"595\" height=\"842\" src=\"https:\/\/mpl.com.br\/wp-content\/smush-webp\/2022\/05\/MPL_Webinar_Transformacao-digital.png.webp\" class=\"attachment-full size-full wp-image-984\" alt=\"\" srcset=\"https:\/\/mpl.com.br\/wp-content\/smush-webp\/2022\/05\/MPL_Webinar_Transformacao-digital.png.webp 595w, https:\/\/mpl.com.br\/wp-content\/smush-webp\/2022\/05\/MPL_Webinar_Transformacao-digital-212x300.png.webp 212w\" sizes=\"(max-width: 595px) 100vw, 595px\" \/>\t\t\t\t\t\t\t\t\t\t\t\t\t\t\t<\/div>\n\t\t\t\t\t<\/div>\n\t\t<\/div>\n\t\t\t\t<div class=\"elementor-column elementor-col-50 elementor-top-column elementor-element elementor-element-796735c9\" data-id=\"796735c9\" data-element_type=\"column\" data-e-type=\"column\">\n\t\t\t<div class=\"elementor-widget-wrap elementor-element-populated\">\n\t\t\t\t\t\t<div class=\"elementor-element elementor-element-2b488ef2 elementor-widget elementor-widget-text-editor\" data-id=\"2b488ef2\" data-element_type=\"widget\" data-e-type=\"widget\" data-widget_type=\"text-editor.default\">\n\t\t\t\t\t\t\t\t\t<p>N\u00e3o\u00a0h\u00e1\u00a0mais como evitar a transforma\u00e7\u00e3o digital. Se voc\u00ea usa o JD Edwards, esse \u00e9 um webinar imperd\u00edvel montado pela MPL e a Oracle, com participa\u00e7\u00e3o de\u00a0Manuel Neyra (Diretor Senior Oracle para JD Edwards) e Oscar Luz (Presidente da MPL), onde discutimos casos pr\u00e1ticos de como o EnterpriseOne acelera a inova\u00e7\u00e3o e pavimenta o redesenho de neg\u00f3cios de forma simples e eficiente.<\/p>\t\t\t\t\t\t\t\t<\/div>\n\t\t\t\t<div class=\"elementor-element elementor-element-fa92edb elementor-widget elementor-widget-shortcode\" data-id=\"fa92edb\" data-element_type=\"widget\" data-e-type=\"widget\" data-no-translation=\"\" data-widget_type=\"shortcode.default\">\n\t\t\t\t\t<style>.elementor-element-fa92edb{display:none !important}<\/style>\t\t\t\t<\/div>\n\t\t\t\t<div class=\"elementor-element elementor-element-22db4ad elementor-widget elementor-widget-shortcode\" data-id=\"22db4ad\" data-element_type=\"widget\" data-e-type=\"widget\" data-no-translation=\"\" data-widget_type=\"shortcode.default\">\n\t\t\t\t\t\t\t<div class=\"elementor-shortcode\">[email-download download_id=\"10205\" contact_form_id=\"10209\"]<\/div>\n\t\t\t\t\t\t<\/div>\n\t\t\t\t\t<\/div>\n\t\t<\/div>\n\t\t\t\t\t<\/div>\n\t\t<\/section>\n\t\t\t\t<\/div>\n\t\t","protected":false},"excerpt":{"rendered":"<p>N\u00e3o\u00a0h\u00e1\u00a0mais como evitar <a  href=\"https:\/\/mpl.com.br\/en\/a-transformacao-digital\/\">the digital transformation<\/a>. Se voc\u00ea usa o JD Edwards, esse \u00e9 um <a  href=\"https:\/\/mpl.com.br\/en\/conhecimento\/webinar\/\">webinar<\/a> imperd\u00edvel montado pela MPL e a Oracle, com participa\u00e7\u00e3o de\u00a0Manuel Neyra (Diretor Senior Oracle para JD Edwards) e Oscar Luz (Presidente da MPL), onde discutimos casos pr\u00e1ticos de como&#8230;<\/p>","protected":false},"author":26,"featured_media":0,"parent":679,"menu_order":0,"comment_status":"closed","ping_status":"closed","template":"","meta":{"footnotes":""},"class_list":["post-683","page","type-page","status-publish","hentry"],"_links":{"self":[{"href":"https:\/\/mpl.com.br\/en\/wp-json\/wp\/v2\/pages\/683","targetHints":{"allow":["GET"]}}],"collection":[{"href":"https:\/\/mpl.com.br\/en\/wp-json\/wp\/v2\/pages"}],"about":[{"href":"https:\/\/mpl.com.br\/en\/wp-json\/wp\/v2\/types\/page"}],"author":[{"embeddable":true,"href":"https:\/\/mpl.com.br\/en\/wp-json\/wp\/v2\/users\/26"}],"replies":[{"embeddable":true,"href":"https:\/\/mpl.com.br\/en\/wp-json\/wp\/v2\/comments?post=683"}],"version-history":[{"count":0,"href":"https:\/\/mpl.com.br\/en\/wp-json\/wp\/v2\/pages\/683\/revisions"}],"up":[{"embeddable":true,"href":"https:\/\/mpl.com.br\/en\/wp-json\/wp\/v2\/pages\/679"}],"wp:attachment":[{"href":"https:\/\/mpl.com.br\/en\/wp-json\/wp\/v2\/media?parent=683"}],"curies":[{"name":"wp","href":"https:\/\/api.w.org\/{rel}","templated":true}]}}