{"id":704,"date":"2022-05-03T16:46:11","date_gmt":"2022-05-03T19:46:11","guid":{"rendered":"https:\/\/129.144.60.171\/?page_id=704"},"modified":"2022-07-21T12:31:05","modified_gmt":"2022-07-21T15:31:05","slug":"rollout-jd-edwards","status":"publish","type":"page","link":"https:\/\/mpl.com.br\/en\/solucoes\/erp\/rollout-jd-edwards\/","title":{"rendered":"Rollout JD Edwards"},"content":{"rendered":"<div data-elementor-type=\"wp-page\" data-elementor-id=\"704\" class=\"elementor elementor-704\" data-elementor-post-type=\"page\">\n\t\t\t\t\t\t<section class=\"elementor-section elementor-top-section elementor-element elementor-element-228941de elementor-section-boxed elementor-section-height-default elementor-section-height-default parallax_section_no qode_elementor_container_no\" data-id=\"228941de\" data-element_type=\"section\" data-e-type=\"section\">\n\t\t\t\t\t\t<div class=\"elementor-container elementor-column-gap-default\">\n\t\t\t\t\t<div class=\"elementor-column elementor-col-100 elementor-top-column elementor-element elementor-element-16f9c0d0\" data-id=\"16f9c0d0\" data-element_type=\"column\" data-e-type=\"column\">\n\t\t\t<div class=\"elementor-widget-wrap elementor-element-populated\">\n\t\t\t\t\t\t<div class=\"elementor-element elementor-element-60e6fda elementor-widget elementor-widget-image\" data-id=\"60e6fda\" data-element_type=\"widget\" data-e-type=\"widget\" data-widget_type=\"image.default\">\n\t\t\t\t\t\t\t\t\t\t\t\t\t\t\t<img fetchpriority=\"high\" decoding=\"async\" width=\"1100\" height=\"300\" src=\"https:\/\/mpl.com.br\/wp-content\/uploads\/2022\/06\/ROLLOUT-JD-EDWARDS.jpg\" class=\"attachment-full size-full wp-image-1285\" alt=\"\" srcset=\"https:\/\/mpl.com.br\/wp-content\/uploads\/2022\/06\/ROLLOUT-JD-EDWARDS.jpg 1100w, https:\/\/mpl.com.br\/wp-content\/uploads\/2022\/06\/ROLLOUT-JD-EDWARDS-300x82.jpg 300w, https:\/\/mpl.com.br\/wp-content\/uploads\/2022\/06\/ROLLOUT-JD-EDWARDS-1024x279.jpg 1024w, https:\/\/mpl.com.br\/wp-content\/uploads\/2022\/06\/ROLLOUT-JD-EDWARDS-768x209.jpg 768w, https:\/\/mpl.com.br\/wp-content\/uploads\/2022\/06\/ROLLOUT-JD-EDWARDS-700x191.jpg 700w\" sizes=\"(max-width: 1100px) 100vw, 1100px\" \/>\t\t\t\t\t\t\t\t\t\t\t\t\t\t\t<\/div>\n\t\t\t\t<div class=\"elementor-element elementor-element-68daf661 elementor-widget elementor-widget-heading\" data-id=\"68daf661\" data-element_type=\"widget\" data-e-type=\"widget\" data-widget_type=\"heading.default\">\n\t\t\t\t\t<h2 class=\"elementor-heading-title elementor-size-default\">ERP for Global Enterprises<\/h2>\t\t\t\t<\/div>\n\t\t\t\t<div class=\"elementor-element elementor-element-60fa4dd elementor-widget elementor-widget-text-editor\" data-id=\"60fa4dd\" data-element_type=\"widget\" data-e-type=\"widget\" data-widget_type=\"text-editor.default\">\n\t\t\t\t\t\t\t\t\t<p><a href=\"https:\/\/mpl.com.br\/en\/knowledge\/white-papers\/desafios-em-projetos-de-implementacao-de-erp\/\"><img decoding=\"async\" class=\"alignright wp-image-843 lazyload\" data-src=\"http:\/\/mpl.com.br\/wp-content\/smush-webp\/2022\/07\/MPL_White_Paper_Challenges-ERP-Implementation-Global-_EN.jpg.webp\" alt=\"\" width=\"400\" height=\"566\" data-srcset=\"https:\/\/mpl.com.br\/wp-content\/smush-webp\/2022\/07\/MPL_White_Paper_Challenges-ERP-Implementation-Global-_EN.jpg.webp 644w, https:\/\/mpl.com.br\/wp-content\/smush-webp\/2022\/07\/MPL_White_Paper_Challenges-ERP-Implementation-Global-_EN-212x300.jpg.webp 212w, https:\/\/mpl.com.br\/wp-content\/smush-webp\/2022\/07\/MPL_White_Paper_Challenges-ERP-Implementation-Global-_EN-8x12.jpg.webp 8w\" data-sizes=\"(max-width: 400px) 100vw, 400px\" src=\"data:image\/svg+xml;base64,PHN2ZyB3aWR0aD0iMSIgaGVpZ2h0PSIxIiB4bWxucz0iaHR0cDovL3d3dy53My5vcmcvMjAwMC9zdmciPjwvc3ZnPg==\" style=\"--smush-placeholder-width: 400px; --smush-placeholder-aspect-ratio: 400\/566;\" \/><\/a>Implementing an ERP for global companies presents major challenges. What are the main issues that must be analyzed so that implementations are successful and within established deadlines and budgets?<\/p><p style=\"font-weight: 400;\">It should be considered that the globalization process tends to deepen even further in the coming decades, given the context of greater ease of communication of brands and products provided by the internet, allowing easy access to the commercialization of goods and services anywhere on the planet. , as well as the expansion of the logistics infrastructure, which is increasingly efficient and accessible.<\/p><p>Taking into account the logic of economy of scale, companies that are successful in their countries of origin see the expansion of their business beyond their borders as a natural step towards maintaining their growth and profitability.<\/p><p style=\"font-weight: 400;\">Within this scenario, ERP Systems (Enterprise Management Systems) play a fundamental role in ensuring that the business processes that support the company&#039;s management flow in a standardized, optimized and complete way, generating and providing relevant management information for decision making. decisions.<\/p><p style=\"font-weight: 400;\">If the process of implementing an ERP, considering only one country, already presents a series of issues and challenges to be faced, when considering its use in several countries, other aspects need to be addressed so that the expected results are achieved.<\/p>\t\t\t\t\t\t\t\t<\/div>\n\t\t\t\t<section class=\"elementor-section elementor-inner-section elementor-element elementor-element-5922a5a3 elementor-section-boxed elementor-section-height-default elementor-section-height-default parallax_section_no qode_elementor_container_no\" data-id=\"5922a5a3\" data-element_type=\"section\" data-e-type=\"section\" data-settings=\"{&quot;background_background&quot;:&quot;classic&quot;}\">\n\t\t\t\t\t\t<div class=\"elementor-container elementor-column-gap-default\">\n\t\t\t\t\t<div class=\"elementor-column elementor-col-100 elementor-inner-column elementor-element elementor-element-6942da13\" data-id=\"6942da13\" data-element_type=\"column\" data-e-type=\"column\">\n\t\t\t<div class=\"elementor-widget-wrap elementor-element-populated\">\n\t\t\t\t\t\t<div class=\"elementor-element elementor-element-60ad802b elementor-widget elementor-widget-heading\" data-id=\"60ad802b\" data-element_type=\"widget\" data-e-type=\"widget\" data-widget_type=\"heading.default\">\n\t\t\t\t\t<h3 class=\"elementor-heading-title elementor-size-default\">More Security and Quality for your Business<\/h3>\t\t\t\t<\/div>\n\t\t\t\t<div class=\"elementor-element elementor-element-2c9e21d7 elementor-widget elementor-widget-text-editor\" data-id=\"2c9e21d7\" data-element_type=\"widget\" data-e-type=\"widget\" data-widget_type=\"text-editor.default\">\n\t\t\t\t\t\t\t\t\t<p>Count on our experience at Rollout JD Edwards. Enter in\u00a0<strong><a href=\"https:\/\/mpl.com.br\/en\/contact\/\" target=\"_blank\" rel=\"noopener\">contact<\/a><\/strong>\u00a0with us.<\/p>\t\t\t\t\t\t\t\t<\/div>\n\t\t\t\t\t<\/div>\n\t\t<\/div>\n\t\t\t\t\t<\/div>\n\t\t<\/section>\n\t\t\t\t\t<\/div>\n\t\t<\/div>\n\t\t\t\t\t<\/div>\n\t\t<\/section>\n\t\t\t\t<\/div>","protected":false},"excerpt":{"rendered":"<p><a  href=\"https:\/\/mpl.com.br\/en\/solucoes\/erp\/\">ERP<\/a> para Empresas Globais A implementa\u00e7\u00e3o de um <a  href=\"https:\/\/mpl.com.br\/en\/solucoes\/erp\/\">ERP<\/a> para empresas globais\u00a0apresenta grandes desafios. Quais s\u00e3o\u00a0as principais\u00a0quest\u00f5es que devem ser analisadas para que\u00a0as implementa\u00e7\u00f5es sejam exitosas e dentro de prazos e or\u00e7amentos estabelecidos? \u00c9 de se considerar que o processo de globaliza\u00e7\u00e3o\u00a0tende\u00a0a se aprofundar ainda&#8230;<\/p>","protected":false},"author":26,"featured_media":0,"parent":701,"menu_order":0,"comment_status":"closed","ping_status":"closed","template":"","meta":{"footnotes":""},"class_list":["post-704","page","type-page","status-publish","hentry"],"_links":{"self":[{"href":"https:\/\/mpl.com.br\/en\/wp-json\/wp\/v2\/pages\/704","targetHints":{"allow":["GET"]}}],"collection":[{"href":"https:\/\/mpl.com.br\/en\/wp-json\/wp\/v2\/pages"}],"about":[{"href":"https:\/\/mpl.com.br\/en\/wp-json\/wp\/v2\/types\/page"}],"author":[{"embeddable":true,"href":"https:\/\/mpl.com.br\/en\/wp-json\/wp\/v2\/users\/26"}],"replies":[{"embeddable":true,"href":"https:\/\/mpl.com.br\/en\/wp-json\/wp\/v2\/comments?post=704"}],"version-history":[{"count":0,"href":"https:\/\/mpl.com.br\/en\/wp-json\/wp\/v2\/pages\/704\/revisions"}],"up":[{"embeddable":true,"href":"https:\/\/mpl.com.br\/en\/wp-json\/wp\/v2\/pages\/701"}],"wp:attachment":[{"href":"https:\/\/mpl.com.br\/en\/wp-json\/wp\/v2\/media?parent=704"}],"curies":[{"name":"wp","href":"https:\/\/api.w.org\/{rel}","templated":true}]}}