{"id":705,"date":"2022-05-03T16:46:25","date_gmt":"2022-05-03T19:46:25","guid":{"rendered":"https:\/\/129.144.60.171\/?page_id=705"},"modified":"2022-07-13T14:06:19","modified_gmt":"2022-07-13T17:06:19","slug":"migration-jd-edwards","status":"publish","type":"page","link":"https:\/\/mpl.com.br\/en\/solucoes\/erp\/migracao-jd-edwards\/","title":{"rendered":"JD Edwards Migration"},"content":{"rendered":"<div data-elementor-type=\"wp-page\" data-elementor-id=\"705\" class=\"elementor elementor-705\" data-elementor-post-type=\"page\">\n\t\t\t\t\t\t<section class=\"elementor-section elementor-top-section elementor-element elementor-element-5212fd96 elementor-section-boxed elementor-section-height-default elementor-section-height-default parallax_section_no qode_elementor_container_no\" data-id=\"5212fd96\" data-element_type=\"section\" data-e-type=\"section\">\n\t\t\t\t\t\t<div class=\"elementor-container elementor-column-gap-default\">\n\t\t\t\t\t<div class=\"elementor-column elementor-col-100 elementor-top-column elementor-element elementor-element-65d7c5d0\" data-id=\"65d7c5d0\" data-element_type=\"column\" data-e-type=\"column\">\n\t\t\t<div class=\"elementor-widget-wrap elementor-element-populated\">\n\t\t\t\t\t\t<div class=\"elementor-element elementor-element-edc57d3 elementor-widget elementor-widget-image\" data-id=\"edc57d3\" data-element_type=\"widget\" data-e-type=\"widget\" data-widget_type=\"image.default\">\n\t\t\t\t\t\t\t\t\t\t\t\t\t\t\t<img fetchpriority=\"high\" decoding=\"async\" width=\"1024\" height=\"279\" src=\"https:\/\/mpl.com.br\/wp-content\/uploads\/2022\/06\/MIGRACAO-JD-EDWARDS-1024x279.jpg\" class=\"attachment-large size-large wp-image-1287\" alt=\"\" srcset=\"https:\/\/mpl.com.br\/wp-content\/uploads\/2022\/06\/MIGRACAO-JD-EDWARDS-1024x279.jpg 1024w, https:\/\/mpl.com.br\/wp-content\/uploads\/2022\/06\/MIGRACAO-JD-EDWARDS-300x82.jpg 300w, https:\/\/mpl.com.br\/wp-content\/uploads\/2022\/06\/MIGRACAO-JD-EDWARDS-768x209.jpg 768w, https:\/\/mpl.com.br\/wp-content\/uploads\/2022\/06\/MIGRACAO-JD-EDWARDS-700x191.jpg 700w, https:\/\/mpl.com.br\/wp-content\/uploads\/2022\/06\/MIGRACAO-JD-EDWARDS.jpg 1100w\" sizes=\"(max-width: 1024px) 100vw, 1024px\" \/>\t\t\t\t\t\t\t\t\t\t\t\t\t\t\t<\/div>\n\t\t\t\t<div class=\"elementor-element elementor-element-912bbfd elementor-widget elementor-widget-heading\" data-id=\"912bbfd\" data-element_type=\"widget\" data-e-type=\"widget\" data-widget_type=\"heading.default\">\n\t\t\t\t\t<h2 class=\"elementor-heading-title elementor-size-default\">Migrations: Why Face Them?<\/h2>\t\t\t\t<\/div>\n\t\t\t\t<div class=\"elementor-element elementor-element-d6e11bc elementor-widget elementor-widget-text-editor\" data-id=\"d6e11bc\" data-element_type=\"widget\" data-e-type=\"widget\" data-widget_type=\"text-editor.default\">\n\t\t\t\t\t\t\t\t\t<p>Oracle JD Edwards EnterpriseOne can respond quickly enough to changes in the market and business processes. Thus, updating the ERP, over time, promotes competitive advantages due to the speed and quality of how the system will react to these changes.<\/p><p>Among other specific objectives, a migration project will bring the following benefits to your company:<\/p><ul><li><strong>Risk Reduction:<\/strong>\u00a0An updated version of the ERP supports the latest system updates, involving internet security and corporate data.<\/li><li><strong>Rewards Redemption:<\/strong>\u00a0With the updated version of ERP, companies can take advantage of hundreds of improvements and make new modules available for use.<\/li><li><strong>Use of Research Conducted by Oracle:<\/strong>\u00a0Upgrading the ERP allows the customer to take advantage of the millions of dollars invested by Oracle in research and development.<\/li><li><strong>Maintenance of the Work Team:<\/strong>\u00a0With updated software, users and administrators work with a modern application, generating positive work experiences.<\/li><li><strong>Remote Range:<\/strong> The migration allows the use of native JD Edwards applications on mobile platforms.<\/li><li><strong>Replacement of Legal Requirements:<\/strong>\u00a0An updated ERP covers a wider range of legal requirements.<\/li><li><strong>ROI achievement:<\/strong> Migration positions the organization for better results related to better reporting, more productive users and lower cost of ownership.<\/li><\/ul>\t\t\t\t\t\t\t\t<\/div>\n\t\t\t\t<div class=\"elementor-element elementor-element-27af03e elementor-widget elementor-widget-heading\" data-id=\"27af03e\" data-element_type=\"widget\" data-e-type=\"widget\" data-widget_type=\"heading.default\">\n\t\t\t\t\t<h3 class=\"elementor-heading-title elementor-size-default\">Oracle JD Edwards EnterpriseOne Migrations<\/h3>\t\t\t\t<\/div>\n\t\t\t\t<div class=\"elementor-element elementor-element-42da939 elementor-widget elementor-widget-text-editor\" data-id=\"42da939\" data-element_type=\"widget\" data-e-type=\"widget\" data-widget_type=\"text-editor.default\">\n\t\t\t\t\t\t\t\t\t<p>Since the launch of JD Edwards by Oracle, MPL has been deepening the improvements made available in each version, through the various migration projects with the installed base and implementation in new customers.<\/p><p>Basically, 2 types of migration can be conducted:<\/p><ul><li>Tools version migration \u2013 In some cases, in order for the customer to benefit from improvements made available in the general scope of the system, there is no need to migrate the application version, but only the Tools version.<\/li><li><span style=\"font-family: Roboto, sans-serif;\">Application version migration \u2013\u00a0<\/span><span style=\"font-family: Roboto, sans-serif;\">It is good practice that every, at most, 5 years of use, a migration of the version of the application installed in your company is carried out.<\/span><\/li><\/ul><p><span style=\"font-family: Roboto, sans-serif;\">When we talk about application version migration, we can adopt 2 different policies for the project.\u00a0<\/span><\/p><p><span style=\"font-family: Roboto, sans-serif;\">The first deals with a conventional migration, where all customizations are analyzed and these customizations are retrofitted to the new version so that the new environment is released for testing by key users.<\/span><\/p><p><span style=\"font-family: Roboto, sans-serif;\">The second policy deals with a migration \u201cby exception\u201d, where soon after installing the new version, the environment is made available for testing by key users. From the tests performed, the customizations are fed back into the new version, when necessary.<\/span><\/p>\t\t\t\t\t\t\t\t<\/div>\n\t\t\t\t<div class=\"elementor-element elementor-element-4d6ffe2 elementor-widget elementor-widget-heading\" data-id=\"4d6ffe2\" data-element_type=\"widget\" data-e-type=\"widget\" data-widget_type=\"heading.default\">\n\t\t\t\t\t<h3 class=\"elementor-heading-title elementor-size-default\">Tools that can help with a migration process<\/h3>\t\t\t\t<\/div>\n\t\t\t\t<div class=\"elementor-element elementor-element-e1ed6cc elementor-widget elementor-widget-text-editor\" data-id=\"e1ed6cc\" data-element_type=\"widget\" data-e-type=\"widget\" data-widget_type=\"text-editor.default\">\n\t\t\t\t\t\t\t\t\t<p>In the market, there are several tools that can help in a Migration process, be it a Migration of Tools or of Application: identifying objects that have actually undergone code changes, guiding the tests of certain functionality within an application, creating a tests that can be replicated indefinitely or you can also use tools that allow your company to carry out small migrations, making small \u201cjumps\u201d constantly, in contrast to a large \u201cleap\u201d every 5 years.<\/p>\t\t\t\t\t\t\t\t<\/div>\n\t\t\t\t<div class=\"elementor-element elementor-element-53408fe elementor-widget elementor-widget-heading\" data-id=\"53408fe\" data-element_type=\"widget\" data-e-type=\"widget\" data-widget_type=\"heading.default\">\n\t\t\t\t\t<h3 class=\"elementor-heading-title elementor-size-default\">4 Important Questions<\/h3>\t\t\t\t<\/div>\n\t\t\t\t<div class=\"elementor-element elementor-element-13755417 elementor-widget elementor-widget-text-editor\" data-id=\"13755417\" data-element_type=\"widget\" data-e-type=\"widget\" data-widget_type=\"text-editor.default\">\n\t\t\t\t\t\t\t\t\t<p>Regardless of the migration project to be implemented in your company, there are some important points that must be observed:<\/p><ul><li><strong>Migrate Tools Version Regularly<\/strong><\/li><li><strong>Plan the migration before starting the project to determine the retrofit and testing strategy<\/strong><\/li><li><strong>Use your organization&#039;s best resources in your migration project.<\/strong><\/li><li><strong>Simulate GO LIVE staging activities multiple times before final migration.<\/strong><\/li><\/ul>\t\t\t\t\t\t\t\t<\/div>\n\t\t\t\t\t<\/div>\n\t\t<\/div>\n\t\t\t\t\t<\/div>\n\t\t<\/section>\n\t\t\t\t<section class=\"elementor-section elementor-top-section elementor-element elementor-element-1bf61dc elementor-section-boxed elementor-section-height-default elementor-section-height-default parallax_section_no qode_elementor_container_no\" data-id=\"1bf61dc\" data-element_type=\"section\" data-e-type=\"section\">\n\t\t\t\t\t\t<div class=\"elementor-container elementor-column-gap-default\">\n\t\t\t\t\t<div class=\"elementor-column elementor-col-100 elementor-top-column elementor-element elementor-element-f3451d3\" data-id=\"f3451d3\" data-element_type=\"column\" data-e-type=\"column\">\n\t\t\t<div class=\"elementor-widget-wrap elementor-element-populated\">\n\t\t\t\t\t\t<section class=\"elementor-section elementor-inner-section elementor-element elementor-element-44d9f1ee elementor-section-boxed elementor-section-height-default elementor-section-height-default parallax_section_no qode_elementor_container_no\" data-id=\"44d9f1ee\" data-element_type=\"section\" data-e-type=\"section\" data-settings=\"{&quot;background_background&quot;:&quot;classic&quot;}\">\n\t\t\t\t\t\t<div class=\"elementor-container elementor-column-gap-default\">\n\t\t\t\t\t<div class=\"elementor-column elementor-col-100 elementor-inner-column elementor-element elementor-element-1ab63b8c\" data-id=\"1ab63b8c\" data-element_type=\"column\" data-e-type=\"column\">\n\t\t\t<div class=\"elementor-widget-wrap elementor-element-populated\">\n\t\t\t\t\t\t<div class=\"elementor-element elementor-element-6ccfca13 elementor-widget elementor-widget-heading\" data-id=\"6ccfca13\" data-element_type=\"widget\" data-e-type=\"widget\" data-widget_type=\"heading.default\">\n\t\t\t\t\t<h3 class=\"elementor-heading-title elementor-size-default\">More Security and Quality for Your Business<\/h3>\t\t\t\t<\/div>\n\t\t\t\t<div class=\"elementor-element elementor-element-7a2fc698 elementor-widget elementor-widget-text-editor\" data-id=\"7a2fc698\" data-element_type=\"widget\" data-e-type=\"widget\" data-widget_type=\"text-editor.default\">\n\t\t\t\t\t\t\t\t\t<p>Count on our experience for JD Edwards solutions. Enter in\u00a0<strong><a href=\"https:\/\/mpl.com.br\/en\/contact\/\" target=\"_blank\" rel=\"noopener\">contact<\/a>\u00a0<\/strong>with us.<\/p>\t\t\t\t\t\t\t\t<\/div>\n\t\t\t\t\t<\/div>\n\t\t<\/div>\n\t\t\t\t\t<\/div>\n\t\t<\/section>\n\t\t\t\t\t<\/div>\n\t\t<\/div>\n\t\t\t\t\t<\/div>\n\t\t<\/section>\n\t\t\t\t<section class=\"elementor-section elementor-top-section elementor-element elementor-element-3c6fd762 elementor-section-full_width elementor-section-stretched elementor-section-height-default elementor-section-height-default parallax_section_no qode_elementor_container_no\" data-id=\"3c6fd762\" data-element_type=\"section\" data-e-type=\"section\" data-settings=\"{&quot;stretch_section&quot;:&quot;section-stretched&quot;}\">\n\t\t\t\t\t\t<div class=\"elementor-container elementor-column-gap-default\">\n\t\t\t\t\t<div class=\"elementor-column elementor-col-100 elementor-top-column elementor-element elementor-element-2b6d3f15\" data-id=\"2b6d3f15\" data-element_type=\"column\" data-e-type=\"column\">\n\t\t\t<div class=\"elementor-widget-wrap\">\n\t\t\t\t\t\t\t<\/div>\n\t\t<\/div>\n\t\t\t\t\t<\/div>\n\t\t<\/section>\n\t\t\t\t<\/div>","protected":false},"excerpt":{"rendered":"<p>Migra\u00e7\u00f5es: Por Que Encar\u00e1-las? O Oracle JD <a  href=\"https:\/\/mpl.com.br\/en\/edwards-enterpriseone\/\">Edwards EnterpriseOne<\/a> can respond quickly enough to changes in the market and business processes. Therefore, updating the <a  href=\"https:\/\/mpl.com.br\/en\/solucoes\/erp\/\">ERP<\/a>, ao longo do tempo, promove vantagens competitivas pela velocidade e qualidade de como o sistema reagir\u00e1 a&#8230;<\/p>","protected":false},"author":26,"featured_media":0,"parent":701,"menu_order":0,"comment_status":"closed","ping_status":"closed","template":"","meta":{"footnotes":""},"class_list":["post-705","page","type-page","status-publish","hentry"],"_links":{"self":[{"href":"https:\/\/mpl.com.br\/en\/wp-json\/wp\/v2\/pages\/705","targetHints":{"allow":["GET"]}}],"collection":[{"href":"https:\/\/mpl.com.br\/en\/wp-json\/wp\/v2\/pages"}],"about":[{"href":"https:\/\/mpl.com.br\/en\/wp-json\/wp\/v2\/types\/page"}],"author":[{"embeddable":true,"href":"https:\/\/mpl.com.br\/en\/wp-json\/wp\/v2\/users\/26"}],"replies":[{"embeddable":true,"href":"https:\/\/mpl.com.br\/en\/wp-json\/wp\/v2\/comments?post=705"}],"version-history":[{"count":0,"href":"https:\/\/mpl.com.br\/en\/wp-json\/wp\/v2\/pages\/705\/revisions"}],"up":[{"embeddable":true,"href":"https:\/\/mpl.com.br\/en\/wp-json\/wp\/v2\/pages\/701"}],"wp:attachment":[{"href":"https:\/\/mpl.com.br\/en\/wp-json\/wp\/v2\/media?parent=705"}],"curies":[{"name":"wp","href":"https:\/\/api.w.org\/{rel}","templated":true}]}}