{"id":706,"date":"2022-05-03T16:46:45","date_gmt":"2022-05-03T19:46:45","guid":{"rendered":"https:\/\/129.144.60.171\/?page_id=706"},"modified":"2022-08-02T10:44:50","modified_gmt":"2022-08-02T13:44:50","slug":"testes-jd-edwards","status":"publish","type":"page","link":"https:\/\/mpl.com.br\/en\/solucoes\/erp\/testes-jd-edwards\/","title":{"rendered":"JD Edwards Tests"},"content":{"rendered":"<div data-elementor-type=\"wp-page\" data-elementor-id=\"706\" class=\"elementor elementor-706\" data-elementor-post-type=\"page\">\n\t\t\t\t\t\t<section class=\"elementor-section elementor-top-section elementor-element elementor-element-2e389e9e elementor-section-boxed elementor-section-height-default elementor-section-height-default parallax_section_no qode_elementor_container_no\" data-id=\"2e389e9e\" data-element_type=\"section\" data-e-type=\"section\">\n\t\t\t\t\t\t<div class=\"elementor-container elementor-column-gap-default\">\n\t\t\t\t\t<div class=\"elementor-column elementor-col-100 elementor-top-column elementor-element elementor-element-42d06a41\" data-id=\"42d06a41\" data-element_type=\"column\" data-e-type=\"column\">\n\t\t\t<div class=\"elementor-widget-wrap elementor-element-populated\">\n\t\t\t\t\t\t<div class=\"elementor-element elementor-element-28b99aeb elementor-widget elementor-widget-image\" data-id=\"28b99aeb\" data-element_type=\"widget\" data-e-type=\"widget\" data-widget_type=\"image.default\">\n\t\t\t\t\t\t\t\t\t\t\t\t\t\t\t<img fetchpriority=\"high\" decoding=\"async\" width=\"986\" height=\"268\" src=\"https:\/\/mpl.com.br\/wp-content\/uploads\/2022\/06\/ERP-JD-Edwards-testes.png\" class=\"attachment-full size-full wp-image-1448\" alt=\"\" srcset=\"https:\/\/mpl.com.br\/wp-content\/uploads\/2022\/06\/ERP-JD-Edwards-testes.png 986w, https:\/\/mpl.com.br\/wp-content\/uploads\/2022\/06\/ERP-JD-Edwards-testes-300x82.png 300w, https:\/\/mpl.com.br\/wp-content\/uploads\/2022\/06\/ERP-JD-Edwards-testes-768x209.png 768w, https:\/\/mpl.com.br\/wp-content\/uploads\/2022\/06\/ERP-JD-Edwards-testes-700x190.png 700w\" sizes=\"(max-width: 986px) 100vw, 986px\" \/>\t\t\t\t\t\t\t\t\t\t\t\t\t\t\t<\/div>\n\t\t\t\t<div class=\"elementor-element elementor-element-dbde6f0 elementor-widget elementor-widget-heading\" data-id=\"dbde6f0\" data-element_type=\"widget\" data-e-type=\"widget\" data-widget_type=\"heading.default\">\n\t\t\t\t\t<h2 class=\"elementor-heading-title elementor-size-default\">ERP Implementation Methodology and the Importance of the Test Cycle<\/h2>\t\t\t\t<\/div>\n\t\t\t\t<div class=\"elementor-element elementor-element-2e8e6627 elementor-widget elementor-widget-text-editor\" data-id=\"2e8e6627\" data-element_type=\"widget\" data-e-type=\"widget\" data-widget_type=\"text-editor.default\">\n\t\t\t\t\t\t\t\t\t<p><img decoding=\"async\" class=\"alignright wp-image-1293 size-medium lazyload\" data-src=\"http:\/\/mpl.com.br\/wp-content\/uploads\/2022\/06\/check-list-300x300.jpg\" alt=\"\" width=\"300\" height=\"300\" data-srcset=\"https:\/\/mpl.com.br\/wp-content\/uploads\/2022\/06\/check-list-300x300.jpg 300w, https:\/\/mpl.com.br\/wp-content\/uploads\/2022\/06\/check-list-150x150.jpg 150w, https:\/\/mpl.com.br\/wp-content\/uploads\/2022\/06\/check-list.jpg 400w\" data-sizes=\"(max-width: 300px) 100vw, 300px\" src=\"data:image\/svg+xml;base64,PHN2ZyB3aWR0aD0iMSIgaGVpZ2h0PSIxIiB4bWxucz0iaHR0cDovL3d3dy53My5vcmcvMjAwMC9zdmciPjwvc3ZnPg==\" style=\"--smush-placeholder-width: 300px; --smush-placeholder-aspect-ratio: 300\/300;\" \/>The ERP Implementation decision should be treated as a project, due to its importance within the organization. It must be planned in detail and have activities that can be monitored, from the choice of competitors to the ERP GO LIVE date.<\/p><p>From its entry into production, another concern must be present in the daily life of all C Levels: how to keep the ERP version up to date, incorporating new functionalities and ensuring the intelligent use of the entire capacity of the information system. Once your supplier is chosen, the ERP implementation project must go through the planning, execution and entry into production phase. In all these phases, an issue that cannot go unnoticed is the <a href=\"https:\/\/mpl.com.br\/en\/knowledge\/white-papers\/a-implantacao-do-erp-e-a-importancia-do-ciclo-de-testes\/\">test quality<\/a> to be executed and any tools that can help them in this task.<\/p><p><strong>Planning:<\/strong>\u00a0at this time, there are no changes in your company&#039;s routine. This is an information gathering phase, where the Project Plan should be developed. Consider at this stage, among other important aspects, what will be the testing methodology to be applied, what is the testing period, the resources that will be involved in this period, how many test cycles need to be executed and especially if there is a significant gain in productivity when choosing any tool on the market to automate repetitive tests in more than one cycle.<\/p><p><strong>Execution:<\/strong>\u00a0this is the phase where the Project Plan prepared previously is put into practice. It ranges from software installation, configuration, training and testing of the new system. Be wary of Project Plans with a succinct testing phase and that do not involve key users or that simplify this phase by minimizing its risks, because based on the results of these tests, we will seek the approval of the system: its features and usability by users.<br \/>Committing users to this approval is a critical success factor for your project. There are usually two test phases: the first one where tests are done individually and customizations and configurations are tested one by one; and the second known as integrated testing, where the entire process flow \u2013 for example, from entering a purchase requisition to paying the supplier \u2013 is tested. During the integrated tests, the boundaries between the different business areas of your company are crossed.<\/p><p><strong>Entry into Production:<\/strong>\u00a0once the system has been approved, this phase is characterized by the use of the ERP in your company&#039;s day-to-day activities. The problems and challenges encountered in this stage will be inversely proportional to the quality and scope of the tests performed in the execution stage.<br \/>After going into production, ensure adequate support for the use of the ERP, so it will continue to be relevant to your company. This support should be used for users to clear doubts about the use of the system, promote eventual parameterization corrections in case of changes in internal processes and implement improvements to the initial scope of implementation. In a more advanced degree of support, the constant updating of the implemented version should be a goal to be pursued by the company. In these cases, there are tools that can assist in the analysis of altered functionalities already in Production, pointing out which points were modified and should be retested again. Again, a Project Plan for Migration and Upgrades must be prepared and the\u00a0<a href=\"https:\/\/mpl.com.br\/en\/knowledge\/white-papers\/a-implantacao-do-erp-e-a-importancia-do-ciclo-de-testes\/\" target=\"_blank\" rel=\"noopener\">testing methodology<\/a>\u00a0must be followed to ensure the continued success of your ERP.<\/p>\t\t\t\t\t\t\t\t<\/div>\n\t\t\t\t<section class=\"elementor-section elementor-inner-section elementor-element elementor-element-73fd12ad elementor-section-boxed elementor-section-height-default elementor-section-height-default parallax_section_no qode_elementor_container_no\" data-id=\"73fd12ad\" data-element_type=\"section\" data-e-type=\"section\" data-settings=\"{&quot;background_background&quot;:&quot;classic&quot;}\">\n\t\t\t\t\t\t<div class=\"elementor-container elementor-column-gap-default\">\n\t\t\t\t\t<div class=\"elementor-column elementor-col-100 elementor-inner-column elementor-element elementor-element-6ad23027\" data-id=\"6ad23027\" data-element_type=\"column\" data-e-type=\"column\">\n\t\t\t<div class=\"elementor-widget-wrap elementor-element-populated\">\n\t\t\t\t\t\t<div class=\"elementor-element elementor-element-5c7afd11 elementor-widget elementor-widget-text-editor\" data-id=\"5c7afd11\" data-element_type=\"widget\" data-e-type=\"widget\" data-widget_type=\"text-editor.default\">\n\t\t\t\t\t\t\t\t\t<p>If you are interested and want to read more about the MPL Methodology for Testing, check out our whitepaper,\u00a0<a href=\"https:\/\/mpl.com.br\/en\/knowledge\/white-papers\/a-implantacao-do-erp-e-a-importancia-do-ciclo-de-testes\/\"><b>clicking here<\/b><\/a><\/p>\t\t\t\t\t\t\t\t<\/div>\n\t\t\t\t\t<\/div>\n\t\t<\/div>\n\t\t\t\t\t<\/div>\n\t\t<\/section>\n\t\t\t\t\t<\/div>\n\t\t<\/div>\n\t\t\t\t\t<\/div>\n\t\t<\/section>\n\t\t\t\t<\/div>","protected":false},"excerpt":{"rendered":"<p>Metodologia de Implanta\u00e7\u00e3o de <a  href=\"https:\/\/mpl.com.br\/en\/solucoes\/erp\/\">ERP<\/a> e a Import\u00e2ncia do Ciclo de Testes A decis\u00e3o de Implanta\u00e7\u00e3o de <a  href=\"https:\/\/mpl.com.br\/en\/solucoes\/erp\/\">ERP<\/a> deve ser tratada como um projeto, tamanha sua import\u00e2ncia dentro da organiza\u00e7\u00e3o. Deve ser planejada detalhadamente e possuir atividades que possam ser acompanhadas, desde a escolha de&#8230;<\/p>","protected":false},"author":26,"featured_media":0,"parent":701,"menu_order":0,"comment_status":"closed","ping_status":"closed","template":"","meta":{"footnotes":""},"class_list":["post-706","page","type-page","status-publish","hentry"],"_links":{"self":[{"href":"https:\/\/mpl.com.br\/en\/wp-json\/wp\/v2\/pages\/706","targetHints":{"allow":["GET"]}}],"collection":[{"href":"https:\/\/mpl.com.br\/en\/wp-json\/wp\/v2\/pages"}],"about":[{"href":"https:\/\/mpl.com.br\/en\/wp-json\/wp\/v2\/types\/page"}],"author":[{"embeddable":true,"href":"https:\/\/mpl.com.br\/en\/wp-json\/wp\/v2\/users\/26"}],"replies":[{"embeddable":true,"href":"https:\/\/mpl.com.br\/en\/wp-json\/wp\/v2\/comments?post=706"}],"version-history":[{"count":0,"href":"https:\/\/mpl.com.br\/en\/wp-json\/wp\/v2\/pages\/706\/revisions"}],"up":[{"embeddable":true,"href":"https:\/\/mpl.com.br\/en\/wp-json\/wp\/v2\/pages\/701"}],"wp:attachment":[{"href":"https:\/\/mpl.com.br\/en\/wp-json\/wp\/v2\/media?parent=706"}],"curies":[{"name":"wp","href":"https:\/\/api.w.org\/{rel}","templated":true}]}}