{"id":709,"date":"2022-05-03T16:48:06","date_gmt":"2022-05-03T19:48:06","guid":{"rendered":"https:\/\/129.144.60.171\/?page_id=709"},"modified":"2022-06-17T11:41:42","modified_gmt":"2022-06-17T14:41:42","slug":"suporte-fix-tec","status":"publish","type":"page","link":"https:\/\/mpl.com.br\/en\/solucoes\/sustentacao\/suporte-fix-tec\/","title":{"rendered":"Support-Fix Tec"},"content":{"rendered":"<div data-elementor-type=\"wp-page\" data-elementor-id=\"709\" class=\"elementor elementor-709\" data-elementor-post-type=\"page\">\n\t\t\t\t\t\t<section class=\"elementor-section elementor-top-section elementor-element elementor-element-2c5fe455 elementor-section-boxed elementor-section-height-default elementor-section-height-default parallax_section_no qode_elementor_container_no\" data-id=\"2c5fe455\" data-element_type=\"section\" data-e-type=\"section\">\n\t\t\t\t\t\t<div class=\"elementor-container elementor-column-gap-default\">\n\t\t\t\t\t<div class=\"elementor-column elementor-col-100 elementor-top-column elementor-element elementor-element-44b8e662\" data-id=\"44b8e662\" data-element_type=\"column\" data-e-type=\"column\">\n\t\t\t<div class=\"elementor-widget-wrap elementor-element-populated\">\n\t\t\t\t\t\t<div class=\"elementor-element elementor-element-8bf4e0a elementor-widget elementor-widget-image\" data-id=\"8bf4e0a\" data-element_type=\"widget\" data-e-type=\"widget\" data-widget_type=\"image.default\">\n\t\t\t\t\t\t\t\t\t\t\t\t\t\t\t<img fetchpriority=\"high\" decoding=\"async\" width=\"1024\" height=\"279\" src=\"https:\/\/mpl.com.br\/wp-content\/uploads\/2022\/06\/suporte-fix-premiun-1-1024x279.jpg\" class=\"attachment-large size-large wp-image-1387\" alt=\"\" srcset=\"https:\/\/mpl.com.br\/wp-content\/uploads\/2022\/06\/suporte-fix-premiun-1-1024x279.jpg 1024w, https:\/\/mpl.com.br\/wp-content\/uploads\/2022\/06\/suporte-fix-premiun-1-300x82.jpg 300w, https:\/\/mpl.com.br\/wp-content\/uploads\/2022\/06\/suporte-fix-premiun-1-768x209.jpg 768w, https:\/\/mpl.com.br\/wp-content\/uploads\/2022\/06\/suporte-fix-premiun-1-700x191.jpg 700w, https:\/\/mpl.com.br\/wp-content\/uploads\/2022\/06\/suporte-fix-premiun-1.jpg 1100w\" sizes=\"(max-width: 1024px) 100vw, 1024px\" \/>\t\t\t\t\t\t\t\t\t\t\t\t\t\t\t<\/div>\n\t\t\t\t<div class=\"elementor-element elementor-element-fa84e3d elementor-widget elementor-widget-heading\" data-id=\"fa84e3d\" data-element_type=\"widget\" data-e-type=\"widget\" data-widget_type=\"heading.default\">\n\t\t\t\t\t<h2 class=\"elementor-heading-title elementor-size-default\">Discover the New Support-Fix Tec Service<\/h2>\t\t\t\t<\/div>\n\t\t\t\t<div class=\"elementor-element elementor-element-7f65638e elementor-widget elementor-widget-text-editor\" data-id=\"7f65638e\" data-element_type=\"widget\" data-e-type=\"widget\" data-widget_type=\"text-editor.default\">\n\t\t\t\t\t\t\t\t\t<p>Support-fix Tec is a new offer created to meet the market demand for specialized services in CNC (JD Edwards) and DBA (Oracle and SQL Server). These two specialties are vital for the smooth running and availability of an organization&#039;s systems. However, as the activities do not demand a large number of hours per month, keeping a dedicated professional can become quite expensive for the company.<\/p><p>With the aim of optimizing costs and meeting this demand, MPL created Support-Fix Tec, enabling the hiring of CNC and DBA services in the right measure for the needs of each company, encompassing activities such as preventive maintenance, installations, migrations, analyzes and adjustments. errors, among others. Support-Fix Tec from MPL makes it possible to maintain the infrastructure of the JD Edwards platform and the Database system with reduced costs and guaranteed quality by highly trained professionals.<\/p>\t\t\t\t\t\t\t\t<\/div>\n\t\t\t\t\t<\/div>\n\t\t<\/div>\n\t\t\t\t\t<\/div>\n\t\t<\/section>\n\t\t\t\t<section class=\"elementor-section elementor-top-section elementor-element elementor-element-c3ba51e elementor-section-boxed elementor-section-height-default elementor-section-height-default parallax_section_no qode_elementor_container_no\" data-id=\"c3ba51e\" data-element_type=\"section\" data-e-type=\"section\">\n\t\t\t\t\t\t<div class=\"elementor-container elementor-column-gap-default\">\n\t\t\t\t\t<div class=\"elementor-column elementor-col-100 elementor-top-column elementor-element elementor-element-f1b94b9\" data-id=\"f1b94b9\" data-element_type=\"column\" data-e-type=\"column\">\n\t\t\t<div class=\"elementor-widget-wrap elementor-element-populated\">\n\t\t\t\t\t\t<section class=\"elementor-section elementor-inner-section elementor-element elementor-element-92859cc elementor-section-boxed elementor-section-height-default elementor-section-height-default parallax_section_no qode_elementor_container_no\" data-id=\"92859cc\" data-element_type=\"section\" data-e-type=\"section\" data-settings=\"{&quot;background_background&quot;:&quot;classic&quot;}\">\n\t\t\t\t\t\t<div class=\"elementor-container elementor-column-gap-default\">\n\t\t\t\t\t<div class=\"elementor-column elementor-col-100 elementor-inner-column elementor-element elementor-element-07a2272\" data-id=\"07a2272\" data-element_type=\"column\" data-e-type=\"column\">\n\t\t\t<div class=\"elementor-widget-wrap elementor-element-populated\">\n\t\t\t\t\t\t<div class=\"elementor-element elementor-element-193d771 elementor-widget elementor-widget-heading\" data-id=\"193d771\" data-element_type=\"widget\" data-e-type=\"widget\" data-widget_type=\"heading.default\">\n\t\t\t\t\t<h3 class=\"elementor-heading-title elementor-size-default\">More Security and Quality for your Business<\/h3>\t\t\t\t<\/div>\n\t\t\t\t<div class=\"elementor-element elementor-element-e5a4f1f elementor-widget elementor-widget-text-editor\" data-id=\"e5a4f1f\" data-element_type=\"widget\" data-e-type=\"widget\" data-widget_type=\"text-editor.default\">\n\t\t\t\t\t\t\t\t\t<p>Count on our experience in JD Edwards Support-Fix solutions. Enter in\u00a0<strong><a href=\"https:\/\/mpl.com.br\/en\/contact\/\" target=\"_blank\" rel=\"noopener\">contact<\/a><\/strong>\u00a0with us.<\/p>\t\t\t\t\t\t\t\t<\/div>\n\t\t\t\t\t<\/div>\n\t\t<\/div>\n\t\t\t\t\t<\/div>\n\t\t<\/section>\n\t\t\t\t\t<\/div>\n\t\t<\/div>\n\t\t\t\t\t<\/div>\n\t\t<\/section>\n\t\t\t\t<\/div>","protected":false},"excerpt":{"rendered":"<p>Conhe\u00e7a o Novo Servi\u00e7o <a  href=\"https:\/\/mpl.com.br\/en\/suporte-fix\/\">Fix-Support<\/a> Tec O <a  href=\"https:\/\/mpl.com.br\/en\/suporte-fix\/\">support-fix<\/a> Tec \u00e9 uma nova oferta criada para atender a demanda do mercado por servi\u00e7os especializados em CNC (JD Edwards) e DBA (Oracle e SQL Server). Estas duas especialidades s\u00e3o vitais para o bom andamento e disponibilidade dos&#8230;<\/p>","protected":false},"author":26,"featured_media":0,"parent":707,"menu_order":0,"comment_status":"closed","ping_status":"closed","template":"","meta":{"footnotes":""},"class_list":["post-709","page","type-page","status-publish","hentry"],"_links":{"self":[{"href":"https:\/\/mpl.com.br\/en\/wp-json\/wp\/v2\/pages\/709","targetHints":{"allow":["GET"]}}],"collection":[{"href":"https:\/\/mpl.com.br\/en\/wp-json\/wp\/v2\/pages"}],"about":[{"href":"https:\/\/mpl.com.br\/en\/wp-json\/wp\/v2\/types\/page"}],"author":[{"embeddable":true,"href":"https:\/\/mpl.com.br\/en\/wp-json\/wp\/v2\/users\/26"}],"replies":[{"embeddable":true,"href":"https:\/\/mpl.com.br\/en\/wp-json\/wp\/v2\/comments?post=709"}],"version-history":[{"count":0,"href":"https:\/\/mpl.com.br\/en\/wp-json\/wp\/v2\/pages\/709\/revisions"}],"up":[{"embeddable":true,"href":"https:\/\/mpl.com.br\/en\/wp-json\/wp\/v2\/pages\/707"}],"wp:attachment":[{"href":"https:\/\/mpl.com.br\/en\/wp-json\/wp\/v2\/media?parent=709"}],"curies":[{"name":"wp","href":"https:\/\/api.w.org\/{rel}","templated":true}]}}