{"id":891,"date":"2022-05-09T10:09:55","date_gmt":"2022-05-09T13:09:55","guid":{"rendered":"https:\/\/129.144.60.171\/?page_id=891"},"modified":"2025-03-31T13:00:46","modified_gmt":"2025-03-31T16:00:46","slug":"who-we-are","status":"publish","type":"page","link":"https:\/\/mpl.com.br\/en\/a-mpl\/quem-somos\/","title":{"rendered":"Who we are"},"content":{"rendered":"<div data-elementor-type=\"wp-page\" data-elementor-id=\"891\" class=\"elementor elementor-891\" data-elementor-post-type=\"page\">\n\t\t\t\t\t\t<section class=\"elementor-section elementor-top-section elementor-element elementor-element-556d895e elementor-section-boxed elementor-section-height-default elementor-section-height-default parallax_section_no qode_elementor_container_no\" data-id=\"556d895e\" data-element_type=\"section\" data-e-type=\"section\">\n\t\t\t\t\t\t<div class=\"elementor-container elementor-column-gap-default\">\n\t\t\t\t\t<div class=\"elementor-column elementor-col-100 elementor-top-column elementor-element elementor-element-10f25d56\" data-id=\"10f25d56\" data-element_type=\"column\" data-e-type=\"column\">\n\t\t\t<div class=\"elementor-widget-wrap elementor-element-populated\">\n\t\t\t\t\t\t<div class=\"elementor-element elementor-element-a96adfd padrao elementor-widget elementor-widget-image\" data-id=\"a96adfd\" data-element_type=\"widget\" data-e-type=\"widget\" id=\"quem-somos\" data-widget_type=\"image.default\">\n\t\t\t\t\t\t\t\t\t\t\t\t\t\t\t<img fetchpriority=\"high\" decoding=\"async\" width=\"1100\" height=\"300\" src=\"https:\/\/mpl.com.br\/wp-content\/smush-webp\/2022\/06\/MPL-quem-somos-1.png.webp\" class=\"attachment-full size-full wp-image-1167\" alt=\"\" srcset=\"https:\/\/mpl.com.br\/wp-content\/smush-webp\/2022\/06\/MPL-quem-somos-1.png.webp 1100w, https:\/\/mpl.com.br\/wp-content\/smush-webp\/2022\/06\/MPL-quem-somos-1-300x82.png.webp 300w, https:\/\/mpl.com.br\/wp-content\/smush-webp\/2022\/06\/MPL-quem-somos-1-1024x279.png.webp 1024w, https:\/\/mpl.com.br\/wp-content\/smush-webp\/2022\/06\/MPL-quem-somos-1-768x209.png.webp 768w, https:\/\/mpl.com.br\/wp-content\/smush-webp\/2022\/06\/MPL-quem-somos-1-700x191.png.webp 700w\" sizes=\"(max-width: 1100px) 100vw, 1100px\" \/>\t\t\t\t\t\t\t\t\t\t\t\t\t\t\t<\/div>\n\t\t\t\t<div class=\"elementor-element elementor-element-4ccf7c5e elementor-widget elementor-widget-heading\" data-id=\"4ccf7c5e\" data-element_type=\"widget\" data-e-type=\"widget\" data-widget_type=\"heading.default\">\n\t\t\t\t\t<h2 class=\"elementor-heading-title elementor-size-default\">Specialists in Innovation, Artificial Intelligence and Integration of Digital Platforms<\/h2>\t\t\t\t<\/div>\n\t\t\t\t<div class=\"elementor-element elementor-element-4f1b0d8e elementor-widget elementor-widget-text-editor\" data-id=\"4f1b0d8e\" data-element_type=\"widget\" data-e-type=\"widget\" data-widget_type=\"text-editor.default\">\n\t\t\t\t\t\t\t\t\t<p>Since 1985 - when MPL was founded - our role has been to guide companies into the world of technological innovation. When we started distributing JD Edwards in 1994, the challenge was similar to the one we have today. We are a team that <strong>thinks about and implements innovation applied to each client's business<\/strong>from planning to post GO LIVE support. The mission of all the professionals is to add the human touch that makes the difference to the success of projects to cutting-edge technology.<\/p><p><strong>MPL is an Oracle certified partner<\/strong>MPL is a leading provider of ERP services, with excellence in the functional areas of ERP (Finance, Sales, Logistics, Manufacturing and Real Estate) and in the areas of CNC and application development and process automation with Orchestrator. MPL is always up to date and committed to disseminating to the market, and putting into practice, the new functionalities made available in the recent and forthcoming updates to JD Edwards and Orchestrator. We know the importance of adapting to change and the best way to transform is to know the potential of the ERP we work with.<\/p><p>Following the natural movement of information technology, with more and more applications in the cloud, the <strong>MPL is certified in Oracle Cloud Infrastructure<\/strong> (OCI), bringing more value to our customers, as they can now enjoy the benefits of a cloud environment or even a hybrid environment.<\/p>\t\t\t\t\t\t\t\t<\/div>\n\t\t\t\t\t<\/div>\n\t\t<\/div>\n\t\t\t\t\t<\/div>\n\t\t<\/section>\n\t\t\t\t<section class=\"elementor-section elementor-top-section elementor-element elementor-element-c43cfa4 elementor-section-boxed elementor-section-height-default elementor-section-height-default parallax_section_no qode_elementor_container_no\" data-id=\"c43cfa4\" data-element_type=\"section\" data-e-type=\"section\">\n\t\t\t\t\t\t<div class=\"elementor-container elementor-column-gap-default\">\n\t\t\t\t\t<div class=\"elementor-column elementor-col-100 elementor-top-column elementor-element elementor-element-c0fbd18\" data-id=\"c0fbd18\" data-element_type=\"column\" data-e-type=\"column\">\n\t\t\t<div class=\"elementor-widget-wrap elementor-element-populated\">\n\t\t\t\t\t\t<div class=\"elementor-element elementor-element-876ddbe elementor-widget elementor-widget-heading\" data-id=\"876ddbe\" data-element_type=\"widget\" data-e-type=\"widget\" data-widget_type=\"heading.default\">\n\t\t\t\t\t<h3 class=\"elementor-heading-title elementor-size-default\">Competitive Advantage for your Business<\/h3>\t\t\t\t<\/div>\n\t\t\t\t<div class=\"elementor-element elementor-element-84385fa elementor-widget elementor-widget-text-editor\" data-id=\"84385fa\" data-element_type=\"widget\" data-e-type=\"widget\" data-widget_type=\"text-editor.default\">\n\t\t\t\t\t\t\t\t\t<p><img decoding=\"async\" class=\"alignleft wp-image-1258 lazyload\" data-src=\"http:\/\/mpl.com.br\/wp-content\/smush-webp\/2022\/06\/Screen-Shot-2022-06-10-at-20.36.04-300x161.png.webp\" alt=\"\" width=\"320\" height=\"172\" data-srcset=\"https:\/\/mpl.com.br\/wp-content\/smush-webp\/2022\/06\/Screen-Shot-2022-06-10-at-20.36.04-300x161.png.webp 300w, https:\/\/mpl.com.br\/wp-content\/smush-webp\/2022\/06\/Screen-Shot-2022-06-10-at-20.36.04-768x412.png.webp 768w, https:\/\/mpl.com.br\/wp-content\/smush-webp\/2022\/06\/Screen-Shot-2022-06-10-at-20.36.04-700x375.png.webp 700w, https:\/\/mpl.com.br\/wp-content\/smush-webp\/2022\/06\/Screen-Shot-2022-06-10-at-20.36.04.png.webp 1000w\" data-sizes=\"(max-width: 320px) 100vw, 320px\" src=\"data:image\/svg+xml;base64,PHN2ZyB3aWR0aD0iMSIgaGVpZ2h0PSIxIiB4bWxucz0iaHR0cDovL3d3dy53My5vcmcvMjAwMC9zdmciPjwvc3ZnPg==\" style=\"--smush-placeholder-width: 320px; --smush-placeholder-aspect-ratio: 320\/172;\" \/>In an increasingly complex scenario in terms of global competition, where each business only thrives when using the best digital solutions that offer the differentiation that its customers expect to find, it is essential to have a partner that knows how to effectively integrate your system. information to all other systems, whether E-Commerce, other ERPs, Digital Assistants or Specialist Systems.<\/p><p>MPL&#039;s experience in developing integrations between different systems and architectures through SOAP Web Services (BSSVs) and REST APIs (Orchestrator), will be the key to success for you to have your applications and systems connected.<\/p>\t\t\t\t\t\t\t\t<\/div>\n\t\t\t\t<div class=\"elementor-element elementor-element-65b811a elementor-widget elementor-widget-heading\" data-id=\"65b811a\" data-element_type=\"widget\" data-e-type=\"widget\" data-widget_type=\"heading.default\">\n\t\t\t\t\t<h3 class=\"elementor-heading-title elementor-size-default\">Local Team with Global Connections<\/h3>\t\t\t\t<\/div>\n\t\t\t\t<div class=\"elementor-element elementor-element-d53ecb2 elementor-widget elementor-widget-text-editor\" data-id=\"d53ecb2\" data-element_type=\"widget\" data-e-type=\"widget\" data-widget_type=\"text-editor.default\">\n\t\t\t\t\t\t\t\t\t<p><img decoding=\"async\" class=\"alignleft wp-image-1181 lazyload\" data-src=\"http:\/\/mpl.com.br\/wp-content\/smush-webp\/2022\/06\/Design-sem-nome-19.png.webp\" alt=\"\" width=\"600\" height=\"237\" data-srcset=\"https:\/\/mpl.com.br\/wp-content\/smush-webp\/2022\/06\/Design-sem-nome-19.png.webp 380w, https:\/\/mpl.com.br\/wp-content\/smush-webp\/2022\/06\/Design-sem-nome-19-300x118.png.webp 300w\" data-sizes=\"(max-width: 600px) 100vw, 600px\" src=\"data:image\/svg+xml;base64,PHN2ZyB3aWR0aD0iMSIgaGVpZ2h0PSIxIiB4bWxucz0iaHR0cDovL3d3dy53My5vcmcvMjAwMC9zdmciPjwvc3ZnPg==\" style=\"--smush-placeholder-width: 600px; --smush-placeholder-aspect-ratio: 600\/237;\" \/><\/p><p>Oracle's recognition of our pursuit of excellence came with successive awards. A <strong>MPL is now the reference company for JD Edwards<\/strong> in Brazil and the crowning achievement of this effort came with the invitation to join the global Redfaire International consortium.\u00a0<\/p>\t\t\t\t\t\t\t\t<\/div>\n\t\t\t\t<div class=\"elementor-element elementor-element-66e94bf elementor-widget elementor-widget-text-editor\" data-id=\"66e94bf\" data-element_type=\"widget\" data-e-type=\"widget\" data-widget_type=\"text-editor.default\">\n\t\t\t\t\t\t\t\t\t<p><img decoding=\"async\" class=\"alignright wp-image-1178 size-medium lazyload\" data-src=\"http:\/\/mpl.com.br\/wp-content\/smush-webp\/2022\/06\/redfaire-international-logo-300x60.png.webp\" alt=\"\" width=\"300\" height=\"60\" data-srcset=\"https:\/\/mpl.com.br\/wp-content\/smush-webp\/2022\/06\/redfaire-international-logo-300x60.png.webp 300w, https:\/\/mpl.com.br\/wp-content\/smush-webp\/2022\/06\/redfaire-international-logo-768x154.png.webp 768w, https:\/\/mpl.com.br\/wp-content\/smush-webp\/2022\/06\/redfaire-international-logo-700x140.png.webp 700w, https:\/\/mpl.com.br\/wp-content\/smush-webp\/2022\/06\/redfaire-international-logo.png.webp 914w\" data-sizes=\"(max-width: 300px) 100vw, 300px\" src=\"data:image\/svg+xml;base64,PHN2ZyB3aWR0aD0iMSIgaGVpZ2h0PSIxIiB4bWxucz0iaHR0cDovL3d3dy53My5vcmcvMjAwMC9zdmciPjwvc3ZnPg==\" style=\"--smush-placeholder-width: 300px; --smush-placeholder-aspect-ratio: 300\/60;\" \/><\/p><p>We are part of a group of 650 specialists with a presence in 23 countries and more than 1,000 client companies. Global reach and local knowledge place MPL in a unique position to support both inbound and outbound roll-out projects.<\/p>\t\t\t\t\t\t\t\t<\/div>\n\t\t\t\t<div class=\"elementor-element elementor-element-fdd5dda elementor-widget elementor-widget-heading\" data-id=\"fdd5dda\" data-element_type=\"widget\" data-e-type=\"widget\" data-widget_type=\"heading.default\">\n\t\t\t\t\t<h3 class=\"elementor-heading-title elementor-size-default\">A New Look at Innovation<\/h3>\t\t\t\t<\/div>\n\t\t\t\t<div class=\"elementor-element elementor-element-17dffab elementor-widget elementor-widget-text-editor\" data-id=\"17dffab\" data-element_type=\"widget\" data-e-type=\"widget\" data-widget_type=\"text-editor.default\">\n\t\t\t\t\t\t\t\t\t<p><img decoding=\"async\" class=\"alignleft wp-image-1256 lazyload\" data-src=\"http:\/\/mpl.com.br\/wp-content\/smush-webp\/2022\/06\/Quem-Somos_Logo-Inova.png.webp\" alt=\"\" width=\"300\" height=\"60\" src=\"data:image\/svg+xml;base64,PHN2ZyB3aWR0aD0iMSIgaGVpZ2h0PSIxIiB4bWxucz0iaHR0cDovL3d3dy53My5vcmcvMjAwMC9zdmciPjwvc3ZnPg==\" style=\"--smush-placeholder-width: 300px; --smush-placeholder-aspect-ratio: 300\/60;\" \/>Innovation and digital transformation always go hand in hand and, with the constant technological advances that enable and drive this change in mind, MPL has a <strong>Business Unit 100% focused on Digital Innovation: MPL Inova<\/strong>.<\/p><p><strong>In the age of artificial intelligence, we turn data into strategic decisions<\/strong>. Our innovation unit develops advanced AI solutions, covering intelligent digital assistants, automated document and image analysis, audio transcription with AI and retrieval augmented generation (RAG). With machine learning models, we apply prediction, clustering and anomaly detection to optimize operations and boost results.<\/p><p><strong>We implement AI strategies aligned with each client's business processes, guaranteeing customized solutions that really add value<\/strong>. Our focus is to boost operational efficiency and decision-making by automating repetitive tasks, improving the user experience and creating strategic insights for different sectors.<\/p><p>Our team is <strong>specialist in low-code and no-code development<\/strong>Oracle technologies that speed up the creation of applications, integrations and BPM automation flows, ensuring greater agility and efficiency in improving solutions.<\/p><p>We also work on application modernization, using Oracle's no-code and low-code technologies to transform legacy systems into scalable and secure architectures. We combine these approaches with cloud computing, microservices and intelligent integrations to deliver agile, intuitive and future-proof solutions.<\/p>\t\t\t\t\t\t\t\t<\/div>\n\t\t\t\t<section class=\"elementor-section elementor-inner-section elementor-element elementor-element-beca837 elementor-reverse-mobile elementor-section-full_width elementor-section-height-default elementor-section-height-default parallax_section_no qode_elementor_container_no\" data-id=\"beca837\" data-element_type=\"section\" data-e-type=\"section\">\n\t\t\t\t\t\t<div class=\"elementor-container elementor-column-gap-default\">\n\t\t\t\t\t<div class=\"elementor-column elementor-col-50 elementor-inner-column elementor-element elementor-element-378f8fe\" data-id=\"378f8fe\" data-element_type=\"column\" data-e-type=\"column\">\n\t\t\t<div class=\"elementor-widget-wrap elementor-element-populated\">\n\t\t\t\t\t\t<div class=\"elementor-element elementor-element-a63cf0a elementor-widget elementor-widget-image\" data-id=\"a63cf0a\" data-element_type=\"widget\" data-e-type=\"widget\" data-widget_type=\"image.default\">\n\t\t\t\t\t\t\t\t\t\t\t\t\t\t\t<img decoding=\"async\" width=\"500\" height=\"192\" data-src=\"https:\/\/mpl.com.br\/wp-content\/smush-webp\/2022\/05\/suporte-efix.png.webp\" class=\"attachment-large size-large wp-image-1069 lazyload\" alt=\"E-fix support\" data-srcset=\"https:\/\/mpl.com.br\/wp-content\/smush-webp\/2022\/05\/suporte-efix.png.webp 500w, https:\/\/mpl.com.br\/wp-content\/smush-webp\/2022\/05\/suporte-efix-300x115.png.webp 300w\" data-sizes=\"(max-width: 500px) 100vw, 500px\" src=\"data:image\/svg+xml;base64,PHN2ZyB3aWR0aD0iMSIgaGVpZ2h0PSIxIiB4bWxucz0iaHR0cDovL3d3dy53My5vcmcvMjAwMC9zdmciPjwvc3ZnPg==\" style=\"--smush-placeholder-width: 500px; --smush-placeholder-aspect-ratio: 500\/192;\" \/>\t\t\t\t\t\t\t\t\t\t\t\t\t\t\t<\/div>\n\t\t\t\t\t<\/div>\n\t\t<\/div>\n\t\t\t\t<div class=\"elementor-column elementor-col-50 elementor-inner-column elementor-element elementor-element-e216148\" data-id=\"e216148\" data-element_type=\"column\" data-e-type=\"column\">\n\t\t\t<div class=\"elementor-widget-wrap elementor-element-populated\">\n\t\t\t\t\t\t<div class=\"elementor-element elementor-element-05ebe2b elementor-widget elementor-widget-heading\" data-id=\"05ebe2b\" data-element_type=\"widget\" data-e-type=\"widget\" data-widget_type=\"heading.default\">\n\t\t\t\t\t<h3 class=\"elementor-heading-title elementor-size-default\">Differential: SUPPORT-FIX MPL<\/h3>\t\t\t\t<\/div>\n\t\t\t\t<div class=\"elementor-element elementor-element-c3a9524 elementor-widget elementor-widget-text-editor\" data-id=\"c3a9524\" data-element_type=\"widget\" data-e-type=\"widget\" data-widget_type=\"text-editor.default\">\n\t\t\t\t\t\t\t\t\t<p><strong>A JD Edwards 100% support service configured for each customer<\/strong>This can range from a \"Help Desk\" to solve more routine problems to more complex support. <b>This service is a bet on increasing the performance of our clients&#039; teams.<\/b>\u00a0<span lang=\"PT-BR\">With more than a dozen clients being served, the scope of the service is defined by each one of them, according to their expectations and needs.<\/span><\/p>\t\t\t\t\t\t\t\t<\/div>\n\t\t\t\t\t<\/div>\n\t\t<\/div>\n\t\t\t\t\t<\/div>\n\t\t<\/section>\n\t\t\t\t<section class=\"elementor-section elementor-inner-section elementor-element elementor-element-7e0f641 elementor-section-full_width elementor-section-height-default elementor-section-height-default parallax_section_no qode_elementor_container_no\" data-id=\"7e0f641\" data-element_type=\"section\" data-e-type=\"section\">\n\t\t\t\t\t\t<div class=\"elementor-container elementor-column-gap-default\">\n\t\t\t\t\t<div class=\"elementor-column elementor-col-50 elementor-inner-column elementor-element elementor-element-5f29171\" data-id=\"5f29171\" data-element_type=\"column\" data-e-type=\"column\">\n\t\t\t<div class=\"elementor-widget-wrap elementor-element-populated\">\n\t\t\t\t\t\t<div class=\"elementor-element elementor-element-183f992 elementor-widget elementor-widget-heading\" data-id=\"183f992\" data-element_type=\"widget\" data-e-type=\"widget\" data-widget_type=\"heading.default\">\n\t\t\t\t\t<h3 class=\"elementor-heading-title elementor-size-default\">People are our biggest asset<\/h3>\t\t\t\t<\/div>\n\t\t\t\t<div class=\"elementor-element elementor-element-618a048 elementor-widget elementor-widget-text-editor\" data-id=\"618a048\" data-element_type=\"widget\" data-e-type=\"widget\" data-widget_type=\"text-editor.default\">\n\t\t\t\t\t\t\t\t\t<p>More than 20% of our employees have a stake in the business. In addition to offering an additional financial return to those who dedicate themselves to the company, MPL reinforces the effort and commitment to provide excellent services that go beyond projects. Want to be part of the MPL team? Check out our opportunities!<\/p>\t\t\t\t\t\t\t\t<\/div>\n\t\t\t\t\t<\/div>\n\t\t<\/div>\n\t\t\t\t<div class=\"elementor-column elementor-col-50 elementor-inner-column elementor-element elementor-element-f27e2d9\" data-id=\"f27e2d9\" data-element_type=\"column\" data-e-type=\"column\">\n\t\t\t<div class=\"elementor-widget-wrap elementor-element-populated\">\n\t\t\t\t\t\t<div class=\"elementor-element elementor-element-9a76b31 elementor-widget elementor-widget-image\" data-id=\"9a76b31\" data-element_type=\"widget\" data-e-type=\"widget\" data-widget_type=\"image.default\">\n\t\t\t\t\t\t\t\t\t\t\t\t\t\t\t<img decoding=\"async\" width=\"500\" height=\"241\" data-src=\"https:\/\/mpl.com.br\/wp-content\/smush-webp\/2022\/05\/time-de-consultores-oracle.jpg.webp\" class=\"attachment-large size-large wp-image-1067 lazyload\" alt=\"\" data-srcset=\"https:\/\/mpl.com.br\/wp-content\/smush-webp\/2022\/05\/time-de-consultores-oracle.jpg.webp 500w, https:\/\/mpl.com.br\/wp-content\/smush-webp\/2022\/05\/time-de-consultores-oracle-300x145.jpg.webp 300w\" data-sizes=\"(max-width: 500px) 100vw, 500px\" src=\"data:image\/svg+xml;base64,PHN2ZyB3aWR0aD0iMSIgaGVpZ2h0PSIxIiB4bWxucz0iaHR0cDovL3d3dy53My5vcmcvMjAwMC9zdmciPjwvc3ZnPg==\" style=\"--smush-placeholder-width: 500px; --smush-placeholder-aspect-ratio: 500\/241;\" \/>\t\t\t\t\t\t\t\t\t\t\t\t\t\t\t<\/div>\n\t\t\t\t\t<\/div>\n\t\t<\/div>\n\t\t\t\t\t<\/div>\n\t\t<\/section>\n\t\t\t\t<section class=\"elementor-section elementor-inner-section elementor-element elementor-element-6be3ccf elementor-section-boxed elementor-section-height-default elementor-section-height-default parallax_section_no qode_elementor_container_no\" data-id=\"6be3ccf\" data-element_type=\"section\" data-e-type=\"section\" data-settings=\"{&quot;background_background&quot;:&quot;classic&quot;}\">\n\t\t\t\t\t\t<div class=\"elementor-container elementor-column-gap-default\">\n\t\t\t\t\t<div class=\"elementor-column elementor-col-100 elementor-inner-column elementor-element elementor-element-248a73b\" data-id=\"248a73b\" data-element_type=\"column\" data-e-type=\"column\">\n\t\t\t<div class=\"elementor-widget-wrap elementor-element-populated\">\n\t\t\t\t\t\t<div class=\"elementor-element elementor-element-43987df elementor-widget elementor-widget-heading\" data-id=\"43987df\" data-element_type=\"widget\" data-e-type=\"widget\" data-widget_type=\"heading.default\">\n\t\t\t\t\t<h3 class=\"elementor-heading-title elementor-size-default\">More Security and Quality for your Business<\/h3>\t\t\t\t<\/div>\n\t\t\t\t<div class=\"elementor-element elementor-element-1a9be8f elementor-widget elementor-widget-text-editor\" data-id=\"1a9be8f\" data-element_type=\"widget\" data-e-type=\"widget\" data-widget_type=\"text-editor.default\">\n\t\t\t\t\t\t\t\t\t<p>Count on our experience in Oracle solutions. Enter in\u00a0<strong><a href=\"https:\/\/mpl.com.br\/en\/contact\/\" target=\"_blank\" rel=\"noopener\">contact<\/a><\/strong>\u00a0with us.<\/p>\t\t\t\t\t\t\t\t<\/div>\n\t\t\t\t\t<\/div>\n\t\t<\/div>\n\t\t\t\t\t<\/div>\n\t\t<\/section>\n\t\t\t\t\t<\/div>\n\t\t<\/div>\n\t\t\t\t\t<\/div>\n\t\t<\/section>\n\t\t\t\t<\/div>","protected":false},"excerpt":{"rendered":"<p>Innovation experts, <a  href=\"https:\/\/mpl.com.br\/en\/mpl-inova\/inteligencia-artificial\/\">Artificial intelligence<\/a> e Integra\u00e7\u00e3o de Plataformas Digitais Desde 1985 \u2013 ano de funda\u00e7\u00e3o da MPL \u2013 nosso papel tem sido orientar companhias a entrar no mundo da inova\u00e7\u00e3o tecnol\u00f3gica. Quando iniciamos a distribui\u00e7\u00e3o do JD Edwards em 1994, o desafio era similar&#8230;<\/p>","protected":false},"author":26,"featured_media":0,"parent":890,"menu_order":0,"comment_status":"closed","ping_status":"closed","template":"","meta":{"footnotes":""},"class_list":["post-891","page","type-page","status-publish","hentry"],"_links":{"self":[{"href":"https:\/\/mpl.com.br\/en\/wp-json\/wp\/v2\/pages\/891","targetHints":{"allow":["GET"]}}],"collection":[{"href":"https:\/\/mpl.com.br\/en\/wp-json\/wp\/v2\/pages"}],"about":[{"href":"https:\/\/mpl.com.br\/en\/wp-json\/wp\/v2\/types\/page"}],"author":[{"embeddable":true,"href":"https:\/\/mpl.com.br\/en\/wp-json\/wp\/v2\/users\/26"}],"replies":[{"embeddable":true,"href":"https:\/\/mpl.com.br\/en\/wp-json\/wp\/v2\/comments?post=891"}],"version-history":[{"count":0,"href":"https:\/\/mpl.com.br\/en\/wp-json\/wp\/v2\/pages\/891\/revisions"}],"up":[{"embeddable":true,"href":"https:\/\/mpl.com.br\/en\/wp-json\/wp\/v2\/pages\/890"}],"wp:attachment":[{"href":"https:\/\/mpl.com.br\/en\/wp-json\/wp\/v2\/media?parent=891"}],"curies":[{"name":"wp","href":"https:\/\/api.w.org\/{rel}","templated":true}]}}