{"id":892,"date":"2022-05-09T10:10:11","date_gmt":"2022-05-09T13:10:11","guid":{"rendered":"https:\/\/129.144.60.171\/?page_id=892"},"modified":"2025-06-16T11:52:04","modified_gmt":"2025-06-16T14:52:04","slug":"mpl-cultural","status":"publish","type":"page","link":"https:\/\/mpl.com.br\/en\/a-mpl\/mpl-cultural\/","title":{"rendered":"Cultural MPL"},"content":{"rendered":"<div data-elementor-type=\"wp-page\" data-elementor-id=\"892\" class=\"elementor elementor-892\" data-elementor-post-type=\"page\">\n\t\t\t\t\t\t<section class=\"elementor-section elementor-top-section elementor-element elementor-element-63fd4c26 elementor-section-boxed elementor-section-height-default elementor-section-height-default parallax_section_no qode_elementor_container_no\" data-id=\"63fd4c26\" data-element_type=\"section\" data-e-type=\"section\">\n\t\t\t\t\t\t<div class=\"elementor-container elementor-column-gap-default\">\n\t\t\t\t\t<div class=\"elementor-column elementor-col-100 elementor-top-column elementor-element elementor-element-356caf45\" data-id=\"356caf45\" data-element_type=\"column\" data-e-type=\"column\">\n\t\t\t<div class=\"elementor-widget-wrap elementor-element-populated\">\n\t\t\t\t\t\t<div class=\"elementor-element elementor-element-7ed35159 elementor-widget elementor-widget-image\" data-id=\"7ed35159\" data-element_type=\"widget\" data-e-type=\"widget\" data-widget_type=\"image.default\">\n\t\t\t\t\t\t\t\t\t\t\t\t\t\t\t<img fetchpriority=\"high\" decoding=\"async\" width=\"1100\" height=\"300\" src=\"https:\/\/mpl.com.br\/wp-content\/smush-webp\/2022\/06\/mpl-cultural.png.webp\" class=\"attachment-full size-full wp-image-1240\" alt=\"\" srcset=\"https:\/\/mpl.com.br\/wp-content\/smush-webp\/2022\/06\/mpl-cultural.png.webp 1100w, https:\/\/mpl.com.br\/wp-content\/smush-webp\/2022\/06\/mpl-cultural-300x82.png.webp 300w, https:\/\/mpl.com.br\/wp-content\/smush-webp\/2022\/06\/mpl-cultural-1024x279.png.webp 1024w, https:\/\/mpl.com.br\/wp-content\/smush-webp\/2022\/06\/mpl-cultural-768x209.png.webp 768w, https:\/\/mpl.com.br\/wp-content\/smush-webp\/2022\/06\/mpl-cultural-700x191.png.webp 700w\" sizes=\"(max-width: 1100px) 100vw, 1100px\" \/>\t\t\t\t\t\t\t\t\t\t\t\t\t\t\t<\/div>\n\t\t\t\t<div class=\"elementor-element elementor-element-6c85fce4 elementor-widget elementor-widget-heading\" data-id=\"6c85fce4\" data-element_type=\"widget\" data-e-type=\"widget\" data-widget_type=\"heading.default\">\n\t\t\t\t\t<h2 class=\"elementor-heading-title elementor-size-default\">Discover our Cultural Incentives<\/h2>\t\t\t\t<\/div>\n\t\t\t\t<div class=\"elementor-element elementor-element-1ed918df elementor-widget elementor-widget-text-editor\" data-id=\"1ed918df\" data-element_type=\"widget\" data-e-type=\"widget\" data-widget_type=\"text-editor.default\">\n\t\t\t\t\t\t\t\t\t<p>Our mission is to promote the development and excellence of our customers, through the intelligent and innovative use of information technology solutions. But, before this commitment, we believe that we have a social responsibility to support the development and excellence of our country. With this disposition, we chose to invest and promote in Brazilian culture. MPL believes that investing in culture is the bridge between innovation and development.<\/p><p><strong>The challenge is to make innovation a movement, a commitment to the collective good.<\/strong>\u00a0<strong>We seek through art and culture to participate in the transformation of future generations.\u00a0<\/strong><\/p><p>The creation of the \u201cMPL CULTURAL\u201d project reflects over 10 years of MPL&#039;s commitment to Brazil.<\/p>\t\t\t\t\t\t\t\t<\/div>\n\t\t\t\t<div class=\"elementor-element elementor-element-64344f6 elementor-widget elementor-widget-heading\" data-id=\"64344f6\" data-element_type=\"widget\" data-e-type=\"widget\" data-widget_type=\"heading.default\">\n\t\t\t\t\t<h3 class=\"elementor-heading-title elementor-size-default\">Literature<\/h3>\t\t\t\t<\/div>\n\t\t\t\t<section class=\"elementor-section elementor-inner-section elementor-element elementor-element-113bba elementor-section-full_width elementor-section-height-default elementor-section-height-default parallax_section_no qode_elementor_container_no\" data-id=\"113bba\" data-element_type=\"section\" data-e-type=\"section\">\n\t\t\t\t\t\t<div class=\"elementor-container elementor-column-gap-no\">\n\t\t\t\t\t<div class=\"elementor-column elementor-col-100 elementor-inner-column elementor-element elementor-element-3f7caf72\" data-id=\"3f7caf72\" data-element_type=\"column\" data-e-type=\"column\">\n\t\t\t<div class=\"elementor-widget-wrap elementor-element-populated\">\n\t\t\t\t\t\t<div class=\"elementor-element elementor-element-6d3689cc elementor-widget elementor-widget-text-editor\" data-id=\"6d3689cc\" data-element_type=\"widget\" data-e-type=\"widget\" data-widget_type=\"text-editor.default\">\n\t\t\t\t\t\t\t\t\t<p><img decoding=\"async\" class=\"alignleft wp-image-1245 lazyload\" data-src=\"http:\/\/mpl.com.br\/wp-content\/smush-webp\/2022\/06\/Design-sem-nome-21.png.webp\" alt=\"\" width=\"550\" height=\"204\" data-srcset=\"https:\/\/mpl.com.br\/wp-content\/smush-webp\/2022\/06\/Design-sem-nome-21.png.webp 1080w, https:\/\/mpl.com.br\/wp-content\/smush-webp\/2022\/06\/Design-sem-nome-21-300x111.png.webp 300w, https:\/\/mpl.com.br\/wp-content\/smush-webp\/2022\/06\/Design-sem-nome-21-1024x379.png.webp 1024w, https:\/\/mpl.com.br\/wp-content\/smush-webp\/2022\/06\/Design-sem-nome-21-768x284.png.webp 768w, https:\/\/mpl.com.br\/wp-content\/smush-webp\/2022\/06\/Design-sem-nome-21-700x259.png.webp 700w\" data-sizes=\"(max-width: 550px) 100vw, 550px\" src=\"data:image\/svg+xml;base64,PHN2ZyB3aWR0aD0iMSIgaGVpZ2h0PSIxIiB4bWxucz0iaHR0cDovL3d3dy53My5vcmcvMjAwMC9zdmciPjwvc3ZnPg==\" style=\"--smush-placeholder-width: 550px; --smush-placeholder-aspect-ratio: 550\/204;\" \/>One of the most important projects was carried out with the production company ASX \u2013 Produ\u00e7\u00f5es Art\u00edsticas. MPL co-sponsored the production and production of books on various topics, such as <strong>\u201cThe Curve and the Line \u2013 Works by Niemeyer in Brazil\u201d<\/strong>,\u00a0<strong>\u201cBola na Rede \u2013 Brazil in the World Cup\u201d<\/strong>\u00a0and so many others.\u00a0<\/p><p>The books had national coverage and were distributed not only to our customers and partners, but also to our suppliers, with the aim of disseminating Brazilian culture internally.<\/p>\t\t\t\t\t\t\t\t<\/div>\n\t\t\t\t\t<\/div>\n\t\t<\/div>\n\t\t\t\t\t<\/div>\n\t\t<\/section>\n\t\t\t\t<div class=\"elementor-element elementor-element-0ba8c81 elementor-widget elementor-widget-heading\" data-id=\"0ba8c81\" data-element_type=\"widget\" data-e-type=\"widget\" data-widget_type=\"heading.default\">\n\t\t\t\t\t<h3 class=\"elementor-heading-title elementor-size-default\">Dance<\/h3>\t\t\t\t<\/div>\n\t\t\t\t<section class=\"elementor-section elementor-inner-section elementor-element elementor-element-1b145e1 elementor-section-full_width elementor-section-height-default elementor-section-height-default parallax_section_no qode_elementor_container_no\" data-id=\"1b145e1\" data-element_type=\"section\" data-e-type=\"section\">\n\t\t\t\t\t\t<div class=\"elementor-container elementor-column-gap-no\">\n\t\t\t\t\t<div class=\"elementor-column elementor-col-50 elementor-inner-column elementor-element elementor-element-360a20d\" data-id=\"360a20d\" data-element_type=\"column\" data-e-type=\"column\">\n\t\t\t<div class=\"elementor-widget-wrap elementor-element-populated\">\n\t\t\t\t\t\t<div class=\"elementor-element elementor-element-2208d61 elementor-widget elementor-widget-text-editor\" data-id=\"2208d61\" data-element_type=\"widget\" data-e-type=\"widget\" data-widget_type=\"text-editor.default\">\n\t\t\t\t\t\t\t\t\t<p>MPL Cultural promoted the\u00a0<strong>Brazilian Ballet Company<\/strong>, with its exciting spectacle\u00a0<strong>&quot;The Nutcracker&quot;<\/strong>.<\/p><p><span lang=\"PT-BR\">The plot of the story takes place in the 19th century, with a mysterious manufacturer of clocks and mechanical toys, who has invented a trap to kill the city&#039;s rats, but finds himself in the midst of the Rat King&#039;s revenge.<\/span><\/p>\t\t\t\t\t\t\t\t<\/div>\n\t\t\t\t\t<\/div>\n\t\t<\/div>\n\t\t\t\t<div class=\"elementor-column elementor-col-50 elementor-inner-column elementor-element elementor-element-29a4e2e\" data-id=\"29a4e2e\" data-element_type=\"column\" data-e-type=\"column\">\n\t\t\t<div class=\"elementor-widget-wrap elementor-element-populated\">\n\t\t\t\t\t\t<div class=\"elementor-element elementor-element-8cd3cab elementor-widget elementor-widget-image\" data-id=\"8cd3cab\" data-element_type=\"widget\" data-e-type=\"widget\" data-widget_type=\"image.default\">\n\t\t\t\t\t\t\t\t\t\t\t\t\t\t\t<img decoding=\"async\" width=\"1000\" height=\"667\" data-src=\"https:\/\/mpl.com.br\/wp-content\/smush-webp\/2022\/06\/quebra-nozes.jpg.webp\" class=\"attachment-full size-full wp-image-1164 lazyload\" alt=\"\" data-srcset=\"https:\/\/mpl.com.br\/wp-content\/smush-webp\/2022\/06\/quebra-nozes.jpg.webp 1000w, https:\/\/mpl.com.br\/wp-content\/smush-webp\/2022\/06\/quebra-nozes-300x200.jpg.webp 300w, https:\/\/mpl.com.br\/wp-content\/smush-webp\/2022\/06\/quebra-nozes-768x512.jpg.webp 768w, https:\/\/mpl.com.br\/wp-content\/smush-webp\/2022\/06\/quebra-nozes-700x467.jpg.webp 700w\" data-sizes=\"(max-width: 1000px) 100vw, 1000px\" src=\"data:image\/svg+xml;base64,PHN2ZyB3aWR0aD0iMSIgaGVpZ2h0PSIxIiB4bWxucz0iaHR0cDovL3d3dy53My5vcmcvMjAwMC9zdmciPjwvc3ZnPg==\" style=\"--smush-placeholder-width: 1000px; --smush-placeholder-aspect-ratio: 1000\/667;\" \/>\t\t\t\t\t\t\t\t\t\t\t\t\t\t\t<\/div>\n\t\t\t\t\t<\/div>\n\t\t<\/div>\n\t\t\t\t\t<\/div>\n\t\t<\/section>\n\t\t\t\t\t<\/div>\n\t\t<\/div>\n\t\t\t\t\t<\/div>\n\t\t<\/section>\n\t\t\t\t<\/div>","protected":false},"excerpt":{"rendered":"<p>Conhe\u00e7a nossos Incentivos Culturais Nossa miss\u00e3o \u00e9 promover o desenvolvimento e a excel\u00eancia dos nossos <a  href=\"https:\/\/mpl.com.br\/en\/a-mpl\/clientes\/\">clients<\/a>, via a utiliza\u00e7\u00e3o inteligente e inovadora de <a  href=\"https:\/\/mpl.com.br\/en\/solucoes\/\">solutions<\/a> de tecnologia da informa\u00e7\u00e3o. Mas, antes desse compromisso, acreditamos que temos a responsabilidade social de apoiar o desenvolvimento e a excel\u00eancia&#8230;<\/p>","protected":false},"author":26,"featured_media":0,"parent":890,"menu_order":0,"comment_status":"closed","ping_status":"closed","template":"","meta":{"footnotes":""},"class_list":["post-892","page","type-page","status-publish","hentry"],"_links":{"self":[{"href":"https:\/\/mpl.com.br\/en\/wp-json\/wp\/v2\/pages\/892","targetHints":{"allow":["GET"]}}],"collection":[{"href":"https:\/\/mpl.com.br\/en\/wp-json\/wp\/v2\/pages"}],"about":[{"href":"https:\/\/mpl.com.br\/en\/wp-json\/wp\/v2\/types\/page"}],"author":[{"embeddable":true,"href":"https:\/\/mpl.com.br\/en\/wp-json\/wp\/v2\/users\/26"}],"replies":[{"embeddable":true,"href":"https:\/\/mpl.com.br\/en\/wp-json\/wp\/v2\/comments?post=892"}],"version-history":[{"count":0,"href":"https:\/\/mpl.com.br\/en\/wp-json\/wp\/v2\/pages\/892\/revisions"}],"up":[{"embeddable":true,"href":"https:\/\/mpl.com.br\/en\/wp-json\/wp\/v2\/pages\/890"}],"wp:attachment":[{"href":"https:\/\/mpl.com.br\/en\/wp-json\/wp\/v2\/media?parent=892"}],"curies":[{"name":"wp","href":"https:\/\/api.w.org\/{rel}","templated":true}]}}