{"id":893,"date":"2022-05-09T10:10:23","date_gmt":"2022-05-09T13:10:23","guid":{"rendered":"https:\/\/129.144.60.171\/?page_id=893"},"modified":"2025-06-16T11:48:33","modified_gmt":"2025-06-16T14:48:33","slug":"politica-de-privacidade","status":"publish","type":"page","link":"https:\/\/mpl.com.br\/en\/a-mpl\/politica-de-privacidade\/","title":{"rendered":"Privacy Policy"},"content":{"rendered":"<div data-elementor-type=\"wp-page\" data-elementor-id=\"893\" class=\"elementor elementor-893\" data-elementor-post-type=\"page\">\n\t\t\t\t\t\t<section class=\"elementor-section elementor-top-section elementor-element elementor-element-b81e085 elementor-section-boxed elementor-section-height-default elementor-section-height-default parallax_section_no qode_elementor_container_no\" data-id=\"b81e085\" data-element_type=\"section\" data-e-type=\"section\">\n\t\t\t\t\t\t<div class=\"elementor-container elementor-column-gap-default\">\n\t\t\t\t\t<div class=\"elementor-column elementor-col-100 elementor-top-column elementor-element elementor-element-5342d11\" data-id=\"5342d11\" data-element_type=\"column\" data-e-type=\"column\">\n\t\t\t<div class=\"elementor-widget-wrap\">\n\t\t\t\t\t\t\t<\/div>\n\t\t<\/div>\n\t\t\t\t\t<\/div>\n\t\t<\/section>\n\t\t\t\t<section class=\"elementor-section elementor-top-section elementor-element elementor-element-442a5a51 elementor-section-boxed elementor-section-height-default elementor-section-height-default parallax_section_no qode_elementor_container_no\" data-id=\"442a5a51\" data-element_type=\"section\" data-e-type=\"section\">\n\t\t\t\t\t\t<div class=\"elementor-container elementor-column-gap-default\">\n\t\t\t\t\t<div class=\"elementor-column elementor-col-100 elementor-top-column elementor-element elementor-element-608ee7b8\" data-id=\"608ee7b8\" data-element_type=\"column\" data-e-type=\"column\">\n\t\t\t<div class=\"elementor-widget-wrap elementor-element-populated\">\n\t\t\t\t\t\t<div class=\"elementor-element elementor-element-e93978e elementor-widget elementor-widget-image\" data-id=\"e93978e\" data-element_type=\"widget\" data-e-type=\"widget\" data-widget_type=\"image.default\">\n\t\t\t\t\t\t\t\t\t\t\t\t\t\t\t<img fetchpriority=\"high\" decoding=\"async\" width=\"1100\" height=\"300\" src=\"https:\/\/mpl.com.br\/wp-content\/smush-webp\/2022\/06\/politica-de-privacidade-1100-\u00d7-300-px.png.webp\" class=\"attachment-full size-full wp-image-1151\" alt=\"\" srcset=\"https:\/\/mpl.com.br\/wp-content\/smush-webp\/2022\/06\/politica-de-privacidade-1100-\u00d7-300-px.png.webp 1100w, https:\/\/mpl.com.br\/wp-content\/smush-webp\/2022\/06\/politica-de-privacidade-1100-\u00d7-300-px-300x82.png.webp 300w, https:\/\/mpl.com.br\/wp-content\/smush-webp\/2022\/06\/politica-de-privacidade-1100-\u00d7-300-px-1024x279.png.webp 1024w, https:\/\/mpl.com.br\/wp-content\/smush-webp\/2022\/06\/politica-de-privacidade-1100-\u00d7-300-px-768x209.png.webp 768w, https:\/\/mpl.com.br\/wp-content\/smush-webp\/2022\/06\/politica-de-privacidade-1100-\u00d7-300-px-700x191.png.webp 700w\" sizes=\"(max-width: 1100px) 100vw, 1100px\" \/>\t\t\t\t\t\t\t\t\t\t\t\t\t\t\t<\/div>\n\t\t\t\t<div class=\"elementor-element elementor-element-6bc65e7 elementor-widget elementor-widget-text-editor\" data-id=\"6bc65e7\" data-element_type=\"widget\" data-e-type=\"widget\" data-widget_type=\"text-editor.default\">\n\t\t\t\t\t\t\t\t\t<p><b>What is the purpose of the Privacy Policy?<\/b><\/p><ul><li style=\"font-weight: 400;\" aria-level=\"1\"><span style=\"font-weight: 400;\">MPL, striving for transparency and the maintenance of a relationship of trust with our customers, suppliers and users visiting this website, has structured this policy to transparently explain how we treat your personal data, in addition to clarifying your rights and how to exercise them, respecting the General Personal Data Protection Law, Law No. 13,709\/2018 - LGPD.<\/span><\/li><\/ul><ul><li style=\"font-weight: 400;\" aria-level=\"1\"><span style=\"font-weight: 400;\">MPL's Privacy Policy may be modified at any time in order to comply with applicable regulations. You can follow any changes via our <\/span><i><span style=\"font-weight: 400;\">site<\/span><\/i><span style=\"font-weight: 400;\">.<\/span><\/li><\/ul><p>\u00a0<\/p><p><b>What data do we collect and how do we use it?<\/b><\/p><ul><li style=\"font-weight: 400;\" aria-level=\"1\"><span style=\"font-weight: 400;\">We have separated the personal data we collect in our business into \"categories\" to make it easier for you to understand the legal justification for using each piece of information:<\/span><\/li><\/ul><p>\u00a0<\/p><table><tbody><tr><td><b><i>Data categories:<\/i><\/b><\/td><td><b><i>Data owner:<\/i><\/b><\/td><td><b><i>Data (examples):<\/i><\/b><\/td><td><b><i>Purpose of use:<\/i><\/b><\/td><td><b><i>Legal authorization:<\/i><\/b><\/td><\/tr><tr><td><b><i>Customer relations<\/i><\/b><\/td><td><ul><li style=\"font-weight: 400;\" aria-level=\"1\"><i><span style=\"font-weight: 400;\">Customer contact person<\/span><\/i><\/li><li style=\"font-weight: 400;\" aria-level=\"1\"><i><span style=\"font-weight: 400;\">Legal representative<\/span><\/i><\/li><\/ul><\/td><td><ul><li style=\"font-weight: 400;\" aria-level=\"1\"><i><span style=\"font-weight: 400;\">Identification data<\/span><\/i><\/li><li style=\"font-weight: 400;\" aria-level=\"1\"><i><span style=\"font-weight: 400;\">Contact details<\/span><\/i><\/li><li style=\"font-weight: 400;\" aria-level=\"1\"><i><span style=\"font-weight: 400;\">Signature<\/span><\/i><\/li><\/ul><\/td><td><ul><li style=\"font-weight: 400;\" aria-level=\"1\"><i><span style=\"font-weight: 400;\">Commercial relationship and fulfillment of contractual obligations<\/span><\/i><\/li><li style=\"font-weight: 400;\" aria-level=\"1\"><i><span style=\"font-weight: 400;\">Company representation<\/span><\/i><\/li><\/ul><\/td><td><ul><li style=\"font-weight: 400;\" aria-level=\"1\"><i><span style=\"font-weight: 400;\">Contract execution<\/span><\/i><\/li><li style=\"font-weight: 400;\" aria-level=\"1\"><i><span style=\"font-weight: 400;\">Compliance with a legal obligation<\/span><\/i><\/li><\/ul><\/td><\/tr><tr><td><b><i>Relations with service providers and suppliers<\/i><\/b><\/td><td><ul><li style=\"font-weight: 400;\" aria-level=\"1\"><i><span style=\"font-weight: 400;\">Service provider<\/span><\/i><\/li><li style=\"font-weight: 400;\" aria-level=\"1\"><i><span style=\"font-weight: 400;\">Supplier contact person<\/span><\/i><\/li><li style=\"font-weight: 400;\" aria-level=\"1\"><i><span style=\"font-weight: 400;\">Supplier's legal representative<\/span><\/i><\/li><\/ul><\/td><td><ul><li style=\"font-weight: 400;\" aria-level=\"1\"><i><span style=\"font-weight: 400;\">Identification data<\/span><\/i><\/li><li style=\"font-weight: 400;\" aria-level=\"1\"><i><span style=\"font-weight: 400;\">Contact details<\/span><\/i><\/li><li style=\"font-weight: 400;\" aria-level=\"1\"><i><span style=\"font-weight: 400;\">Bank details<\/span><\/i><\/li><li style=\"font-weight: 400;\" aria-level=\"1\"><i><span style=\"font-weight: 400;\">Signature<\/span><\/i><\/li><\/ul><\/td><td><ul><li style=\"font-weight: 400;\" aria-level=\"1\"><i><span style=\"font-weight: 400;\">Hiring services<\/span><\/i><\/li><li style=\"font-weight: 400;\" aria-level=\"1\"><i><span style=\"font-weight: 400;\">Making payments<\/span><\/i><\/li><li style=\"font-weight: 400;\" aria-level=\"1\"><i><span style=\"font-weight: 400;\">Company representation<\/span><\/i><\/li><\/ul><\/td><td><ul><li style=\"font-weight: 400;\" aria-level=\"1\"><i><span style=\"font-weight: 400;\">Contract execution<\/span><\/i><\/li><li style=\"font-weight: 400;\" aria-level=\"1\"><i><span style=\"font-weight: 400;\">Compliance with a legal obligation<\/span><\/i><\/li><\/ul><\/td><\/tr><tr><td><b><i>Customer service and support<\/i><\/b><\/td><td><ul><li style=\"font-weight: 400;\" aria-level=\"1\"><i><span style=\"font-weight: 400;\">Customer contact person<\/span><\/i><\/li><\/ul><\/td><td><ul><li style=\"font-weight: 400;\" aria-level=\"1\"><i><span style=\"font-weight: 400;\">Identification data<\/span><\/i><\/li><li style=\"font-weight: 400;\" aria-level=\"1\"><i><span style=\"font-weight: 400;\">Contact details<\/span><\/i><\/li><\/ul><\/td><td><ul><li style=\"font-weight: 400;\" aria-level=\"1\"><i><span style=\"font-weight: 400;\">Communicating with the client and registering support requests<\/span><\/i><\/li><\/ul><\/td><td><ul><li style=\"font-weight: 400;\" aria-level=\"1\"><i><span style=\"font-weight: 400;\">Contract execution<\/span><\/i><\/li><\/ul><\/td><\/tr><tr><td><b><i>Recruitment and Selection<\/i><\/b><\/td><td><ul><li style=\"font-weight: 400;\" aria-level=\"1\"><i><span style=\"font-weight: 400;\">Job applicants<\/span><\/i><\/li><\/ul><\/td><td><ul><li style=\"font-weight: 400;\" aria-level=\"1\"><i><span style=\"font-weight: 400;\">Identification data<\/span><\/i><\/li><li style=\"font-weight: 400;\" aria-level=\"1\"><i><span style=\"font-weight: 400;\">Contact details<\/span><\/i><\/li><li style=\"font-weight: 400;\" aria-level=\"1\"><i><span style=\"font-weight: 400;\">Professional Background<\/span><\/i><\/li><li style=\"font-weight: 400;\" aria-level=\"1\"><i><span style=\"font-weight: 400;\">Professional skills<\/span><\/i><\/li><li style=\"font-weight: 400;\" aria-level=\"1\"><i><span style=\"font-weight: 400;\">Address<\/span><\/i><\/li><\/ul><\/td><td><ul><li style=\"font-weight: 400;\" aria-level=\"1\"><i><span style=\"font-weight: 400;\">Identification of the candidate and participation in recruitment<\/span><\/i><\/li><\/ul><\/td><td><ul><li style=\"font-weight: 400;\" aria-level=\"1\"><i><span style=\"font-weight: 400;\">Contract execution<\/span><\/i><\/li><\/ul><\/td><\/tr><tr><td><b><i>Access to company premises<\/i><\/b><\/td><td><ul><li style=\"font-weight: 400;\" aria-level=\"1\"><i><span style=\"font-weight: 400;\">Visitors and service providers<\/span><\/i><\/li><\/ul><\/td><td><ul><li style=\"font-weight: 400;\" aria-level=\"1\"><i><span style=\"font-weight: 400;\">Security camera footage<\/span><\/i><\/li><\/ul><\/td><td><ul><li style=\"font-weight: 400;\" aria-level=\"1\"><i><span style=\"font-weight: 400;\">Company and visitor security<\/span><\/i><\/li><\/ul><\/td><td><ul><li style=\"font-weight: 400;\" aria-level=\"1\"><i><span style=\"font-weight: 400;\">Regular exercise of rights<\/span><\/i><\/li><\/ul><\/td><\/tr><tr><td><b><i>Dissemination of testimonials and cases, participation in training sessions<\/i><\/b><\/td><td><ul><li style=\"font-weight: 400;\" aria-level=\"1\"><i><span style=\"font-weight: 400;\">Customer contact person<\/span><\/i><\/li><\/ul><\/td><td><ul><li style=\"font-weight: 400;\" aria-level=\"1\"><i><span style=\"font-weight: 400;\">Identification data<\/span><\/i><\/li><li style=\"font-weight: 400;\" aria-level=\"1\"><i><span style=\"font-weight: 400;\">Professional data<\/span><\/i><\/li><\/ul><\/td><td><ul><li style=\"font-weight: 400;\" aria-level=\"1\"><i><span style=\"font-weight: 400;\">Evidence of participation in workshops and training<\/span><\/i><\/li><\/ul><\/td><td><ul><li style=\"font-weight: 400;\" aria-level=\"1\"><i><span style=\"font-weight: 400;\">Contract execution<\/span><\/i><\/li><\/ul><\/td><\/tr><tr><td><b><i>Contact through the institutional website<\/i><\/b><\/td><td><ul><li style=\"font-weight: 400;\" aria-level=\"1\"><i><span style=\"font-weight: 400;\">Website user<\/span><\/i><\/li><\/ul><\/td><td><ul><li style=\"font-weight: 400;\" aria-level=\"1\"><i><span style=\"font-weight: 400;\">Identification data<\/span><\/i><\/li><li style=\"font-weight: 400;\" aria-level=\"1\"><i><span style=\"font-weight: 400;\">Contact details<\/span><\/i><\/li><li style=\"font-weight: 400;\" aria-level=\"1\"><i><span style=\"font-weight: 400;\">Professional data<\/span><\/i><\/li><\/ul><\/td><td><ul><li style=\"font-weight: 400;\" aria-level=\"1\"><i><span style=\"font-weight: 400;\">Option for customers to contact the company with questions and doubts about the service provided<\/span><\/i><\/li><\/ul><\/td><td><ul><li style=\"font-weight: 400;\" aria-level=\"1\"><i><span style=\"font-weight: 400;\">Contract execution<\/span><\/i><\/li><\/ul><\/td><\/tr><\/tbody><\/table><p>\u00a0<\/p><ul><li aria-level=\"1\"><span style=\"font-weight: 400;\">MPL does not share the personal data processed for purposes other than those described in the <\/span><b>MPL Privacy Policy.<\/b><\/li><\/ul><p>\u00a0<\/p><p><b>With whom do we share the personal data we process?<\/b><\/p><ul><li aria-level=\"1\"><span style=\"font-weight: 400;\">The <\/span><b><i>personal data<\/i><\/b><span style=\"font-weight: 400;\"> that we collect may be shared solely and exclusively for the purpose of carrying out MPL's activities, and all third parties are required to maintain the same<\/span><b> level of security and data governance<\/b><span style=\"font-weight: 400;\"> applied by MPL, as well as using <\/span><b><i>such information exclusively for the purposes expressly permitted<\/i><\/b><span style=\"font-weight: 400;\">. Among the main shares are:<\/span><\/li><\/ul><p><b><i><\/i><\/b><br \/><i><\/i><\/p><ul><li style=\"font-weight: 400;\" aria-level=\"1\"><i><span style=\"font-weight: 400;\">outsourced legal advice, for the purposes of the regular exercise of rights and defense of MPL's rights;<\/span><\/i><\/li><\/ul><ul><li style=\"font-weight: 400;\" aria-level=\"1\"><i><span style=\"font-weight: 400;\">outsourced companies contracted by MPL, solely and exclusively for the development of the commercial and business activities of MPL's companies;<\/span><\/i><\/li><\/ul><ul><li style=\"font-weight: 400;\" aria-level=\"1\"><i><span style=\"font-weight: 400;\">companies related to the maintenance of the institutional website, as well as its hosting;<\/span><\/i><\/li><\/ul><ul><li style=\"font-weight: 400;\" aria-level=\"1\"><i><span style=\"font-weight: 400;\">companies that manage the database to store the information;<\/span><\/i><\/li><\/ul><ul><li style=\"font-weight: 400;\" aria-level=\"1\"><i><span style=\"font-weight: 400;\">outsourced consultancies in the accounting and human resources areas;<\/span><\/i><\/li><\/ul><ul><li style=\"font-weight: 400;\" aria-level=\"1\"><i><span style=\"font-weight: 400;\">electronic signature platforms, when documents and contracts need to be signed;<\/span><\/i><\/li><\/ul><ul><li style=\"font-weight: 400;\" aria-level=\"1\"><i><span style=\"font-weight: 400;\">CRM platforms, commercial management and commercial prospecting;<\/span><\/i><\/li><\/ul><ul><li style=\"font-weight: 400;\" aria-level=\"1\"><i><span style=\"font-weight: 400;\">insurance companies and insurance brokers;<\/span><\/i><\/li><\/ul><ul><li style=\"font-weight: 400;\" aria-level=\"1\"><i><span style=\"font-weight: 400;\">marketing agencies;<\/span><\/i><\/li><\/ul><ul><li style=\"font-weight: 400;\" aria-level=\"1\"><i><span style=\"font-weight: 400;\">videoconferencing platforms;<\/span><\/i><\/li><\/ul><ul><li style=\"font-weight: 400;\" aria-level=\"1\"><i><span style=\"font-weight: 400;\">companies hiring trainees and recruitment agencies;<\/span><\/i><\/li><\/ul><ul><li style=\"font-weight: 400;\" aria-level=\"1\"><i><span style=\"font-weight: 400;\">occupational health and safety companies, as well as medical clinics;<\/span><\/i><\/li><\/ul><ul><li style=\"font-weight: 400;\" aria-level=\"1\"><i><span style=\"font-weight: 400;\">banking institutions;\u00a0<\/span><\/i><\/li><\/ul><ul><li style=\"font-weight: 400;\" aria-level=\"1\"><i><span style=\"font-weight: 400;\">auditing and business consultancy firms;<\/span><\/i><\/li><\/ul><ul><li style=\"font-weight: 400;\" aria-level=\"1\"><i><span style=\"font-weight: 400;\">surveillance and property security companies;<\/span><\/i><i><span style=\"font-weight: 400;\"><br \/><\/span><\/i><i><\/i><\/li><li style=\"font-weight: 400;\" aria-level=\"1\"><i><span style=\"font-weight: 400;\">as a result of a legal obligation or at the request of Public Bodies and\/or Supervisory Entities.<\/span><\/i><\/li><\/ul><p>\u00a0<\/p><p><b>Where do we store your data?<\/b><\/p><ul><li style=\"font-weight: 400;\" aria-level=\"1\"><span style=\"font-weight: 400;\">The data collected will be stored with <\/span><i><span style=\"font-weight: 400;\">datacenters<\/span><\/i><span style=\"font-weight: 400;\">in<\/span> <span style=\"font-weight: 400;\">physical servers located in Brazil and virtual clouds located abroad.<\/span><\/li><\/ul><p>\u00a0<\/p><p><b>Is there an international transfer of your data?<\/b><\/p><ul><li style=\"font-weight: 400;\" aria-level=\"1\"><span style=\"font-weight: 400;\">Yes, there will be an international transfer of data for the purpose of storing information in a cloud environment. MPL manages the providers of these services, assessing whether <\/span><b><i>have an adequate level of personal data protection.<\/i><\/b><\/li><\/ul><ul><li style=\"font-weight: 400;\" aria-level=\"1\"><span style=\"font-weight: 400;\">\u00a0MPL also establishes mechanisms to guarantee the legality of the International Transfer of Personal Data, following the guidelines of art. 33 of the LGPD and regulations issued by the ANPD.<\/span><\/li><\/ul><p>\u00a0<\/p><p><b>What are your rights?<\/b><\/p><ul><li style=\"font-weight: 400;\" aria-level=\"1\"><span style=\"font-weight: 400;\">Confirm the existence of your data;<\/span><\/li><li style=\"font-weight: 400;\" aria-level=\"1\"><span style=\"font-weight: 400;\">Having access to your data;<\/span><\/li><li style=\"font-weight: 400;\" aria-level=\"1\"><span style=\"font-weight: 400;\">Request the correction of incomplete, inaccurate or outdated data;<\/span><\/li><li style=\"font-weight: 400;\" aria-level=\"1\"><span style=\"font-weight: 400;\">Request anonymization, blocking or deletion of unnecessary data;<\/span><\/li><li style=\"font-weight: 400;\" aria-level=\"1\"><span style=\"font-weight: 400;\">Request the portability of your data to another provider;<\/span><\/li><li style=\"font-weight: 400;\" aria-level=\"1\"><span style=\"font-weight: 400;\">Request the deletion or anonymization of your data after use;<\/span><\/li><li style=\"font-weight: 400;\" aria-level=\"1\"><span style=\"font-weight: 400;\">Be informed about the use of shared data;<\/span><\/li><li style=\"font-weight: 400;\" aria-level=\"1\"><span style=\"font-weight: 400;\">Be informed of the consequences of not providing your data;<\/span><\/li><li style=\"font-weight: 400;\" aria-level=\"1\"><span style=\"font-weight: 400;\">Request revocation of your consent.<\/span><\/li><\/ul><p><span style=\"font-weight: 400;\">To exercise any of these rights, you can contact MPL at <\/span><b><i>available channels<\/i><\/b><span style=\"font-weight: 400;\"> in this Privacy Policy.<\/span><\/p><p>\u00a0<\/p><p><b>What precautions do we take with information security?<\/b><\/p><ul><li style=\"font-weight: 400;\" aria-level=\"1\"><span style=\"font-weight: 400;\">MPL adopts forms of information security management and strict information protection controls, following the recommendations of national and international Information Security standards, such as NBR ISO\/IEC 27000, among other standards and good market practices, requiring its suppliers to guarantee the same or a higher level of security for the data stored in their databases.<\/span><\/li><\/ul><p>\u00a0<\/p><p><b>How long does MPL use and store your data?<\/b><\/p><ul><li style=\"font-weight: 400;\" aria-level=\"1\"><span style=\"font-weight: 400;\">Your personal data will remain stored in MPL's database for legitimate and essential purposes, such as: <\/span><i><span style=\"font-weight: 400;\">1) the existence of a specific law or regulation requiring a specific period for data retention<\/span><\/i><span style=\"font-weight: 400;\">; e <\/span><i><span style=\"font-weight: 400;\">2) for security purposes, fraud control and preservation of rights<\/span><\/i><span style=\"font-weight: 400;\">.<\/span><\/li><li style=\"font-weight: 400;\" aria-level=\"1\"><span style=\"font-weight: 400;\">We will keep a record of the data subject's data, guaranteeing its exclusive use by MPL and the companies it hires to fulfill the purposes described in this Privacy Policy, in addition to preserving the security of such information and other legitimate interests, in accordance with art. 10 of the LGPD.<\/span><\/li><li style=\"font-weight: 400;\" aria-level=\"1\"><span style=\"font-weight: 400;\">You may request the anonymization or revocation of your consent through the channels provided in this Privacy Policy.\u00a0<\/span><\/li><\/ul><p>\u00a0<\/p><p><b>What about children's data?\u00a0<\/b><\/p><ul><li style=\"font-weight: 400;\" aria-level=\"1\"><span style=\"font-weight: 400;\">The MPL website is aimed at and intended for use only by people aged 18 or over. We do not target advertisements at children and we do not knowingly collect personal data from persons under the age of 18.<\/span><\/li><\/ul><ul><li style=\"font-weight: 400;\" aria-level=\"1\"><span style=\"font-weight: 400;\">There may be internal MPL processes where the data of children and adolescents is processed, which will always be carried out with respect for the best interests of the minor, in an ethical manner, observing the Statute of the Child and Adolescent, and with the consent of at least one parent or legal guardian, as established in art. 14 of the LGPD.<\/span><\/li><\/ul><p>\u00a0<\/p><p><b>What is the contact channel with MPL?<\/b><\/p><ul><li style=\"font-weight: 400;\" aria-level=\"1\"><span style=\"font-weight: 400;\">The data subject may clarify any doubts regarding this Privacy Policy, as well as request any of their rights, through the communication channels listed below:<\/span><\/li><\/ul><p>\u00a0<\/p><table><tbody><tr><td colspan=\"2\"><b>Controller data<\/b><\/td><\/tr><tr><td><b>Company name:<\/b><\/td><td><span style=\"font-weight: 400;\">MPL CORPORATE SOFTWARE S\/A<\/span><\/td><\/tr><tr><td><b>CNPJ:<\/b><\/td><td><span style=\"font-weight: 400;\">29.171.410\/0001-87<\/span><\/td><\/tr><tr><td><b>Address:<\/b><\/td><td><span style=\"font-weight: 400;\">Rua Visconde de Inhauma, n\u00ba 134, sala 2001, Bairro Centro, Rio de Janeiro\/RJ, CEP 20.091-901<\/span><\/td><\/tr><tr><td colspan=\"2\"><b>Requests\/complaints channel<\/b><\/td><\/tr><tr><td><b>Channel:<\/b><\/td><td><a href=\"https:\/\/datamappinglgpd.com.br\/sistema\/novarequisicao.php?c=1499\"><b>Click here<\/b><\/a><\/td><\/tr><tr><td colspan=\"2\"><b>Data of the Person in Charge (DPO)<\/b><\/td><\/tr><tr><td><b>Full name of the official DPO:<\/b><\/td><td><span style=\"font-weight: 400;\">Simone Taveira<\/span><\/td><\/tr><tr><td><b>Full name of the substitute DPO:<\/b><\/td><td><span style=\"font-weight: 400;\">Luiz Fernando Carvalho<\/span><\/td><\/tr><tr><td><b>Contact:\u00a0<\/b><\/td><td><span style=\"font-weight: 400;\">dpo@mpl.com.br<\/span><\/td><\/tr><\/tbody><\/table><p>\u00a0<\/p><p><span style=\"font-weight: 400;\">Last updated: November 07, 2024.<\/span><\/p><p><span style=\"font-weight: 400;\">Version: Brazil<\/span><\/p><p><span style=\"font-weight: 400;\">Applicability: Brazilian users<\/span><\/p>\t\t\t\t\t\t\t\t<\/div>\n\t\t\t\t\t<\/div>\n\t\t<\/div>\n\t\t\t\t\t<\/div>\n\t\t<\/section>\n\t\t\t\t<\/div>","protected":false},"excerpt":{"rendered":"<p>What is the purpose of the Privacy Policy? <a  href=\"https:\/\/mpl.com.br\/en\/a-mpl\/\">MPL<\/a>, prezando pela transpar\u00eancia e pela manuten\u00e7\u00e3o de um relacionamento de confian\u00e7a com nossos <a  href=\"https:\/\/mpl.com.br\/en\/a-mpl\/clientes\/\">clients<\/a>, fornecedores e usu\u00e1rios visitantes deste site, estruturou esta pol\u00edtica para expor de forma transparente como tratamos os seus dados pessoais, al\u00e9m de&#8230;<\/p>","protected":false},"author":26,"featured_media":0,"parent":890,"menu_order":0,"comment_status":"closed","ping_status":"closed","template":"","meta":{"footnotes":""},"class_list":["post-893","page","type-page","status-publish","hentry"],"_links":{"self":[{"href":"https:\/\/mpl.com.br\/en\/wp-json\/wp\/v2\/pages\/893","targetHints":{"allow":["GET"]}}],"collection":[{"href":"https:\/\/mpl.com.br\/en\/wp-json\/wp\/v2\/pages"}],"about":[{"href":"https:\/\/mpl.com.br\/en\/wp-json\/wp\/v2\/types\/page"}],"author":[{"embeddable":true,"href":"https:\/\/mpl.com.br\/en\/wp-json\/wp\/v2\/users\/26"}],"replies":[{"embeddable":true,"href":"https:\/\/mpl.com.br\/en\/wp-json\/wp\/v2\/comments?post=893"}],"version-history":[{"count":0,"href":"https:\/\/mpl.com.br\/en\/wp-json\/wp\/v2\/pages\/893\/revisions"}],"up":[{"embeddable":true,"href":"https:\/\/mpl.com.br\/en\/wp-json\/wp\/v2\/pages\/890"}],"wp:attachment":[{"href":"https:\/\/mpl.com.br\/en\/wp-json\/wp\/v2\/media?parent=893"}],"curies":[{"name":"wp","href":"https:\/\/api.w.org\/{rel}","templated":true}]}}