{"id":9751,"date":"2022-07-01T16:27:49","date_gmt":"2022-07-01T19:27:49","guid":{"rendered":"https:\/\/129.144.60.171\/?page_id=9751"},"modified":"2026-01-08T10:50:50","modified_gmt":"2026-01-08T13:50:50","slug":"blog","status":"publish","type":"page","link":"https:\/\/mpl.com.br\/en\/blog\/","title":{"rendered":"blog"},"content":{"rendered":"<div data-elementor-type=\"wp-page\" data-elementor-id=\"9751\" class=\"elementor elementor-9751\" data-elementor-post-type=\"page\">\n\t\t\t\t\t\t<section class=\"elementor-section elementor-top-section elementor-element elementor-element-56e821c elementor-section-boxed elementor-section-height-default elementor-section-height-default parallax_section_no qode_elementor_container_no\" data-id=\"56e821c\" data-element_type=\"section\" data-e-type=\"section\">\n\t\t\t\t\t\t<div class=\"elementor-container elementor-column-gap-default\">\n\t\t\t\t\t<div class=\"elementor-column elementor-col-100 elementor-top-column elementor-element elementor-element-eb6e791\" data-id=\"eb6e791\" data-element_type=\"column\" data-e-type=\"column\">\n\t\t\t<div class=\"elementor-widget-wrap elementor-element-populated\">\n\t\t\t\t\t\t<div class=\"elementor-element elementor-element-a5affc3 elementor-posts--align-left elementor-grid-3 elementor-grid-tablet-2 elementor-grid-mobile-1 elementor-posts--thumbnail-top elementor-card-shadow-yes elementor-posts__hover-gradient elementor-widget elementor-widget-posts\" data-id=\"a5affc3\" data-element_type=\"widget\" data-e-type=\"widget\" data-settings=\"{&quot;pagination_type&quot;:&quot;numbers_and_prev_next&quot;,&quot;cards_columns&quot;:&quot;3&quot;,&quot;cards_columns_tablet&quot;:&quot;2&quot;,&quot;cards_columns_mobile&quot;:&quot;1&quot;,&quot;cards_row_gap&quot;:{&quot;unit&quot;:&quot;px&quot;,&quot;size&quot;:35,&quot;sizes&quot;:[]},&quot;cards_row_gap_tablet&quot;:{&quot;unit&quot;:&quot;px&quot;,&quot;size&quot;:&quot;&quot;,&quot;sizes&quot;:[]},&quot;cards_row_gap_mobile&quot;:{&quot;unit&quot;:&quot;px&quot;,&quot;size&quot;:&quot;&quot;,&quot;sizes&quot;:[]}}\" data-widget_type=\"posts.cards\">\n\t\t\t\t<div class=\"elementor-widget-container\">\n\t\t\t\t\t\t\t<div class=\"elementor-posts-container elementor-posts elementor-posts--skin-cards elementor-grid\" role=\"list\">\n\t\t\t\t<article class=\"elementor-post elementor-grid-item post-30346 post type-post status-publish format-standard has-post-thumbnail hentry category-jdedwards\" role=\"listitem\">\n\t\t\t<div class=\"elementor-post__card\">\n\t\t\t\t<a class=\"elementor-post__thumbnail__link\" href=\"https:\/\/mpl.com.br\/en\/o-que-muda-com-a-reforma-tributaria-jd-edwards\/\" tabindex=\"-1\" ><div class=\"elementor-post__thumbnail\"><img fetchpriority=\"high\" decoding=\"async\" width=\"1545\" height=\"822\" src=\"https:\/\/mpl.com.br\/wp-content\/uploads\/2026\/04\/8460707-MPL-Artigo_03-Capa_Blog.png\" class=\"attachment-full size-full wp-image-30348\" alt=\"Sala de reuni\u00e3o moderna com painel digital mostrando informa\u00e7\u00f5es sobre a reforma tribut\u00e1ria no Brasil, discutindo o que muda no JD Edwards.\" srcset=\"https:\/\/mpl.com.br\/wp-content\/uploads\/2026\/04\/8460707-MPL-Artigo_03-Capa_Blog.png 1545w, https:\/\/mpl.com.br\/wp-content\/uploads\/2026\/04\/8460707-MPL-Artigo_03-Capa_Blog-300x160.png 300w, https:\/\/mpl.com.br\/wp-content\/uploads\/2026\/04\/8460707-MPL-Artigo_03-Capa_Blog-1024x545.png 1024w, https:\/\/mpl.com.br\/wp-content\/uploads\/2026\/04\/8460707-MPL-Artigo_03-Capa_Blog-768x409.png 768w, https:\/\/mpl.com.br\/wp-content\/uploads\/2026\/04\/8460707-MPL-Artigo_03-Capa_Blog-1536x817.png 1536w, https:\/\/mpl.com.br\/wp-content\/uploads\/2026\/04\/8460707-MPL-Artigo_03-Capa_Blog-18x10.png 18w, https:\/\/mpl.com.br\/wp-content\/uploads\/2026\/04\/8460707-MPL-Artigo_03-Capa_Blog-700x372.png 700w\" sizes=\"(max-width: 1545px) 100vw, 1545px\" \/><\/div><\/a>\n\t\t\t\t<div class=\"elementor-post__text\">\n\t\t\t\t<h3 class=\"elementor-post__title\">\n\t\t\t<a href=\"https:\/\/mpl.com.br\/en\/o-que-muda-com-a-reforma-tributaria-jd-edwards\/\" >\n\t\t\t\tO que muda com a Reforma Tribut\u00e1ria no JD Edwards?\t\t\t<\/a>\n\t\t<\/h3>\n\t\t\t\t<div class=\"elementor-post__excerpt\">\n\t\t\t<p>Enquanto o debate p\u00fablico orbita al\u00edquotas e cronogramas legislativos, as equipes de TI e Fiscal que operam o Oracle JD <a  href=\"https:\/\/mpl.com.br\/en\/edwards-enterpriseone\/\">Edwards EnterpriseOne<\/a> se deparam com uma quest\u00e3o mais espec\u00edfica: quais par\u00e2metros, campos e rotinas do sistema precisam mudar e em que prazo? O que muda<\/p>\n\t\t<\/div>\n\t\t\t\t\t<div class=\"elementor-post__read-more-wrapper\">\n\t\t\n\t\t<a class=\"elementor-post__read-more\" href=\"https:\/\/mpl.com.br\/en\/o-que-muda-com-a-reforma-tributaria-jd-edwards\/\" aria-label=\"Read more about O que muda com a Reforma Tribut\u00e1ria no JD Edwards?\" tabindex=\"-1\" >\n\t\t\tRead more &quot;\t\t<\/a>\n\n\t\t\t\t\t<\/div>\n\t\t\t\t<\/div>\n\t\t\t\t<div class=\"elementor-post__meta-data\">\n\t\t\t\t\t<span class=\"elementor-post-date\">\n\t\t\t29\/04\/2026\t\t<\/span>\n\t\t\t\t<span class=\"elementor-post-avatar\">\n\t\t\tNo comments\t\t<\/span>\n\t\t\t\t<\/div>\n\t\t\t\t\t<\/div>\n\t\t<\/article>\n\t\t\t\t<article class=\"elementor-post elementor-grid-item post-29967 post type-post status-publish format-standard has-post-thumbnail hentry category-ias category-inova\" role=\"listitem\">\n\t\t\t<div class=\"elementor-post__card\">\n\t\t\t\t<a class=\"elementor-post__thumbnail__link\" href=\"https:\/\/mpl.com.br\/en\/governanca-de-ia\/\" tabindex=\"-1\" ><div class=\"elementor-post__thumbnail\"><img decoding=\"async\" width=\"1545\" height=\"822\" data-src=\"https:\/\/mpl.com.br\/wp-content\/uploads\/2026\/04\/8460708-MPL-Artigo_02-Capa_Blog.png\" class=\"attachment-full size-full wp-image-29979 lazyload\" alt=\"Business meeting in a modern room overlooking the city, representing AI governance and advanced technologies.\" data-srcset=\"https:\/\/mpl.com.br\/wp-content\/uploads\/2026\/04\/8460708-MPL-Artigo_02-Capa_Blog.png 1545w, https:\/\/mpl.com.br\/wp-content\/uploads\/2026\/04\/8460708-MPL-Artigo_02-Capa_Blog-300x160.png 300w, https:\/\/mpl.com.br\/wp-content\/uploads\/2026\/04\/8460708-MPL-Artigo_02-Capa_Blog-1024x545.png 1024w, https:\/\/mpl.com.br\/wp-content\/uploads\/2026\/04\/8460708-MPL-Artigo_02-Capa_Blog-768x409.png 768w, https:\/\/mpl.com.br\/wp-content\/uploads\/2026\/04\/8460708-MPL-Artigo_02-Capa_Blog-1536x817.png 1536w, https:\/\/mpl.com.br\/wp-content\/uploads\/2026\/04\/8460708-MPL-Artigo_02-Capa_Blog-18x10.png 18w, https:\/\/mpl.com.br\/wp-content\/uploads\/2026\/04\/8460708-MPL-Artigo_02-Capa_Blog-700x372.png 700w\" data-sizes=\"(max-width: 1545px) 100vw, 1545px\" src=\"data:image\/svg+xml;base64,PHN2ZyB3aWR0aD0iMSIgaGVpZ2h0PSIxIiB4bWxucz0iaHR0cDovL3d3dy53My5vcmcvMjAwMC9zdmciPjwvc3ZnPg==\" style=\"--smush-placeholder-width: 1545px; --smush-placeholder-aspect-ratio: 1545\/822;\" \/><\/div><\/a>\n\t\t\t\t<div class=\"elementor-post__text\">\n\t\t\t\t<h3 class=\"elementor-post__title\">\n\t\t\t<a href=\"https:\/\/mpl.com.br\/en\/governanca-de-ia\/\" >\n\t\t\t\tAI governance: how to safely manage risks and scale innovation\t\t\t<\/a>\n\t\t<\/h3>\n\t\t\t\t<div class=\"elementor-post__excerpt\">\n\t\t\t<p>THE <a  href=\"https:\/\/mpl.com.br\/en\/mpl-inova\/inteligencia-artificial\/\">artificial intelligence<\/a> is no longer a future promise but a reality in business operations. But this transformation brings with it a dilemma about how to balance innovation with <a  href=\"https:\/\/mpl.com.br\/en\/solucoes\/seguranca\/\">security<\/a>? Companies that implement AI without proper governance face operational, reputational and regulatory risks that can jeopardize<\/p>\n\t\t<\/div>\n\t\t\t\t\t<div class=\"elementor-post__read-more-wrapper\">\n\t\t\n\t\t<a class=\"elementor-post__read-more\" href=\"https:\/\/mpl.com.br\/en\/governanca-de-ia\/\" aria-label=\"Read more about Governan\u00e7a de IA: como gerenciar riscos e escalar a inova\u00e7\u00e3o com seguran\u00e7a\" tabindex=\"-1\" >\n\t\t\tRead more &quot;\t\t<\/a>\n\n\t\t\t\t\t<\/div>\n\t\t\t\t<\/div>\n\t\t\t\t<div class=\"elementor-post__meta-data\">\n\t\t\t\t\t<span class=\"elementor-post-date\">\n\t\t\t20\/04\/2026\t\t<\/span>\n\t\t\t\t<span class=\"elementor-post-avatar\">\n\t\t\tNo comments\t\t<\/span>\n\t\t\t\t<\/div>\n\t\t\t\t\t<\/div>\n\t\t<\/article>\n\t\t\t\t<article class=\"elementor-post elementor-grid-item post-26830 post type-post status-publish format-standard has-post-thumbnail hentry category-erp category-jdedwards\" role=\"listitem\">\n\t\t\t<div class=\"elementor-post__card\">\n\t\t\t\t<a class=\"elementor-post__thumbnail__link\" href=\"https:\/\/mpl.com.br\/en\/reforma-tributaria-jd-edwards\/\" tabindex=\"-1\" ><div class=\"elementor-post__thumbnail\"><img decoding=\"async\" width=\"1545\" height=\"822\" data-src=\"https:\/\/mpl.com.br\/wp-content\/uploads\/2026\/04\/8460692-MPL-Artigo_01-Capa_Blog.png\" class=\"attachment-full size-full wp-image-26843 lazyload\" alt=\"Image of a woman using a touchscreen displaying tax optimization scenarios, related to the JD Edwards tax reform, in a modern business environment.\" data-srcset=\"https:\/\/mpl.com.br\/wp-content\/uploads\/2026\/04\/8460692-MPL-Artigo_01-Capa_Blog.png 1545w, https:\/\/mpl.com.br\/wp-content\/uploads\/2026\/04\/8460692-MPL-Artigo_01-Capa_Blog-300x160.png 300w, https:\/\/mpl.com.br\/wp-content\/uploads\/2026\/04\/8460692-MPL-Artigo_01-Capa_Blog-1024x545.png 1024w, https:\/\/mpl.com.br\/wp-content\/uploads\/2026\/04\/8460692-MPL-Artigo_01-Capa_Blog-768x409.png 768w, https:\/\/mpl.com.br\/wp-content\/uploads\/2026\/04\/8460692-MPL-Artigo_01-Capa_Blog-1536x817.png 1536w, https:\/\/mpl.com.br\/wp-content\/uploads\/2026\/04\/8460692-MPL-Artigo_01-Capa_Blog-18x10.png 18w, https:\/\/mpl.com.br\/wp-content\/uploads\/2026\/04\/8460692-MPL-Artigo_01-Capa_Blog-700x372.png 700w\" data-sizes=\"(max-width: 1545px) 100vw, 1545px\" src=\"data:image\/svg+xml;base64,PHN2ZyB3aWR0aD0iMSIgaGVpZ2h0PSIxIiB4bWxucz0iaHR0cDovL3d3dy53My5vcmcvMjAwMC9zdmciPjwvc3ZnPg==\" style=\"--smush-placeholder-width: 1545px; --smush-placeholder-aspect-ratio: 1545\/822;\" \/><\/div><\/a>\n\t\t\t\t<div class=\"elementor-post__text\">\n\t\t\t\t<h3 class=\"elementor-post__title\">\n\t\t\t<a href=\"https:\/\/mpl.com.br\/en\/reforma-tributaria-jd-edwards\/\" >\n\t\t\t\tTax reform at JD Edwards: complete guide and requirements for the next phase\t\t\t<\/a>\n\t\t<\/h3>\n\t\t\t\t<div class=\"elementor-post__excerpt\">\n\t\t\t<p>Tax reform ceased to be a future event in January 2026. The IBS and CBS came into force, invoices already require the new fields and the companies that got ahead of the curve are operating within the new model. But the changes continue, for<\/p>\n\t\t<\/div>\n\t\t\t\t\t<div class=\"elementor-post__read-more-wrapper\">\n\t\t\n\t\t<a class=\"elementor-post__read-more\" href=\"https:\/\/mpl.com.br\/en\/reforma-tributaria-jd-edwards\/\" aria-label=\"Read more about Reforma Tribut\u00e1ria no JD Edwards: guia completo e os requerimentos da pr\u00f3xima fase\" tabindex=\"-1\" >\n\t\t\tRead more &quot;\t\t<\/a>\n\n\t\t\t\t\t<\/div>\n\t\t\t\t<\/div>\n\t\t\t\t<div class=\"elementor-post__meta-data\">\n\t\t\t\t\t<span class=\"elementor-post-date\">\n\t\t\t16\/04\/2026\t\t<\/span>\n\t\t\t\t<span class=\"elementor-post-avatar\">\n\t\t\tNo comments\t\t<\/span>\n\t\t\t\t<\/div>\n\t\t\t\t\t<\/div>\n\t\t<\/article>\n\t\t\t\t<article class=\"elementor-post elementor-grid-item post-12026 post type-post status-publish format-standard has-post-thumbnail hentry category-cloud category-mpl category-jdedwards tag-clean-core tag-inovacao tag-jd-edwards\" role=\"listitem\">\n\t\t\t<div class=\"elementor-post__card\">\n\t\t\t\t<a class=\"elementor-post__thumbnail__link\" href=\"https:\/\/mpl.com.br\/en\/o-futuro-do-jd-edwards-ate-2036-voce-esta-apenas-sobrevivendo-ou-esta-inovando\/\" tabindex=\"-1\" ><div class=\"elementor-post__thumbnail\"><img decoding=\"async\" width=\"1545\" height=\"822\" data-src=\"https:\/\/mpl.com.br\/wp-content\/uploads\/2026\/02\/2036_linkedin.jpg\" class=\"attachment-full size-full wp-image-12027 lazyload\" alt=\"ERP of &quot;Registro&quot; is dead\" data-srcset=\"https:\/\/mpl.com.br\/wp-content\/uploads\/2026\/02\/2036_linkedin.jpg 1545w, https:\/\/mpl.com.br\/wp-content\/uploads\/2026\/02\/2036_linkedin-300x160.jpg 300w, https:\/\/mpl.com.br\/wp-content\/uploads\/2026\/02\/2036_linkedin-1024x545.jpg 1024w, https:\/\/mpl.com.br\/wp-content\/uploads\/2026\/02\/2036_linkedin-768x409.jpg 768w, https:\/\/mpl.com.br\/wp-content\/uploads\/2026\/02\/2036_linkedin-1536x817.jpg 1536w, https:\/\/mpl.com.br\/wp-content\/uploads\/2026\/02\/2036_linkedin-18x10.jpg 18w, https:\/\/mpl.com.br\/wp-content\/uploads\/2026\/02\/2036_linkedin-700x372.jpg 700w\" data-sizes=\"(max-width: 1545px) 100vw, 1545px\" src=\"data:image\/svg+xml;base64,PHN2ZyB3aWR0aD0iMSIgaGVpZ2h0PSIxIiB4bWxucz0iaHR0cDovL3d3dy53My5vcmcvMjAwMC9zdmciPjwvc3ZnPg==\" style=\"--smush-placeholder-width: 1545px; --smush-placeholder-aspect-ratio: 1545\/822;\" \/><\/div><\/a>\n\t\t\t\t<div class=\"elementor-post__text\">\n\t\t\t\t<h3 class=\"elementor-post__title\">\n\t\t\t<a href=\"https:\/\/mpl.com.br\/en\/o-futuro-do-jd-edwards-ate-2036-voce-esta-apenas-sobrevivendo-ou-esta-inovando\/\" >\n\t\t\t\tThe Future of JD Edwards to 2036: Are you just surviving or are you innovating?\t\t\t<\/a>\n\t\t<\/h3>\n\t\t\t\t<div class=\"elementor-post__excerpt\">\n\t\t\t<p>Many leaders still look at the <a  href=\"https:\/\/mpl.com.br\/en\/solucoes\/erp\/\">ERP<\/a> as a rear-view mirror tool: a place where you record what has already happened to ensure compliance and accounting closures. If you still see JD Edwards like that, you're missing out on the biggest window of opportunity of the last decade.<\/p>\n\t\t<\/div>\n\t\t\t\t\t<div class=\"elementor-post__read-more-wrapper\">\n\t\t\n\t\t<a class=\"elementor-post__read-more\" href=\"https:\/\/mpl.com.br\/en\/o-futuro-do-jd-edwards-ate-2036-voce-esta-apenas-sobrevivendo-ou-esta-inovando\/\" aria-label=\"Read more about O Futuro do JD Edwards at\u00e9 2036: Voc\u00ea est\u00e1 apenas sobrevivendo ou est\u00e1 inovando?\" tabindex=\"-1\" >\n\t\t\tRead more &quot;\t\t<\/a>\n\n\t\t\t\t\t<\/div>\n\t\t\t\t<\/div>\n\t\t\t\t<div class=\"elementor-post__meta-data\">\n\t\t\t\t\t<span class=\"elementor-post-date\">\n\t\t\t13\/02\/2026\t\t<\/span>\n\t\t\t\t<span class=\"elementor-post-avatar\">\n\t\t\tNo comments\t\t<\/span>\n\t\t\t\t<\/div>\n\t\t\t\t\t<\/div>\n\t\t<\/article>\n\t\t\t\t<article class=\"elementor-post elementor-grid-item post-12022 post type-post status-publish format-standard has-post-thumbnail hentry category-cybersecurity category-erp category-mpl tag-fortinet tag-fotisase tag-jde-edwards\" role=\"listitem\">\n\t\t\t<div class=\"elementor-post__card\">\n\t\t\t\t<a class=\"elementor-post__thumbnail__link\" href=\"https:\/\/mpl.com.br\/en\/como-o-fortisase-e-a-mpl-estao-redefinindo-a-seguranca-para-o-trabalho-remoto\/\" tabindex=\"-1\" ><div class=\"elementor-post__thumbnail\"><img decoding=\"async\" width=\"1479\" height=\"976\" data-src=\"https:\/\/mpl.com.br\/wp-content\/uploads\/2026\/02\/fortinet_linkedin.jpg\" class=\"attachment-full size-full wp-image-12023 lazyload\" alt=\"Fortisase\" data-srcset=\"https:\/\/mpl.com.br\/wp-content\/uploads\/2026\/02\/fortinet_linkedin.jpg 1479w, https:\/\/mpl.com.br\/wp-content\/uploads\/2026\/02\/fortinet_linkedin-300x198.jpg 300w, https:\/\/mpl.com.br\/wp-content\/uploads\/2026\/02\/fortinet_linkedin-1024x676.jpg 1024w, https:\/\/mpl.com.br\/wp-content\/uploads\/2026\/02\/fortinet_linkedin-768x507.jpg 768w, https:\/\/mpl.com.br\/wp-content\/uploads\/2026\/02\/fortinet_linkedin-18x12.jpg 18w, https:\/\/mpl.com.br\/wp-content\/uploads\/2026\/02\/fortinet_linkedin-700x462.jpg 700w\" data-sizes=\"(max-width: 1479px) 100vw, 1479px\" src=\"data:image\/svg+xml;base64,PHN2ZyB3aWR0aD0iMSIgaGVpZ2h0PSIxIiB4bWxucz0iaHR0cDovL3d3dy53My5vcmcvMjAwMC9zdmciPjwvc3ZnPg==\" style=\"--smush-placeholder-width: 1479px; --smush-placeholder-aspect-ratio: 1479\/976;\" \/><\/div><\/a>\n\t\t\t\t<div class=\"elementor-post__text\">\n\t\t\t\t<h3 class=\"elementor-post__title\">\n\t\t\t<a href=\"https:\/\/mpl.com.br\/en\/como-o-fortisase-e-a-mpl-estao-redefinindo-a-seguranca-para-o-trabalho-remoto\/\" >\n\t\t\t\tHow FortiSASE and MPL are redefining security for remote work.\t\t\t<\/a>\n\t\t<\/h3>\n\t\t\t\t<div class=\"elementor-post__excerpt\">\n\t\t\t<p>The reality of remote working has exposed the wounds in the models of <a  href=\"https:\/\/mpl.com.br\/en\/solucoes\/seguranca\/\">security<\/a> conventional. Traditional VPNs, designed for sporadic access, have become performance bottlenecks and visibility gaps. In a world where the perimeter has disappeared, relying solely on physical location is a risk that CIOs<\/p>\n\t\t<\/div>\n\t\t\t\t\t<div class=\"elementor-post__read-more-wrapper\">\n\t\t\n\t\t<a class=\"elementor-post__read-more\" href=\"https:\/\/mpl.com.br\/en\/como-o-fortisase-e-a-mpl-estao-redefinindo-a-seguranca-para-o-trabalho-remoto\/\" aria-label=\"Read more about Como o FortiSASE e a MPL est\u00e3o redefinindo a seguran\u00e7a para o trabalho remoto.\" tabindex=\"-1\" >\n\t\t\tRead more &quot;\t\t<\/a>\n\n\t\t\t\t\t<\/div>\n\t\t\t\t<\/div>\n\t\t\t\t<div class=\"elementor-post__meta-data\">\n\t\t\t\t\t<span class=\"elementor-post-date\">\n\t\t\t12\/02\/2026\t\t<\/span>\n\t\t\t\t<span class=\"elementor-post-avatar\">\n\t\t\tNo comments\t\t<\/span>\n\t\t\t\t<\/div>\n\t\t\t\t\t<\/div>\n\t\t<\/article>\n\t\t\t\t<article class=\"elementor-post elementor-grid-item post-12017 post type-post status-publish format-standard has-post-thumbnail hentry category-inova category-mpl category-news category-jdedwards tag-clientes-jd-edwards tag-erp-jde tag-erp-oracle tag-jd-edwards tag-jde-brasil tag-low-code tag-no-code tag-oracle\" role=\"listitem\">\n\t\t\t<div class=\"elementor-post__card\">\n\t\t\t\t<a class=\"elementor-post__thumbnail__link\" href=\"https:\/\/mpl.com.br\/en\/o-futuro-do-outsourcing-como-o-suporte-fix-une-17-anos-de-tradicao-a-ia-generativa-em-2026\/\" tabindex=\"-1\" ><div class=\"elementor-post__thumbnail\"><img decoding=\"async\" width=\"1500\" height=\"919\" data-src=\"https:\/\/mpl.com.br\/wp-content\/uploads\/2026\/02\/suporte-fix_linkedin.png\" class=\"attachment-full size-full wp-image-12018 lazyload\" alt=\"support-fix\" data-srcset=\"https:\/\/mpl.com.br\/wp-content\/uploads\/2026\/02\/suporte-fix_linkedin.png 1500w, https:\/\/mpl.com.br\/wp-content\/uploads\/2026\/02\/suporte-fix_linkedin-300x184.png 300w, https:\/\/mpl.com.br\/wp-content\/uploads\/2026\/02\/suporte-fix_linkedin-1024x627.png 1024w, https:\/\/mpl.com.br\/wp-content\/uploads\/2026\/02\/suporte-fix_linkedin-768x471.png 768w, https:\/\/mpl.com.br\/wp-content\/uploads\/2026\/02\/suporte-fix_linkedin-18x12.png 18w, https:\/\/mpl.com.br\/wp-content\/uploads\/2026\/02\/suporte-fix_linkedin-700x429.png 700w\" data-sizes=\"(max-width: 1500px) 100vw, 1500px\" src=\"data:image\/svg+xml;base64,PHN2ZyB3aWR0aD0iMSIgaGVpZ2h0PSIxIiB4bWxucz0iaHR0cDovL3d3dy53My5vcmcvMjAwMC9zdmciPjwvc3ZnPg==\" style=\"--smush-placeholder-width: 1500px; --smush-placeholder-aspect-ratio: 1500\/919;\" \/><\/div><\/a>\n\t\t\t\t<div class=\"elementor-post__text\">\n\t\t\t\t<h3 class=\"elementor-post__title\">\n\t\t\t<a href=\"https:\/\/mpl.com.br\/en\/o-futuro-do-outsourcing-como-o-suporte-fix-une-17-anos-de-tradicao-a-ia-generativa-em-2026\/\" >\n\t\t\t\tThe Future of Outsourcing: How Support-fix unites 17 years of Tradition with Generative AI in 2026\t\t\t<\/a>\n\t\t<\/h3>\n\t\t\t\t<div class=\"elementor-post__excerpt\">\n\t\t\t<p>Maintaining the stability of a complex ecosystem such as the <a  href=\"https:\/\/mpl.com.br\/en\/solucoes\/oracle-jde\/oracle-jd-edwards\/\">Oracle JD Edwards<\/a> has always been a challenge that requires more than <a  href=\"https:\/\/mpl.com.br\/en\/conhecimento\/\">knowledge<\/a> technical; it requires a track record and long-term vision. The service <a  href=\"https:\/\/mpl.com.br\/en\/suporte-fix\/\">support-fix<\/a> MPL was born out of this need more than 17 years ago, consolidating itself as a<\/p>\n\t\t<\/div>\n\t\t\t\t\t<div class=\"elementor-post__read-more-wrapper\">\n\t\t\n\t\t<a class=\"elementor-post__read-more\" href=\"https:\/\/mpl.com.br\/en\/o-futuro-do-outsourcing-como-o-suporte-fix-une-17-anos-de-tradicao-a-ia-generativa-em-2026\/\" aria-label=\"Read more about O Futuro do Outsourcing: Como o Suporte-fix une 17 anos de Tradi\u00e7\u00e3o \u00e0 IA Generativa em 2026\" tabindex=\"-1\" >\n\t\t\tRead more &quot;\t\t<\/a>\n\n\t\t\t\t\t<\/div>\n\t\t\t\t<\/div>\n\t\t\t\t<div class=\"elementor-post__meta-data\">\n\t\t\t\t\t<span class=\"elementor-post-date\">\n\t\t\t09\/02\/2026\t\t<\/span>\n\t\t\t\t<span class=\"elementor-post-avatar\">\n\t\t\tNo comments\t\t<\/span>\n\t\t\t\t<\/div>\n\t\t\t\t\t<\/div>\n\t\t<\/article>\n\t\t\t\t<\/div>\n\t\t\n\t\t\t\t<div class=\"e-load-more-anchor\" data-page=\"1\" data-max-page=\"68\" data-next-page=\"https:\/\/mpl.com.br\/en\/wp-json\/wp\/v2\/pages\/9751\/page\/2\/\"><\/div>\n\t\t\t\t<nav class=\"elementor-pagination\" aria-label=\"pagination\">\n\t\t\t<span class=\"page-numbers prev\">\u00ab Previous<\/span>\n<span aria-current=\"page\" class=\"page-numbers current\"><span class=\"elementor-screen-only\">Page<\/span>1<\/span>\n<a class=\"page-numbers\" href=\"https:\/\/mpl.com.br\/en\/wp-json\/wp\/v2\/pages\/9751\/page\/2\/\"><span class=\"elementor-screen-only\">Page<\/span>2<\/a>\n<a class=\"page-numbers\" href=\"https:\/\/mpl.com.br\/en\/wp-json\/wp\/v2\/pages\/9751\/page\/3\/\"><span class=\"elementor-screen-only\">Page<\/span>3<\/a>\n<span class=\"page-numbers dots\">\u2026<\/span>\n<a class=\"page-numbers\" href=\"https:\/\/mpl.com.br\/en\/wp-json\/wp\/v2\/pages\/9751\/page\/68\/\"><span class=\"elementor-screen-only\">Page<\/span>68<\/a>\n<a class=\"page-numbers next\" href=\"https:\/\/mpl.com.br\/en\/wp-json\/wp\/v2\/pages\/9751\/page\/2\/\">Next &quot;<\/a>\t\t<\/nav>\n\t\t\t\t\t\t<\/div>\n\t\t\t\t<\/div>\n\t\t\t\t\t<\/div>\n\t\t<\/div>\n\t\t\t\t\t<\/div>\n\t\t<\/section>\n\t\t<div class=\"elementor-element elementor-element-59f0e70 e-flex e-con-boxed e-con e-parent\" data-id=\"59f0e70\" data-element_type=\"container\" data-e-type=\"container\">\n\t\t\t\t\t<div class=\"e-con-inner\">\n\t\t\t\t\t<\/div>\n\t\t\t\t<\/div>\n\t\t\t\t<\/div>","protected":false},"excerpt":{"rendered":"<p>Maintaining the stability of a complex ecosystem such as the <a  href=\"https:\/\/mpl.com.br\/en\/solucoes\/oracle-jde\/oracle-jd-edwards\/\">Oracle JD Edwards<\/a> has always been a challenge that requires more than <a  href=\"https:\/\/mpl.com.br\/en\/conhecimento\/\">knowledge<\/a> technical; it requires a track record and long-term vision. The service <a  href=\"https:\/\/mpl.com.br\/en\/suporte-fix\/\">support-fix<\/a> MPL was born out of this need more than 17 years ago, consolidating itself as a<\/p>","protected":false},"author":26,"featured_media":0,"parent":0,"menu_order":0,"comment_status":"closed","ping_status":"closed","template":"","meta":{"footnotes":""},"class_list":["post-9751","page","type-page","status-publish","hentry"],"_links":{"self":[{"href":"https:\/\/mpl.com.br\/en\/wp-json\/wp\/v2\/pages\/9751","targetHints":{"allow":["GET"]}}],"collection":[{"href":"https:\/\/mpl.com.br\/en\/wp-json\/wp\/v2\/pages"}],"about":[{"href":"https:\/\/mpl.com.br\/en\/wp-json\/wp\/v2\/types\/page"}],"author":[{"embeddable":true,"href":"https:\/\/mpl.com.br\/en\/wp-json\/wp\/v2\/users\/26"}],"replies":[{"embeddable":true,"href":"https:\/\/mpl.com.br\/en\/wp-json\/wp\/v2\/comments?post=9751"}],"version-history":[{"count":0,"href":"https:\/\/mpl.com.br\/en\/wp-json\/wp\/v2\/pages\/9751\/revisions"}],"wp:attachment":[{"href":"https:\/\/mpl.com.br\/en\/wp-json\/wp\/v2\/media?parent=9751"}],"curies":[{"name":"wp","href":"https:\/\/api.w.org\/{rel}","templated":true}]}}