{"id":9977,"date":"2022-07-18T09:57:35","date_gmt":"2022-07-18T12:57:35","guid":{"rendered":"https:\/\/129.144.60.171\/?page_id=9977"},"modified":"2022-07-21T12:13:10","modified_gmt":"2022-07-21T15:13:10","slug":"security-manager-pro","status":"publish","type":"page","link":"https:\/\/mpl.com.br\/en\/security-manager-pro\/","title":{"rendered":"Security Manager Pro"},"content":{"rendered":"<div data-elementor-type=\"wp-page\" data-elementor-id=\"9977\" class=\"elementor elementor-9977\" data-elementor-post-type=\"page\">\n\t\t\t\t\t\t<section class=\"elementor-section elementor-top-section elementor-element elementor-element-f3aedad elementor-section-boxed elementor-section-height-default elementor-section-height-default parallax_section_no qode_elementor_container_no\" data-id=\"f3aedad\" data-element_type=\"section\" data-e-type=\"section\">\n\t\t\t\t\t\t<div class=\"elementor-container elementor-column-gap-default\">\n\t\t\t\t\t<div class=\"elementor-column elementor-col-100 elementor-top-column elementor-element elementor-element-eabc74b\" data-id=\"eabc74b\" data-element_type=\"column\" data-e-type=\"column\">\n\t\t\t<div class=\"elementor-widget-wrap elementor-element-populated\">\n\t\t\t\t\t\t<div class=\"elementor-element elementor-element-6dab3ce elementor-widget elementor-widget-image\" data-id=\"6dab3ce\" data-element_type=\"widget\" data-e-type=\"widget\" data-widget_type=\"image.default\">\n\t\t\t\t\t\t\t\t\t\t\t\t\t\t\t<img fetchpriority=\"high\" decoding=\"async\" width=\"1024\" height=\"213\" src=\"https:\/\/mpl.com.br\/wp-content\/smush-webp\/2022\/07\/Teste22-1024x213.png.webp\" class=\"attachment-large size-large wp-image-9978\" alt=\"\" srcset=\"https:\/\/mpl.com.br\/wp-content\/smush-webp\/2022\/07\/Teste22-1024x213.png.webp 1024w, https:\/\/mpl.com.br\/wp-content\/smush-webp\/2022\/07\/Teste22-300x63.png.webp 300w, https:\/\/mpl.com.br\/wp-content\/smush-webp\/2022\/07\/Teste22-768x160.png.webp 768w, https:\/\/mpl.com.br\/wp-content\/smush-webp\/2022\/07\/Teste22-700x146.png.webp 700w, https:\/\/mpl.com.br\/wp-content\/smush-webp\/2022\/07\/Teste22.png.webp 1200w\" sizes=\"(max-width: 1024px) 100vw, 1024px\" \/>\t\t\t\t\t\t\t\t\t\t\t\t\t\t\t<\/div>\n\t\t\t\t<div class=\"elementor-element elementor-element-88dd421 elementor-widget elementor-widget-heading\" data-id=\"88dd421\" data-element_type=\"widget\" data-e-type=\"widget\" data-widget_type=\"heading.default\">\n\t\t\t\t\t<h2 class=\"elementor-heading-title elementor-size-default\">Meet Security Manager Pro:<\/h2>\t\t\t\t<\/div>\n\t\t\t\t<section class=\"elementor-section elementor-inner-section elementor-element elementor-element-fa1ae83 elementor-section-full_width elementor-section-height-default elementor-section-height-default parallax_section_no qode_elementor_container_no\" data-id=\"fa1ae83\" data-element_type=\"section\" data-e-type=\"section\">\n\t\t\t\t\t\t<div class=\"elementor-container elementor-column-gap-no\">\n\t\t\t\t\t<div class=\"elementor-column elementor-col-100 elementor-inner-column elementor-element elementor-element-0d44bcf\" data-id=\"0d44bcf\" data-element_type=\"column\" data-e-type=\"column\">\n\t\t\t<div class=\"elementor-widget-wrap elementor-element-populated\">\n\t\t\t\t\t\t<div class=\"elementor-element elementor-element-d446a84 elementor-widget__width-inherit elementor-widget elementor-widget-text-editor\" data-id=\"d446a84\" data-element_type=\"widget\" data-e-type=\"widget\" data-widget_type=\"text-editor.default\">\n\t\t\t\t\t\t\t\t\t<p>Managing information and security at JD Edwards can be extremely time consuming.<\/p><p>Reduce your security management workload by up to 80% with powerful tools to create an efficient, scalable and sustainable security model.<\/p>\t\t\t\t\t\t\t\t<\/div>\n\t\t\t\t\t<\/div>\n\t\t<\/div>\n\t\t\t\t\t<\/div>\n\t\t<\/section>\n\t\t\t\t<div class=\"elementor-element elementor-element-ace586e elementor-widget elementor-widget-heading\" data-id=\"ace586e\" data-element_type=\"widget\" data-e-type=\"widget\" data-widget_type=\"heading.default\">\n\t\t\t\t\t<h3 class=\"elementor-heading-title elementor-size-default\">Cut your Security Administration Costs by up to 80%<\/h3>\t\t\t\t<\/div>\n\t\t\t\t<div class=\"elementor-element elementor-element-6ef55f6 elementor-widget elementor-widget-text-editor\" data-id=\"6ef55f6\" data-element_type=\"widget\" data-e-type=\"widget\" data-widget_type=\"text-editor.default\">\n\t\t\t\t\t\t\t\t\t<p>Security management in JD Edwards EnterpriseOne is a very complex and time-consuming task, involving repetition and duplication of effort. Adopting an &#039;All Doors Closed&#039; security policy, as recommended by auditors, is virtually impossible with native tools.<\/p><p>Adopting role-based access control (RBAC) helps reduce complexity and workload by allowing you to manage security by roles rather than individual users.<\/p><p>To save more time and make security much easier to manage, Security Manager Pro extends the principles of RBAC even further.<\/p>\t\t\t\t\t\t\t\t<\/div>\n\t\t\t\t<div class=\"elementor-element elementor-element-236ca78 elementor-widget elementor-widget-heading\" data-id=\"236ca78\" data-element_type=\"widget\" data-e-type=\"widget\" data-widget_type=\"heading.default\">\n\t\t\t\t\t<h3 class=\"elementor-heading-title elementor-size-default\">Modularly Apply Process-Based Security for Efficient Management:<\/h3>\t\t\t\t<\/div>\n\t\t\t\t<div class=\"elementor-element elementor-element-183fd90 elementor-widget elementor-widget-text-editor\" data-id=\"183fd90\" data-element_type=\"widget\" data-e-type=\"widget\" data-widget_type=\"text-editor.default\">\n\t\t\t\t\t\t\t\t\t<p>People in different roles need access to common administrative processes, such as Customer and Supplier Catalog Maintenance.<\/p><p>With Security Manager Pro, you can define security for your business processes once, as security components, and then add them to all the functions that need them. If the process changes, you update the component and Security Manager Pro automatically flags all affected roles and users.<\/p>\t\t\t\t\t\t\t\t<\/div>\n\t\t\t\t<div class=\"elementor-element elementor-element-61b33a3 elementor-widget elementor-widget-heading\" data-id=\"61b33a3\" data-element_type=\"widget\" data-e-type=\"widget\" data-widget_type=\"heading.default\">\n\t\t\t\t\t<h3 class=\"elementor-heading-title elementor-size-default\">Accelerate and Simplify Security by Aligning It with Your Menu Options<\/h3>\t\t\t\t<\/div>\n\t\t\t\t<div class=\"elementor-element elementor-element-40ccd4c elementor-widget elementor-widget-text-editor\" data-id=\"40ccd4c\" data-element_type=\"widget\" data-e-type=\"widget\" data-widget_type=\"text-editor.default\">\n\t\t\t\t\t\t\t\t\t<p>Security Manager Pro can save you a lot of effort by generating process-based security components from your Menu Options (set of screens, menus, links, access icons, and other devices that allow you to work on the system).<\/p><p>It can also automatically include security for hidden and associated programs that are called by programs in the menu.<\/p>\t\t\t\t\t\t\t\t<\/div>\n\t\t\t\t<div class=\"elementor-element elementor-element-59eba59 elementor-widget elementor-widget-heading\" data-id=\"59eba59\" data-element_type=\"widget\" data-e-type=\"widget\" data-widget_type=\"heading.default\">\n\t\t\t\t\t<h3 class=\"elementor-heading-title elementor-size-default\">Keep Your System Healthy with Segregation of Duty Conflict Preventive Checks<\/h3>\t\t\t\t<\/div>\n\t\t\t\t<div class=\"elementor-element elementor-element-021407f elementor-widget elementor-widget-text-editor\" data-id=\"021407f\" data-element_type=\"widget\" data-e-type=\"widget\" data-widget_type=\"text-editor.default\">\n\t\t\t\t\t\t\t\t\t<p>In the same way that you test new programs before deploying them in real time, we believe that you should validate new or updated security settings before including them in your active security table.<\/p><p>With Security Manager Pro, all security settings are stored in a pre-built table \u2013 a custom table maintained in your JD Edwards environment. This means you can run automatic checks to identify Segregation of Duties or Multiple Roles conflicts BEFORE introducing changes to your F00950 security table in real time.<\/p>\t\t\t\t\t\t\t\t<\/div>\n\t\t\t\t<div class=\"elementor-element elementor-element-5498493 elementor-widget elementor-widget-image\" data-id=\"5498493\" data-element_type=\"widget\" data-e-type=\"widget\" data-widget_type=\"image.default\">\n\t\t\t\t\t\t\t\t\t\t\t\t\t\t\t<img decoding=\"async\" width=\"1201\" height=\"200\" data-src=\"https:\/\/mpl.com.br\/wp-content\/smush-webp\/2022\/07\/teste23.png.webp\" class=\"attachment-full size-full wp-image-9979 lazyload\" alt=\"\" data-srcset=\"https:\/\/mpl.com.br\/wp-content\/smush-webp\/2022\/07\/teste23.png.webp 1201w, https:\/\/mpl.com.br\/wp-content\/smush-webp\/2022\/07\/teste23-300x50.png.webp 300w, https:\/\/mpl.com.br\/wp-content\/smush-webp\/2022\/07\/teste23-1024x171.png.webp 1024w, https:\/\/mpl.com.br\/wp-content\/smush-webp\/2022\/07\/teste23-768x128.png.webp 768w, https:\/\/mpl.com.br\/wp-content\/smush-webp\/2022\/07\/teste23-700x117.png.webp 700w\" data-sizes=\"(max-width: 1201px) 100vw, 1201px\" src=\"data:image\/svg+xml;base64,PHN2ZyB3aWR0aD0iMSIgaGVpZ2h0PSIxIiB4bWxucz0iaHR0cDovL3d3dy53My5vcmcvMjAwMC9zdmciPjwvc3ZnPg==\" style=\"--smush-placeholder-width: 1201px; --smush-placeholder-aspect-ratio: 1201\/200;\" \/>\t\t\t\t\t\t\t\t\t\t\t\t\t\t\t<\/div>\n\t\t\t\t<div class=\"elementor-element elementor-element-141a4ff elementor-widget elementor-widget-text-editor\" data-id=\"141a4ff\" data-element_type=\"widget\" data-e-type=\"widget\" data-widget_type=\"text-editor.default\">\n\t\t\t\t\t\t\t\t\t<p>All of your security information, including your components, Segregation of Duties rules, and pre-build table contents, is maintained and stored in your JD Edwards environment.<\/p><p>So it&#039;s safe, all changes can be audited, and there&#039;s never any doubt about whether you have the right version, unlike spreadsheets.<\/p>\t\t\t\t\t\t\t\t<\/div>\n\t\t\t\t<div class=\"elementor-element elementor-element-8ffaa8a elementor-widget elementor-widget-image\" data-id=\"8ffaa8a\" data-element_type=\"widget\" data-e-type=\"widget\" data-widget_type=\"image.default\">\n\t\t\t\t\t\t\t\t\t\t\t\t\t\t\t<img decoding=\"async\" width=\"1201\" height=\"200\" data-src=\"https:\/\/mpl.com.br\/wp-content\/smush-webp\/2022\/07\/teste24.png.webp\" class=\"attachment-full size-full wp-image-9980 lazyload\" alt=\"\" data-srcset=\"https:\/\/mpl.com.br\/wp-content\/smush-webp\/2022\/07\/teste24.png.webp 1201w, https:\/\/mpl.com.br\/wp-content\/smush-webp\/2022\/07\/teste24-300x50.png.webp 300w, https:\/\/mpl.com.br\/wp-content\/smush-webp\/2022\/07\/teste24-1024x171.png.webp 1024w, https:\/\/mpl.com.br\/wp-content\/smush-webp\/2022\/07\/teste24-768x128.png.webp 768w, https:\/\/mpl.com.br\/wp-content\/smush-webp\/2022\/07\/teste24-700x117.png.webp 700w\" data-sizes=\"(max-width: 1201px) 100vw, 1201px\" src=\"data:image\/svg+xml;base64,PHN2ZyB3aWR0aD0iMSIgaGVpZ2h0PSIxIiB4bWxucz0iaHR0cDovL3d3dy53My5vcmcvMjAwMC9zdmciPjwvc3ZnPg==\" style=\"--smush-placeholder-width: 1201px; --smush-placeholder-aspect-ratio: 1201\/200;\" \/>\t\t\t\t\t\t\t\t\t\t\t\t\t\t\t<\/div>\n\t\t\t\t<div class=\"elementor-element elementor-element-f7b747b elementor-widget elementor-widget-text-editor\" data-id=\"f7b747b\" data-element_type=\"widget\" data-e-type=\"widget\" data-widget_type=\"text-editor.default\">\n\t\t\t\t\t\t\t\t\t<p>Creating menu options is a time-consuming, tedious, and repetitive process.<\/p><p>Security Manager Pro also includes powerful menu management productivity tools that eliminate up to 75% from repetition, reducing the risk of error and accelerating development timelines.<\/p><p>Create, copy and manage menu options and fine cuts efficiently by generating multiple variants quickly and then refining them to meet the needs of individual roles or users.<\/p><p>Discover, view and manage items such as objects and user favorites much more easily.<\/p><p>Create menu options during the process review phase and share them with users for preview or approval, gaining end-user acceptance at an early stage.<\/p>\t\t\t\t\t\t\t\t<\/div>\n\t\t\t\t<div class=\"elementor-element elementor-element-d609cd0 elementor-widget elementor-widget-heading\" data-id=\"d609cd0\" data-element_type=\"widget\" data-e-type=\"widget\" data-widget_type=\"heading.default\">\n\t\t\t\t\t<h3 class=\"elementor-heading-title elementor-size-default\">But What are the Direct Benefits of this Module?<\/h3>\t\t\t\t<\/div>\n\t\t\t\t<div class=\"elementor-element elementor-element-478f753 elementor-widget elementor-widget-text-editor\" data-id=\"478f753\" data-element_type=\"widget\" data-e-type=\"widget\" data-widget_type=\"text-editor.default\">\n\t\t\t\t\t\t\t\t\t<ul><li>Reduces complexity and workload when managing security<\/li><li>Makes security changes in minutes<\/li><li>Adds new roles or users very quickly and easily<\/li><li>Considerably reduces the workload and cost of managing menu options<\/li><\/ul>\t\t\t\t\t\t\t\t<\/div>\n\t\t\t\t<div class=\"elementor-element elementor-element-34bf3ee elementor-widget-divider--view-line elementor-widget elementor-widget-divider\" data-id=\"34bf3ee\" data-element_type=\"widget\" data-e-type=\"widget\" data-widget_type=\"divider.default\">\n\t\t\t\t\t\t\t<div class=\"elementor-divider\">\n\t\t\t<span class=\"elementor-divider-separator\">\n\t\t\t\t\t\t<\/span>\n\t\t<\/div>\n\t\t\t\t\t\t<\/div>\n\t\t\t\t<div class=\"elementor-element elementor-element-91a1feb elementor-widget elementor-widget-image\" data-id=\"91a1feb\" data-element_type=\"widget\" data-e-type=\"widget\" data-widget_type=\"image.default\">\n\t\t\t\t\t\t\t\t\t\t\t\t\t\t\t\t<a href=\"https:\/\/mpl.com.br\/en\/contact\/\">\n\t\t\t\t\t\t\t<img decoding=\"async\" width=\"1201\" height=\"200\" data-src=\"https:\/\/mpl.com.br\/wp-content\/smush-webp\/2022\/07\/teste21.png.webp\" class=\"attachment-full size-full wp-image-9967 lazyload\" alt=\"\" data-srcset=\"https:\/\/mpl.com.br\/wp-content\/smush-webp\/2022\/07\/teste21.png.webp 1201w, https:\/\/mpl.com.br\/wp-content\/smush-webp\/2022\/07\/teste21-300x50.png.webp 300w, https:\/\/mpl.com.br\/wp-content\/smush-webp\/2022\/07\/teste21-1024x171.png.webp 1024w, https:\/\/mpl.com.br\/wp-content\/smush-webp\/2022\/07\/teste21-768x128.png.webp 768w, https:\/\/mpl.com.br\/wp-content\/smush-webp\/2022\/07\/teste21-700x117.png.webp 700w\" data-sizes=\"(max-width: 1201px) 100vw, 1201px\" src=\"data:image\/svg+xml;base64,PHN2ZyB3aWR0aD0iMSIgaGVpZ2h0PSIxIiB4bWxucz0iaHR0cDovL3d3dy53My5vcmcvMjAwMC9zdmciPjwvc3ZnPg==\" style=\"--smush-placeholder-width: 1201px; --smush-placeholder-aspect-ratio: 1201\/200;\" \/>\t\t\t\t\t\t\t\t<\/a>\n\t\t\t\t\t\t\t\t\t\t\t\t\t\t\t<\/div>\n\t\t\t\t\t<\/div>\n\t\t<\/div>\n\t\t\t\t\t<\/div>\n\t\t<\/section>\n\t\t\t\t<\/div>","protected":false},"excerpt":{"rendered":"<p>Conhe\u00e7a o Security Manager Pro: O gerenciamento de informa\u00e7\u00f5es e <a  href=\"https:\/\/mpl.com.br\/en\/solucoes\/seguranca\/\">security<\/a> no JD Edwards pode ser algo extremamente demorado. Reduza seu volume de trabalho no gerenciamento de <a  href=\"https:\/\/mpl.com.br\/en\/solucoes\/seguranca\/\">security<\/a> em at\u00e9 80% com poderosas ferramentas para criar um modelo de <a  href=\"https:\/\/mpl.com.br\/en\/solucoes\/seguranca\/\">security<\/a> eficiente, escal\u00e1vel e sustent\u00e1vel. Corte&#8230;<\/p>","protected":false},"author":26,"featured_media":0,"parent":0,"menu_order":0,"comment_status":"closed","ping_status":"closed","template":"","meta":{"footnotes":""},"class_list":["post-9977","page","type-page","status-publish","hentry"],"_links":{"self":[{"href":"https:\/\/mpl.com.br\/en\/wp-json\/wp\/v2\/pages\/9977","targetHints":{"allow":["GET"]}}],"collection":[{"href":"https:\/\/mpl.com.br\/en\/wp-json\/wp\/v2\/pages"}],"about":[{"href":"https:\/\/mpl.com.br\/en\/wp-json\/wp\/v2\/types\/page"}],"author":[{"embeddable":true,"href":"https:\/\/mpl.com.br\/en\/wp-json\/wp\/v2\/users\/26"}],"replies":[{"embeddable":true,"href":"https:\/\/mpl.com.br\/en\/wp-json\/wp\/v2\/comments?post=9977"}],"version-history":[{"count":0,"href":"https:\/\/mpl.com.br\/en\/wp-json\/wp\/v2\/pages\/9977\/revisions"}],"wp:attachment":[{"href":"https:\/\/mpl.com.br\/en\/wp-json\/wp\/v2\/media?parent=9977"}],"curies":[{"name":"wp","href":"https:\/\/api.w.org\/{rel}","templated":true}]}}